{"id":5139,"date":"2024-04-12T09:35:12","date_gmt":"2024-04-12T09:35:12","guid":{"rendered":"https:\/\/fornimedical.ch\/product\/miro-stripe-t-pansement-dinjection-en-textile-beige\/"},"modified":"2024-07-17T17:52:24","modified_gmt":"2024-07-17T17:52:24","slug":"miro-stripe-t-pansement-dinjection-en-textile-beige","status":"publish","type":"product","link":"https:\/\/fornimedical.ch\/fr\/produit\/miro-stripe-t-pansement-dinjection-en-textile-beige\/","title":{"rendered":"miro-stripe \u00abT\u00bb, pansement d\u2019injection en textile, beige"},"content":{"rendered":"<p>miro-stripe T est un pansement d\u2019injection avec coussin pr\u00eat \u00e0 l\u2019emploi. Gr\u00e2ce \u00e0 leur structure en tissu, les pansements d\u2019injection sont souples et solides. Sans latex. Pour blessures l\u00e9g\u00e8res telles que les \u00e9corchures ou les coupures superficielles. Pour les soins apr\u00e8s une prise de sang.<\/p>\n","protected":false},"excerpt":{"rendered":"<p>Pansement d\u2019injection, 1,50 x 5\u00a0cm, emball\u00e9 en vrac.<\/p>\n","protected":false},"featured_media":3696,"comment_status":"closed","ping_status":"closed","template":"","meta":{"_acf_changed":false,"site-sidebar-layout":"default","site-content-layout":"","ast-site-content-layout":"default","site-content-style":"default","site-sidebar-style":"default","ast-global-header-display":"","ast-banner-title-visibility":"","ast-main-header-display":"","ast-hfb-above-header-display":"","ast-hfb-below-header-display":"","ast-hfb-mobile-header-display":"","site-post-title":"","ast-breadcrumbs-content":"","ast-featured-img":"","footer-sml-layout":"","theme-transparent-header-meta":"default","adv-header-id-meta":"","stick-header-meta":"","header-above-stick-meta":"","header-main-stick-meta":"","header-below-stick-meta":"","astra-migrate-meta-layouts":"default","ast-page-background-enabled":"default","ast-page-background-meta":{"desktop":{"background-color":"var(--ast-global-color-4)","background-image":"","background-repeat":"repeat","background-position":"center center","background-size":"auto","background-attachment":"scroll","background-type":"","background-media":"","overlay-type":"","overlay-color":"","overlay-opacity":"","overlay-gradient":""},"tablet":{"background-color":"","background-image":"","background-repeat":"repeat","background-position":"center center","background-size":"auto","background-attachment":"scroll","background-type":"","background-media":"","overlay-type":"","overlay-color":"","overlay-opacity":"","overlay-gradient":""},"mobile":{"background-color":"","background-image":"","background-repeat":"repeat","background-position":"center center","background-size":"auto","background-attachment":"scroll","background-type":"","background-media":"","overlay-type":"","overlay-color":"","overlay-opacity":"","overlay-gradient":""}},"ast-content-background-meta":{"desktop":{"background-color":"var(--ast-global-color-5)","background-image":"","background-repeat":"repeat","background-position":"center center","background-size":"auto","background-attachment":"scroll","background-type":"","background-media":"","overlay-type":"","overlay-color":"","overlay-opacity":"","overlay-gradient":""},"tablet":{"background-color":"var(--ast-global-color-5)","background-image":"","background-repeat":"repeat","background-position":"center center","background-size":"auto","background-attachment":"scroll","background-type":"","background-media":"","overlay-type":"","overlay-color":"","overlay-opacity":"","overlay-gradient":""},"mobile":{"background-color":"var(--ast-global-color-5)","background-image":"","background-repeat":"repeat","background-position":"center center","background-size":"auto","background-attachment":"scroll","background-type":"","background-media":"","overlay-type":"","overlay-color":"","overlay-opacity":"","overlay-gradient":""}}},"product_brand":[],"product_cat":[513,512],"product_tag":[],"class_list":{"0":"post-5139","1":"product","2":"type-product","3":"status-publish","4":"has-post-thumbnail","6":"product_cat-materiel-dexamen","7":"product_cat-pansements-bandes-adhesives","8":"desktop-align-left","9":"tablet-align-left","10":"mobile-align-left","12":"first","13":"instock","14":"taxable","15":"shipping-taxable","16":"purchasable","17":"product-type-variable","18":"has-default-attributes","19":"add-to-wishlist-before_image"},"acf":[],"yoast_head":"<!-- This site is optimized with the Yoast SEO plugin v26.5 - https:\/\/yoast.com\/wordpress\/plugins\/seo\/ -->\n<title>miro-stripe \u00abT\u00bb, pansement d\u2019injection en textile, beige<\/title>\n<meta name=\"description\" content=\"miro-stripe \u00abT\u00bb, pansement d\u2019injection en textile avec coussin, beige, 1,50 x 5\u00a0cm, emball\u00e9 en vrac. Sans latex\" \/>\n<meta name=\"robots\" content=\"index, follow, max-snippet:-1, max-image-preview:large, max-video-preview:-1\" \/>\n<link rel=\"canonical\" href=\"https:\/\/fornimedical.ch\/fr\/produit\/miro-stripe-t-pansement-dinjection-en-textile-beige\/\" \/>\n<meta property=\"og:locale\" content=\"fr_FR\" \/>\n<meta property=\"og:type\" content=\"article\" \/>\n<meta property=\"og:title\" content=\"miro-stripe \u00abT\u00bb, pansement d\u2019injection en textile, beige\" \/>\n<meta property=\"og:description\" content=\"miro-stripe \u00abT\u00bb, pansement d\u2019injection en textile avec coussin, beige, 1,50 x 5\u00a0cm, emball\u00e9 en vrac. Sans latex\" \/>\n<meta property=\"og:url\" content=\"https:\/\/fornimedical.ch\/fr\/produit\/miro-stripe-t-pansement-dinjection-en-textile-beige\/\" \/>\n<meta property=\"og:site_name\" content=\"Forni Medical GmbH\" \/>\n<meta property=\"article:modified_time\" content=\"2024-07-17T17:52:24+00:00\" \/>\n<meta property=\"og:image\" content=\"https:\/\/fornimedical.ch\/wp-content\/uploads\/2024\/04\/forni-medical-miro_textiles-injektionspflaster_beige.jpg\" \/>\n\t<meta property=\"og:image:width\" content=\"2481\" \/>\n\t<meta property=\"og:image:height\" content=\"1487\" \/>\n\t<meta property=\"og:image:type\" content=\"image\/jpeg\" \/>\n<meta name=\"twitter:card\" content=\"summary_large_image\" \/>\n<script type=\"application\/ld+json\" class=\"yoast-schema-graph\">{\"@context\":\"https:\/\/schema.org\",\"@graph\":[{\"@type\":\"WebPage\",\"@id\":\"https:\/\/fornimedical.ch\/fr\/produit\/miro-stripe-t-pansement-dinjection-en-textile-beige\/\",\"url\":\"https:\/\/fornimedical.ch\/fr\/produit\/miro-stripe-t-pansement-dinjection-en-textile-beige\/\",\"name\":\"miro-stripe \u00abT\u00bb, pansement d\u2019injection en textile, beige\",\"isPartOf\":{\"@id\":\"https:\/\/fornimedical.ch\/fr\/#website\"},\"primaryImageOfPage\":{\"@id\":\"https:\/\/fornimedical.ch\/fr\/produit\/miro-stripe-t-pansement-dinjection-en-textile-beige\/#primaryimage\"},\"image\":{\"@id\":\"https:\/\/fornimedical.ch\/fr\/produit\/miro-stripe-t-pansement-dinjection-en-textile-beige\/#primaryimage\"},\"thumbnailUrl\":\"https:\/\/fornimedical.ch\/wp-content\/uploads\/2024\/04\/forni-medical-miro_textiles-injektionspflaster_beige.jpg\",\"datePublished\":\"2024-04-12T09:35:12+00:00\",\"dateModified\":\"2024-07-17T17:52:24+00:00\",\"description\":\"miro-stripe \u00abT\u00bb, pansement d\u2019injection en textile avec coussin, beige, 1,50 x 5\u00a0cm, emball\u00e9 en vrac. Sans latex\",\"breadcrumb\":{\"@id\":\"https:\/\/fornimedical.ch\/fr\/produit\/miro-stripe-t-pansement-dinjection-en-textile-beige\/#breadcrumb\"},\"inLanguage\":\"fr-FR\",\"potentialAction\":[{\"@type\":\"ReadAction\",\"target\":[\"https:\/\/fornimedical.ch\/fr\/produit\/miro-stripe-t-pansement-dinjection-en-textile-beige\/\"]}]},{\"@type\":\"ImageObject\",\"inLanguage\":\"fr-FR\",\"@id\":\"https:\/\/fornimedical.ch\/fr\/produit\/miro-stripe-t-pansement-dinjection-en-textile-beige\/#primaryimage\",\"url\":\"https:\/\/fornimedical.ch\/wp-content\/uploads\/2024\/04\/forni-medical-miro_textiles-injektionspflaster_beige.jpg\",\"contentUrl\":\"https:\/\/fornimedical.ch\/wp-content\/uploads\/2024\/04\/forni-medical-miro_textiles-injektionspflaster_beige.jpg\",\"width\":2481,\"height\":1487,\"caption\":\"Forni Medical miro-stripe \\\"T\\\", textiles Injektionspflaster, beige\"},{\"@type\":\"BreadcrumbList\",\"@id\":\"https:\/\/fornimedical.ch\/fr\/produit\/miro-stripe-t-pansement-dinjection-en-textile-beige\/#breadcrumb\",\"itemListElement\":[{\"@type\":\"ListItem\",\"position\":1,\"name\":\"Home\",\"item\":\"https:\/\/fornimedical.ch\/fr\/\"},{\"@type\":\"ListItem\",\"position\":2,\"name\":\"Archives boutique en ligne\",\"item\":\"https:\/\/fornimedical.ch\/fr\/archives-boutique-en-ligne\/\"},{\"@type\":\"ListItem\",\"position\":3,\"name\":\"miro-stripe \u00abT\u00bb, pansement d\u2019injection en textile, beige\"}]},{\"@type\":\"WebSite\",\"@id\":\"https:\/\/fornimedical.ch\/fr\/#website\",\"url\":\"https:\/\/fornimedical.ch\/fr\/\",\"name\":\"Forni Medical GmbH\",\"description\":\"\",\"publisher\":{\"@id\":\"https:\/\/fornimedical.ch\/fr\/#organization\"},\"potentialAction\":[{\"@type\":\"SearchAction\",\"target\":{\"@type\":\"EntryPoint\",\"urlTemplate\":\"https:\/\/fornimedical.ch\/fr\/?s={search_term_string}\"},\"query-input\":{\"@type\":\"PropertyValueSpecification\",\"valueRequired\":true,\"valueName\":\"search_term_string\"}}],\"inLanguage\":\"fr-FR\"},{\"@type\":\"Organization\",\"@id\":\"https:\/\/fornimedical.ch\/fr\/#organization\",\"name\":\"Forni Medical GmbH\",\"url\":\"https:\/\/fornimedical.ch\/fr\/\",\"logo\":{\"@type\":\"ImageObject\",\"inLanguage\":\"fr-FR\",\"@id\":\"https:\/\/fornimedical.ch\/fr\/#\/schema\/logo\/image\/\",\"url\":\"https:\/\/fornimedical.ch\/wp-content\/uploads\/2023\/08\/logo.svg\",\"contentUrl\":\"https:\/\/fornimedical.ch\/wp-content\/uploads\/2023\/08\/logo.svg\",\"caption\":\"Forni Medical GmbH\"},\"image\":{\"@id\":\"https:\/\/fornimedical.ch\/fr\/#\/schema\/logo\/image\/\"}}]}<\/script>\n<!-- \/ Yoast SEO plugin. -->","yoast_head_json":{"title":"miro-stripe \u00abT\u00bb, pansement d\u2019injection en textile, beige","description":"miro-stripe \u00abT\u00bb, pansement d\u2019injection en textile avec coussin, beige, 1,50 x 5\u00a0cm, emball\u00e9 en vrac. Sans latex","robots":{"index":"index","follow":"follow","max-snippet":"max-snippet:-1","max-image-preview":"max-image-preview:large","max-video-preview":"max-video-preview:-1"},"canonical":"https:\/\/fornimedical.ch\/fr\/produit\/miro-stripe-t-pansement-dinjection-en-textile-beige\/","og_locale":"fr_FR","og_type":"article","og_title":"miro-stripe \u00abT\u00bb, pansement d\u2019injection en textile, beige","og_description":"miro-stripe \u00abT\u00bb, pansement d\u2019injection en textile avec coussin, beige, 1,50 x 5\u00a0cm, emball\u00e9 en vrac. Sans latex","og_url":"https:\/\/fornimedical.ch\/fr\/produit\/miro-stripe-t-pansement-dinjection-en-textile-beige\/","og_site_name":"Forni Medical GmbH","article_modified_time":"2024-07-17T17:52:24+00:00","og_image":[{"width":2481,"height":1487,"url":"https:\/\/fornimedical.ch\/wp-content\/uploads\/2024\/04\/forni-medical-miro_textiles-injektionspflaster_beige.jpg","type":"image\/jpeg"}],"twitter_card":"summary_large_image","schema":{"@context":"https:\/\/schema.org","@graph":[{"@type":"WebPage","@id":"https:\/\/fornimedical.ch\/fr\/produit\/miro-stripe-t-pansement-dinjection-en-textile-beige\/","url":"https:\/\/fornimedical.ch\/fr\/produit\/miro-stripe-t-pansement-dinjection-en-textile-beige\/","name":"miro-stripe \u00abT\u00bb, pansement d\u2019injection en textile, beige","isPartOf":{"@id":"https:\/\/fornimedical.ch\/fr\/#website"},"primaryImageOfPage":{"@id":"https:\/\/fornimedical.ch\/fr\/produit\/miro-stripe-t-pansement-dinjection-en-textile-beige\/#primaryimage"},"image":{"@id":"https:\/\/fornimedical.ch\/fr\/produit\/miro-stripe-t-pansement-dinjection-en-textile-beige\/#primaryimage"},"thumbnailUrl":"https:\/\/fornimedical.ch\/wp-content\/uploads\/2024\/04\/forni-medical-miro_textiles-injektionspflaster_beige.jpg","datePublished":"2024-04-12T09:35:12+00:00","dateModified":"2024-07-17T17:52:24+00:00","description":"miro-stripe \u00abT\u00bb, pansement d\u2019injection en textile avec coussin, beige, 1,50 x 5\u00a0cm, emball\u00e9 en vrac. Sans latex","breadcrumb":{"@id":"https:\/\/fornimedical.ch\/fr\/produit\/miro-stripe-t-pansement-dinjection-en-textile-beige\/#breadcrumb"},"inLanguage":"fr-FR","potentialAction":[{"@type":"ReadAction","target":["https:\/\/fornimedical.ch\/fr\/produit\/miro-stripe-t-pansement-dinjection-en-textile-beige\/"]}]},{"@type":"ImageObject","inLanguage":"fr-FR","@id":"https:\/\/fornimedical.ch\/fr\/produit\/miro-stripe-t-pansement-dinjection-en-textile-beige\/#primaryimage","url":"https:\/\/fornimedical.ch\/wp-content\/uploads\/2024\/04\/forni-medical-miro_textiles-injektionspflaster_beige.jpg","contentUrl":"https:\/\/fornimedical.ch\/wp-content\/uploads\/2024\/04\/forni-medical-miro_textiles-injektionspflaster_beige.jpg","width":2481,"height":1487,"caption":"Forni Medical miro-stripe \"T\", textiles Injektionspflaster, beige"},{"@type":"BreadcrumbList","@id":"https:\/\/fornimedical.ch\/fr\/produit\/miro-stripe-t-pansement-dinjection-en-textile-beige\/#breadcrumb","itemListElement":[{"@type":"ListItem","position":1,"name":"Home","item":"https:\/\/fornimedical.ch\/fr\/"},{"@type":"ListItem","position":2,"name":"Archives boutique en ligne","item":"https:\/\/fornimedical.ch\/fr\/archives-boutique-en-ligne\/"},{"@type":"ListItem","position":3,"name":"miro-stripe \u00abT\u00bb, pansement d\u2019injection en textile, beige"}]},{"@type":"WebSite","@id":"https:\/\/fornimedical.ch\/fr\/#website","url":"https:\/\/fornimedical.ch\/fr\/","name":"Forni Medical GmbH","description":"","publisher":{"@id":"https:\/\/fornimedical.ch\/fr\/#organization"},"potentialAction":[{"@type":"SearchAction","target":{"@type":"EntryPoint","urlTemplate":"https:\/\/fornimedical.ch\/fr\/?s={search_term_string}"},"query-input":{"@type":"PropertyValueSpecification","valueRequired":true,"valueName":"search_term_string"}}],"inLanguage":"fr-FR"},{"@type":"Organization","@id":"https:\/\/fornimedical.ch\/fr\/#organization","name":"Forni Medical GmbH","url":"https:\/\/fornimedical.ch\/fr\/","logo":{"@type":"ImageObject","inLanguage":"fr-FR","@id":"https:\/\/fornimedical.ch\/fr\/#\/schema\/logo\/image\/","url":"https:\/\/fornimedical.ch\/wp-content\/uploads\/2023\/08\/logo.svg","contentUrl":"https:\/\/fornimedical.ch\/wp-content\/uploads\/2023\/08\/logo.svg","caption":"Forni Medical GmbH"},"image":{"@id":"https:\/\/fornimedical.ch\/fr\/#\/schema\/logo\/image\/"}}]}},"_links":{"self":[{"href":"https:\/\/fornimedical.ch\/fr\/wp-json\/wp\/v2\/product\/5139","targetHints":{"allow":["GET"]}}],"collection":[{"href":"https:\/\/fornimedical.ch\/fr\/wp-json\/wp\/v2\/product"}],"about":[{"href":"https:\/\/fornimedical.ch\/fr\/wp-json\/wp\/v2\/types\/product"}],"replies":[{"embeddable":true,"href":"https:\/\/fornimedical.ch\/fr\/wp-json\/wp\/v2\/comments?post=5139"}],"wp:featuredmedia":[{"embeddable":true,"href":"https:\/\/fornimedical.ch\/fr\/wp-json\/wp\/v2\/media\/3696"}],"wp:attachment":[{"href":"https:\/\/fornimedical.ch\/fr\/wp-json\/wp\/v2\/media?parent=5139"}],"wp:term":[{"taxonomy":"product_brand","embeddable":true,"href":"https:\/\/fornimedical.ch\/fr\/wp-json\/wp\/v2\/product_brand?post=5139"},{"taxonomy":"product_cat","embeddable":true,"href":"https:\/\/fornimedical.ch\/fr\/wp-json\/wp\/v2\/product_cat?post=5139"},{"taxonomy":"product_tag","embeddable":true,"href":"https:\/\/fornimedical.ch\/fr\/wp-json\/wp\/v2\/product_tag?post=5139"}],"curies":[{"name":"wp","href":"https:\/\/api.w.org\/{rel}","templated":true}]}}