{"id":12468,"date":"2026-02-06T11:09:28","date_gmt":"2026-02-06T10:09:28","guid":{"rendered":"https:\/\/fornimedical.ch\/?post_type=product&#038;p=12468"},"modified":"2026-02-12T15:36:23","modified_gmt":"2026-02-12T14:36:23","slug":"gant-immobilisation-avec-fermeture-velcro-bleu-fonce","status":"publish","type":"product","link":"https:\/\/fornimedical.ch\/fr\/produit\/gant-immobilisation-avec-fermeture-velcro-bleu-fonce\/","title":{"rendered":"Gant d&rsquo;immobilisation, avec fermeture velcro, bleu fonc\u00e9"},"content":{"rendered":"<p>Le gant d&rsquo;immobilisation ORTHIA limite les mouvements de la main et des doigts des patients alit\u00e9s.<br \/>\nComme il emp\u00eache la pr\u00e9hension d&rsquo;objets et r\u00e9duit le risque d&rsquo;anxi\u00e9t\u00e9 et d&rsquo;agressivit\u00e9 chez le patient, ce gant est id\u00e9al dans les situations o\u00f9 le patient doit \u00eatre immobilis\u00e9 dans son lit.<br \/>\nIl dispose d&rsquo;une base ergonomique en mousse de polyur\u00e9thane et en tissu respirant, ainsi que d&rsquo;un syst\u00e8me de fermeture pratique permettant de retirer la mousse afin de laver la housse s\u00e9par\u00e9ment.<br \/>\nVeuillez respecter le mode d&#8217;emploi !<\/p>\n","protected":false},"excerpt":{"rendered":"<p>Gant d&rsquo;immobilisation destin\u00e9 \u00e0 limiter les mouvements de la main et des doigts des patients alit\u00e9s. Housse amovible et lavable. Taille unique.<\/p>\n","protected":false},"featured_media":12472,"comment_status":"closed","ping_status":"closed","template":"","meta":{"_acf_changed":false,"site-sidebar-layout":"default","site-content-layout":"","ast-site-content-layout":"default","site-content-style":"default","site-sidebar-style":"default","ast-global-header-display":"","ast-banner-title-visibility":"","ast-main-header-display":"","ast-hfb-above-header-display":"","ast-hfb-below-header-display":"","ast-hfb-mobile-header-display":"","site-post-title":"","ast-breadcrumbs-content":"","ast-featured-img":"","footer-sml-layout":"","theme-transparent-header-meta":"default","adv-header-id-meta":"","stick-header-meta":"","header-above-stick-meta":"","header-main-stick-meta":"","header-below-stick-meta":"","astra-migrate-meta-layouts":"set","ast-page-background-enabled":"default","ast-page-background-meta":{"desktop":{"background-color":"var(--ast-global-color-4)","background-image":"","background-repeat":"repeat","background-position":"center center","background-size":"auto","background-attachment":"scroll","background-type":"","background-media":"","overlay-type":"","overlay-color":"","overlay-opacity":"","overlay-gradient":""},"tablet":{"background-color":"","background-image":"","background-repeat":"repeat","background-position":"center center","background-size":"auto","background-attachment":"scroll","background-type":"","background-media":"","overlay-type":"","overlay-color":"","overlay-opacity":"","overlay-gradient":""},"mobile":{"background-color":"","background-image":"","background-repeat":"repeat","background-position":"center center","background-size":"auto","background-attachment":"scroll","background-type":"","background-media":"","overlay-type":"","overlay-color":"","overlay-opacity":"","overlay-gradient":""}},"ast-content-background-meta":{"desktop":{"background-color":"var(--ast-global-color-5)","background-image":"","background-repeat":"repeat","background-position":"center center","background-size":"auto","background-attachment":"scroll","background-type":"","background-media":"","overlay-type":"","overlay-color":"","overlay-opacity":"","overlay-gradient":""},"tablet":{"background-color":"var(--ast-global-color-5)","background-image":"","background-repeat":"repeat","background-position":"center center","background-size":"auto","background-attachment":"scroll","background-type":"","background-media":"","overlay-type":"","overlay-color":"","overlay-opacity":"","overlay-gradient":""},"mobile":{"background-color":"var(--ast-global-color-5)","background-image":"","background-repeat":"repeat","background-position":"center center","background-size":"auto","background-attachment":"scroll","background-type":"","background-media":"","overlay-type":"","overlay-color":"","overlay-opacity":"","overlay-gradient":""}}},"product_brand":[],"product_cat":[633],"product_tag":[],"class_list":{"0":"post-12468","1":"product","2":"type-product","3":"status-publish","4":"has-post-thumbnail","6":"product_cat-aides-au-transfert-fr","7":"desktop-align-left","8":"tablet-align-left","9":"mobile-align-left","11":"first","12":"instock","13":"taxable","14":"shipping-taxable","15":"purchasable","16":"product-type-variable","17":"has-default-attributes","18":"add-to-wishlist-before_image"},"acf":[],"yoast_head":"<!-- This site is optimized with the Yoast SEO plugin v26.5 - https:\/\/yoast.com\/wordpress\/plugins\/seo\/ -->\n<title>Gant d&#039;immobilisation destin\u00e9 \u00e0 limiter les mouvements de la main et des doigts des patients alit\u00e9s<\/title>\n<meta name=\"description\" content=\"Gant d&#039;immobilisation destin\u00e9 \u00e0 limiter les mouvements de la main et des doigts des patients alit\u00e9s\" \/>\n<meta name=\"robots\" content=\"index, follow, max-snippet:-1, max-image-preview:large, max-video-preview:-1\" \/>\n<link rel=\"canonical\" href=\"https:\/\/fornimedical.ch\/fr\/produit\/gant-immobilisation-avec-fermeture-velcro-bleu-fonce\/\" \/>\n<meta property=\"og:locale\" content=\"fr_FR\" \/>\n<meta property=\"og:type\" content=\"article\" \/>\n<meta property=\"og:title\" content=\"Gant d&#039;immobilisation destin\u00e9 \u00e0 limiter les mouvements de la main et des doigts des patients alit\u00e9s\" \/>\n<meta property=\"og:description\" content=\"Gant d&#039;immobilisation destin\u00e9 \u00e0 limiter les mouvements de la main et des doigts des patients alit\u00e9s\" \/>\n<meta property=\"og:url\" content=\"https:\/\/fornimedical.ch\/fr\/produit\/gant-immobilisation-avec-fermeture-velcro-bleu-fonce\/\" \/>\n<meta property=\"og:site_name\" content=\"Forni Medical GmbH\" \/>\n<meta property=\"article:modified_time\" content=\"2026-02-12T14:36:23+00:00\" \/>\n<meta property=\"og:image\" content=\"https:\/\/fornimedical.ch\/wp-content\/uploads\/2026\/02\/ORTHIA_Luva-de-Imobilizacao_Embalagem-1024x837.jpg\" \/>\n\t<meta property=\"og:image:width\" content=\"1024\" \/>\n\t<meta property=\"og:image:height\" content=\"837\" \/>\n\t<meta property=\"og:image:type\" content=\"image\/jpeg\" \/>\n<meta name=\"twitter:card\" content=\"summary_large_image\" \/>\n<meta name=\"twitter:label1\" content=\"Dur\u00e9e de lecture estim\u00e9e\" \/>\n\t<meta name=\"twitter:data1\" content=\"1 minute\" \/>\n<script type=\"application\/ld+json\" class=\"yoast-schema-graph\">{\"@context\":\"https:\/\/schema.org\",\"@graph\":[{\"@type\":\"WebPage\",\"@id\":\"https:\/\/fornimedical.ch\/fr\/produit\/gant-immobilisation-avec-fermeture-velcro-bleu-fonce\/\",\"url\":\"https:\/\/fornimedical.ch\/fr\/produit\/gant-immobilisation-avec-fermeture-velcro-bleu-fonce\/\",\"name\":\"Gant d'immobilisation destin\u00e9 \u00e0 limiter les mouvements de la main et des doigts des patients alit\u00e9s\",\"isPartOf\":{\"@id\":\"https:\/\/fornimedical.ch\/fr\/#website\"},\"primaryImageOfPage\":{\"@id\":\"https:\/\/fornimedical.ch\/fr\/produit\/gant-immobilisation-avec-fermeture-velcro-bleu-fonce\/#primaryimage\"},\"image\":{\"@id\":\"https:\/\/fornimedical.ch\/fr\/produit\/gant-immobilisation-avec-fermeture-velcro-bleu-fonce\/#primaryimage\"},\"thumbnailUrl\":\"https:\/\/fornimedical.ch\/wp-content\/uploads\/2026\/02\/ORTHIA_Luva-de-Imobilizacao_Embalagem.jpg\",\"datePublished\":\"2026-02-06T10:09:28+00:00\",\"dateModified\":\"2026-02-12T14:36:23+00:00\",\"description\":\"Gant d'immobilisation destin\u00e9 \u00e0 limiter les mouvements de la main et des doigts des patients alit\u00e9s\",\"breadcrumb\":{\"@id\":\"https:\/\/fornimedical.ch\/fr\/produit\/gant-immobilisation-avec-fermeture-velcro-bleu-fonce\/#breadcrumb\"},\"inLanguage\":\"fr-FR\",\"potentialAction\":[{\"@type\":\"ReadAction\",\"target\":[\"https:\/\/fornimedical.ch\/fr\/produit\/gant-immobilisation-avec-fermeture-velcro-bleu-fonce\/\"]}]},{\"@type\":\"ImageObject\",\"inLanguage\":\"fr-FR\",\"@id\":\"https:\/\/fornimedical.ch\/fr\/produit\/gant-immobilisation-avec-fermeture-velcro-bleu-fonce\/#primaryimage\",\"url\":\"https:\/\/fornimedical.ch\/wp-content\/uploads\/2026\/02\/ORTHIA_Luva-de-Imobilizacao_Embalagem.jpg\",\"contentUrl\":\"https:\/\/fornimedical.ch\/wp-content\/uploads\/2026\/02\/ORTHIA_Luva-de-Imobilizacao_Embalagem.jpg\",\"width\":2551,\"height\":2084},{\"@type\":\"BreadcrumbList\",\"@id\":\"https:\/\/fornimedical.ch\/fr\/produit\/gant-immobilisation-avec-fermeture-velcro-bleu-fonce\/#breadcrumb\",\"itemListElement\":[{\"@type\":\"ListItem\",\"position\":1,\"name\":\"Home\",\"item\":\"https:\/\/fornimedical.ch\/fr\/\"},{\"@type\":\"ListItem\",\"position\":2,\"name\":\"Archives boutique en ligne\",\"item\":\"https:\/\/fornimedical.ch\/fr\/archives-boutique-en-ligne\/\"},{\"@type\":\"ListItem\",\"position\":3,\"name\":\"Gant d&#8217;immobilisation, avec fermeture velcro, bleu fonc\u00e9\"}]},{\"@type\":\"WebSite\",\"@id\":\"https:\/\/fornimedical.ch\/fr\/#website\",\"url\":\"https:\/\/fornimedical.ch\/fr\/\",\"name\":\"Forni Medical GmbH\",\"description\":\"\",\"publisher\":{\"@id\":\"https:\/\/fornimedical.ch\/fr\/#organization\"},\"potentialAction\":[{\"@type\":\"SearchAction\",\"target\":{\"@type\":\"EntryPoint\",\"urlTemplate\":\"https:\/\/fornimedical.ch\/fr\/?s={search_term_string}\"},\"query-input\":{\"@type\":\"PropertyValueSpecification\",\"valueRequired\":true,\"valueName\":\"search_term_string\"}}],\"inLanguage\":\"fr-FR\"},{\"@type\":\"Organization\",\"@id\":\"https:\/\/fornimedical.ch\/fr\/#organization\",\"name\":\"Forni Medical GmbH\",\"url\":\"https:\/\/fornimedical.ch\/fr\/\",\"logo\":{\"@type\":\"ImageObject\",\"inLanguage\":\"fr-FR\",\"@id\":\"https:\/\/fornimedical.ch\/fr\/#\/schema\/logo\/image\/\",\"url\":\"https:\/\/fornimedical.ch\/wp-content\/uploads\/2023\/08\/logo.svg\",\"contentUrl\":\"https:\/\/fornimedical.ch\/wp-content\/uploads\/2023\/08\/logo.svg\",\"caption\":\"Forni Medical GmbH\"},\"image\":{\"@id\":\"https:\/\/fornimedical.ch\/fr\/#\/schema\/logo\/image\/\"}}]}<\/script>\n<!-- \/ Yoast SEO plugin. -->","yoast_head_json":{"title":"Gant d'immobilisation destin\u00e9 \u00e0 limiter les mouvements de la main et des doigts des patients alit\u00e9s","description":"Gant d'immobilisation destin\u00e9 \u00e0 limiter les mouvements de la main et des doigts des patients alit\u00e9s","robots":{"index":"index","follow":"follow","max-snippet":"max-snippet:-1","max-image-preview":"max-image-preview:large","max-video-preview":"max-video-preview:-1"},"canonical":"https:\/\/fornimedical.ch\/fr\/produit\/gant-immobilisation-avec-fermeture-velcro-bleu-fonce\/","og_locale":"fr_FR","og_type":"article","og_title":"Gant d'immobilisation destin\u00e9 \u00e0 limiter les mouvements de la main et des doigts des patients alit\u00e9s","og_description":"Gant d'immobilisation destin\u00e9 \u00e0 limiter les mouvements de la main et des doigts des patients alit\u00e9s","og_url":"https:\/\/fornimedical.ch\/fr\/produit\/gant-immobilisation-avec-fermeture-velcro-bleu-fonce\/","og_site_name":"Forni Medical GmbH","article_modified_time":"2026-02-12T14:36:23+00:00","og_image":[{"width":1024,"height":837,"url":"https:\/\/fornimedical.ch\/wp-content\/uploads\/2026\/02\/ORTHIA_Luva-de-Imobilizacao_Embalagem-1024x837.jpg","type":"image\/jpeg"}],"twitter_card":"summary_large_image","twitter_misc":{"Dur\u00e9e de lecture estim\u00e9e":"1 minute"},"schema":{"@context":"https:\/\/schema.org","@graph":[{"@type":"WebPage","@id":"https:\/\/fornimedical.ch\/fr\/produit\/gant-immobilisation-avec-fermeture-velcro-bleu-fonce\/","url":"https:\/\/fornimedical.ch\/fr\/produit\/gant-immobilisation-avec-fermeture-velcro-bleu-fonce\/","name":"Gant d'immobilisation destin\u00e9 \u00e0 limiter les mouvements de la main et des doigts des patients alit\u00e9s","isPartOf":{"@id":"https:\/\/fornimedical.ch\/fr\/#website"},"primaryImageOfPage":{"@id":"https:\/\/fornimedical.ch\/fr\/produit\/gant-immobilisation-avec-fermeture-velcro-bleu-fonce\/#primaryimage"},"image":{"@id":"https:\/\/fornimedical.ch\/fr\/produit\/gant-immobilisation-avec-fermeture-velcro-bleu-fonce\/#primaryimage"},"thumbnailUrl":"https:\/\/fornimedical.ch\/wp-content\/uploads\/2026\/02\/ORTHIA_Luva-de-Imobilizacao_Embalagem.jpg","datePublished":"2026-02-06T10:09:28+00:00","dateModified":"2026-02-12T14:36:23+00:00","description":"Gant d'immobilisation destin\u00e9 \u00e0 limiter les mouvements de la main et des doigts des patients alit\u00e9s","breadcrumb":{"@id":"https:\/\/fornimedical.ch\/fr\/produit\/gant-immobilisation-avec-fermeture-velcro-bleu-fonce\/#breadcrumb"},"inLanguage":"fr-FR","potentialAction":[{"@type":"ReadAction","target":["https:\/\/fornimedical.ch\/fr\/produit\/gant-immobilisation-avec-fermeture-velcro-bleu-fonce\/"]}]},{"@type":"ImageObject","inLanguage":"fr-FR","@id":"https:\/\/fornimedical.ch\/fr\/produit\/gant-immobilisation-avec-fermeture-velcro-bleu-fonce\/#primaryimage","url":"https:\/\/fornimedical.ch\/wp-content\/uploads\/2026\/02\/ORTHIA_Luva-de-Imobilizacao_Embalagem.jpg","contentUrl":"https:\/\/fornimedical.ch\/wp-content\/uploads\/2026\/02\/ORTHIA_Luva-de-Imobilizacao_Embalagem.jpg","width":2551,"height":2084},{"@type":"BreadcrumbList","@id":"https:\/\/fornimedical.ch\/fr\/produit\/gant-immobilisation-avec-fermeture-velcro-bleu-fonce\/#breadcrumb","itemListElement":[{"@type":"ListItem","position":1,"name":"Home","item":"https:\/\/fornimedical.ch\/fr\/"},{"@type":"ListItem","position":2,"name":"Archives boutique en ligne","item":"https:\/\/fornimedical.ch\/fr\/archives-boutique-en-ligne\/"},{"@type":"ListItem","position":3,"name":"Gant d&#8217;immobilisation, avec fermeture velcro, bleu fonc\u00e9"}]},{"@type":"WebSite","@id":"https:\/\/fornimedical.ch\/fr\/#website","url":"https:\/\/fornimedical.ch\/fr\/","name":"Forni Medical GmbH","description":"","publisher":{"@id":"https:\/\/fornimedical.ch\/fr\/#organization"},"potentialAction":[{"@type":"SearchAction","target":{"@type":"EntryPoint","urlTemplate":"https:\/\/fornimedical.ch\/fr\/?s={search_term_string}"},"query-input":{"@type":"PropertyValueSpecification","valueRequired":true,"valueName":"search_term_string"}}],"inLanguage":"fr-FR"},{"@type":"Organization","@id":"https:\/\/fornimedical.ch\/fr\/#organization","name":"Forni Medical GmbH","url":"https:\/\/fornimedical.ch\/fr\/","logo":{"@type":"ImageObject","inLanguage":"fr-FR","@id":"https:\/\/fornimedical.ch\/fr\/#\/schema\/logo\/image\/","url":"https:\/\/fornimedical.ch\/wp-content\/uploads\/2023\/08\/logo.svg","contentUrl":"https:\/\/fornimedical.ch\/wp-content\/uploads\/2023\/08\/logo.svg","caption":"Forni Medical GmbH"},"image":{"@id":"https:\/\/fornimedical.ch\/fr\/#\/schema\/logo\/image\/"}}]}},"_links":{"self":[{"href":"https:\/\/fornimedical.ch\/fr\/wp-json\/wp\/v2\/product\/12468","targetHints":{"allow":["GET"]}}],"collection":[{"href":"https:\/\/fornimedical.ch\/fr\/wp-json\/wp\/v2\/product"}],"about":[{"href":"https:\/\/fornimedical.ch\/fr\/wp-json\/wp\/v2\/types\/product"}],"replies":[{"embeddable":true,"href":"https:\/\/fornimedical.ch\/fr\/wp-json\/wp\/v2\/comments?post=12468"}],"wp:featuredmedia":[{"embeddable":true,"href":"https:\/\/fornimedical.ch\/fr\/wp-json\/wp\/v2\/media\/12472"}],"wp:attachment":[{"href":"https:\/\/fornimedical.ch\/fr\/wp-json\/wp\/v2\/media?parent=12468"}],"wp:term":[{"taxonomy":"product_brand","embeddable":true,"href":"https:\/\/fornimedical.ch\/fr\/wp-json\/wp\/v2\/product_brand?post=12468"},{"taxonomy":"product_cat","embeddable":true,"href":"https:\/\/fornimedical.ch\/fr\/wp-json\/wp\/v2\/product_cat?post=12468"},{"taxonomy":"product_tag","embeddable":true,"href":"https:\/\/fornimedical.ch\/fr\/wp-json\/wp\/v2\/product_tag?post=12468"}],"curies":[{"name":"wp","href":"https:\/\/api.w.org\/{rel}","templated":true}]}}