{"id":12415,"date":"2025-11-20T16:45:20","date_gmt":"2025-11-20T15:45:20","guid":{"rendered":"https:\/\/fornimedical.ch\/?post_type=product&#038;p=12415"},"modified":"2026-01-30T11:47:47","modified_gmt":"2026-01-30T10:47:47","slug":"kit-de-mise-a-niveau-de-valve-pour-aircare-ffp3-n99-masque-de-protection-respiratoire-epi-standard","status":"publish","type":"product","link":"https:\/\/fornimedical.ch\/fr\/produit\/kit-de-mise-a-niveau-de-valve-pour-aircare-ffp3-n99-masque-de-protection-respiratoire-epi-standard\/","title":{"rendered":"Kit de mise \u00e0 niveau de valve pour AirCare+ FFP3\/N99, masque de protection respiratoire EPI \u00ab Standard \u00bb"},"content":{"rendered":"<p>Le <strong>Valve Upgrade Kit<\/strong> (kit de mise \u00e0 niveau de valve) s&rsquo;ins\u00e8re dans le corps du masque standard AirCare+ FFP3\/N99 et permet de le transformer facilement en mod\u00e8le Valve avec valve d&rsquo;expiration. Ce mod\u00e8le permet de respirer naturellement m\u00eame en cas d&rsquo;effort intense. L&rsquo;air expir\u00e9 par la valve est dirig\u00e9 vers le bas via un diffuseur. Le <strong>Valve Upgrade Kit<\/strong> (kit de mise \u00e0 niveau de valve) se compose d&rsquo;une grille filtrante en deux parties avec une valve d&rsquo;expiration en silicone et de 10 filtres non tiss\u00e9s avec d\u00e9coupe pour valve. Avec la valve d&rsquo;expiration, le masque prot\u00e8ge uniquement son utilisateur (protection individuelle), mais pas son environnement (pas de protection des autres). Le masque avec valve d&rsquo;expiration offre une sensation de respiration naturelle lors d&rsquo;efforts physiques intenses et prot\u00e8ge l&rsquo;utilisateur contre les particules fines et les agents pathog\u00e8nes biologiques pr\u00e9sents dans l&rsquo;air respir\u00e9, ainsi que contre la poussi\u00e8re, les a\u00e9rosols, la fum\u00e9e et l\u2019amiante (utilisation industrielle). <strong>Le masque ne prot\u00e8ge pas contre les gaz et les vapeurs<\/strong>.<\/p>\n","protected":false},"excerpt":{"rendered":"<p>Kit de mise \u00e0 niveau de valve pour AirCare+ FFP3\/N99, masque de protection respiratoire EPI \u00ab Standard \u00bb. Unit\u00e9 de commande: paquet de 4<\/p>\n<p><span style=\"color: #3366ff;\"><strong>Prix de lancement jusqu&rsquo;au 30.06.2026<\/strong><\/span><\/p>\n","protected":false},"featured_media":12211,"comment_status":"closed","ping_status":"closed","template":"","meta":{"_acf_changed":false,"site-sidebar-layout":"default","site-content-layout":"","ast-site-content-layout":"default","site-content-style":"default","site-sidebar-style":"default","ast-global-header-display":"","ast-banner-title-visibility":"","ast-main-header-display":"","ast-hfb-above-header-display":"","ast-hfb-below-header-display":"","ast-hfb-mobile-header-display":"","site-post-title":"","ast-breadcrumbs-content":"","ast-featured-img":"","footer-sml-layout":"","theme-transparent-header-meta":"default","adv-header-id-meta":"","stick-header-meta":"","header-above-stick-meta":"","header-main-stick-meta":"","header-below-stick-meta":"","astra-migrate-meta-layouts":"set","ast-page-background-enabled":"default","ast-page-background-meta":{"desktop":{"background-color":"var(--ast-global-color-4)","background-image":"","background-repeat":"repeat","background-position":"center center","background-size":"auto","background-attachment":"scroll","background-type":"","background-media":"","overlay-type":"","overlay-color":"","overlay-opacity":"","overlay-gradient":""},"tablet":{"background-color":"","background-image":"","background-repeat":"repeat","background-position":"center center","background-size":"auto","background-attachment":"scroll","background-type":"","background-media":"","overlay-type":"","overlay-color":"","overlay-opacity":"","overlay-gradient":""},"mobile":{"background-color":"","background-image":"","background-repeat":"repeat","background-position":"center center","background-size":"auto","background-attachment":"scroll","background-type":"","background-media":"","overlay-type":"","overlay-color":"","overlay-opacity":"","overlay-gradient":""}},"ast-content-background-meta":{"desktop":{"background-color":"var(--ast-global-color-5)","background-image":"","background-repeat":"repeat","background-position":"center center","background-size":"auto","background-attachment":"scroll","background-type":"","background-media":"","overlay-type":"","overlay-color":"","overlay-opacity":"","overlay-gradient":""},"tablet":{"background-color":"var(--ast-global-color-5)","background-image":"","background-repeat":"repeat","background-position":"center center","background-size":"auto","background-attachment":"scroll","background-type":"","background-media":"","overlay-type":"","overlay-color":"","overlay-opacity":"","overlay-gradient":""},"mobile":{"background-color":"var(--ast-global-color-5)","background-image":"","background-repeat":"repeat","background-position":"center center","background-size":"auto","background-attachment":"scroll","background-type":"","background-media":"","overlay-type":"","overlay-color":"","overlay-opacity":"","overlay-gradient":""}}},"product_brand":[],"product_cat":[133],"product_tag":[],"class_list":{"0":"post-12415","1":"product","2":"type-product","3":"status-publish","4":"has-post-thumbnail","6":"product_cat-schutzmaterial","7":"desktop-align-left","8":"tablet-align-left","9":"mobile-align-left","11":"first","12":"instock","13":"taxable","14":"shipping-taxable","15":"purchasable","16":"product-type-variable","17":"has-default-attributes","18":"add-to-wishlist-before_image"},"acf":[],"yoast_head":"<!-- This site is optimized with the Yoast SEO plugin v26.5 - https:\/\/yoast.com\/wordpress\/plugins\/seo\/ -->\n<title>Kit de mise \u00e0 niveau de valve pour AirCare+ FFP3\/N99, masque de protection respiratoire EPI \u00ab Standard \u00bb - Forni Medical GmbH<\/title>\n<meta name=\"robots\" content=\"index, follow, max-snippet:-1, max-image-preview:large, max-video-preview:-1\" \/>\n<link rel=\"canonical\" href=\"https:\/\/fornimedical.ch\/fr\/produit\/kit-de-mise-a-niveau-de-valve-pour-aircare-ffp3-n99-masque-de-protection-respiratoire-epi-standard\/\" \/>\n<meta property=\"og:locale\" content=\"fr_FR\" \/>\n<meta property=\"og:type\" content=\"article\" \/>\n<meta property=\"og:title\" content=\"Kit de mise \u00e0 niveau de valve pour AirCare+ FFP3\/N99, masque de protection respiratoire EPI \u00ab Standard \u00bb - Forni Medical GmbH\" \/>\n<meta property=\"og:description\" content=\"Kit de mise \u00e0 niveau de valve pour AirCare+ FFP3\/N99, masque de protection respiratoire EPI \u00ab Standard \u00bb. Unit\u00e9 de commande: paquet de 4  Prix de lancement jusqu&#039;au 30.06.2026\" \/>\n<meta property=\"og:url\" content=\"https:\/\/fornimedical.ch\/fr\/produit\/kit-de-mise-a-niveau-de-valve-pour-aircare-ffp3-n99-masque-de-protection-respiratoire-epi-standard\/\" \/>\n<meta property=\"og:site_name\" content=\"Forni Medical GmbH\" \/>\n<meta property=\"article:modified_time\" content=\"2026-01-30T10:47:47+00:00\" \/>\n<meta property=\"og:image\" content=\"https:\/\/fornimedical.ch\/wp-content\/uploads\/2025\/11\/Upgrade-Kit-Valve.jpg\" \/>\n\t<meta property=\"og:image:width\" content=\"1600\" \/>\n\t<meta property=\"og:image:height\" content=\"1600\" \/>\n\t<meta property=\"og:image:type\" content=\"image\/jpeg\" \/>\n<meta name=\"twitter:card\" content=\"summary_large_image\" \/>\n<meta name=\"twitter:label1\" content=\"Dur\u00e9e de lecture estim\u00e9e\" \/>\n\t<meta name=\"twitter:data1\" content=\"2 minutes\" \/>\n<script type=\"application\/ld+json\" class=\"yoast-schema-graph\">{\"@context\":\"https:\/\/schema.org\",\"@graph\":[{\"@type\":\"WebPage\",\"@id\":\"https:\/\/fornimedical.ch\/fr\/produit\/kit-de-mise-a-niveau-de-valve-pour-aircare-ffp3-n99-masque-de-protection-respiratoire-epi-standard\/\",\"url\":\"https:\/\/fornimedical.ch\/fr\/produit\/kit-de-mise-a-niveau-de-valve-pour-aircare-ffp3-n99-masque-de-protection-respiratoire-epi-standard\/\",\"name\":\"Kit de mise \u00e0 niveau de valve pour AirCare+ FFP3\/N99, masque de protection respiratoire EPI \u00ab Standard \u00bb - Forni Medical GmbH\",\"isPartOf\":{\"@id\":\"https:\/\/fornimedical.ch\/fr\/#website\"},\"primaryImageOfPage\":{\"@id\":\"https:\/\/fornimedical.ch\/fr\/produit\/kit-de-mise-a-niveau-de-valve-pour-aircare-ffp3-n99-masque-de-protection-respiratoire-epi-standard\/#primaryimage\"},\"image\":{\"@id\":\"https:\/\/fornimedical.ch\/fr\/produit\/kit-de-mise-a-niveau-de-valve-pour-aircare-ffp3-n99-masque-de-protection-respiratoire-epi-standard\/#primaryimage\"},\"thumbnailUrl\":\"https:\/\/fornimedical.ch\/wp-content\/uploads\/2025\/11\/Upgrade-Kit-Valve.jpg\",\"datePublished\":\"2025-11-20T15:45:20+00:00\",\"dateModified\":\"2026-01-30T10:47:47+00:00\",\"breadcrumb\":{\"@id\":\"https:\/\/fornimedical.ch\/fr\/produit\/kit-de-mise-a-niveau-de-valve-pour-aircare-ffp3-n99-masque-de-protection-respiratoire-epi-standard\/#breadcrumb\"},\"inLanguage\":\"fr-FR\",\"potentialAction\":[{\"@type\":\"ReadAction\",\"target\":[\"https:\/\/fornimedical.ch\/fr\/produit\/kit-de-mise-a-niveau-de-valve-pour-aircare-ffp3-n99-masque-de-protection-respiratoire-epi-standard\/\"]}]},{\"@type\":\"ImageObject\",\"inLanguage\":\"fr-FR\",\"@id\":\"https:\/\/fornimedical.ch\/fr\/produit\/kit-de-mise-a-niveau-de-valve-pour-aircare-ffp3-n99-masque-de-protection-respiratoire-epi-standard\/#primaryimage\",\"url\":\"https:\/\/fornimedical.ch\/wp-content\/uploads\/2025\/11\/Upgrade-Kit-Valve.jpg\",\"contentUrl\":\"https:\/\/fornimedical.ch\/wp-content\/uploads\/2025\/11\/Upgrade-Kit-Valve.jpg\",\"width\":1600,\"height\":1600,\"caption\":\"OLYMPUS DIGITAL CAMERA\"},{\"@type\":\"BreadcrumbList\",\"@id\":\"https:\/\/fornimedical.ch\/fr\/produit\/kit-de-mise-a-niveau-de-valve-pour-aircare-ffp3-n99-masque-de-protection-respiratoire-epi-standard\/#breadcrumb\",\"itemListElement\":[{\"@type\":\"ListItem\",\"position\":1,\"name\":\"Home\",\"item\":\"https:\/\/fornimedical.ch\/fr\/\"},{\"@type\":\"ListItem\",\"position\":2,\"name\":\"Archives boutique en ligne\",\"item\":\"https:\/\/fornimedical.ch\/fr\/archives-boutique-en-ligne\/\"},{\"@type\":\"ListItem\",\"position\":3,\"name\":\"Kit de mise \u00e0 niveau de valve pour AirCare+ FFP3\/N99, masque de protection respiratoire EPI \u00ab Standard \u00bb\"}]},{\"@type\":\"WebSite\",\"@id\":\"https:\/\/fornimedical.ch\/fr\/#website\",\"url\":\"https:\/\/fornimedical.ch\/fr\/\",\"name\":\"Forni Medical GmbH\",\"description\":\"\",\"publisher\":{\"@id\":\"https:\/\/fornimedical.ch\/fr\/#organization\"},\"potentialAction\":[{\"@type\":\"SearchAction\",\"target\":{\"@type\":\"EntryPoint\",\"urlTemplate\":\"https:\/\/fornimedical.ch\/fr\/?s={search_term_string}\"},\"query-input\":{\"@type\":\"PropertyValueSpecification\",\"valueRequired\":true,\"valueName\":\"search_term_string\"}}],\"inLanguage\":\"fr-FR\"},{\"@type\":\"Organization\",\"@id\":\"https:\/\/fornimedical.ch\/fr\/#organization\",\"name\":\"Forni Medical GmbH\",\"url\":\"https:\/\/fornimedical.ch\/fr\/\",\"logo\":{\"@type\":\"ImageObject\",\"inLanguage\":\"fr-FR\",\"@id\":\"https:\/\/fornimedical.ch\/fr\/#\/schema\/logo\/image\/\",\"url\":\"https:\/\/fornimedical.ch\/wp-content\/uploads\/2023\/08\/logo.svg\",\"contentUrl\":\"https:\/\/fornimedical.ch\/wp-content\/uploads\/2023\/08\/logo.svg\",\"caption\":\"Forni Medical GmbH\"},\"image\":{\"@id\":\"https:\/\/fornimedical.ch\/fr\/#\/schema\/logo\/image\/\"}}]}<\/script>\n<!-- \/ Yoast SEO plugin. -->","yoast_head_json":{"title":"Kit de mise \u00e0 niveau de valve pour AirCare+ FFP3\/N99, masque de protection respiratoire EPI \u00ab Standard \u00bb - Forni Medical GmbH","robots":{"index":"index","follow":"follow","max-snippet":"max-snippet:-1","max-image-preview":"max-image-preview:large","max-video-preview":"max-video-preview:-1"},"canonical":"https:\/\/fornimedical.ch\/fr\/produit\/kit-de-mise-a-niveau-de-valve-pour-aircare-ffp3-n99-masque-de-protection-respiratoire-epi-standard\/","og_locale":"fr_FR","og_type":"article","og_title":"Kit de mise \u00e0 niveau de valve pour AirCare+ FFP3\/N99, masque de protection respiratoire EPI \u00ab Standard \u00bb - Forni Medical GmbH","og_description":"Kit de mise \u00e0 niveau de valve pour AirCare+ FFP3\/N99, masque de protection respiratoire EPI \u00ab Standard \u00bb. Unit\u00e9 de commande: paquet de 4  Prix de lancement jusqu'au 30.06.2026","og_url":"https:\/\/fornimedical.ch\/fr\/produit\/kit-de-mise-a-niveau-de-valve-pour-aircare-ffp3-n99-masque-de-protection-respiratoire-epi-standard\/","og_site_name":"Forni Medical GmbH","article_modified_time":"2026-01-30T10:47:47+00:00","og_image":[{"width":1600,"height":1600,"url":"https:\/\/fornimedical.ch\/wp-content\/uploads\/2025\/11\/Upgrade-Kit-Valve.jpg","type":"image\/jpeg"}],"twitter_card":"summary_large_image","twitter_misc":{"Dur\u00e9e de lecture estim\u00e9e":"2 minutes"},"schema":{"@context":"https:\/\/schema.org","@graph":[{"@type":"WebPage","@id":"https:\/\/fornimedical.ch\/fr\/produit\/kit-de-mise-a-niveau-de-valve-pour-aircare-ffp3-n99-masque-de-protection-respiratoire-epi-standard\/","url":"https:\/\/fornimedical.ch\/fr\/produit\/kit-de-mise-a-niveau-de-valve-pour-aircare-ffp3-n99-masque-de-protection-respiratoire-epi-standard\/","name":"Kit de mise \u00e0 niveau de valve pour AirCare+ FFP3\/N99, masque de protection respiratoire EPI \u00ab Standard \u00bb - Forni Medical GmbH","isPartOf":{"@id":"https:\/\/fornimedical.ch\/fr\/#website"},"primaryImageOfPage":{"@id":"https:\/\/fornimedical.ch\/fr\/produit\/kit-de-mise-a-niveau-de-valve-pour-aircare-ffp3-n99-masque-de-protection-respiratoire-epi-standard\/#primaryimage"},"image":{"@id":"https:\/\/fornimedical.ch\/fr\/produit\/kit-de-mise-a-niveau-de-valve-pour-aircare-ffp3-n99-masque-de-protection-respiratoire-epi-standard\/#primaryimage"},"thumbnailUrl":"https:\/\/fornimedical.ch\/wp-content\/uploads\/2025\/11\/Upgrade-Kit-Valve.jpg","datePublished":"2025-11-20T15:45:20+00:00","dateModified":"2026-01-30T10:47:47+00:00","breadcrumb":{"@id":"https:\/\/fornimedical.ch\/fr\/produit\/kit-de-mise-a-niveau-de-valve-pour-aircare-ffp3-n99-masque-de-protection-respiratoire-epi-standard\/#breadcrumb"},"inLanguage":"fr-FR","potentialAction":[{"@type":"ReadAction","target":["https:\/\/fornimedical.ch\/fr\/produit\/kit-de-mise-a-niveau-de-valve-pour-aircare-ffp3-n99-masque-de-protection-respiratoire-epi-standard\/"]}]},{"@type":"ImageObject","inLanguage":"fr-FR","@id":"https:\/\/fornimedical.ch\/fr\/produit\/kit-de-mise-a-niveau-de-valve-pour-aircare-ffp3-n99-masque-de-protection-respiratoire-epi-standard\/#primaryimage","url":"https:\/\/fornimedical.ch\/wp-content\/uploads\/2025\/11\/Upgrade-Kit-Valve.jpg","contentUrl":"https:\/\/fornimedical.ch\/wp-content\/uploads\/2025\/11\/Upgrade-Kit-Valve.jpg","width":1600,"height":1600,"caption":"OLYMPUS DIGITAL CAMERA"},{"@type":"BreadcrumbList","@id":"https:\/\/fornimedical.ch\/fr\/produit\/kit-de-mise-a-niveau-de-valve-pour-aircare-ffp3-n99-masque-de-protection-respiratoire-epi-standard\/#breadcrumb","itemListElement":[{"@type":"ListItem","position":1,"name":"Home","item":"https:\/\/fornimedical.ch\/fr\/"},{"@type":"ListItem","position":2,"name":"Archives boutique en ligne","item":"https:\/\/fornimedical.ch\/fr\/archives-boutique-en-ligne\/"},{"@type":"ListItem","position":3,"name":"Kit de mise \u00e0 niveau de valve pour AirCare+ FFP3\/N99, masque de protection respiratoire EPI \u00ab Standard \u00bb"}]},{"@type":"WebSite","@id":"https:\/\/fornimedical.ch\/fr\/#website","url":"https:\/\/fornimedical.ch\/fr\/","name":"Forni Medical GmbH","description":"","publisher":{"@id":"https:\/\/fornimedical.ch\/fr\/#organization"},"potentialAction":[{"@type":"SearchAction","target":{"@type":"EntryPoint","urlTemplate":"https:\/\/fornimedical.ch\/fr\/?s={search_term_string}"},"query-input":{"@type":"PropertyValueSpecification","valueRequired":true,"valueName":"search_term_string"}}],"inLanguage":"fr-FR"},{"@type":"Organization","@id":"https:\/\/fornimedical.ch\/fr\/#organization","name":"Forni Medical GmbH","url":"https:\/\/fornimedical.ch\/fr\/","logo":{"@type":"ImageObject","inLanguage":"fr-FR","@id":"https:\/\/fornimedical.ch\/fr\/#\/schema\/logo\/image\/","url":"https:\/\/fornimedical.ch\/wp-content\/uploads\/2023\/08\/logo.svg","contentUrl":"https:\/\/fornimedical.ch\/wp-content\/uploads\/2023\/08\/logo.svg","caption":"Forni Medical GmbH"},"image":{"@id":"https:\/\/fornimedical.ch\/fr\/#\/schema\/logo\/image\/"}}]}},"_links":{"self":[{"href":"https:\/\/fornimedical.ch\/fr\/wp-json\/wp\/v2\/product\/12415","targetHints":{"allow":["GET"]}}],"collection":[{"href":"https:\/\/fornimedical.ch\/fr\/wp-json\/wp\/v2\/product"}],"about":[{"href":"https:\/\/fornimedical.ch\/fr\/wp-json\/wp\/v2\/types\/product"}],"replies":[{"embeddable":true,"href":"https:\/\/fornimedical.ch\/fr\/wp-json\/wp\/v2\/comments?post=12415"}],"wp:featuredmedia":[{"embeddable":true,"href":"https:\/\/fornimedical.ch\/fr\/wp-json\/wp\/v2\/media\/12211"}],"wp:attachment":[{"href":"https:\/\/fornimedical.ch\/fr\/wp-json\/wp\/v2\/media?parent=12415"}],"wp:term":[{"taxonomy":"product_brand","embeddable":true,"href":"https:\/\/fornimedical.ch\/fr\/wp-json\/wp\/v2\/product_brand?post=12415"},{"taxonomy":"product_cat","embeddable":true,"href":"https:\/\/fornimedical.ch\/fr\/wp-json\/wp\/v2\/product_cat?post=12415"},{"taxonomy":"product_tag","embeddable":true,"href":"https:\/\/fornimedical.ch\/fr\/wp-json\/wp\/v2\/product_tag?post=12415"}],"curies":[{"name":"wp","href":"https:\/\/api.w.org\/{rel}","templated":true}]}}