{"id":12413,"date":"2025-11-20T16:16:18","date_gmt":"2025-11-20T15:16:18","guid":{"rendered":"https:\/\/fornimedical.ch\/?post_type=product&#038;p=12413"},"modified":"2026-01-30T12:03:34","modified_gmt":"2026-01-30T11:03:34","slug":"jeu-de-filtres-de-rechange-avec-decoupe-pour-valve-pour-aircare-ffp3-n99-masque-de-protection-respiratoire-epi-valve-avec-valve-dexpiration","status":"publish","type":"product","link":"https:\/\/fornimedical.ch\/fr\/produit\/jeu-de-filtres-de-rechange-avec-decoupe-pour-valve-pour-aircare-ffp3-n99-masque-de-protection-respiratoire-epi-valve-avec-valve-dexpiration\/","title":{"rendered":"Jeu de filtres de rechange avec d\u00e9coupe pour valve pour AirCare+ FFP3\/N99, masque de protection respiratoire EPI \u00ab Valve \u00bb avec valve d&rsquo;expiration"},"content":{"rendered":"<p>Le filtre dispose d&rsquo;un \u00e9videment pour la valve d&rsquo;expiration, qui permet une respiration naturelle m\u00eame en cas d&rsquo;effort intense. La chaleur de l&rsquo;air expir\u00e9 est efficacement \u00e9vacu\u00e9e, ce qui garantit un grand confort. La conception innovante du filtre en non-tiss\u00e9 permet de r\u00e9duire la quantit\u00e9 de mat\u00e9riau n\u00e9cessaire de pr\u00e8s de 90 %. Le filtre est fix\u00e9 entre les deux grilles du masque. Remplacement du filtre : 2 fois par jour. Le kit de filtres de rechange ne contient que les filtres de rechange, et non la grille filtrante avec valve d&rsquo;expiration. Ce filtre avec d\u00e9coupe pour la valve d&rsquo;expiration prot\u00e8ge uniquement le porteur (protection individuelle). Pas de protection des tiers.<\/p>\n","protected":false},"excerpt":{"rendered":"<p>Jeu de filtres de rechange pour AirCare+ FFP3\/N99, masque de protection respiratoire EPI \u00ab Valve \u00bb (avec valve d&rsquo;expiration), paquet de 30 filtres de rechange. Unit\u00e9 de commande : 3 paquets de 30 filtres.<\/p>\n<p><span style=\"color: #3366ff;\"><strong>Prix de lancement jusqu\u2019au 30.06.2026<\/strong><\/span><\/p>\n","protected":false},"featured_media":12203,"comment_status":"closed","ping_status":"closed","template":"","meta":{"_acf_changed":false,"site-sidebar-layout":"default","site-content-layout":"","ast-site-content-layout":"default","site-content-style":"default","site-sidebar-style":"default","ast-global-header-display":"","ast-banner-title-visibility":"","ast-main-header-display":"","ast-hfb-above-header-display":"","ast-hfb-below-header-display":"","ast-hfb-mobile-header-display":"","site-post-title":"","ast-breadcrumbs-content":"","ast-featured-img":"","footer-sml-layout":"","theme-transparent-header-meta":"default","adv-header-id-meta":"","stick-header-meta":"","header-above-stick-meta":"","header-main-stick-meta":"","header-below-stick-meta":"","astra-migrate-meta-layouts":"set","ast-page-background-enabled":"default","ast-page-background-meta":{"desktop":{"background-color":"var(--ast-global-color-4)","background-image":"","background-repeat":"repeat","background-position":"center center","background-size":"auto","background-attachment":"scroll","background-type":"","background-media":"","overlay-type":"","overlay-color":"","overlay-opacity":"","overlay-gradient":""},"tablet":{"background-color":"","background-image":"","background-repeat":"repeat","background-position":"center center","background-size":"auto","background-attachment":"scroll","background-type":"","background-media":"","overlay-type":"","overlay-color":"","overlay-opacity":"","overlay-gradient":""},"mobile":{"background-color":"","background-image":"","background-repeat":"repeat","background-position":"center center","background-size":"auto","background-attachment":"scroll","background-type":"","background-media":"","overlay-type":"","overlay-color":"","overlay-opacity":"","overlay-gradient":""}},"ast-content-background-meta":{"desktop":{"background-color":"var(--ast-global-color-5)","background-image":"","background-repeat":"repeat","background-position":"center center","background-size":"auto","background-attachment":"scroll","background-type":"","background-media":"","overlay-type":"","overlay-color":"","overlay-opacity":"","overlay-gradient":""},"tablet":{"background-color":"var(--ast-global-color-5)","background-image":"","background-repeat":"repeat","background-position":"center center","background-size":"auto","background-attachment":"scroll","background-type":"","background-media":"","overlay-type":"","overlay-color":"","overlay-opacity":"","overlay-gradient":""},"mobile":{"background-color":"var(--ast-global-color-5)","background-image":"","background-repeat":"repeat","background-position":"center center","background-size":"auto","background-attachment":"scroll","background-type":"","background-media":"","overlay-type":"","overlay-color":"","overlay-opacity":"","overlay-gradient":""}}},"product_brand":[],"product_cat":[133],"product_tag":[],"class_list":{"0":"post-12413","1":"product","2":"type-product","3":"status-publish","4":"has-post-thumbnail","6":"product_cat-schutzmaterial","7":"desktop-align-left","8":"tablet-align-left","9":"mobile-align-left","11":"first","12":"instock","13":"taxable","14":"shipping-taxable","15":"purchasable","16":"product-type-variable","17":"has-default-attributes","18":"add-to-wishlist-before_image"},"acf":[],"yoast_head":"<!-- This site is optimized with the Yoast SEO plugin v26.5 - https:\/\/yoast.com\/wordpress\/plugins\/seo\/ -->\n<title>Jeu de filtres de rechange avec d\u00e9coupe pour valve pour AirCare+ FFP3\/N99, masque de protection respiratoire EPI \u00ab Valve \u00bb avec valve d&#039;expiration - Forni Medical GmbH<\/title>\n<meta name=\"description\" content=\"Jeu de filtres de rechange pour AirCare+ FFP3\/N99, masque de protection respiratoire EPI \u00ab Valve \u00bb avec valve d&#039;expiration, paquet de 30 filtres de rechange\" \/>\n<meta name=\"robots\" content=\"index, follow, max-snippet:-1, max-image-preview:large, max-video-preview:-1\" \/>\n<link rel=\"canonical\" href=\"https:\/\/fornimedical.ch\/fr\/produit\/jeu-de-filtres-de-rechange-avec-decoupe-pour-valve-pour-aircare-ffp3-n99-masque-de-protection-respiratoire-epi-valve-avec-valve-dexpiration\/\" \/>\n<meta property=\"og:locale\" content=\"fr_FR\" \/>\n<meta property=\"og:type\" content=\"article\" \/>\n<meta property=\"og:title\" content=\"Jeu de filtres de rechange avec d\u00e9coupe pour valve pour AirCare+ FFP3\/N99, masque de protection respiratoire EPI \u00ab Valve \u00bb avec valve d&#039;expiration - Forni Medical GmbH\" \/>\n<meta property=\"og:description\" content=\"Jeu de filtres de rechange pour AirCare+ FFP3\/N99, masque de protection respiratoire EPI \u00ab Valve \u00bb avec valve d&#039;expiration, paquet de 30 filtres de rechange\" \/>\n<meta property=\"og:url\" content=\"https:\/\/fornimedical.ch\/fr\/produit\/jeu-de-filtres-de-rechange-avec-decoupe-pour-valve-pour-aircare-ffp3-n99-masque-de-protection-respiratoire-epi-valve-avec-valve-dexpiration\/\" \/>\n<meta property=\"og:site_name\" content=\"Forni Medical GmbH\" \/>\n<meta property=\"article:modified_time\" content=\"2026-01-30T11:03:34+00:00\" \/>\n<meta property=\"og:image\" content=\"https:\/\/fornimedical.ch\/wp-content\/uploads\/2025\/11\/filtertraeger_valve.jpg\" \/>\n\t<meta property=\"og:image:width\" content=\"1202\" \/>\n\t<meta property=\"og:image:height\" content=\"1202\" \/>\n\t<meta property=\"og:image:type\" content=\"image\/jpeg\" \/>\n<meta name=\"twitter:card\" content=\"summary_large_image\" \/>\n<meta name=\"twitter:label1\" content=\"Dur\u00e9e de lecture estim\u00e9e\" \/>\n\t<meta name=\"twitter:data1\" content=\"1 minute\" \/>\n<script type=\"application\/ld+json\" class=\"yoast-schema-graph\">{\"@context\":\"https:\/\/schema.org\",\"@graph\":[{\"@type\":\"WebPage\",\"@id\":\"https:\/\/fornimedical.ch\/fr\/produit\/jeu-de-filtres-de-rechange-avec-decoupe-pour-valve-pour-aircare-ffp3-n99-masque-de-protection-respiratoire-epi-valve-avec-valve-dexpiration\/\",\"url\":\"https:\/\/fornimedical.ch\/fr\/produit\/jeu-de-filtres-de-rechange-avec-decoupe-pour-valve-pour-aircare-ffp3-n99-masque-de-protection-respiratoire-epi-valve-avec-valve-dexpiration\/\",\"name\":\"Jeu de filtres de rechange avec d\u00e9coupe pour valve pour AirCare+ FFP3\/N99, masque de protection respiratoire EPI \u00ab Valve \u00bb avec valve d'expiration - Forni Medical GmbH\",\"isPartOf\":{\"@id\":\"https:\/\/fornimedical.ch\/fr\/#website\"},\"primaryImageOfPage\":{\"@id\":\"https:\/\/fornimedical.ch\/fr\/produit\/jeu-de-filtres-de-rechange-avec-decoupe-pour-valve-pour-aircare-ffp3-n99-masque-de-protection-respiratoire-epi-valve-avec-valve-dexpiration\/#primaryimage\"},\"image\":{\"@id\":\"https:\/\/fornimedical.ch\/fr\/produit\/jeu-de-filtres-de-rechange-avec-decoupe-pour-valve-pour-aircare-ffp3-n99-masque-de-protection-respiratoire-epi-valve-avec-valve-dexpiration\/#primaryimage\"},\"thumbnailUrl\":\"https:\/\/fornimedical.ch\/wp-content\/uploads\/2025\/11\/filtertraeger_valve.jpg\",\"datePublished\":\"2025-11-20T15:16:18+00:00\",\"dateModified\":\"2026-01-30T11:03:34+00:00\",\"description\":\"Jeu de filtres de rechange pour AirCare+ FFP3\/N99, masque de protection respiratoire EPI \u00ab Valve \u00bb avec valve d'expiration, paquet de 30 filtres de rechange\",\"breadcrumb\":{\"@id\":\"https:\/\/fornimedical.ch\/fr\/produit\/jeu-de-filtres-de-rechange-avec-decoupe-pour-valve-pour-aircare-ffp3-n99-masque-de-protection-respiratoire-epi-valve-avec-valve-dexpiration\/#breadcrumb\"},\"inLanguage\":\"fr-FR\",\"potentialAction\":[{\"@type\":\"ReadAction\",\"target\":[\"https:\/\/fornimedical.ch\/fr\/produit\/jeu-de-filtres-de-rechange-avec-decoupe-pour-valve-pour-aircare-ffp3-n99-masque-de-protection-respiratoire-epi-valve-avec-valve-dexpiration\/\"]}]},{\"@type\":\"ImageObject\",\"inLanguage\":\"fr-FR\",\"@id\":\"https:\/\/fornimedical.ch\/fr\/produit\/jeu-de-filtres-de-rechange-avec-decoupe-pour-valve-pour-aircare-ffp3-n99-masque-de-protection-respiratoire-epi-valve-avec-valve-dexpiration\/#primaryimage\",\"url\":\"https:\/\/fornimedical.ch\/wp-content\/uploads\/2025\/11\/filtertraeger_valve.jpg\",\"contentUrl\":\"https:\/\/fornimedical.ch\/wp-content\/uploads\/2025\/11\/filtertraeger_valve.jpg\",\"width\":1202,\"height\":1202,\"caption\":\"AirCare+ Filtertr\u00e4ger Valve\"},{\"@type\":\"BreadcrumbList\",\"@id\":\"https:\/\/fornimedical.ch\/fr\/produit\/jeu-de-filtres-de-rechange-avec-decoupe-pour-valve-pour-aircare-ffp3-n99-masque-de-protection-respiratoire-epi-valve-avec-valve-dexpiration\/#breadcrumb\",\"itemListElement\":[{\"@type\":\"ListItem\",\"position\":1,\"name\":\"Home\",\"item\":\"https:\/\/fornimedical.ch\/fr\/\"},{\"@type\":\"ListItem\",\"position\":2,\"name\":\"Archives boutique en ligne\",\"item\":\"https:\/\/fornimedical.ch\/fr\/archives-boutique-en-ligne\/\"},{\"@type\":\"ListItem\",\"position\":3,\"name\":\"Jeu de filtres de rechange avec d\u00e9coupe pour valve pour AirCare+ FFP3\/N99, masque de protection respiratoire EPI \u00ab Valve \u00bb avec valve d&#8217;expiration\"}]},{\"@type\":\"WebSite\",\"@id\":\"https:\/\/fornimedical.ch\/fr\/#website\",\"url\":\"https:\/\/fornimedical.ch\/fr\/\",\"name\":\"Forni Medical GmbH\",\"description\":\"\",\"publisher\":{\"@id\":\"https:\/\/fornimedical.ch\/fr\/#organization\"},\"potentialAction\":[{\"@type\":\"SearchAction\",\"target\":{\"@type\":\"EntryPoint\",\"urlTemplate\":\"https:\/\/fornimedical.ch\/fr\/?s={search_term_string}\"},\"query-input\":{\"@type\":\"PropertyValueSpecification\",\"valueRequired\":true,\"valueName\":\"search_term_string\"}}],\"inLanguage\":\"fr-FR\"},{\"@type\":\"Organization\",\"@id\":\"https:\/\/fornimedical.ch\/fr\/#organization\",\"name\":\"Forni Medical GmbH\",\"url\":\"https:\/\/fornimedical.ch\/fr\/\",\"logo\":{\"@type\":\"ImageObject\",\"inLanguage\":\"fr-FR\",\"@id\":\"https:\/\/fornimedical.ch\/fr\/#\/schema\/logo\/image\/\",\"url\":\"https:\/\/fornimedical.ch\/wp-content\/uploads\/2023\/08\/logo.svg\",\"contentUrl\":\"https:\/\/fornimedical.ch\/wp-content\/uploads\/2023\/08\/logo.svg\",\"caption\":\"Forni Medical GmbH\"},\"image\":{\"@id\":\"https:\/\/fornimedical.ch\/fr\/#\/schema\/logo\/image\/\"}}]}<\/script>\n<!-- \/ Yoast SEO plugin. -->","yoast_head_json":{"title":"Jeu de filtres de rechange avec d\u00e9coupe pour valve pour AirCare+ FFP3\/N99, masque de protection respiratoire EPI \u00ab Valve \u00bb avec valve d'expiration - Forni Medical GmbH","description":"Jeu de filtres de rechange pour AirCare+ FFP3\/N99, masque de protection respiratoire EPI \u00ab Valve \u00bb avec valve d'expiration, paquet de 30 filtres de rechange","robots":{"index":"index","follow":"follow","max-snippet":"max-snippet:-1","max-image-preview":"max-image-preview:large","max-video-preview":"max-video-preview:-1"},"canonical":"https:\/\/fornimedical.ch\/fr\/produit\/jeu-de-filtres-de-rechange-avec-decoupe-pour-valve-pour-aircare-ffp3-n99-masque-de-protection-respiratoire-epi-valve-avec-valve-dexpiration\/","og_locale":"fr_FR","og_type":"article","og_title":"Jeu de filtres de rechange avec d\u00e9coupe pour valve pour AirCare+ FFP3\/N99, masque de protection respiratoire EPI \u00ab Valve \u00bb avec valve d'expiration - Forni Medical GmbH","og_description":"Jeu de filtres de rechange pour AirCare+ FFP3\/N99, masque de protection respiratoire EPI \u00ab Valve \u00bb avec valve d'expiration, paquet de 30 filtres de rechange","og_url":"https:\/\/fornimedical.ch\/fr\/produit\/jeu-de-filtres-de-rechange-avec-decoupe-pour-valve-pour-aircare-ffp3-n99-masque-de-protection-respiratoire-epi-valve-avec-valve-dexpiration\/","og_site_name":"Forni Medical GmbH","article_modified_time":"2026-01-30T11:03:34+00:00","og_image":[{"width":1202,"height":1202,"url":"https:\/\/fornimedical.ch\/wp-content\/uploads\/2025\/11\/filtertraeger_valve.jpg","type":"image\/jpeg"}],"twitter_card":"summary_large_image","twitter_misc":{"Dur\u00e9e de lecture estim\u00e9e":"1 minute"},"schema":{"@context":"https:\/\/schema.org","@graph":[{"@type":"WebPage","@id":"https:\/\/fornimedical.ch\/fr\/produit\/jeu-de-filtres-de-rechange-avec-decoupe-pour-valve-pour-aircare-ffp3-n99-masque-de-protection-respiratoire-epi-valve-avec-valve-dexpiration\/","url":"https:\/\/fornimedical.ch\/fr\/produit\/jeu-de-filtres-de-rechange-avec-decoupe-pour-valve-pour-aircare-ffp3-n99-masque-de-protection-respiratoire-epi-valve-avec-valve-dexpiration\/","name":"Jeu de filtres de rechange avec d\u00e9coupe pour valve pour AirCare+ FFP3\/N99, masque de protection respiratoire EPI \u00ab Valve \u00bb avec valve d'expiration - Forni Medical GmbH","isPartOf":{"@id":"https:\/\/fornimedical.ch\/fr\/#website"},"primaryImageOfPage":{"@id":"https:\/\/fornimedical.ch\/fr\/produit\/jeu-de-filtres-de-rechange-avec-decoupe-pour-valve-pour-aircare-ffp3-n99-masque-de-protection-respiratoire-epi-valve-avec-valve-dexpiration\/#primaryimage"},"image":{"@id":"https:\/\/fornimedical.ch\/fr\/produit\/jeu-de-filtres-de-rechange-avec-decoupe-pour-valve-pour-aircare-ffp3-n99-masque-de-protection-respiratoire-epi-valve-avec-valve-dexpiration\/#primaryimage"},"thumbnailUrl":"https:\/\/fornimedical.ch\/wp-content\/uploads\/2025\/11\/filtertraeger_valve.jpg","datePublished":"2025-11-20T15:16:18+00:00","dateModified":"2026-01-30T11:03:34+00:00","description":"Jeu de filtres de rechange pour AirCare+ FFP3\/N99, masque de protection respiratoire EPI \u00ab Valve \u00bb avec valve d'expiration, paquet de 30 filtres de rechange","breadcrumb":{"@id":"https:\/\/fornimedical.ch\/fr\/produit\/jeu-de-filtres-de-rechange-avec-decoupe-pour-valve-pour-aircare-ffp3-n99-masque-de-protection-respiratoire-epi-valve-avec-valve-dexpiration\/#breadcrumb"},"inLanguage":"fr-FR","potentialAction":[{"@type":"ReadAction","target":["https:\/\/fornimedical.ch\/fr\/produit\/jeu-de-filtres-de-rechange-avec-decoupe-pour-valve-pour-aircare-ffp3-n99-masque-de-protection-respiratoire-epi-valve-avec-valve-dexpiration\/"]}]},{"@type":"ImageObject","inLanguage":"fr-FR","@id":"https:\/\/fornimedical.ch\/fr\/produit\/jeu-de-filtres-de-rechange-avec-decoupe-pour-valve-pour-aircare-ffp3-n99-masque-de-protection-respiratoire-epi-valve-avec-valve-dexpiration\/#primaryimage","url":"https:\/\/fornimedical.ch\/wp-content\/uploads\/2025\/11\/filtertraeger_valve.jpg","contentUrl":"https:\/\/fornimedical.ch\/wp-content\/uploads\/2025\/11\/filtertraeger_valve.jpg","width":1202,"height":1202,"caption":"AirCare+ Filtertr\u00e4ger Valve"},{"@type":"BreadcrumbList","@id":"https:\/\/fornimedical.ch\/fr\/produit\/jeu-de-filtres-de-rechange-avec-decoupe-pour-valve-pour-aircare-ffp3-n99-masque-de-protection-respiratoire-epi-valve-avec-valve-dexpiration\/#breadcrumb","itemListElement":[{"@type":"ListItem","position":1,"name":"Home","item":"https:\/\/fornimedical.ch\/fr\/"},{"@type":"ListItem","position":2,"name":"Archives boutique en ligne","item":"https:\/\/fornimedical.ch\/fr\/archives-boutique-en-ligne\/"},{"@type":"ListItem","position":3,"name":"Jeu de filtres de rechange avec d\u00e9coupe pour valve pour AirCare+ FFP3\/N99, masque de protection respiratoire EPI \u00ab Valve \u00bb avec valve d&#8217;expiration"}]},{"@type":"WebSite","@id":"https:\/\/fornimedical.ch\/fr\/#website","url":"https:\/\/fornimedical.ch\/fr\/","name":"Forni Medical GmbH","description":"","publisher":{"@id":"https:\/\/fornimedical.ch\/fr\/#organization"},"potentialAction":[{"@type":"SearchAction","target":{"@type":"EntryPoint","urlTemplate":"https:\/\/fornimedical.ch\/fr\/?s={search_term_string}"},"query-input":{"@type":"PropertyValueSpecification","valueRequired":true,"valueName":"search_term_string"}}],"inLanguage":"fr-FR"},{"@type":"Organization","@id":"https:\/\/fornimedical.ch\/fr\/#organization","name":"Forni Medical GmbH","url":"https:\/\/fornimedical.ch\/fr\/","logo":{"@type":"ImageObject","inLanguage":"fr-FR","@id":"https:\/\/fornimedical.ch\/fr\/#\/schema\/logo\/image\/","url":"https:\/\/fornimedical.ch\/wp-content\/uploads\/2023\/08\/logo.svg","contentUrl":"https:\/\/fornimedical.ch\/wp-content\/uploads\/2023\/08\/logo.svg","caption":"Forni Medical GmbH"},"image":{"@id":"https:\/\/fornimedical.ch\/fr\/#\/schema\/logo\/image\/"}}]}},"_links":{"self":[{"href":"https:\/\/fornimedical.ch\/fr\/wp-json\/wp\/v2\/product\/12413","targetHints":{"allow":["GET"]}}],"collection":[{"href":"https:\/\/fornimedical.ch\/fr\/wp-json\/wp\/v2\/product"}],"about":[{"href":"https:\/\/fornimedical.ch\/fr\/wp-json\/wp\/v2\/types\/product"}],"replies":[{"embeddable":true,"href":"https:\/\/fornimedical.ch\/fr\/wp-json\/wp\/v2\/comments?post=12413"}],"wp:featuredmedia":[{"embeddable":true,"href":"https:\/\/fornimedical.ch\/fr\/wp-json\/wp\/v2\/media\/12203"}],"wp:attachment":[{"href":"https:\/\/fornimedical.ch\/fr\/wp-json\/wp\/v2\/media?parent=12413"}],"wp:term":[{"taxonomy":"product_brand","embeddable":true,"href":"https:\/\/fornimedical.ch\/fr\/wp-json\/wp\/v2\/product_brand?post=12413"},{"taxonomy":"product_cat","embeddable":true,"href":"https:\/\/fornimedical.ch\/fr\/wp-json\/wp\/v2\/product_cat?post=12413"},{"taxonomy":"product_tag","embeddable":true,"href":"https:\/\/fornimedical.ch\/fr\/wp-json\/wp\/v2\/product_tag?post=12413"}],"curies":[{"name":"wp","href":"https:\/\/api.w.org\/{rel}","templated":true}]}}