{"id":12001,"date":"2025-08-21T13:06:35","date_gmt":"2025-08-21T11:06:35","guid":{"rendered":"https:\/\/fornimedical.ch\/?post_type=product&#038;p=12001"},"modified":"2025-10-20T16:04:51","modified_gmt":"2025-10-20T14:04:51","slug":"pavis-immobilisateur-bras-epaule-bleu","status":"publish","type":"product","link":"https:\/\/fornimedical.ch\/fr\/produit\/pavis-immobilisateur-bras-epaule-bleu\/","title":{"rendered":"Immobilisateur bras-\u00e9paule, bleu"},"content":{"rendered":"<p>Confortable soutien pour le bras en tissu respirant. Bande thoracique avec fermeture Velcro r\u00e9glable. Extr\u00eamement fonctionnel, s&rsquo;ouvre compl\u00e8tement et est confortable \u00e0 porter. La longueur des sangles est r\u00e9glable individuellement et ajustable selon les besoins. Aide \u00e0 r\u00e9cup\u00e9rer aussi rapidement et aussi bien que possible.<\/p>\n<p><strong>INDICATIONS:<\/strong><\/p>\n<ul>\n<li>Immobilisation o\u00f9 il faut maintenir le coude en place par rapport au corps en cons\u00e9quence de l\u00e9sions de l\u2019\u00e9paule ou du coude comme par exemple fractures de l\u2019hum\u00e9rus, fractures de la clavicule, luxations, contusions ou entorses<\/li>\n<li>Immobilisation de l\u2019\u00e9paule en cons\u00e9quence d\u2019une intervention chirurgicale (rotation externe bloqu\u00e9e)<\/li>\n<li>Soutien de l\u2019\u00e9paule apr\u00e8s h\u00e9mipl\u00e9gie ou l\u00e9sions du plexus brachial<\/li>\n<\/ul>\n","protected":false},"excerpt":{"rendered":"<p>Un confortable soutien pour le bras, avec bande thoracique pour l&rsquo;attacher et fermeture Velcro r\u00e9glable. Le support de bras avec bande thoracique se prolonge avec deux bandes de chaque c\u00f4t\u00e9 des \u00e9paules qui se croisent dans le dos et se ferment sur la poitrine avec du velcro. Ambidextre<\/p>\n","protected":false},"featured_media":12009,"comment_status":"closed","ping_status":"closed","template":"","meta":{"_acf_changed":false,"site-sidebar-layout":"default","site-content-layout":"","ast-site-content-layout":"default","site-content-style":"default","site-sidebar-style":"default","ast-global-header-display":"","ast-banner-title-visibility":"","ast-main-header-display":"","ast-hfb-above-header-display":"","ast-hfb-below-header-display":"","ast-hfb-mobile-header-display":"","site-post-title":"","ast-breadcrumbs-content":"","ast-featured-img":"","footer-sml-layout":"","theme-transparent-header-meta":"default","adv-header-id-meta":"","stick-header-meta":"","header-above-stick-meta":"","header-main-stick-meta":"","header-below-stick-meta":"","astra-migrate-meta-layouts":"set","ast-page-background-enabled":"default","ast-page-background-meta":{"desktop":{"background-color":"var(--ast-global-color-4)","background-image":"","background-repeat":"repeat","background-position":"center center","background-size":"auto","background-attachment":"scroll","background-type":"","background-media":"","overlay-type":"","overlay-color":"","overlay-opacity":"","overlay-gradient":""},"tablet":{"background-color":"","background-image":"","background-repeat":"repeat","background-position":"center center","background-size":"auto","background-attachment":"scroll","background-type":"","background-media":"","overlay-type":"","overlay-color":"","overlay-opacity":"","overlay-gradient":""},"mobile":{"background-color":"","background-image":"","background-repeat":"repeat","background-position":"center center","background-size":"auto","background-attachment":"scroll","background-type":"","background-media":"","overlay-type":"","overlay-color":"","overlay-opacity":"","overlay-gradient":""}},"ast-content-background-meta":{"desktop":{"background-color":"var(--ast-global-color-5)","background-image":"","background-repeat":"repeat","background-position":"center center","background-size":"auto","background-attachment":"scroll","background-type":"","background-media":"","overlay-type":"","overlay-color":"","overlay-opacity":"","overlay-gradient":""},"tablet":{"background-color":"var(--ast-global-color-5)","background-image":"","background-repeat":"repeat","background-position":"center center","background-size":"auto","background-attachment":"scroll","background-type":"","background-media":"","overlay-type":"","overlay-color":"","overlay-opacity":"","overlay-gradient":""},"mobile":{"background-color":"var(--ast-global-color-5)","background-image":"","background-repeat":"repeat","background-position":"center center","background-size":"auto","background-attachment":"scroll","background-type":"","background-media":"","overlay-type":"","overlay-color":"","overlay-opacity":"","overlay-gradient":""}}},"product_brand":[],"product_cat":[592],"product_tag":[],"class_list":{"0":"post-12001","1":"product","2":"type-product","3":"status-publish","4":"has-post-thumbnail","6":"product_cat-bandages-de-fixation-pour-lepaule","7":"desktop-align-left","8":"tablet-align-left","9":"mobile-align-left","11":"first","12":"instock","13":"taxable","14":"shipping-taxable","15":"purchasable","16":"product-type-variable","17":"has-default-attributes","18":"add-to-wishlist-before_image"},"acf":[],"yoast_head":"<!-- This site is optimized with the Yoast SEO plugin v26.5 - https:\/\/yoast.com\/wordpress\/plugins\/seo\/ -->\n<title>Pavis Immobilisateur bras-\u00e9paule, bleu<\/title>\n<meta name=\"description\" content=\"Pavis Immobilisateur bras-\u00e9paule, bleu. Bande thoracique avec fermeture Velcro r\u00e9glable. Extr\u00eamement fonctionnel, s&#039;ouvre compl\u00e8tement.\" \/>\n<meta name=\"robots\" content=\"index, follow, max-snippet:-1, max-image-preview:large, max-video-preview:-1\" \/>\n<link rel=\"canonical\" href=\"https:\/\/fornimedical.ch\/fr\/produit\/pavis-immobilisateur-bras-epaule-bleu\/\" \/>\n<meta property=\"og:locale\" content=\"fr_FR\" \/>\n<meta property=\"og:type\" content=\"article\" \/>\n<meta property=\"og:title\" content=\"Pavis Immobilisateur bras-\u00e9paule, bleu\" \/>\n<meta property=\"og:description\" content=\"Pavis Immobilisateur bras-\u00e9paule, bleu. Bande thoracique avec fermeture Velcro r\u00e9glable. Extr\u00eamement fonctionnel, s&#039;ouvre compl\u00e8tement.\" \/>\n<meta property=\"og:url\" content=\"https:\/\/fornimedical.ch\/fr\/produit\/pavis-immobilisateur-bras-epaule-bleu\/\" \/>\n<meta property=\"og:site_name\" content=\"Forni Medical GmbH\" \/>\n<meta property=\"article:modified_time\" content=\"2025-10-20T14:04:51+00:00\" \/>\n<meta property=\"og:image\" content=\"https:\/\/fornimedical.ch\/wp-content\/uploads\/2025\/08\/90406.jpg\" \/>\n\t<meta property=\"og:image:width\" content=\"1684\" \/>\n\t<meta property=\"og:image:height\" content=\"1487\" \/>\n\t<meta property=\"og:image:type\" content=\"image\/jpeg\" \/>\n<meta name=\"twitter:card\" content=\"summary_large_image\" \/>\n<meta name=\"twitter:label1\" content=\"Dur\u00e9e de lecture estim\u00e9e\" \/>\n\t<meta name=\"twitter:data1\" content=\"1 minute\" \/>\n<script type=\"application\/ld+json\" class=\"yoast-schema-graph\">{\"@context\":\"https:\/\/schema.org\",\"@graph\":[{\"@type\":\"WebPage\",\"@id\":\"https:\/\/fornimedical.ch\/fr\/produit\/pavis-immobilisateur-bras-epaule-bleu\/\",\"url\":\"https:\/\/fornimedical.ch\/fr\/produit\/pavis-immobilisateur-bras-epaule-bleu\/\",\"name\":\"Pavis Immobilisateur bras-\u00e9paule, bleu\",\"isPartOf\":{\"@id\":\"https:\/\/fornimedical.ch\/fr\/#website\"},\"primaryImageOfPage\":{\"@id\":\"https:\/\/fornimedical.ch\/fr\/produit\/pavis-immobilisateur-bras-epaule-bleu\/#primaryimage\"},\"image\":{\"@id\":\"https:\/\/fornimedical.ch\/fr\/produit\/pavis-immobilisateur-bras-epaule-bleu\/#primaryimage\"},\"thumbnailUrl\":\"https:\/\/fornimedical.ch\/wp-content\/uploads\/2025\/08\/90406.jpg\",\"datePublished\":\"2025-08-21T11:06:35+00:00\",\"dateModified\":\"2025-10-20T14:04:51+00:00\",\"description\":\"Pavis Immobilisateur bras-\u00e9paule, bleu. Bande thoracique avec fermeture Velcro r\u00e9glable. Extr\u00eamement fonctionnel, s'ouvre compl\u00e8tement.\",\"breadcrumb\":{\"@id\":\"https:\/\/fornimedical.ch\/fr\/produit\/pavis-immobilisateur-bras-epaule-bleu\/#breadcrumb\"},\"inLanguage\":\"fr-FR\",\"potentialAction\":[{\"@type\":\"ReadAction\",\"target\":[\"https:\/\/fornimedical.ch\/fr\/produit\/pavis-immobilisateur-bras-epaule-bleu\/\"]}]},{\"@type\":\"ImageObject\",\"inLanguage\":\"fr-FR\",\"@id\":\"https:\/\/fornimedical.ch\/fr\/produit\/pavis-immobilisateur-bras-epaule-bleu\/#primaryimage\",\"url\":\"https:\/\/fornimedical.ch\/wp-content\/uploads\/2025\/08\/90406.jpg\",\"contentUrl\":\"https:\/\/fornimedical.ch\/wp-content\/uploads\/2025\/08\/90406.jpg\",\"width\":1684,\"height\":1487},{\"@type\":\"BreadcrumbList\",\"@id\":\"https:\/\/fornimedical.ch\/fr\/produit\/pavis-immobilisateur-bras-epaule-bleu\/#breadcrumb\",\"itemListElement\":[{\"@type\":\"ListItem\",\"position\":1,\"name\":\"Home\",\"item\":\"https:\/\/fornimedical.ch\/fr\/\"},{\"@type\":\"ListItem\",\"position\":2,\"name\":\"Archives boutique en ligne\",\"item\":\"https:\/\/fornimedical.ch\/fr\/archives-boutique-en-ligne\/\"},{\"@type\":\"ListItem\",\"position\":3,\"name\":\"Immobilisateur bras-\u00e9paule, bleu\"}]},{\"@type\":\"WebSite\",\"@id\":\"https:\/\/fornimedical.ch\/fr\/#website\",\"url\":\"https:\/\/fornimedical.ch\/fr\/\",\"name\":\"Forni Medical GmbH\",\"description\":\"\",\"publisher\":{\"@id\":\"https:\/\/fornimedical.ch\/fr\/#organization\"},\"potentialAction\":[{\"@type\":\"SearchAction\",\"target\":{\"@type\":\"EntryPoint\",\"urlTemplate\":\"https:\/\/fornimedical.ch\/fr\/?s={search_term_string}\"},\"query-input\":{\"@type\":\"PropertyValueSpecification\",\"valueRequired\":true,\"valueName\":\"search_term_string\"}}],\"inLanguage\":\"fr-FR\"},{\"@type\":\"Organization\",\"@id\":\"https:\/\/fornimedical.ch\/fr\/#organization\",\"name\":\"Forni Medical GmbH\",\"url\":\"https:\/\/fornimedical.ch\/fr\/\",\"logo\":{\"@type\":\"ImageObject\",\"inLanguage\":\"fr-FR\",\"@id\":\"https:\/\/fornimedical.ch\/fr\/#\/schema\/logo\/image\/\",\"url\":\"https:\/\/fornimedical.ch\/wp-content\/uploads\/2023\/08\/logo.svg\",\"contentUrl\":\"https:\/\/fornimedical.ch\/wp-content\/uploads\/2023\/08\/logo.svg\",\"caption\":\"Forni Medical GmbH\"},\"image\":{\"@id\":\"https:\/\/fornimedical.ch\/fr\/#\/schema\/logo\/image\/\"}}]}<\/script>\n<!-- \/ Yoast SEO plugin. -->","yoast_head_json":{"title":"Pavis Immobilisateur bras-\u00e9paule, bleu","description":"Pavis Immobilisateur bras-\u00e9paule, bleu. Bande thoracique avec fermeture Velcro r\u00e9glable. Extr\u00eamement fonctionnel, s'ouvre compl\u00e8tement.","robots":{"index":"index","follow":"follow","max-snippet":"max-snippet:-1","max-image-preview":"max-image-preview:large","max-video-preview":"max-video-preview:-1"},"canonical":"https:\/\/fornimedical.ch\/fr\/produit\/pavis-immobilisateur-bras-epaule-bleu\/","og_locale":"fr_FR","og_type":"article","og_title":"Pavis Immobilisateur bras-\u00e9paule, bleu","og_description":"Pavis Immobilisateur bras-\u00e9paule, bleu. Bande thoracique avec fermeture Velcro r\u00e9glable. Extr\u00eamement fonctionnel, s'ouvre compl\u00e8tement.","og_url":"https:\/\/fornimedical.ch\/fr\/produit\/pavis-immobilisateur-bras-epaule-bleu\/","og_site_name":"Forni Medical GmbH","article_modified_time":"2025-10-20T14:04:51+00:00","og_image":[{"width":1684,"height":1487,"url":"https:\/\/fornimedical.ch\/wp-content\/uploads\/2025\/08\/90406.jpg","type":"image\/jpeg"}],"twitter_card":"summary_large_image","twitter_misc":{"Dur\u00e9e de lecture estim\u00e9e":"1 minute"},"schema":{"@context":"https:\/\/schema.org","@graph":[{"@type":"WebPage","@id":"https:\/\/fornimedical.ch\/fr\/produit\/pavis-immobilisateur-bras-epaule-bleu\/","url":"https:\/\/fornimedical.ch\/fr\/produit\/pavis-immobilisateur-bras-epaule-bleu\/","name":"Pavis Immobilisateur bras-\u00e9paule, bleu","isPartOf":{"@id":"https:\/\/fornimedical.ch\/fr\/#website"},"primaryImageOfPage":{"@id":"https:\/\/fornimedical.ch\/fr\/produit\/pavis-immobilisateur-bras-epaule-bleu\/#primaryimage"},"image":{"@id":"https:\/\/fornimedical.ch\/fr\/produit\/pavis-immobilisateur-bras-epaule-bleu\/#primaryimage"},"thumbnailUrl":"https:\/\/fornimedical.ch\/wp-content\/uploads\/2025\/08\/90406.jpg","datePublished":"2025-08-21T11:06:35+00:00","dateModified":"2025-10-20T14:04:51+00:00","description":"Pavis Immobilisateur bras-\u00e9paule, bleu. Bande thoracique avec fermeture Velcro r\u00e9glable. Extr\u00eamement fonctionnel, s'ouvre compl\u00e8tement.","breadcrumb":{"@id":"https:\/\/fornimedical.ch\/fr\/produit\/pavis-immobilisateur-bras-epaule-bleu\/#breadcrumb"},"inLanguage":"fr-FR","potentialAction":[{"@type":"ReadAction","target":["https:\/\/fornimedical.ch\/fr\/produit\/pavis-immobilisateur-bras-epaule-bleu\/"]}]},{"@type":"ImageObject","inLanguage":"fr-FR","@id":"https:\/\/fornimedical.ch\/fr\/produit\/pavis-immobilisateur-bras-epaule-bleu\/#primaryimage","url":"https:\/\/fornimedical.ch\/wp-content\/uploads\/2025\/08\/90406.jpg","contentUrl":"https:\/\/fornimedical.ch\/wp-content\/uploads\/2025\/08\/90406.jpg","width":1684,"height":1487},{"@type":"BreadcrumbList","@id":"https:\/\/fornimedical.ch\/fr\/produit\/pavis-immobilisateur-bras-epaule-bleu\/#breadcrumb","itemListElement":[{"@type":"ListItem","position":1,"name":"Home","item":"https:\/\/fornimedical.ch\/fr\/"},{"@type":"ListItem","position":2,"name":"Archives boutique en ligne","item":"https:\/\/fornimedical.ch\/fr\/archives-boutique-en-ligne\/"},{"@type":"ListItem","position":3,"name":"Immobilisateur bras-\u00e9paule, bleu"}]},{"@type":"WebSite","@id":"https:\/\/fornimedical.ch\/fr\/#website","url":"https:\/\/fornimedical.ch\/fr\/","name":"Forni Medical GmbH","description":"","publisher":{"@id":"https:\/\/fornimedical.ch\/fr\/#organization"},"potentialAction":[{"@type":"SearchAction","target":{"@type":"EntryPoint","urlTemplate":"https:\/\/fornimedical.ch\/fr\/?s={search_term_string}"},"query-input":{"@type":"PropertyValueSpecification","valueRequired":true,"valueName":"search_term_string"}}],"inLanguage":"fr-FR"},{"@type":"Organization","@id":"https:\/\/fornimedical.ch\/fr\/#organization","name":"Forni Medical GmbH","url":"https:\/\/fornimedical.ch\/fr\/","logo":{"@type":"ImageObject","inLanguage":"fr-FR","@id":"https:\/\/fornimedical.ch\/fr\/#\/schema\/logo\/image\/","url":"https:\/\/fornimedical.ch\/wp-content\/uploads\/2023\/08\/logo.svg","contentUrl":"https:\/\/fornimedical.ch\/wp-content\/uploads\/2023\/08\/logo.svg","caption":"Forni Medical GmbH"},"image":{"@id":"https:\/\/fornimedical.ch\/fr\/#\/schema\/logo\/image\/"}}]}},"_links":{"self":[{"href":"https:\/\/fornimedical.ch\/fr\/wp-json\/wp\/v2\/product\/12001","targetHints":{"allow":["GET"]}}],"collection":[{"href":"https:\/\/fornimedical.ch\/fr\/wp-json\/wp\/v2\/product"}],"about":[{"href":"https:\/\/fornimedical.ch\/fr\/wp-json\/wp\/v2\/types\/product"}],"replies":[{"embeddable":true,"href":"https:\/\/fornimedical.ch\/fr\/wp-json\/wp\/v2\/comments?post=12001"}],"wp:featuredmedia":[{"embeddable":true,"href":"https:\/\/fornimedical.ch\/fr\/wp-json\/wp\/v2\/media\/12009"}],"wp:attachment":[{"href":"https:\/\/fornimedical.ch\/fr\/wp-json\/wp\/v2\/media?parent=12001"}],"wp:term":[{"taxonomy":"product_brand","embeddable":true,"href":"https:\/\/fornimedical.ch\/fr\/wp-json\/wp\/v2\/product_brand?post=12001"},{"taxonomy":"product_cat","embeddable":true,"href":"https:\/\/fornimedical.ch\/fr\/wp-json\/wp\/v2\/product_cat?post=12001"},{"taxonomy":"product_tag","embeddable":true,"href":"https:\/\/fornimedical.ch\/fr\/wp-json\/wp\/v2\/product_tag?post=12001"}],"curies":[{"name":"wp","href":"https:\/\/api.w.org\/{rel}","templated":true}]}}