{"id":11981,"date":"2025-08-13T13:36:56","date_gmt":"2025-08-13T11:36:56","guid":{"rendered":"https:\/\/fornimedical.ch\/?post_type=product&#038;p=11981"},"modified":"2025-10-21T15:53:12","modified_gmt":"2025-10-21T13:53:12","slug":"touchmed-hydrocolloide-sans-bord-adhesif-fin-sterile","status":"publish","type":"product","link":"https:\/\/fornimedical.ch\/fr\/produit\/touchmed-hydrocolloide-sans-bord-adhesif-fin-sterile\/","title":{"rendered":"Touchmed Pansement hydrocollo\u00efde sans bord adh\u00e9sif, fin, st\u00e9rile"},"content":{"rendered":"<p>Touchmed\u00ae Hydrocoll est un pansement \u00e9lastique avanc\u00e9, \ufb02exible et absorbant form\u00e9 par une matrice adh\u00e9sive polym\u00e8re inerte dans lequel sont dispers\u00e9s des granul\u00e9s hydrophiles de CMC, de pectine et de g\u00e9latine.<\/p>\n<p>Quand le pansement entre en contact avec les liquides biologiques, il les g\u00e9li\ufb01e et les retient, favorisant ainsi la gu\u00e9rison dans un environnement humide. Le retrait du pansement qui s&rsquo;ensuit est s\u00fbre et indolore. Le pansement est compl\u00e9t\u00e9 par une couche ext\u00e9rieure perm\u00e9able \u00e0 la vapeur d&rsquo;eau et imperm\u00e9able aux liquides et<br \/>\naux bact\u00e9ries.<\/p>\n","protected":false},"excerpt":{"rendered":"<p>Pansement hydrocollo\u00efde, indiqu\u00e9 pour la pr\u00e9vention et la prise en charge des l\u00e9sions aigu\u00ebs ou chroniques avec un niveau d&rsquo;exsudat mod\u00e9r\u00e9 ou faible<\/p>\n","protected":false},"featured_media":12119,"comment_status":"closed","ping_status":"closed","template":"","meta":{"_acf_changed":false,"site-sidebar-layout":"default","site-content-layout":"","ast-site-content-layout":"default","site-content-style":"default","site-sidebar-style":"default","ast-global-header-display":"","ast-banner-title-visibility":"","ast-main-header-display":"","ast-hfb-above-header-display":"","ast-hfb-below-header-display":"","ast-hfb-mobile-header-display":"","site-post-title":"","ast-breadcrumbs-content":"","ast-featured-img":"","footer-sml-layout":"","theme-transparent-header-meta":"default","adv-header-id-meta":"","stick-header-meta":"","header-above-stick-meta":"","header-main-stick-meta":"","header-below-stick-meta":"","astra-migrate-meta-layouts":"set","ast-page-background-enabled":"default","ast-page-background-meta":{"desktop":{"background-color":"var(--ast-global-color-4)","background-image":"","background-repeat":"repeat","background-position":"center center","background-size":"auto","background-attachment":"scroll","background-type":"","background-media":"","overlay-type":"","overlay-color":"","overlay-opacity":"","overlay-gradient":""},"tablet":{"background-color":"","background-image":"","background-repeat":"repeat","background-position":"center center","background-size":"auto","background-attachment":"scroll","background-type":"","background-media":"","overlay-type":"","overlay-color":"","overlay-opacity":"","overlay-gradient":""},"mobile":{"background-color":"","background-image":"","background-repeat":"repeat","background-position":"center center","background-size":"auto","background-attachment":"scroll","background-type":"","background-media":"","overlay-type":"","overlay-color":"","overlay-opacity":"","overlay-gradient":""}},"ast-content-background-meta":{"desktop":{"background-color":"var(--ast-global-color-5)","background-image":"","background-repeat":"repeat","background-position":"center center","background-size":"auto","background-attachment":"scroll","background-type":"","background-media":"","overlay-type":"","overlay-color":"","overlay-opacity":"","overlay-gradient":""},"tablet":{"background-color":"var(--ast-global-color-5)","background-image":"","background-repeat":"repeat","background-position":"center center","background-size":"auto","background-attachment":"scroll","background-type":"","background-media":"","overlay-type":"","overlay-color":"","overlay-opacity":"","overlay-gradient":""},"mobile":{"background-color":"var(--ast-global-color-5)","background-image":"","background-repeat":"repeat","background-position":"center center","background-size":"auto","background-attachment":"scroll","background-type":"","background-media":"","overlay-type":"","overlay-color":"","overlay-opacity":"","overlay-gradient":""}}},"product_brand":[],"product_cat":[916],"product_tag":[],"class_list":{"0":"post-11981","1":"product","2":"type-product","3":"status-publish","4":"has-post-thumbnail","6":"product_cat-hydrokolloide-wundauagen","7":"desktop-align-left","8":"tablet-align-left","9":"mobile-align-left","11":"first","12":"instock","13":"taxable","14":"shipping-taxable","15":"purchasable","16":"product-type-variable","17":"has-default-attributes","18":"add-to-wishlist-before_image"},"acf":[],"yoast_head":"<!-- This site is optimized with the Yoast SEO plugin v26.5 - https:\/\/yoast.com\/wordpress\/plugins\/seo\/ -->\n<title>Touchmed Pansement hydrocollo\u00efde sans bord adh\u00e9sif, fin, st\u00e9rile<\/title>\n<meta name=\"description\" content=\"Touchmed Hydrocoll sans bord adh\u00e9sif, st\u00e9rile. Cicatrisation en milieu humide. Pour les escarres, les ulc\u00e8res des membres inf\u00e9rieurs, les peaux sensibles\" \/>\n<meta name=\"robots\" content=\"index, follow, max-snippet:-1, max-image-preview:large, max-video-preview:-1\" \/>\n<link rel=\"canonical\" href=\"https:\/\/fornimedical.ch\/fr\/produit\/touchmed-hydrocolloide-sans-bord-adhesif-fin-sterile\/\" \/>\n<meta property=\"og:locale\" content=\"fr_FR\" \/>\n<meta property=\"og:type\" content=\"article\" \/>\n<meta property=\"og:title\" content=\"Touchmed Pansement hydrocollo\u00efde sans bord adh\u00e9sif, fin, st\u00e9rile\" \/>\n<meta property=\"og:description\" content=\"Touchmed Hydrocoll sans bord adh\u00e9sif, st\u00e9rile. Cicatrisation en milieu humide. Pour les escarres, les ulc\u00e8res des membres inf\u00e9rieurs, les peaux sensibles\" \/>\n<meta property=\"og:url\" content=\"https:\/\/fornimedical.ch\/fr\/produit\/touchmed-hydrocolloide-sans-bord-adhesif-fin-sterile\/\" \/>\n<meta property=\"og:site_name\" content=\"Forni Medical GmbH\" \/>\n<meta property=\"article:modified_time\" content=\"2025-10-21T13:53:12+00:00\" \/>\n<meta property=\"og:image\" content=\"https:\/\/fornimedical.ch\/wp-content\/uploads\/2025\/08\/MA1HY100_1.jpg\" \/>\n\t<meta property=\"og:image:width\" content=\"1530\" \/>\n\t<meta property=\"og:image:height\" content=\"1650\" \/>\n\t<meta property=\"og:image:type\" content=\"image\/jpeg\" \/>\n<meta name=\"twitter:card\" content=\"summary_large_image\" \/>\n<meta name=\"twitter:label1\" content=\"Dur\u00e9e de lecture estim\u00e9e\" \/>\n\t<meta name=\"twitter:data1\" content=\"1 minute\" \/>\n<script type=\"application\/ld+json\" class=\"yoast-schema-graph\">{\"@context\":\"https:\/\/schema.org\",\"@graph\":[{\"@type\":\"WebPage\",\"@id\":\"https:\/\/fornimedical.ch\/fr\/produit\/touchmed-hydrocolloide-sans-bord-adhesif-fin-sterile\/\",\"url\":\"https:\/\/fornimedical.ch\/fr\/produit\/touchmed-hydrocolloide-sans-bord-adhesif-fin-sterile\/\",\"name\":\"Touchmed Pansement hydrocollo\u00efde sans bord adh\u00e9sif, fin, st\u00e9rile\",\"isPartOf\":{\"@id\":\"https:\/\/fornimedical.ch\/fr\/#website\"},\"primaryImageOfPage\":{\"@id\":\"https:\/\/fornimedical.ch\/fr\/produit\/touchmed-hydrocolloide-sans-bord-adhesif-fin-sterile\/#primaryimage\"},\"image\":{\"@id\":\"https:\/\/fornimedical.ch\/fr\/produit\/touchmed-hydrocolloide-sans-bord-adhesif-fin-sterile\/#primaryimage\"},\"thumbnailUrl\":\"https:\/\/fornimedical.ch\/wp-content\/uploads\/2025\/08\/MA1HY100_1.jpg\",\"datePublished\":\"2025-08-13T11:36:56+00:00\",\"dateModified\":\"2025-10-21T13:53:12+00:00\",\"description\":\"Touchmed Hydrocoll sans bord adh\u00e9sif, st\u00e9rile. Cicatrisation en milieu humide. Pour les escarres, les ulc\u00e8res des membres inf\u00e9rieurs, les peaux sensibles\",\"breadcrumb\":{\"@id\":\"https:\/\/fornimedical.ch\/fr\/produit\/touchmed-hydrocolloide-sans-bord-adhesif-fin-sterile\/#breadcrumb\"},\"inLanguage\":\"fr-FR\",\"potentialAction\":[{\"@type\":\"ReadAction\",\"target\":[\"https:\/\/fornimedical.ch\/fr\/produit\/touchmed-hydrocolloide-sans-bord-adhesif-fin-sterile\/\"]}]},{\"@type\":\"ImageObject\",\"inLanguage\":\"fr-FR\",\"@id\":\"https:\/\/fornimedical.ch\/fr\/produit\/touchmed-hydrocolloide-sans-bord-adhesif-fin-sterile\/#primaryimage\",\"url\":\"https:\/\/fornimedical.ch\/wp-content\/uploads\/2025\/08\/MA1HY100_1.jpg\",\"contentUrl\":\"https:\/\/fornimedical.ch\/wp-content\/uploads\/2025\/08\/MA1HY100_1.jpg\",\"width\":1530,\"height\":1650,\"caption\":\"forni-medical_dealfa_touchmed_hydrocoll\"},{\"@type\":\"BreadcrumbList\",\"@id\":\"https:\/\/fornimedical.ch\/fr\/produit\/touchmed-hydrocolloide-sans-bord-adhesif-fin-sterile\/#breadcrumb\",\"itemListElement\":[{\"@type\":\"ListItem\",\"position\":1,\"name\":\"Home\",\"item\":\"https:\/\/fornimedical.ch\/fr\/\"},{\"@type\":\"ListItem\",\"position\":2,\"name\":\"Archives boutique en ligne\",\"item\":\"https:\/\/fornimedical.ch\/fr\/archives-boutique-en-ligne\/\"},{\"@type\":\"ListItem\",\"position\":3,\"name\":\"Touchmed Pansement hydrocollo\u00efde sans bord adh\u00e9sif, fin, st\u00e9rile\"}]},{\"@type\":\"WebSite\",\"@id\":\"https:\/\/fornimedical.ch\/fr\/#website\",\"url\":\"https:\/\/fornimedical.ch\/fr\/\",\"name\":\"Forni Medical GmbH\",\"description\":\"\",\"publisher\":{\"@id\":\"https:\/\/fornimedical.ch\/fr\/#organization\"},\"potentialAction\":[{\"@type\":\"SearchAction\",\"target\":{\"@type\":\"EntryPoint\",\"urlTemplate\":\"https:\/\/fornimedical.ch\/fr\/?s={search_term_string}\"},\"query-input\":{\"@type\":\"PropertyValueSpecification\",\"valueRequired\":true,\"valueName\":\"search_term_string\"}}],\"inLanguage\":\"fr-FR\"},{\"@type\":\"Organization\",\"@id\":\"https:\/\/fornimedical.ch\/fr\/#organization\",\"name\":\"Forni Medical GmbH\",\"url\":\"https:\/\/fornimedical.ch\/fr\/\",\"logo\":{\"@type\":\"ImageObject\",\"inLanguage\":\"fr-FR\",\"@id\":\"https:\/\/fornimedical.ch\/fr\/#\/schema\/logo\/image\/\",\"url\":\"https:\/\/fornimedical.ch\/wp-content\/uploads\/2023\/08\/logo.svg\",\"contentUrl\":\"https:\/\/fornimedical.ch\/wp-content\/uploads\/2023\/08\/logo.svg\",\"caption\":\"Forni Medical GmbH\"},\"image\":{\"@id\":\"https:\/\/fornimedical.ch\/fr\/#\/schema\/logo\/image\/\"}}]}<\/script>\n<!-- \/ Yoast SEO plugin. -->","yoast_head_json":{"title":"Touchmed Pansement hydrocollo\u00efde sans bord adh\u00e9sif, fin, st\u00e9rile","description":"Touchmed Hydrocoll sans bord adh\u00e9sif, st\u00e9rile. Cicatrisation en milieu humide. Pour les escarres, les ulc\u00e8res des membres inf\u00e9rieurs, les peaux sensibles","robots":{"index":"index","follow":"follow","max-snippet":"max-snippet:-1","max-image-preview":"max-image-preview:large","max-video-preview":"max-video-preview:-1"},"canonical":"https:\/\/fornimedical.ch\/fr\/produit\/touchmed-hydrocolloide-sans-bord-adhesif-fin-sterile\/","og_locale":"fr_FR","og_type":"article","og_title":"Touchmed Pansement hydrocollo\u00efde sans bord adh\u00e9sif, fin, st\u00e9rile","og_description":"Touchmed Hydrocoll sans bord adh\u00e9sif, st\u00e9rile. Cicatrisation en milieu humide. Pour les escarres, les ulc\u00e8res des membres inf\u00e9rieurs, les peaux sensibles","og_url":"https:\/\/fornimedical.ch\/fr\/produit\/touchmed-hydrocolloide-sans-bord-adhesif-fin-sterile\/","og_site_name":"Forni Medical GmbH","article_modified_time":"2025-10-21T13:53:12+00:00","og_image":[{"width":1530,"height":1650,"url":"https:\/\/fornimedical.ch\/wp-content\/uploads\/2025\/08\/MA1HY100_1.jpg","type":"image\/jpeg"}],"twitter_card":"summary_large_image","twitter_misc":{"Dur\u00e9e de lecture estim\u00e9e":"1 minute"},"schema":{"@context":"https:\/\/schema.org","@graph":[{"@type":"WebPage","@id":"https:\/\/fornimedical.ch\/fr\/produit\/touchmed-hydrocolloide-sans-bord-adhesif-fin-sterile\/","url":"https:\/\/fornimedical.ch\/fr\/produit\/touchmed-hydrocolloide-sans-bord-adhesif-fin-sterile\/","name":"Touchmed Pansement hydrocollo\u00efde sans bord adh\u00e9sif, fin, st\u00e9rile","isPartOf":{"@id":"https:\/\/fornimedical.ch\/fr\/#website"},"primaryImageOfPage":{"@id":"https:\/\/fornimedical.ch\/fr\/produit\/touchmed-hydrocolloide-sans-bord-adhesif-fin-sterile\/#primaryimage"},"image":{"@id":"https:\/\/fornimedical.ch\/fr\/produit\/touchmed-hydrocolloide-sans-bord-adhesif-fin-sterile\/#primaryimage"},"thumbnailUrl":"https:\/\/fornimedical.ch\/wp-content\/uploads\/2025\/08\/MA1HY100_1.jpg","datePublished":"2025-08-13T11:36:56+00:00","dateModified":"2025-10-21T13:53:12+00:00","description":"Touchmed Hydrocoll sans bord adh\u00e9sif, st\u00e9rile. Cicatrisation en milieu humide. Pour les escarres, les ulc\u00e8res des membres inf\u00e9rieurs, les peaux sensibles","breadcrumb":{"@id":"https:\/\/fornimedical.ch\/fr\/produit\/touchmed-hydrocolloide-sans-bord-adhesif-fin-sterile\/#breadcrumb"},"inLanguage":"fr-FR","potentialAction":[{"@type":"ReadAction","target":["https:\/\/fornimedical.ch\/fr\/produit\/touchmed-hydrocolloide-sans-bord-adhesif-fin-sterile\/"]}]},{"@type":"ImageObject","inLanguage":"fr-FR","@id":"https:\/\/fornimedical.ch\/fr\/produit\/touchmed-hydrocolloide-sans-bord-adhesif-fin-sterile\/#primaryimage","url":"https:\/\/fornimedical.ch\/wp-content\/uploads\/2025\/08\/MA1HY100_1.jpg","contentUrl":"https:\/\/fornimedical.ch\/wp-content\/uploads\/2025\/08\/MA1HY100_1.jpg","width":1530,"height":1650,"caption":"forni-medical_dealfa_touchmed_hydrocoll"},{"@type":"BreadcrumbList","@id":"https:\/\/fornimedical.ch\/fr\/produit\/touchmed-hydrocolloide-sans-bord-adhesif-fin-sterile\/#breadcrumb","itemListElement":[{"@type":"ListItem","position":1,"name":"Home","item":"https:\/\/fornimedical.ch\/fr\/"},{"@type":"ListItem","position":2,"name":"Archives boutique en ligne","item":"https:\/\/fornimedical.ch\/fr\/archives-boutique-en-ligne\/"},{"@type":"ListItem","position":3,"name":"Touchmed Pansement hydrocollo\u00efde sans bord adh\u00e9sif, fin, st\u00e9rile"}]},{"@type":"WebSite","@id":"https:\/\/fornimedical.ch\/fr\/#website","url":"https:\/\/fornimedical.ch\/fr\/","name":"Forni Medical GmbH","description":"","publisher":{"@id":"https:\/\/fornimedical.ch\/fr\/#organization"},"potentialAction":[{"@type":"SearchAction","target":{"@type":"EntryPoint","urlTemplate":"https:\/\/fornimedical.ch\/fr\/?s={search_term_string}"},"query-input":{"@type":"PropertyValueSpecification","valueRequired":true,"valueName":"search_term_string"}}],"inLanguage":"fr-FR"},{"@type":"Organization","@id":"https:\/\/fornimedical.ch\/fr\/#organization","name":"Forni Medical GmbH","url":"https:\/\/fornimedical.ch\/fr\/","logo":{"@type":"ImageObject","inLanguage":"fr-FR","@id":"https:\/\/fornimedical.ch\/fr\/#\/schema\/logo\/image\/","url":"https:\/\/fornimedical.ch\/wp-content\/uploads\/2023\/08\/logo.svg","contentUrl":"https:\/\/fornimedical.ch\/wp-content\/uploads\/2023\/08\/logo.svg","caption":"Forni Medical GmbH"},"image":{"@id":"https:\/\/fornimedical.ch\/fr\/#\/schema\/logo\/image\/"}}]}},"_links":{"self":[{"href":"https:\/\/fornimedical.ch\/fr\/wp-json\/wp\/v2\/product\/11981","targetHints":{"allow":["GET"]}}],"collection":[{"href":"https:\/\/fornimedical.ch\/fr\/wp-json\/wp\/v2\/product"}],"about":[{"href":"https:\/\/fornimedical.ch\/fr\/wp-json\/wp\/v2\/types\/product"}],"replies":[{"embeddable":true,"href":"https:\/\/fornimedical.ch\/fr\/wp-json\/wp\/v2\/comments?post=11981"}],"wp:featuredmedia":[{"embeddable":true,"href":"https:\/\/fornimedical.ch\/fr\/wp-json\/wp\/v2\/media\/12119"}],"wp:attachment":[{"href":"https:\/\/fornimedical.ch\/fr\/wp-json\/wp\/v2\/media?parent=11981"}],"wp:term":[{"taxonomy":"product_brand","embeddable":true,"href":"https:\/\/fornimedical.ch\/fr\/wp-json\/wp\/v2\/product_brand?post=11981"},{"taxonomy":"product_cat","embeddable":true,"href":"https:\/\/fornimedical.ch\/fr\/wp-json\/wp\/v2\/product_cat?post=11981"},{"taxonomy":"product_tag","embeddable":true,"href":"https:\/\/fornimedical.ch\/fr\/wp-json\/wp\/v2\/product_tag?post=11981"}],"curies":[{"name":"wp","href":"https:\/\/api.w.org\/{rel}","templated":true}]}}