{"id":11748,"date":"2025-04-25T14:58:06","date_gmt":"2025-04-25T12:58:06","guid":{"rendered":"https:\/\/fornimedical.ch\/?post_type=product&#038;p=11748"},"modified":"2025-04-25T15:18:51","modified_gmt":"2025-04-25T13:18:51","slug":"set-de-pansement-4909920-sterile","status":"publish","type":"product","link":"https:\/\/fornimedical.ch\/fr\/produit\/set-de-pansement-4909920-sterile\/","title":{"rendered":"Set de pansement 4909920, steril"},"content":{"rendered":"<p>Composition:<\/p>\n<ul>\n<li>1 Pincette plastique verte 13 cm<\/li>\n<li>1 Pincette plastique bleue 13 cm<\/li>\n<li>5 Boules tiss\u00e9es \u00d8 2.5-3 cm<\/li>\n<li>5 Compresses non tiss\u00e9es, 4 plis, 7.5&#215;7.5 cm<\/li>\n<li>1 Champ pli\u00e9 50x40cm<br \/>\nEmballage final : blister rigide \u00e0 3 compartiments\/papier<\/p>\n<p>&nbsp;<\/li>\n<\/ul>\n","protected":false},"excerpt":{"rendered":"<p>Pour le traitement m\u00e9dical des plaies<\/p>\n","protected":false},"featured_media":11754,"comment_status":"closed","ping_status":"closed","template":"","meta":{"_acf_changed":false,"site-sidebar-layout":"default","site-content-layout":"","ast-site-content-layout":"default","site-content-style":"default","site-sidebar-style":"default","ast-global-header-display":"","ast-banner-title-visibility":"","ast-main-header-display":"","ast-hfb-above-header-display":"","ast-hfb-below-header-display":"","ast-hfb-mobile-header-display":"","site-post-title":"","ast-breadcrumbs-content":"","ast-featured-img":"","footer-sml-layout":"","theme-transparent-header-meta":"default","adv-header-id-meta":"","stick-header-meta":"","header-above-stick-meta":"","header-main-stick-meta":"","header-below-stick-meta":"","astra-migrate-meta-layouts":"set","ast-page-background-enabled":"default","ast-page-background-meta":{"desktop":{"background-color":"var(--ast-global-color-4)","background-image":"","background-repeat":"repeat","background-position":"center center","background-size":"auto","background-attachment":"scroll","background-type":"","background-media":"","overlay-type":"","overlay-color":"","overlay-opacity":"","overlay-gradient":""},"tablet":{"background-color":"","background-image":"","background-repeat":"repeat","background-position":"center center","background-size":"auto","background-attachment":"scroll","background-type":"","background-media":"","overlay-type":"","overlay-color":"","overlay-opacity":"","overlay-gradient":""},"mobile":{"background-color":"","background-image":"","background-repeat":"repeat","background-position":"center center","background-size":"auto","background-attachment":"scroll","background-type":"","background-media":"","overlay-type":"","overlay-color":"","overlay-opacity":"","overlay-gradient":""}},"ast-content-background-meta":{"desktop":{"background-color":"var(--ast-global-color-5)","background-image":"","background-repeat":"repeat","background-position":"center center","background-size":"auto","background-attachment":"scroll","background-type":"","background-media":"","overlay-type":"","overlay-color":"","overlay-opacity":"","overlay-gradient":""},"tablet":{"background-color":"var(--ast-global-color-5)","background-image":"","background-repeat":"repeat","background-position":"center center","background-size":"auto","background-attachment":"scroll","background-type":"","background-media":"","overlay-type":"","overlay-color":"","overlay-opacity":"","overlay-gradient":""},"mobile":{"background-color":"var(--ast-global-color-5)","background-image":"","background-repeat":"repeat","background-position":"center center","background-size":"auto","background-attachment":"scroll","background-type":"","background-media":"","overlay-type":"","overlay-color":"","overlay-opacity":"","overlay-gradient":""}}},"product_brand":[],"product_cat":[655,513],"product_tag":[],"class_list":{"0":"post-11748","1":"product","2":"type-product","3":"status-publish","4":"has-post-thumbnail","6":"product_cat-soins-des-plaies","7":"product_cat-materiel-dexamen","8":"desktop-align-left","9":"tablet-align-left","10":"mobile-align-left","12":"first","13":"instock","14":"taxable","15":"shipping-taxable","16":"purchasable","17":"product-type-variable","18":"has-default-attributes","19":"add-to-wishlist-before_image"},"acf":[],"yoast_head":"<!-- This site is optimized with the Yoast SEO plugin v26.5 - https:\/\/yoast.com\/wordpress\/plugins\/seo\/ -->\n<title>Set de pansement 4909920, st\u00e9rile<\/title>\n<meta name=\"description\" content=\"Set de pansement 4909920, st\u00e9rile: 1 pincette verte, 1 pincette bleue, 5 boules tiss\u00e9es \u00d8 2.5-3 cm, 5 compresses non tiss\u00e9es, 7.5x7.5 cm, 1 champ 50x40 cm\" \/>\n<meta name=\"robots\" content=\"index, follow, max-snippet:-1, max-image-preview:large, max-video-preview:-1\" \/>\n<link rel=\"canonical\" href=\"https:\/\/fornimedical.ch\/fr\/produit\/set-de-pansement-4909920-sterile\/\" \/>\n<meta property=\"og:locale\" content=\"fr_FR\" \/>\n<meta property=\"og:type\" content=\"article\" \/>\n<meta property=\"og:title\" content=\"Set de pansement 4909920, st\u00e9rile\" \/>\n<meta property=\"og:description\" content=\"Set de pansement 4909920, st\u00e9rile: 1 pincette verte, 1 pincette bleue, 5 boules tiss\u00e9es \u00d8 2.5-3 cm, 5 compresses non tiss\u00e9es, 7.5x7.5 cm, 1 champ 50x40 cm\" \/>\n<meta property=\"og:url\" content=\"https:\/\/fornimedical.ch\/fr\/produit\/set-de-pansement-4909920-sterile\/\" \/>\n<meta property=\"og:site_name\" content=\"Forni Medical GmbH\" \/>\n<meta property=\"article:modified_time\" content=\"2025-04-25T13:18:51+00:00\" \/>\n<meta property=\"og:image\" content=\"https:\/\/fornimedical.ch\/wp-content\/uploads\/2025\/04\/4909920.png\" \/>\n\t<meta property=\"og:image:width\" content=\"484\" \/>\n\t<meta property=\"og:image:height\" content=\"321\" \/>\n\t<meta property=\"og:image:type\" content=\"image\/png\" \/>\n<meta name=\"twitter:card\" content=\"summary_large_image\" \/>\n<meta name=\"twitter:label1\" content=\"Dur\u00e9e de lecture estim\u00e9e\" \/>\n\t<meta name=\"twitter:data1\" content=\"1 minute\" \/>\n<script type=\"application\/ld+json\" class=\"yoast-schema-graph\">{\"@context\":\"https:\/\/schema.org\",\"@graph\":[{\"@type\":\"WebPage\",\"@id\":\"https:\/\/fornimedical.ch\/fr\/produit\/set-de-pansement-4909920-sterile\/\",\"url\":\"https:\/\/fornimedical.ch\/fr\/produit\/set-de-pansement-4909920-sterile\/\",\"name\":\"Set de pansement 4909920, st\u00e9rile\",\"isPartOf\":{\"@id\":\"https:\/\/fornimedical.ch\/fr\/#website\"},\"primaryImageOfPage\":{\"@id\":\"https:\/\/fornimedical.ch\/fr\/produit\/set-de-pansement-4909920-sterile\/#primaryimage\"},\"image\":{\"@id\":\"https:\/\/fornimedical.ch\/fr\/produit\/set-de-pansement-4909920-sterile\/#primaryimage\"},\"thumbnailUrl\":\"https:\/\/fornimedical.ch\/wp-content\/uploads\/2025\/04\/4909920.png\",\"datePublished\":\"2025-04-25T12:58:06+00:00\",\"dateModified\":\"2025-04-25T13:18:51+00:00\",\"description\":\"Set de pansement 4909920, st\u00e9rile: 1 pincette verte, 1 pincette bleue, 5 boules tiss\u00e9es \u00d8 2.5-3 cm, 5 compresses non tiss\u00e9es, 7.5x7.5 cm, 1 champ 50x40 cm\",\"breadcrumb\":{\"@id\":\"https:\/\/fornimedical.ch\/fr\/produit\/set-de-pansement-4909920-sterile\/#breadcrumb\"},\"inLanguage\":\"fr-FR\",\"potentialAction\":[{\"@type\":\"ReadAction\",\"target\":[\"https:\/\/fornimedical.ch\/fr\/produit\/set-de-pansement-4909920-sterile\/\"]}]},{\"@type\":\"ImageObject\",\"inLanguage\":\"fr-FR\",\"@id\":\"https:\/\/fornimedical.ch\/fr\/produit\/set-de-pansement-4909920-sterile\/#primaryimage\",\"url\":\"https:\/\/fornimedical.ch\/wp-content\/uploads\/2025\/04\/4909920.png\",\"contentUrl\":\"https:\/\/fornimedical.ch\/wp-content\/uploads\/2025\/04\/4909920.png\",\"width\":484,\"height\":321,\"caption\":\"Forni Medical Applimed Wundversorgungsset steril\"},{\"@type\":\"BreadcrumbList\",\"@id\":\"https:\/\/fornimedical.ch\/fr\/produit\/set-de-pansement-4909920-sterile\/#breadcrumb\",\"itemListElement\":[{\"@type\":\"ListItem\",\"position\":1,\"name\":\"Home\",\"item\":\"https:\/\/fornimedical.ch\/fr\/\"},{\"@type\":\"ListItem\",\"position\":2,\"name\":\"Archives boutique en ligne\",\"item\":\"https:\/\/fornimedical.ch\/fr\/archives-boutique-en-ligne\/\"},{\"@type\":\"ListItem\",\"position\":3,\"name\":\"Set de pansement 4909920, steril\"}]},{\"@type\":\"WebSite\",\"@id\":\"https:\/\/fornimedical.ch\/fr\/#website\",\"url\":\"https:\/\/fornimedical.ch\/fr\/\",\"name\":\"Forni Medical GmbH\",\"description\":\"\",\"publisher\":{\"@id\":\"https:\/\/fornimedical.ch\/fr\/#organization\"},\"potentialAction\":[{\"@type\":\"SearchAction\",\"target\":{\"@type\":\"EntryPoint\",\"urlTemplate\":\"https:\/\/fornimedical.ch\/fr\/?s={search_term_string}\"},\"query-input\":{\"@type\":\"PropertyValueSpecification\",\"valueRequired\":true,\"valueName\":\"search_term_string\"}}],\"inLanguage\":\"fr-FR\"},{\"@type\":\"Organization\",\"@id\":\"https:\/\/fornimedical.ch\/fr\/#organization\",\"name\":\"Forni Medical GmbH\",\"url\":\"https:\/\/fornimedical.ch\/fr\/\",\"logo\":{\"@type\":\"ImageObject\",\"inLanguage\":\"fr-FR\",\"@id\":\"https:\/\/fornimedical.ch\/fr\/#\/schema\/logo\/image\/\",\"url\":\"https:\/\/fornimedical.ch\/wp-content\/uploads\/2023\/08\/logo.svg\",\"contentUrl\":\"https:\/\/fornimedical.ch\/wp-content\/uploads\/2023\/08\/logo.svg\",\"caption\":\"Forni Medical GmbH\"},\"image\":{\"@id\":\"https:\/\/fornimedical.ch\/fr\/#\/schema\/logo\/image\/\"}}]}<\/script>\n<!-- \/ Yoast SEO plugin. -->","yoast_head_json":{"title":"Set de pansement 4909920, st\u00e9rile","description":"Set de pansement 4909920, st\u00e9rile: 1 pincette verte, 1 pincette bleue, 5 boules tiss\u00e9es \u00d8 2.5-3 cm, 5 compresses non tiss\u00e9es, 7.5x7.5 cm, 1 champ 50x40 cm","robots":{"index":"index","follow":"follow","max-snippet":"max-snippet:-1","max-image-preview":"max-image-preview:large","max-video-preview":"max-video-preview:-1"},"canonical":"https:\/\/fornimedical.ch\/fr\/produit\/set-de-pansement-4909920-sterile\/","og_locale":"fr_FR","og_type":"article","og_title":"Set de pansement 4909920, st\u00e9rile","og_description":"Set de pansement 4909920, st\u00e9rile: 1 pincette verte, 1 pincette bleue, 5 boules tiss\u00e9es \u00d8 2.5-3 cm, 5 compresses non tiss\u00e9es, 7.5x7.5 cm, 1 champ 50x40 cm","og_url":"https:\/\/fornimedical.ch\/fr\/produit\/set-de-pansement-4909920-sterile\/","og_site_name":"Forni Medical GmbH","article_modified_time":"2025-04-25T13:18:51+00:00","og_image":[{"width":484,"height":321,"url":"https:\/\/fornimedical.ch\/wp-content\/uploads\/2025\/04\/4909920.png","type":"image\/png"}],"twitter_card":"summary_large_image","twitter_misc":{"Dur\u00e9e de lecture estim\u00e9e":"1 minute"},"schema":{"@context":"https:\/\/schema.org","@graph":[{"@type":"WebPage","@id":"https:\/\/fornimedical.ch\/fr\/produit\/set-de-pansement-4909920-sterile\/","url":"https:\/\/fornimedical.ch\/fr\/produit\/set-de-pansement-4909920-sterile\/","name":"Set de pansement 4909920, st\u00e9rile","isPartOf":{"@id":"https:\/\/fornimedical.ch\/fr\/#website"},"primaryImageOfPage":{"@id":"https:\/\/fornimedical.ch\/fr\/produit\/set-de-pansement-4909920-sterile\/#primaryimage"},"image":{"@id":"https:\/\/fornimedical.ch\/fr\/produit\/set-de-pansement-4909920-sterile\/#primaryimage"},"thumbnailUrl":"https:\/\/fornimedical.ch\/wp-content\/uploads\/2025\/04\/4909920.png","datePublished":"2025-04-25T12:58:06+00:00","dateModified":"2025-04-25T13:18:51+00:00","description":"Set de pansement 4909920, st\u00e9rile: 1 pincette verte, 1 pincette bleue, 5 boules tiss\u00e9es \u00d8 2.5-3 cm, 5 compresses non tiss\u00e9es, 7.5x7.5 cm, 1 champ 50x40 cm","breadcrumb":{"@id":"https:\/\/fornimedical.ch\/fr\/produit\/set-de-pansement-4909920-sterile\/#breadcrumb"},"inLanguage":"fr-FR","potentialAction":[{"@type":"ReadAction","target":["https:\/\/fornimedical.ch\/fr\/produit\/set-de-pansement-4909920-sterile\/"]}]},{"@type":"ImageObject","inLanguage":"fr-FR","@id":"https:\/\/fornimedical.ch\/fr\/produit\/set-de-pansement-4909920-sterile\/#primaryimage","url":"https:\/\/fornimedical.ch\/wp-content\/uploads\/2025\/04\/4909920.png","contentUrl":"https:\/\/fornimedical.ch\/wp-content\/uploads\/2025\/04\/4909920.png","width":484,"height":321,"caption":"Forni Medical Applimed Wundversorgungsset steril"},{"@type":"BreadcrumbList","@id":"https:\/\/fornimedical.ch\/fr\/produit\/set-de-pansement-4909920-sterile\/#breadcrumb","itemListElement":[{"@type":"ListItem","position":1,"name":"Home","item":"https:\/\/fornimedical.ch\/fr\/"},{"@type":"ListItem","position":2,"name":"Archives boutique en ligne","item":"https:\/\/fornimedical.ch\/fr\/archives-boutique-en-ligne\/"},{"@type":"ListItem","position":3,"name":"Set de pansement 4909920, steril"}]},{"@type":"WebSite","@id":"https:\/\/fornimedical.ch\/fr\/#website","url":"https:\/\/fornimedical.ch\/fr\/","name":"Forni Medical GmbH","description":"","publisher":{"@id":"https:\/\/fornimedical.ch\/fr\/#organization"},"potentialAction":[{"@type":"SearchAction","target":{"@type":"EntryPoint","urlTemplate":"https:\/\/fornimedical.ch\/fr\/?s={search_term_string}"},"query-input":{"@type":"PropertyValueSpecification","valueRequired":true,"valueName":"search_term_string"}}],"inLanguage":"fr-FR"},{"@type":"Organization","@id":"https:\/\/fornimedical.ch\/fr\/#organization","name":"Forni Medical GmbH","url":"https:\/\/fornimedical.ch\/fr\/","logo":{"@type":"ImageObject","inLanguage":"fr-FR","@id":"https:\/\/fornimedical.ch\/fr\/#\/schema\/logo\/image\/","url":"https:\/\/fornimedical.ch\/wp-content\/uploads\/2023\/08\/logo.svg","contentUrl":"https:\/\/fornimedical.ch\/wp-content\/uploads\/2023\/08\/logo.svg","caption":"Forni Medical GmbH"},"image":{"@id":"https:\/\/fornimedical.ch\/fr\/#\/schema\/logo\/image\/"}}]}},"_links":{"self":[{"href":"https:\/\/fornimedical.ch\/fr\/wp-json\/wp\/v2\/product\/11748","targetHints":{"allow":["GET"]}}],"collection":[{"href":"https:\/\/fornimedical.ch\/fr\/wp-json\/wp\/v2\/product"}],"about":[{"href":"https:\/\/fornimedical.ch\/fr\/wp-json\/wp\/v2\/types\/product"}],"replies":[{"embeddable":true,"href":"https:\/\/fornimedical.ch\/fr\/wp-json\/wp\/v2\/comments?post=11748"}],"wp:featuredmedia":[{"embeddable":true,"href":"https:\/\/fornimedical.ch\/fr\/wp-json\/wp\/v2\/media\/11754"}],"wp:attachment":[{"href":"https:\/\/fornimedical.ch\/fr\/wp-json\/wp\/v2\/media?parent=11748"}],"wp:term":[{"taxonomy":"product_brand","embeddable":true,"href":"https:\/\/fornimedical.ch\/fr\/wp-json\/wp\/v2\/product_brand?post=11748"},{"taxonomy":"product_cat","embeddable":true,"href":"https:\/\/fornimedical.ch\/fr\/wp-json\/wp\/v2\/product_cat?post=11748"},{"taxonomy":"product_tag","embeddable":true,"href":"https:\/\/fornimedical.ch\/fr\/wp-json\/wp\/v2\/product_tag?post=11748"}],"curies":[{"name":"wp","href":"https:\/\/api.w.org\/{rel}","templated":true}]}}