{"id":11157,"date":"2024-10-22T16:43:35","date_gmt":"2024-10-22T14:43:35","guid":{"rendered":"https:\/\/fornimedical.ch\/?post_type=product&#038;p=11157"},"modified":"2024-11-15T11:30:06","modified_gmt":"2024-11-15T10:30:06","slug":"attends-professional-lotion-pulverisable-protectrice-3-in-1-100-ml","status":"publish","type":"product","link":"https:\/\/fornimedical.ch\/fr\/produit\/attends-professional-lotion-pulverisable-protectrice-3-in-1-100-ml\/","title":{"rendered":"Attends Professional Lotion Pulv\u00e9risable Protectrice 3 in 1, 100 ml"},"content":{"rendered":"<ul>\n<li>Apaise et calme la peau.<\/li>\n<li>Forme un film protecteur sur la peau.<\/li>\n<li>Hydrate la peau jusqu\u2019\u00e0 24 heures.<\/li>\n<li>Prot\u00e9ge contre les irritations de la peau.<\/li>\n<li>pH 6-7,5<\/li>\n<li>Ne contient pas de parab\u00e8nes, de conservateurs, de colorants ou de parfums.<\/li>\n<li>La capacit\u00e9 d&rsquo;absorption des produits d&rsquo;incontinence n&rsquo;est pas affect\u00e9e.<\/li>\n<\/ul>\n<p>\u00c0 utiliser en cas d\u2019irritation cutan\u00e9e associ\u00e9e \u00e0 l\u2019incontinence adulte. Bien agiter avant utilisation. Vaporiser \u00e0 environ 10-15cm de la peau en effectuant un mouvement de balayage pour pulv\u00e9riser une couche fine et uniforme sur la peau. Il n\u2019est pas n\u00e9cessaire de faire p\u00e9n\u00e9trer la lotion dans la peau. Ne pas pulv\u00e9riser sur le visage. \u00c9vitez tout contact avec les yeux, et \u00e9viter le nez et la bouche.<\/p>\n","protected":false},"excerpt":{"rendered":"<p>Lotion pulv\u00e9risable protectrice pour la peau. Aide \u00e0 prot\u00e9ger, apaiser et r\u00e9parer les irritations cutan\u00e9es associ\u00e9es \u00e0 l\u2019incontinence adulte. Ingr\u00e9dients principaux: Oxyde de zinc, calendula, camomille<\/p>\n","protected":false},"featured_media":11147,"comment_status":"closed","ping_status":"closed","template":"","meta":{"_acf_changed":false,"site-sidebar-layout":"default","site-content-layout":"","ast-site-content-layout":"default","site-content-style":"default","site-sidebar-style":"default","ast-global-header-display":"","ast-banner-title-visibility":"","ast-main-header-display":"","ast-hfb-above-header-display":"","ast-hfb-below-header-display":"","ast-hfb-mobile-header-display":"","site-post-title":"","ast-breadcrumbs-content":"","ast-featured-img":"","footer-sml-layout":"","theme-transparent-header-meta":"default","adv-header-id-meta":"","stick-header-meta":"","header-above-stick-meta":"","header-main-stick-meta":"","header-below-stick-meta":"","astra-migrate-meta-layouts":"set","ast-page-background-enabled":"default","ast-page-background-meta":{"desktop":{"background-color":"var(--ast-global-color-4)","background-image":"","background-repeat":"repeat","background-position":"center center","background-size":"auto","background-attachment":"scroll","background-type":"","background-media":"","overlay-type":"","overlay-color":"","overlay-opacity":"","overlay-gradient":""},"tablet":{"background-color":"","background-image":"","background-repeat":"repeat","background-position":"center center","background-size":"auto","background-attachment":"scroll","background-type":"","background-media":"","overlay-type":"","overlay-color":"","overlay-opacity":"","overlay-gradient":""},"mobile":{"background-color":"","background-image":"","background-repeat":"repeat","background-position":"center center","background-size":"auto","background-attachment":"scroll","background-type":"","background-media":"","overlay-type":"","overlay-color":"","overlay-opacity":"","overlay-gradient":""}},"ast-content-background-meta":{"desktop":{"background-color":"var(--ast-global-color-5)","background-image":"","background-repeat":"repeat","background-position":"center center","background-size":"auto","background-attachment":"scroll","background-type":"","background-media":"","overlay-type":"","overlay-color":"","overlay-opacity":"","overlay-gradient":""},"tablet":{"background-color":"var(--ast-global-color-5)","background-image":"","background-repeat":"repeat","background-position":"center center","background-size":"auto","background-attachment":"scroll","background-type":"","background-media":"","overlay-type":"","overlay-color":"","overlay-opacity":"","overlay-gradient":""},"mobile":{"background-color":"var(--ast-global-color-5)","background-image":"","background-repeat":"repeat","background-position":"center center","background-size":"auto","background-attachment":"scroll","background-type":"","background-media":"","overlay-type":"","overlay-color":"","overlay-opacity":"","overlay-gradient":""}}},"product_brand":[],"product_cat":[881],"product_tag":[],"class_list":{"0":"post-11157","1":"product","2":"type-product","3":"status-publish","4":"has-post-thumbnail","6":"product_cat-soins-de-la-peau","7":"desktop-align-left","8":"tablet-align-left","9":"mobile-align-left","11":"first","12":"instock","13":"taxable","14":"shipping-taxable","15":"purchasable","16":"product-type-variable","17":"has-default-attributes","18":"add-to-wishlist-before_image"},"acf":[],"yoast_head":"<!-- This site is optimized with the Yoast SEO plugin v26.5 - https:\/\/yoast.com\/wordpress\/plugins\/seo\/ -->\n<title>Attends Professional Lotion Pulv\u00e9risable Protectrice 3 in 1, 100 ml - Forni Medical GmbH<\/title>\n<meta name=\"robots\" content=\"index, follow, max-snippet:-1, max-image-preview:large, max-video-preview:-1\" \/>\n<link rel=\"canonical\" href=\"https:\/\/fornimedical.ch\/fr\/produit\/attends-professional-lotion-pulverisable-protectrice-3-in-1-100-ml\/\" \/>\n<meta property=\"og:locale\" content=\"fr_FR\" \/>\n<meta property=\"og:type\" content=\"article\" \/>\n<meta property=\"og:title\" content=\"Attends Professional Lotion Pulv\u00e9risable Protectrice 3 in 1, 100 ml - Forni Medical GmbH\" \/>\n<meta property=\"og:description\" content=\"Lotion pulv\u00e9risable protectrice pour la peau. Aide \u00e0 prot\u00e9ger, apaiser et r\u00e9parer les irritations cutan\u00e9es associ\u00e9es \u00e0 l\u2019incontinence adulte. Ingr\u00e9dients principaux: Oxyde de zinc, calendula, camomille\" \/>\n<meta property=\"og:url\" content=\"https:\/\/fornimedical.ch\/fr\/produit\/attends-professional-lotion-pulverisable-protectrice-3-in-1-100-ml\/\" \/>\n<meta property=\"og:site_name\" content=\"Forni Medical GmbH\" \/>\n<meta property=\"article:modified_time\" content=\"2024-11-15T10:30:06+00:00\" \/>\n<meta property=\"og:image\" content=\"https:\/\/fornimedical.ch\/wp-content\/uploads\/2024\/10\/PC_BarrierSpray_.jpg\" \/>\n\t<meta property=\"og:image:width\" content=\"2048\" \/>\n\t<meta property=\"og:image:height\" content=\"2048\" \/>\n\t<meta property=\"og:image:type\" content=\"image\/jpeg\" \/>\n<meta name=\"twitter:card\" content=\"summary_large_image\" \/>\n<meta name=\"twitter:label1\" content=\"Dur\u00e9e de lecture estim\u00e9e\" \/>\n\t<meta name=\"twitter:data1\" content=\"1 minute\" \/>\n<script type=\"application\/ld+json\" class=\"yoast-schema-graph\">{\"@context\":\"https:\/\/schema.org\",\"@graph\":[{\"@type\":\"WebPage\",\"@id\":\"https:\/\/fornimedical.ch\/fr\/produit\/attends-professional-lotion-pulverisable-protectrice-3-in-1-100-ml\/\",\"url\":\"https:\/\/fornimedical.ch\/fr\/produit\/attends-professional-lotion-pulverisable-protectrice-3-in-1-100-ml\/\",\"name\":\"Attends Professional Lotion Pulv\u00e9risable Protectrice 3 in 1, 100 ml - Forni Medical GmbH\",\"isPartOf\":{\"@id\":\"https:\/\/fornimedical.ch\/fr\/#website\"},\"primaryImageOfPage\":{\"@id\":\"https:\/\/fornimedical.ch\/fr\/produit\/attends-professional-lotion-pulverisable-protectrice-3-in-1-100-ml\/#primaryimage\"},\"image\":{\"@id\":\"https:\/\/fornimedical.ch\/fr\/produit\/attends-professional-lotion-pulverisable-protectrice-3-in-1-100-ml\/#primaryimage\"},\"thumbnailUrl\":\"https:\/\/fornimedical.ch\/wp-content\/uploads\/2024\/10\/PC_BarrierSpray_.jpg\",\"datePublished\":\"2024-10-22T14:43:35+00:00\",\"dateModified\":\"2024-11-15T10:30:06+00:00\",\"breadcrumb\":{\"@id\":\"https:\/\/fornimedical.ch\/fr\/produit\/attends-professional-lotion-pulverisable-protectrice-3-in-1-100-ml\/#breadcrumb\"},\"inLanguage\":\"fr-FR\",\"potentialAction\":[{\"@type\":\"ReadAction\",\"target\":[\"https:\/\/fornimedical.ch\/fr\/produit\/attends-professional-lotion-pulverisable-protectrice-3-in-1-100-ml\/\"]}]},{\"@type\":\"ImageObject\",\"inLanguage\":\"fr-FR\",\"@id\":\"https:\/\/fornimedical.ch\/fr\/produit\/attends-professional-lotion-pulverisable-protectrice-3-in-1-100-ml\/#primaryimage\",\"url\":\"https:\/\/fornimedical.ch\/wp-content\/uploads\/2024\/10\/PC_BarrierSpray_.jpg\",\"contentUrl\":\"https:\/\/fornimedical.ch\/wp-content\/uploads\/2024\/10\/PC_BarrierSpray_.jpg\",\"width\":2048,\"height\":2048},{\"@type\":\"BreadcrumbList\",\"@id\":\"https:\/\/fornimedical.ch\/fr\/produit\/attends-professional-lotion-pulverisable-protectrice-3-in-1-100-ml\/#breadcrumb\",\"itemListElement\":[{\"@type\":\"ListItem\",\"position\":1,\"name\":\"Home\",\"item\":\"https:\/\/fornimedical.ch\/fr\/\"},{\"@type\":\"ListItem\",\"position\":2,\"name\":\"Archives boutique en ligne\",\"item\":\"https:\/\/fornimedical.ch\/fr\/archives-boutique-en-ligne\/\"},{\"@type\":\"ListItem\",\"position\":3,\"name\":\"Attends Professional Lotion Pulv\u00e9risable Protectrice 3 in 1, 100 ml\"}]},{\"@type\":\"WebSite\",\"@id\":\"https:\/\/fornimedical.ch\/fr\/#website\",\"url\":\"https:\/\/fornimedical.ch\/fr\/\",\"name\":\"Forni Medical GmbH\",\"description\":\"\",\"publisher\":{\"@id\":\"https:\/\/fornimedical.ch\/fr\/#organization\"},\"potentialAction\":[{\"@type\":\"SearchAction\",\"target\":{\"@type\":\"EntryPoint\",\"urlTemplate\":\"https:\/\/fornimedical.ch\/fr\/?s={search_term_string}\"},\"query-input\":{\"@type\":\"PropertyValueSpecification\",\"valueRequired\":true,\"valueName\":\"search_term_string\"}}],\"inLanguage\":\"fr-FR\"},{\"@type\":\"Organization\",\"@id\":\"https:\/\/fornimedical.ch\/fr\/#organization\",\"name\":\"Forni Medical GmbH\",\"url\":\"https:\/\/fornimedical.ch\/fr\/\",\"logo\":{\"@type\":\"ImageObject\",\"inLanguage\":\"fr-FR\",\"@id\":\"https:\/\/fornimedical.ch\/fr\/#\/schema\/logo\/image\/\",\"url\":\"https:\/\/fornimedical.ch\/wp-content\/uploads\/2023\/08\/logo.svg\",\"contentUrl\":\"https:\/\/fornimedical.ch\/wp-content\/uploads\/2023\/08\/logo.svg\",\"caption\":\"Forni Medical GmbH\"},\"image\":{\"@id\":\"https:\/\/fornimedical.ch\/fr\/#\/schema\/logo\/image\/\"}}]}<\/script>\n<!-- \/ Yoast SEO plugin. -->","yoast_head_json":{"title":"Attends Professional Lotion Pulv\u00e9risable Protectrice 3 in 1, 100 ml - Forni Medical GmbH","robots":{"index":"index","follow":"follow","max-snippet":"max-snippet:-1","max-image-preview":"max-image-preview:large","max-video-preview":"max-video-preview:-1"},"canonical":"https:\/\/fornimedical.ch\/fr\/produit\/attends-professional-lotion-pulverisable-protectrice-3-in-1-100-ml\/","og_locale":"fr_FR","og_type":"article","og_title":"Attends Professional Lotion Pulv\u00e9risable Protectrice 3 in 1, 100 ml - Forni Medical GmbH","og_description":"Lotion pulv\u00e9risable protectrice pour la peau. Aide \u00e0 prot\u00e9ger, apaiser et r\u00e9parer les irritations cutan\u00e9es associ\u00e9es \u00e0 l\u2019incontinence adulte. Ingr\u00e9dients principaux: Oxyde de zinc, calendula, camomille","og_url":"https:\/\/fornimedical.ch\/fr\/produit\/attends-professional-lotion-pulverisable-protectrice-3-in-1-100-ml\/","og_site_name":"Forni Medical GmbH","article_modified_time":"2024-11-15T10:30:06+00:00","og_image":[{"width":2048,"height":2048,"url":"https:\/\/fornimedical.ch\/wp-content\/uploads\/2024\/10\/PC_BarrierSpray_.jpg","type":"image\/jpeg"}],"twitter_card":"summary_large_image","twitter_misc":{"Dur\u00e9e de lecture estim\u00e9e":"1 minute"},"schema":{"@context":"https:\/\/schema.org","@graph":[{"@type":"WebPage","@id":"https:\/\/fornimedical.ch\/fr\/produit\/attends-professional-lotion-pulverisable-protectrice-3-in-1-100-ml\/","url":"https:\/\/fornimedical.ch\/fr\/produit\/attends-professional-lotion-pulverisable-protectrice-3-in-1-100-ml\/","name":"Attends Professional Lotion Pulv\u00e9risable Protectrice 3 in 1, 100 ml - Forni Medical GmbH","isPartOf":{"@id":"https:\/\/fornimedical.ch\/fr\/#website"},"primaryImageOfPage":{"@id":"https:\/\/fornimedical.ch\/fr\/produit\/attends-professional-lotion-pulverisable-protectrice-3-in-1-100-ml\/#primaryimage"},"image":{"@id":"https:\/\/fornimedical.ch\/fr\/produit\/attends-professional-lotion-pulverisable-protectrice-3-in-1-100-ml\/#primaryimage"},"thumbnailUrl":"https:\/\/fornimedical.ch\/wp-content\/uploads\/2024\/10\/PC_BarrierSpray_.jpg","datePublished":"2024-10-22T14:43:35+00:00","dateModified":"2024-11-15T10:30:06+00:00","breadcrumb":{"@id":"https:\/\/fornimedical.ch\/fr\/produit\/attends-professional-lotion-pulverisable-protectrice-3-in-1-100-ml\/#breadcrumb"},"inLanguage":"fr-FR","potentialAction":[{"@type":"ReadAction","target":["https:\/\/fornimedical.ch\/fr\/produit\/attends-professional-lotion-pulverisable-protectrice-3-in-1-100-ml\/"]}]},{"@type":"ImageObject","inLanguage":"fr-FR","@id":"https:\/\/fornimedical.ch\/fr\/produit\/attends-professional-lotion-pulverisable-protectrice-3-in-1-100-ml\/#primaryimage","url":"https:\/\/fornimedical.ch\/wp-content\/uploads\/2024\/10\/PC_BarrierSpray_.jpg","contentUrl":"https:\/\/fornimedical.ch\/wp-content\/uploads\/2024\/10\/PC_BarrierSpray_.jpg","width":2048,"height":2048},{"@type":"BreadcrumbList","@id":"https:\/\/fornimedical.ch\/fr\/produit\/attends-professional-lotion-pulverisable-protectrice-3-in-1-100-ml\/#breadcrumb","itemListElement":[{"@type":"ListItem","position":1,"name":"Home","item":"https:\/\/fornimedical.ch\/fr\/"},{"@type":"ListItem","position":2,"name":"Archives boutique en ligne","item":"https:\/\/fornimedical.ch\/fr\/archives-boutique-en-ligne\/"},{"@type":"ListItem","position":3,"name":"Attends Professional Lotion Pulv\u00e9risable Protectrice 3 in 1, 100 ml"}]},{"@type":"WebSite","@id":"https:\/\/fornimedical.ch\/fr\/#website","url":"https:\/\/fornimedical.ch\/fr\/","name":"Forni Medical GmbH","description":"","publisher":{"@id":"https:\/\/fornimedical.ch\/fr\/#organization"},"potentialAction":[{"@type":"SearchAction","target":{"@type":"EntryPoint","urlTemplate":"https:\/\/fornimedical.ch\/fr\/?s={search_term_string}"},"query-input":{"@type":"PropertyValueSpecification","valueRequired":true,"valueName":"search_term_string"}}],"inLanguage":"fr-FR"},{"@type":"Organization","@id":"https:\/\/fornimedical.ch\/fr\/#organization","name":"Forni Medical GmbH","url":"https:\/\/fornimedical.ch\/fr\/","logo":{"@type":"ImageObject","inLanguage":"fr-FR","@id":"https:\/\/fornimedical.ch\/fr\/#\/schema\/logo\/image\/","url":"https:\/\/fornimedical.ch\/wp-content\/uploads\/2023\/08\/logo.svg","contentUrl":"https:\/\/fornimedical.ch\/wp-content\/uploads\/2023\/08\/logo.svg","caption":"Forni Medical GmbH"},"image":{"@id":"https:\/\/fornimedical.ch\/fr\/#\/schema\/logo\/image\/"}}]}},"_links":{"self":[{"href":"https:\/\/fornimedical.ch\/fr\/wp-json\/wp\/v2\/product\/11157","targetHints":{"allow":["GET"]}}],"collection":[{"href":"https:\/\/fornimedical.ch\/fr\/wp-json\/wp\/v2\/product"}],"about":[{"href":"https:\/\/fornimedical.ch\/fr\/wp-json\/wp\/v2\/types\/product"}],"replies":[{"embeddable":true,"href":"https:\/\/fornimedical.ch\/fr\/wp-json\/wp\/v2\/comments?post=11157"}],"wp:featuredmedia":[{"embeddable":true,"href":"https:\/\/fornimedical.ch\/fr\/wp-json\/wp\/v2\/media\/11147"}],"wp:attachment":[{"href":"https:\/\/fornimedical.ch\/fr\/wp-json\/wp\/v2\/media?parent=11157"}],"wp:term":[{"taxonomy":"product_brand","embeddable":true,"href":"https:\/\/fornimedical.ch\/fr\/wp-json\/wp\/v2\/product_brand?post=11157"},{"taxonomy":"product_cat","embeddable":true,"href":"https:\/\/fornimedical.ch\/fr\/wp-json\/wp\/v2\/product_cat?post=11157"},{"taxonomy":"product_tag","embeddable":true,"href":"https:\/\/fornimedical.ch\/fr\/wp-json\/wp\/v2\/product_tag?post=11157"}],"curies":[{"name":"wp","href":"https:\/\/api.w.org\/{rel}","templated":true}]}}