{"id":11122,"date":"2024-10-22T13:19:19","date_gmt":"2024-10-22T11:19:19","guid":{"rendered":"https:\/\/fornimedical.ch\/?post_type=product&#038;p=11122"},"modified":"2026-05-05T12:13:32","modified_gmt":"2026-05-05T10:13:32","slug":"attelle-de-pour-le-doigt-aluminium-baseball","status":"publish","type":"product","link":"https:\/\/fornimedical.ch\/fr\/produit\/attelle-de-pour-le-doigt-aluminium-baseball\/","title":{"rendered":"Artsanity SRL Attelle pour le doigt BASEBALL en aluminium, portable des deux c\u00f4t\u00e9s"},"content":{"rendered":"<p><strong>Confort et fonctionnalit\u00e9<\/strong><br \/>\nL&rsquo;attelle en aluminium prot\u00e8ge le doigt bless\u00e9 et laisse passer les rayons X\u00a0(60 kv 5 mas). \u00c9viter tout contact avec des liquides, car le mat\u00e9riau respirant les absorbe.<\/p>\n<ul>\n<li>Rembourrage en mousse antibact\u00e9rienne de 5 mm d&rsquo;\u00e9paisseur<\/li>\n<li>Perm\u00e9able aux rayons X<\/li>\n<li>Sans latex<\/li>\n<li>Test\u00e9 dermatologiquement<\/li>\n<\/ul>\n<p><strong>Indications<\/strong><\/p>\n<ul>\n<li>Blessures des tendons ou des capsules<\/li>\n<li>Fractures du doigt long ou des articulations de base<\/li>\n<\/ul>\n<p>En cas d&rsquo;utilisation du produit en pr\u00e9sence de l\u00e9sions cutan\u00e9es, prot\u00e9ger la l\u00e9sion par un bandage ad\u00e9quat ; dans de telles situations, ne pas utiliser le produit en contact direct avec la l\u00e9sion.<\/p>\n","protected":false},"excerpt":{"rendered":"<p>portable des deux c\u00f4t\u00e9s, avec rembourrage en mousse antibact\u00e9rienne de 5 mm d&rsquo;\u00e9paisseur<\/p>\n","protected":false},"featured_media":11134,"comment_status":"closed","ping_status":"closed","template":"","meta":{"_acf_changed":false,"site-sidebar-layout":"default","site-content-layout":"","ast-site-content-layout":"default","site-content-style":"default","site-sidebar-style":"default","ast-global-header-display":"","ast-banner-title-visibility":"","ast-main-header-display":"","ast-hfb-above-header-display":"","ast-hfb-below-header-display":"","ast-hfb-mobile-header-display":"","site-post-title":"","ast-breadcrumbs-content":"","ast-featured-img":"","footer-sml-layout":"","theme-transparent-header-meta":"default","adv-header-id-meta":"","stick-header-meta":"","header-above-stick-meta":"","header-main-stick-meta":"","header-below-stick-meta":"","astra-migrate-meta-layouts":"set","ast-page-background-enabled":"default","ast-page-background-meta":{"desktop":{"background-color":"var(--ast-global-color-4)","background-image":"","background-repeat":"repeat","background-position":"center center","background-size":"auto","background-attachment":"scroll","background-type":"","background-media":"","overlay-type":"","overlay-color":"","overlay-opacity":"","overlay-gradient":""},"tablet":{"background-color":"","background-image":"","background-repeat":"repeat","background-position":"center center","background-size":"auto","background-attachment":"scroll","background-type":"","background-media":"","overlay-type":"","overlay-color":"","overlay-opacity":"","overlay-gradient":""},"mobile":{"background-color":"","background-image":"","background-repeat":"repeat","background-position":"center center","background-size":"auto","background-attachment":"scroll","background-type":"","background-media":"","overlay-type":"","overlay-color":"","overlay-opacity":"","overlay-gradient":""}},"ast-content-background-meta":{"desktop":{"background-color":"var(--ast-global-color-5)","background-image":"","background-repeat":"repeat","background-position":"center center","background-size":"auto","background-attachment":"scroll","background-type":"","background-media":"","overlay-type":"","overlay-color":"","overlay-opacity":"","overlay-gradient":""},"tablet":{"background-color":"var(--ast-global-color-5)","background-image":"","background-repeat":"repeat","background-position":"center center","background-size":"auto","background-attachment":"scroll","background-type":"","background-media":"","overlay-type":"","overlay-color":"","overlay-opacity":"","overlay-gradient":""},"mobile":{"background-color":"var(--ast-global-color-5)","background-image":"","background-repeat":"repeat","background-position":"center center","background-size":"auto","background-attachment":"scroll","background-type":"","background-media":"","overlay-type":"","overlay-color":"","overlay-opacity":"","overlay-gradient":""}}},"product_brand":[],"product_cat":[587],"product_tag":[],"class_list":{"0":"post-11122","1":"product","2":"type-product","3":"status-publish","4":"has-post-thumbnail","6":"product_cat-protection-pour-le-doigt","7":"desktop-align-left","8":"tablet-align-left","9":"mobile-align-left","11":"first","12":"instock","13":"taxable","14":"shipping-taxable","15":"purchasable","16":"product-type-variable","17":"has-default-attributes","18":"add-to-wishlist-before_image"},"acf":[],"yoast_head":"<!-- This site is optimized with the Yoast SEO plugin v26.5 - https:\/\/yoast.com\/wordpress\/plugins\/seo\/ -->\n<title>Artsanity SRL Attelle doigt BASEBALL en aluminium<\/title>\n<meta name=\"description\" content=\"Artsanity SRL Attelle pour le doigt BASEBALL en aluminium, portable des deux c\u00f4t\u00e9s, avec rembourrage en mousse antibact\u00e9rienne de 5 mm d&#039;\u00e9paisseur\" \/>\n<meta name=\"robots\" content=\"index, follow, max-snippet:-1, max-image-preview:large, max-video-preview:-1\" \/>\n<link rel=\"canonical\" href=\"https:\/\/fornimedical.ch\/fr\/produit\/attelle-de-pour-le-doigt-aluminium-baseball\/\" \/>\n<meta property=\"og:locale\" content=\"fr_FR\" \/>\n<meta property=\"og:type\" content=\"article\" \/>\n<meta property=\"og:title\" content=\"Artsanity SRL Attelle doigt BASEBALL en aluminium\" \/>\n<meta property=\"og:description\" content=\"Artsanity SRL Attelle pour le doigt BASEBALL en aluminium, portable des deux c\u00f4t\u00e9s, avec rembourrage en mousse antibact\u00e9rienne de 5 mm d&#039;\u00e9paisseur\" \/>\n<meta property=\"og:url\" content=\"https:\/\/fornimedical.ch\/fr\/produit\/attelle-de-pour-le-doigt-aluminium-baseball\/\" \/>\n<meta property=\"og:site_name\" content=\"Forni Medical GmbH\" \/>\n<meta property=\"article:modified_time\" content=\"2026-05-05T10:13:32+00:00\" \/>\n<meta property=\"og:image\" content=\"https:\/\/fornimedical.ch\/wp-content\/uploads\/2024\/10\/Baseballm.Hand_beige-1.png\" \/>\n\t<meta property=\"og:image:width\" content=\"1920\" \/>\n\t<meta property=\"og:image:height\" content=\"1920\" \/>\n\t<meta property=\"og:image:type\" content=\"image\/png\" \/>\n<meta name=\"twitter:card\" content=\"summary_large_image\" \/>\n<meta name=\"twitter:label1\" content=\"Dur\u00e9e de lecture estim\u00e9e\" \/>\n\t<meta name=\"twitter:data1\" content=\"1 minute\" \/>\n<script type=\"application\/ld+json\" class=\"yoast-schema-graph\">{\"@context\":\"https:\/\/schema.org\",\"@graph\":[{\"@type\":\"WebPage\",\"@id\":\"https:\/\/fornimedical.ch\/fr\/produit\/attelle-de-pour-le-doigt-aluminium-baseball\/\",\"url\":\"https:\/\/fornimedical.ch\/fr\/produit\/attelle-de-pour-le-doigt-aluminium-baseball\/\",\"name\":\"Artsanity SRL Attelle doigt BASEBALL en aluminium\",\"isPartOf\":{\"@id\":\"https:\/\/fornimedical.ch\/fr\/#website\"},\"primaryImageOfPage\":{\"@id\":\"https:\/\/fornimedical.ch\/fr\/produit\/attelle-de-pour-le-doigt-aluminium-baseball\/#primaryimage\"},\"image\":{\"@id\":\"https:\/\/fornimedical.ch\/fr\/produit\/attelle-de-pour-le-doigt-aluminium-baseball\/#primaryimage\"},\"thumbnailUrl\":\"https:\/\/fornimedical.ch\/wp-content\/uploads\/2024\/10\/Baseballm.Hand_beige-1.png\",\"datePublished\":\"2024-10-22T11:19:19+00:00\",\"dateModified\":\"2026-05-05T10:13:32+00:00\",\"description\":\"Artsanity SRL Attelle pour le doigt BASEBALL en aluminium, portable des deux c\u00f4t\u00e9s, avec rembourrage en mousse antibact\u00e9rienne de 5 mm d'\u00e9paisseur\",\"breadcrumb\":{\"@id\":\"https:\/\/fornimedical.ch\/fr\/produit\/attelle-de-pour-le-doigt-aluminium-baseball\/#breadcrumb\"},\"inLanguage\":\"fr-FR\",\"potentialAction\":[{\"@type\":\"ReadAction\",\"target\":[\"https:\/\/fornimedical.ch\/fr\/produit\/attelle-de-pour-le-doigt-aluminium-baseball\/\"]}]},{\"@type\":\"ImageObject\",\"inLanguage\":\"fr-FR\",\"@id\":\"https:\/\/fornimedical.ch\/fr\/produit\/attelle-de-pour-le-doigt-aluminium-baseball\/#primaryimage\",\"url\":\"https:\/\/fornimedical.ch\/wp-content\/uploads\/2024\/10\/Baseballm.Hand_beige-1.png\",\"contentUrl\":\"https:\/\/fornimedical.ch\/wp-content\/uploads\/2024\/10\/Baseballm.Hand_beige-1.png\",\"width\":1920,\"height\":1920,\"caption\":\"Artsanity SRL Aluminium Finger Splint BASEBALL\"},{\"@type\":\"BreadcrumbList\",\"@id\":\"https:\/\/fornimedical.ch\/fr\/produit\/attelle-de-pour-le-doigt-aluminium-baseball\/#breadcrumb\",\"itemListElement\":[{\"@type\":\"ListItem\",\"position\":1,\"name\":\"Home\",\"item\":\"https:\/\/fornimedical.ch\/fr\/\"},{\"@type\":\"ListItem\",\"position\":2,\"name\":\"Archives boutique en ligne\",\"item\":\"https:\/\/fornimedical.ch\/fr\/archives-boutique-en-ligne\/\"},{\"@type\":\"ListItem\",\"position\":3,\"name\":\"Artsanity SRL Attelle pour le doigt BASEBALL en aluminium, portable des deux c\u00f4t\u00e9s\"}]},{\"@type\":\"WebSite\",\"@id\":\"https:\/\/fornimedical.ch\/fr\/#website\",\"url\":\"https:\/\/fornimedical.ch\/fr\/\",\"name\":\"Forni Medical GmbH\",\"description\":\"\",\"publisher\":{\"@id\":\"https:\/\/fornimedical.ch\/fr\/#organization\"},\"potentialAction\":[{\"@type\":\"SearchAction\",\"target\":{\"@type\":\"EntryPoint\",\"urlTemplate\":\"https:\/\/fornimedical.ch\/fr\/?s={search_term_string}\"},\"query-input\":{\"@type\":\"PropertyValueSpecification\",\"valueRequired\":true,\"valueName\":\"search_term_string\"}}],\"inLanguage\":\"fr-FR\"},{\"@type\":\"Organization\",\"@id\":\"https:\/\/fornimedical.ch\/fr\/#organization\",\"name\":\"Forni Medical GmbH\",\"url\":\"https:\/\/fornimedical.ch\/fr\/\",\"logo\":{\"@type\":\"ImageObject\",\"inLanguage\":\"fr-FR\",\"@id\":\"https:\/\/fornimedical.ch\/fr\/#\/schema\/logo\/image\/\",\"url\":\"https:\/\/fornimedical.ch\/wp-content\/uploads\/2023\/08\/logo.svg\",\"contentUrl\":\"https:\/\/fornimedical.ch\/wp-content\/uploads\/2023\/08\/logo.svg\",\"caption\":\"Forni Medical GmbH\"},\"image\":{\"@id\":\"https:\/\/fornimedical.ch\/fr\/#\/schema\/logo\/image\/\"}}]}<\/script>\n<!-- \/ Yoast SEO plugin. -->","yoast_head_json":{"title":"Artsanity SRL Attelle doigt BASEBALL en aluminium","description":"Artsanity SRL Attelle pour le doigt BASEBALL en aluminium, portable des deux c\u00f4t\u00e9s, avec rembourrage en mousse antibact\u00e9rienne de 5 mm d'\u00e9paisseur","robots":{"index":"index","follow":"follow","max-snippet":"max-snippet:-1","max-image-preview":"max-image-preview:large","max-video-preview":"max-video-preview:-1"},"canonical":"https:\/\/fornimedical.ch\/fr\/produit\/attelle-de-pour-le-doigt-aluminium-baseball\/","og_locale":"fr_FR","og_type":"article","og_title":"Artsanity SRL Attelle doigt BASEBALL en aluminium","og_description":"Artsanity SRL Attelle pour le doigt BASEBALL en aluminium, portable des deux c\u00f4t\u00e9s, avec rembourrage en mousse antibact\u00e9rienne de 5 mm d'\u00e9paisseur","og_url":"https:\/\/fornimedical.ch\/fr\/produit\/attelle-de-pour-le-doigt-aluminium-baseball\/","og_site_name":"Forni Medical GmbH","article_modified_time":"2026-05-05T10:13:32+00:00","og_image":[{"width":1920,"height":1920,"url":"https:\/\/fornimedical.ch\/wp-content\/uploads\/2024\/10\/Baseballm.Hand_beige-1.png","type":"image\/png"}],"twitter_card":"summary_large_image","twitter_misc":{"Dur\u00e9e de lecture estim\u00e9e":"1 minute"},"schema":{"@context":"https:\/\/schema.org","@graph":[{"@type":"WebPage","@id":"https:\/\/fornimedical.ch\/fr\/produit\/attelle-de-pour-le-doigt-aluminium-baseball\/","url":"https:\/\/fornimedical.ch\/fr\/produit\/attelle-de-pour-le-doigt-aluminium-baseball\/","name":"Artsanity SRL Attelle doigt BASEBALL en aluminium","isPartOf":{"@id":"https:\/\/fornimedical.ch\/fr\/#website"},"primaryImageOfPage":{"@id":"https:\/\/fornimedical.ch\/fr\/produit\/attelle-de-pour-le-doigt-aluminium-baseball\/#primaryimage"},"image":{"@id":"https:\/\/fornimedical.ch\/fr\/produit\/attelle-de-pour-le-doigt-aluminium-baseball\/#primaryimage"},"thumbnailUrl":"https:\/\/fornimedical.ch\/wp-content\/uploads\/2024\/10\/Baseballm.Hand_beige-1.png","datePublished":"2024-10-22T11:19:19+00:00","dateModified":"2026-05-05T10:13:32+00:00","description":"Artsanity SRL Attelle pour le doigt BASEBALL en aluminium, portable des deux c\u00f4t\u00e9s, avec rembourrage en mousse antibact\u00e9rienne de 5 mm d'\u00e9paisseur","breadcrumb":{"@id":"https:\/\/fornimedical.ch\/fr\/produit\/attelle-de-pour-le-doigt-aluminium-baseball\/#breadcrumb"},"inLanguage":"fr-FR","potentialAction":[{"@type":"ReadAction","target":["https:\/\/fornimedical.ch\/fr\/produit\/attelle-de-pour-le-doigt-aluminium-baseball\/"]}]},{"@type":"ImageObject","inLanguage":"fr-FR","@id":"https:\/\/fornimedical.ch\/fr\/produit\/attelle-de-pour-le-doigt-aluminium-baseball\/#primaryimage","url":"https:\/\/fornimedical.ch\/wp-content\/uploads\/2024\/10\/Baseballm.Hand_beige-1.png","contentUrl":"https:\/\/fornimedical.ch\/wp-content\/uploads\/2024\/10\/Baseballm.Hand_beige-1.png","width":1920,"height":1920,"caption":"Artsanity SRL Aluminium Finger Splint BASEBALL"},{"@type":"BreadcrumbList","@id":"https:\/\/fornimedical.ch\/fr\/produit\/attelle-de-pour-le-doigt-aluminium-baseball\/#breadcrumb","itemListElement":[{"@type":"ListItem","position":1,"name":"Home","item":"https:\/\/fornimedical.ch\/fr\/"},{"@type":"ListItem","position":2,"name":"Archives boutique en ligne","item":"https:\/\/fornimedical.ch\/fr\/archives-boutique-en-ligne\/"},{"@type":"ListItem","position":3,"name":"Artsanity SRL Attelle pour le doigt BASEBALL en aluminium, portable des deux c\u00f4t\u00e9s"}]},{"@type":"WebSite","@id":"https:\/\/fornimedical.ch\/fr\/#website","url":"https:\/\/fornimedical.ch\/fr\/","name":"Forni Medical GmbH","description":"","publisher":{"@id":"https:\/\/fornimedical.ch\/fr\/#organization"},"potentialAction":[{"@type":"SearchAction","target":{"@type":"EntryPoint","urlTemplate":"https:\/\/fornimedical.ch\/fr\/?s={search_term_string}"},"query-input":{"@type":"PropertyValueSpecification","valueRequired":true,"valueName":"search_term_string"}}],"inLanguage":"fr-FR"},{"@type":"Organization","@id":"https:\/\/fornimedical.ch\/fr\/#organization","name":"Forni Medical GmbH","url":"https:\/\/fornimedical.ch\/fr\/","logo":{"@type":"ImageObject","inLanguage":"fr-FR","@id":"https:\/\/fornimedical.ch\/fr\/#\/schema\/logo\/image\/","url":"https:\/\/fornimedical.ch\/wp-content\/uploads\/2023\/08\/logo.svg","contentUrl":"https:\/\/fornimedical.ch\/wp-content\/uploads\/2023\/08\/logo.svg","caption":"Forni Medical GmbH"},"image":{"@id":"https:\/\/fornimedical.ch\/fr\/#\/schema\/logo\/image\/"}}]}},"_links":{"self":[{"href":"https:\/\/fornimedical.ch\/fr\/wp-json\/wp\/v2\/product\/11122","targetHints":{"allow":["GET"]}}],"collection":[{"href":"https:\/\/fornimedical.ch\/fr\/wp-json\/wp\/v2\/product"}],"about":[{"href":"https:\/\/fornimedical.ch\/fr\/wp-json\/wp\/v2\/types\/product"}],"replies":[{"embeddable":true,"href":"https:\/\/fornimedical.ch\/fr\/wp-json\/wp\/v2\/comments?post=11122"}],"wp:featuredmedia":[{"embeddable":true,"href":"https:\/\/fornimedical.ch\/fr\/wp-json\/wp\/v2\/media\/11134"}],"wp:attachment":[{"href":"https:\/\/fornimedical.ch\/fr\/wp-json\/wp\/v2\/media?parent=11122"}],"wp:term":[{"taxonomy":"product_brand","embeddable":true,"href":"https:\/\/fornimedical.ch\/fr\/wp-json\/wp\/v2\/product_brand?post=11122"},{"taxonomy":"product_cat","embeddable":true,"href":"https:\/\/fornimedical.ch\/fr\/wp-json\/wp\/v2\/product_cat?post=11122"},{"taxonomy":"product_tag","embeddable":true,"href":"https:\/\/fornimedical.ch\/fr\/wp-json\/wp\/v2\/product_tag?post=11122"}],"curies":[{"name":"wp","href":"https:\/\/api.w.org\/{rel}","templated":true}]}}