{"id":11064,"date":"2024-10-04T14:08:30","date_gmt":"2024-10-04T12:08:30","guid":{"rendered":"https:\/\/fornimedical.ch\/?post_type=product&#038;p=11064"},"modified":"2026-04-13T14:07:11","modified_gmt":"2026-04-13T12:07:11","slug":"stack-attelle-de-protection-pour-le-doigt-beige-pvc-perforee","status":"publish","type":"product","link":"https:\/\/fornimedical.ch\/fr\/produit\/stack-attelle-de-protection-pour-le-doigt-beige-pvc-perforee\/","title":{"rendered":"STACK, attelle de protection pour le doigt, beige, en PVC, perfor\u00e9"},"content":{"rendered":"<p>Le design anatomique et la forme ergonomique offrent une protection id\u00e9ale pour le bout des doigts et le lit de l&rsquo;ongle. Le plastique dur perfor\u00e9 permet \u00e0 l&rsquo;air de circuler et emp\u00eache la formation d&rsquo;humidit\u00e9 et d&rsquo;odeurs.<\/p>\n","protected":false},"excerpt":{"rendered":"<p>beige, 100 % PVC<\/p>\n","protected":false},"featured_media":11074,"comment_status":"closed","ping_status":"closed","template":"","meta":{"_acf_changed":false,"site-sidebar-layout":"default","site-content-layout":"","ast-site-content-layout":"default","site-content-style":"default","site-sidebar-style":"default","ast-global-header-display":"","ast-banner-title-visibility":"","ast-main-header-display":"","ast-hfb-above-header-display":"","ast-hfb-below-header-display":"","ast-hfb-mobile-header-display":"","site-post-title":"","ast-breadcrumbs-content":"","ast-featured-img":"","footer-sml-layout":"","theme-transparent-header-meta":"default","adv-header-id-meta":"","stick-header-meta":"","header-above-stick-meta":"","header-main-stick-meta":"","header-below-stick-meta":"","astra-migrate-meta-layouts":"set","ast-page-background-enabled":"default","ast-page-background-meta":{"desktop":{"background-color":"var(--ast-global-color-4)","background-image":"","background-repeat":"repeat","background-position":"center center","background-size":"auto","background-attachment":"scroll","background-type":"","background-media":"","overlay-type":"","overlay-color":"","overlay-opacity":"","overlay-gradient":""},"tablet":{"background-color":"","background-image":"","background-repeat":"repeat","background-position":"center center","background-size":"auto","background-attachment":"scroll","background-type":"","background-media":"","overlay-type":"","overlay-color":"","overlay-opacity":"","overlay-gradient":""},"mobile":{"background-color":"","background-image":"","background-repeat":"repeat","background-position":"center center","background-size":"auto","background-attachment":"scroll","background-type":"","background-media":"","overlay-type":"","overlay-color":"","overlay-opacity":"","overlay-gradient":""}},"ast-content-background-meta":{"desktop":{"background-color":"var(--ast-global-color-5)","background-image":"","background-repeat":"repeat","background-position":"center center","background-size":"auto","background-attachment":"scroll","background-type":"","background-media":"","overlay-type":"","overlay-color":"","overlay-opacity":"","overlay-gradient":""},"tablet":{"background-color":"var(--ast-global-color-5)","background-image":"","background-repeat":"repeat","background-position":"center center","background-size":"auto","background-attachment":"scroll","background-type":"","background-media":"","overlay-type":"","overlay-color":"","overlay-opacity":"","overlay-gradient":""},"mobile":{"background-color":"var(--ast-global-color-5)","background-image":"","background-repeat":"repeat","background-position":"center center","background-size":"auto","background-attachment":"scroll","background-type":"","background-media":"","overlay-type":"","overlay-color":"","overlay-opacity":"","overlay-gradient":""}}},"product_brand":[],"product_cat":[587],"product_tag":[],"class_list":{"0":"post-11064","1":"product","2":"type-product","3":"status-publish","4":"has-post-thumbnail","6":"product_cat-protection-pour-le-doigt","7":"desktop-align-left","8":"tablet-align-left","9":"mobile-align-left","11":"first","12":"instock","13":"taxable","14":"shipping-taxable","15":"purchasable","16":"product-type-variable","17":"has-default-attributes","18":"add-to-wishlist-before_image"},"acf":[],"yoast_head":"<!-- This site is optimized with the Yoast SEO plugin v26.5 - https:\/\/yoast.com\/wordpress\/plugins\/seo\/ -->\n<title>Stack Attelle de protection pour le doigt, beige, en PVC, perfor\u00e9e<\/title>\n<meta name=\"description\" content=\"Stack Attelle de protection pour le doigt, beige perfor\u00e9e, 100\u00a0% PVC\" \/>\n<meta name=\"robots\" content=\"index, follow, max-snippet:-1, max-image-preview:large, max-video-preview:-1\" \/>\n<link rel=\"canonical\" href=\"https:\/\/fornimedical.ch\/fr\/produit\/stack-attelle-de-protection-pour-le-doigt-beige-pvc-perforee\/\" \/>\n<meta property=\"og:locale\" content=\"fr_FR\" \/>\n<meta property=\"og:type\" content=\"article\" \/>\n<meta property=\"og:title\" content=\"Stack Attelle de protection pour le doigt, beige, en PVC, perfor\u00e9e\" \/>\n<meta property=\"og:description\" content=\"Stack Attelle de protection pour le doigt, beige perfor\u00e9e, 100\u00a0% PVC\" \/>\n<meta property=\"og:url\" content=\"https:\/\/fornimedical.ch\/fr\/produit\/stack-attelle-de-protection-pour-le-doigt-beige-pvc-perforee\/\" \/>\n<meta property=\"og:site_name\" content=\"Forni Medical GmbH\" \/>\n<meta property=\"article:modified_time\" content=\"2026-04-13T12:07:11+00:00\" \/>\n<meta property=\"og:image\" content=\"https:\/\/fornimedical.ch\/wp-content\/uploads\/2024\/10\/11-0046-Finger-Stack-Beige-2.jpg\" \/>\n\t<meta property=\"og:image:width\" content=\"1000\" \/>\n\t<meta property=\"og:image:height\" content=\"634\" \/>\n\t<meta property=\"og:image:type\" content=\"image\/jpeg\" \/>\n<meta name=\"twitter:card\" content=\"summary_large_image\" \/>\n<meta name=\"twitter:label1\" content=\"Dur\u00e9e de lecture estim\u00e9e\" \/>\n\t<meta name=\"twitter:data1\" content=\"1 minute\" \/>\n<script type=\"application\/ld+json\" class=\"yoast-schema-graph\">{\"@context\":\"https:\/\/schema.org\",\"@graph\":[{\"@type\":\"WebPage\",\"@id\":\"https:\/\/fornimedical.ch\/fr\/produit\/stack-attelle-de-protection-pour-le-doigt-beige-pvc-perforee\/\",\"url\":\"https:\/\/fornimedical.ch\/fr\/produit\/stack-attelle-de-protection-pour-le-doigt-beige-pvc-perforee\/\",\"name\":\"Stack Attelle de protection pour le doigt, beige, en PVC, perfor\u00e9e\",\"isPartOf\":{\"@id\":\"https:\/\/fornimedical.ch\/fr\/#website\"},\"primaryImageOfPage\":{\"@id\":\"https:\/\/fornimedical.ch\/fr\/produit\/stack-attelle-de-protection-pour-le-doigt-beige-pvc-perforee\/#primaryimage\"},\"image\":{\"@id\":\"https:\/\/fornimedical.ch\/fr\/produit\/stack-attelle-de-protection-pour-le-doigt-beige-pvc-perforee\/#primaryimage\"},\"thumbnailUrl\":\"https:\/\/fornimedical.ch\/wp-content\/uploads\/2024\/10\/11-0046-Finger-Stack-Beige-2.jpg\",\"datePublished\":\"2024-10-04T12:08:30+00:00\",\"dateModified\":\"2026-04-13T12:07:11+00:00\",\"description\":\"Stack Attelle de protection pour le doigt, beige perfor\u00e9e, 100\u00a0% PVC\",\"breadcrumb\":{\"@id\":\"https:\/\/fornimedical.ch\/fr\/produit\/stack-attelle-de-protection-pour-le-doigt-beige-pvc-perforee\/#breadcrumb\"},\"inLanguage\":\"fr-FR\",\"potentialAction\":[{\"@type\":\"ReadAction\",\"target\":[\"https:\/\/fornimedical.ch\/fr\/produit\/stack-attelle-de-protection-pour-le-doigt-beige-pvc-perforee\/\"]}]},{\"@type\":\"ImageObject\",\"inLanguage\":\"fr-FR\",\"@id\":\"https:\/\/fornimedical.ch\/fr\/produit\/stack-attelle-de-protection-pour-le-doigt-beige-pvc-perforee\/#primaryimage\",\"url\":\"https:\/\/fornimedical.ch\/wp-content\/uploads\/2024\/10\/11-0046-Finger-Stack-Beige-2.jpg\",\"contentUrl\":\"https:\/\/fornimedical.ch\/wp-content\/uploads\/2024\/10\/11-0046-Finger-Stack-Beige-2.jpg\",\"width\":1000,\"height\":634,\"caption\":\"Stack Fingerschiene, beige, PVC, perforiert\"},{\"@type\":\"BreadcrumbList\",\"@id\":\"https:\/\/fornimedical.ch\/fr\/produit\/stack-attelle-de-protection-pour-le-doigt-beige-pvc-perforee\/#breadcrumb\",\"itemListElement\":[{\"@type\":\"ListItem\",\"position\":1,\"name\":\"Home\",\"item\":\"https:\/\/fornimedical.ch\/fr\/\"},{\"@type\":\"ListItem\",\"position\":2,\"name\":\"Archives boutique en ligne\",\"item\":\"https:\/\/fornimedical.ch\/fr\/archives-boutique-en-ligne\/\"},{\"@type\":\"ListItem\",\"position\":3,\"name\":\"STACK, attelle de protection pour le doigt, beige, en PVC, perfor\u00e9\"}]},{\"@type\":\"WebSite\",\"@id\":\"https:\/\/fornimedical.ch\/fr\/#website\",\"url\":\"https:\/\/fornimedical.ch\/fr\/\",\"name\":\"Forni Medical GmbH\",\"description\":\"\",\"publisher\":{\"@id\":\"https:\/\/fornimedical.ch\/fr\/#organization\"},\"potentialAction\":[{\"@type\":\"SearchAction\",\"target\":{\"@type\":\"EntryPoint\",\"urlTemplate\":\"https:\/\/fornimedical.ch\/fr\/?s={search_term_string}\"},\"query-input\":{\"@type\":\"PropertyValueSpecification\",\"valueRequired\":true,\"valueName\":\"search_term_string\"}}],\"inLanguage\":\"fr-FR\"},{\"@type\":\"Organization\",\"@id\":\"https:\/\/fornimedical.ch\/fr\/#organization\",\"name\":\"Forni Medical GmbH\",\"url\":\"https:\/\/fornimedical.ch\/fr\/\",\"logo\":{\"@type\":\"ImageObject\",\"inLanguage\":\"fr-FR\",\"@id\":\"https:\/\/fornimedical.ch\/fr\/#\/schema\/logo\/image\/\",\"url\":\"https:\/\/fornimedical.ch\/wp-content\/uploads\/2023\/08\/logo.svg\",\"contentUrl\":\"https:\/\/fornimedical.ch\/wp-content\/uploads\/2023\/08\/logo.svg\",\"caption\":\"Forni Medical GmbH\"},\"image\":{\"@id\":\"https:\/\/fornimedical.ch\/fr\/#\/schema\/logo\/image\/\"}}]}<\/script>\n<!-- \/ Yoast SEO plugin. -->","yoast_head_json":{"title":"Stack Attelle de protection pour le doigt, beige, en PVC, perfor\u00e9e","description":"Stack Attelle de protection pour le doigt, beige perfor\u00e9e, 100\u00a0% PVC","robots":{"index":"index","follow":"follow","max-snippet":"max-snippet:-1","max-image-preview":"max-image-preview:large","max-video-preview":"max-video-preview:-1"},"canonical":"https:\/\/fornimedical.ch\/fr\/produit\/stack-attelle-de-protection-pour-le-doigt-beige-pvc-perforee\/","og_locale":"fr_FR","og_type":"article","og_title":"Stack Attelle de protection pour le doigt, beige, en PVC, perfor\u00e9e","og_description":"Stack Attelle de protection pour le doigt, beige perfor\u00e9e, 100\u00a0% PVC","og_url":"https:\/\/fornimedical.ch\/fr\/produit\/stack-attelle-de-protection-pour-le-doigt-beige-pvc-perforee\/","og_site_name":"Forni Medical GmbH","article_modified_time":"2026-04-13T12:07:11+00:00","og_image":[{"width":1000,"height":634,"url":"https:\/\/fornimedical.ch\/wp-content\/uploads\/2024\/10\/11-0046-Finger-Stack-Beige-2.jpg","type":"image\/jpeg"}],"twitter_card":"summary_large_image","twitter_misc":{"Dur\u00e9e de lecture estim\u00e9e":"1 minute"},"schema":{"@context":"https:\/\/schema.org","@graph":[{"@type":"WebPage","@id":"https:\/\/fornimedical.ch\/fr\/produit\/stack-attelle-de-protection-pour-le-doigt-beige-pvc-perforee\/","url":"https:\/\/fornimedical.ch\/fr\/produit\/stack-attelle-de-protection-pour-le-doigt-beige-pvc-perforee\/","name":"Stack Attelle de protection pour le doigt, beige, en PVC, perfor\u00e9e","isPartOf":{"@id":"https:\/\/fornimedical.ch\/fr\/#website"},"primaryImageOfPage":{"@id":"https:\/\/fornimedical.ch\/fr\/produit\/stack-attelle-de-protection-pour-le-doigt-beige-pvc-perforee\/#primaryimage"},"image":{"@id":"https:\/\/fornimedical.ch\/fr\/produit\/stack-attelle-de-protection-pour-le-doigt-beige-pvc-perforee\/#primaryimage"},"thumbnailUrl":"https:\/\/fornimedical.ch\/wp-content\/uploads\/2024\/10\/11-0046-Finger-Stack-Beige-2.jpg","datePublished":"2024-10-04T12:08:30+00:00","dateModified":"2026-04-13T12:07:11+00:00","description":"Stack Attelle de protection pour le doigt, beige perfor\u00e9e, 100\u00a0% PVC","breadcrumb":{"@id":"https:\/\/fornimedical.ch\/fr\/produit\/stack-attelle-de-protection-pour-le-doigt-beige-pvc-perforee\/#breadcrumb"},"inLanguage":"fr-FR","potentialAction":[{"@type":"ReadAction","target":["https:\/\/fornimedical.ch\/fr\/produit\/stack-attelle-de-protection-pour-le-doigt-beige-pvc-perforee\/"]}]},{"@type":"ImageObject","inLanguage":"fr-FR","@id":"https:\/\/fornimedical.ch\/fr\/produit\/stack-attelle-de-protection-pour-le-doigt-beige-pvc-perforee\/#primaryimage","url":"https:\/\/fornimedical.ch\/wp-content\/uploads\/2024\/10\/11-0046-Finger-Stack-Beige-2.jpg","contentUrl":"https:\/\/fornimedical.ch\/wp-content\/uploads\/2024\/10\/11-0046-Finger-Stack-Beige-2.jpg","width":1000,"height":634,"caption":"Stack Fingerschiene, beige, PVC, perforiert"},{"@type":"BreadcrumbList","@id":"https:\/\/fornimedical.ch\/fr\/produit\/stack-attelle-de-protection-pour-le-doigt-beige-pvc-perforee\/#breadcrumb","itemListElement":[{"@type":"ListItem","position":1,"name":"Home","item":"https:\/\/fornimedical.ch\/fr\/"},{"@type":"ListItem","position":2,"name":"Archives boutique en ligne","item":"https:\/\/fornimedical.ch\/fr\/archives-boutique-en-ligne\/"},{"@type":"ListItem","position":3,"name":"STACK, attelle de protection pour le doigt, beige, en PVC, perfor\u00e9"}]},{"@type":"WebSite","@id":"https:\/\/fornimedical.ch\/fr\/#website","url":"https:\/\/fornimedical.ch\/fr\/","name":"Forni Medical GmbH","description":"","publisher":{"@id":"https:\/\/fornimedical.ch\/fr\/#organization"},"potentialAction":[{"@type":"SearchAction","target":{"@type":"EntryPoint","urlTemplate":"https:\/\/fornimedical.ch\/fr\/?s={search_term_string}"},"query-input":{"@type":"PropertyValueSpecification","valueRequired":true,"valueName":"search_term_string"}}],"inLanguage":"fr-FR"},{"@type":"Organization","@id":"https:\/\/fornimedical.ch\/fr\/#organization","name":"Forni Medical GmbH","url":"https:\/\/fornimedical.ch\/fr\/","logo":{"@type":"ImageObject","inLanguage":"fr-FR","@id":"https:\/\/fornimedical.ch\/fr\/#\/schema\/logo\/image\/","url":"https:\/\/fornimedical.ch\/wp-content\/uploads\/2023\/08\/logo.svg","contentUrl":"https:\/\/fornimedical.ch\/wp-content\/uploads\/2023\/08\/logo.svg","caption":"Forni Medical GmbH"},"image":{"@id":"https:\/\/fornimedical.ch\/fr\/#\/schema\/logo\/image\/"}}]}},"_links":{"self":[{"href":"https:\/\/fornimedical.ch\/fr\/wp-json\/wp\/v2\/product\/11064","targetHints":{"allow":["GET"]}}],"collection":[{"href":"https:\/\/fornimedical.ch\/fr\/wp-json\/wp\/v2\/product"}],"about":[{"href":"https:\/\/fornimedical.ch\/fr\/wp-json\/wp\/v2\/types\/product"}],"replies":[{"embeddable":true,"href":"https:\/\/fornimedical.ch\/fr\/wp-json\/wp\/v2\/comments?post=11064"}],"wp:featuredmedia":[{"embeddable":true,"href":"https:\/\/fornimedical.ch\/fr\/wp-json\/wp\/v2\/media\/11074"}],"wp:attachment":[{"href":"https:\/\/fornimedical.ch\/fr\/wp-json\/wp\/v2\/media?parent=11064"}],"wp:term":[{"taxonomy":"product_brand","embeddable":true,"href":"https:\/\/fornimedical.ch\/fr\/wp-json\/wp\/v2\/product_brand?post=11064"},{"taxonomy":"product_cat","embeddable":true,"href":"https:\/\/fornimedical.ch\/fr\/wp-json\/wp\/v2\/product_cat?post=11064"},{"taxonomy":"product_tag","embeddable":true,"href":"https:\/\/fornimedical.ch\/fr\/wp-json\/wp\/v2\/product_tag?post=11064"}],"curies":[{"name":"wp","href":"https:\/\/api.w.org\/{rel}","templated":true}]}}