{"id":9857,"date":"2023-09-03T09:33:47","date_gmt":"2023-09-03T09:33:47","guid":{"rendered":"https:\/\/fornimedical.ch\/a-propos-de-nous\/emplois\/"},"modified":"2024-07-19T09:33:42","modified_gmt":"2024-07-19T09:33:42","slug":"emplois","status":"publish","type":"page","link":"https:\/\/fornimedical.ch\/fr\/a-propos-de-nous\/emplois\/","title":{"rendered":"Emplois"},"content":{"rendered":"<div class=\"field-blocks-section  \" ><div class=\"container simple-text-section-wrapper\n\">\n\t\t<div class=\"text-content\"><h2>Pourquoi travailler chez Forni Medical ? <\/h2>\n<\/div>\n\t\n<\/div>\n<div class=\"container simple-text-section-wrapper\n\">\n\t\t<div class=\"text-content\"><p><strong>Parce que nous sommes une petite entreprise avec un grand esprit d&rsquo;\u00e9quipe et que nous ne prenons pas seulement soin de notre client\u00e8le, mais aussi de notre personnel. Forni Medical est un employeur familial et g\u00e9n\u00e9reux, situ\u00e9 au c\u0153ur de la belle Thurgovie et facile d&rsquo;acc\u00e8s. Chez nous, vous pouvez exprimer vos points forts. Outre un quotidien vari\u00e9, les moments d&rsquo;humour ne manquent pas. Nous sommes simples et attachons beaucoup d&rsquo;importance au bien-\u00eatre personnel. Car si cela va bien, l&rsquo;ensemble va bien aussi. Laissez-vous convaincre et postulez d\u00e8s aujourd&rsquo;hui.<\/strong><\/p>\n<\/div>\n\t\n<\/div>\n<div class=\"container simple-text-section-wrapper\n\">\n\t\t<div class=\"text-content\"><h2>Postes \u00e0 pourvoir :<\/h2>\n<\/div>\n\t\n<\/div>\n<div class=\"container simple-text-section-wrapper\n\">\n\t\t<div class=\"text-content\"><p>Nous n&rsquo;avons pas de postes vacants pour le moment.<\/p>\n<\/div>\n\t\n<\/div>\n<\/div>","protected":false},"excerpt":{"rendered":"<p>Pourquoi travailler chez Forni Medical ? Parce que nous sommes une petite entreprise avec un grand esprit d&rsquo;\u00e9quipe et que nous ne prenons pas seulement soin de notre client\u00e8le, mais aussi de notre personnel. Forni Medical est un employeur familial et g\u00e9n\u00e9reux, situ\u00e9 au c\u0153ur de la belle Thurgovie et facile d&rsquo;acc\u00e8s. Chez nous, vous [&hellip;]<\/p>\n","protected":false},"author":264,"featured_media":0,"parent":5071,"menu_order":4,"comment_status":"closed","ping_status":"closed","template":"","meta":{"_acf_changed":false,"site-sidebar-layout":"default","site-content-layout":"","ast-site-content-layout":"default","site-content-style":"default","site-sidebar-style":"default","ast-global-header-display":"","ast-banner-title-visibility":"","ast-main-header-display":"","ast-hfb-above-header-display":"","ast-hfb-below-header-display":"","ast-hfb-mobile-header-display":"","site-post-title":"","ast-breadcrumbs-content":"","ast-featured-img":"","footer-sml-layout":"","theme-transparent-header-meta":"default","adv-header-id-meta":"","stick-header-meta":"","header-above-stick-meta":"","header-main-stick-meta":"","header-below-stick-meta":"","astra-migrate-meta-layouts":"set","ast-page-background-enabled":"default","ast-page-background-meta":{"desktop":{"background-color":"var(--ast-global-color-4)","background-image":"","background-repeat":"repeat","background-position":"center center","background-size":"auto","background-attachment":"scroll","background-type":"","background-media":"","overlay-type":"","overlay-color":"","overlay-opacity":"","overlay-gradient":""},"tablet":{"background-color":"","background-image":"","background-repeat":"repeat","background-position":"center center","background-size":"auto","background-attachment":"scroll","background-type":"","background-media":"","overlay-type":"","overlay-color":"","overlay-opacity":"","overlay-gradient":""},"mobile":{"background-color":"","background-image":"","background-repeat":"repeat","background-position":"center center","background-size":"auto","background-attachment":"scroll","background-type":"","background-media":"","overlay-type":"","overlay-color":"","overlay-opacity":"","overlay-gradient":""}},"ast-content-background-meta":{"desktop":{"background-color":"var(--ast-global-color-5)","background-image":"","background-repeat":"repeat","background-position":"center center","background-size":"auto","background-attachment":"scroll","background-type":"","background-media":"","overlay-type":"","overlay-color":"","overlay-opacity":"","overlay-gradient":""},"tablet":{"background-color":"var(--ast-global-color-5)","background-image":"","background-repeat":"repeat","background-position":"center center","background-size":"auto","background-attachment":"scroll","background-type":"","background-media":"","overlay-type":"","overlay-color":"","overlay-opacity":"","overlay-gradient":""},"mobile":{"background-color":"var(--ast-global-color-5)","background-image":"","background-repeat":"repeat","background-position":"center center","background-size":"auto","background-attachment":"scroll","background-type":"","background-media":"","overlay-type":"","overlay-color":"","overlay-opacity":"","overlay-gradient":""}},"footnotes":""},"class_list":["post-9857","page","type-page","status-publish","hentry"],"acf":[],"yoast_head":"<!-- This site is optimized with the Yoast SEO plugin v26.5 - https:\/\/yoast.com\/wordpress\/plugins\/seo\/ -->\n<title>Postes vacants | Forni Medical<\/title>\n<meta name=\"description\" content=\"Le succ\u00e8s de l&#039;entreprise vient avec des collaborateurs engag\u00e9s. Les points forts individuels sont encourag\u00e9s et les langues \u00e9trang\u00e8res sont souhait\u00e9es.\" \/>\n<meta name=\"robots\" content=\"index, follow, max-snippet:-1, max-image-preview:large, max-video-preview:-1\" \/>\n<link rel=\"canonical\" href=\"https:\/\/fornimedical.ch\/fr\/a-propos-de-nous\/emplois\/\" \/>\n<meta property=\"og:locale\" content=\"fr_FR\" \/>\n<meta property=\"og:type\" content=\"article\" \/>\n<meta property=\"og:title\" content=\"Postes vacants | Forni Medical\" \/>\n<meta property=\"og:description\" content=\"Le succ\u00e8s de l&#039;entreprise vient avec des collaborateurs engag\u00e9s. Les points forts individuels sont encourag\u00e9s et les langues \u00e9trang\u00e8res sont souhait\u00e9es.\" \/>\n<meta property=\"og:url\" content=\"https:\/\/fornimedical.ch\/fr\/a-propos-de-nous\/emplois\/\" \/>\n<meta property=\"og:site_name\" content=\"Forni Medical GmbH\" \/>\n<meta property=\"article:modified_time\" content=\"2024-07-19T09:33:42+00:00\" \/>\n<meta name=\"twitter:card\" content=\"summary_large_image\" \/>\n<script type=\"application\/ld+json\" class=\"yoast-schema-graph\">{\"@context\":\"https:\/\/schema.org\",\"@graph\":[{\"@type\":\"WebPage\",\"@id\":\"https:\/\/fornimedical.ch\/fr\/a-propos-de-nous\/emplois\/\",\"url\":\"https:\/\/fornimedical.ch\/fr\/a-propos-de-nous\/emplois\/\",\"name\":\"Postes vacants | Forni Medical\",\"isPartOf\":{\"@id\":\"https:\/\/fornimedical.ch\/fr\/#website\"},\"datePublished\":\"2023-09-03T09:33:47+00:00\",\"dateModified\":\"2024-07-19T09:33:42+00:00\",\"description\":\"Le succ\u00e8s de l'entreprise vient avec des collaborateurs engag\u00e9s. Les points forts individuels sont encourag\u00e9s et les langues \u00e9trang\u00e8res sont souhait\u00e9es.\",\"breadcrumb\":{\"@id\":\"https:\/\/fornimedical.ch\/fr\/a-propos-de-nous\/emplois\/#breadcrumb\"},\"inLanguage\":\"fr-FR\",\"potentialAction\":[{\"@type\":\"ReadAction\",\"target\":[\"https:\/\/fornimedical.ch\/fr\/a-propos-de-nous\/emplois\/\"]}]},{\"@type\":\"BreadcrumbList\",\"@id\":\"https:\/\/fornimedical.ch\/fr\/a-propos-de-nous\/emplois\/#breadcrumb\",\"itemListElement\":[{\"@type\":\"ListItem\",\"position\":1,\"name\":\"Home\",\"item\":\"https:\/\/fornimedical.ch\/fr\/\"},{\"@type\":\"ListItem\",\"position\":2,\"name\":\"\u00c0 propos de nous\",\"item\":\"https:\/\/fornimedical.ch\/fr\/a-propos-de-nous\/\"},{\"@type\":\"ListItem\",\"position\":3,\"name\":\"Emplois\"}]},{\"@type\":\"WebSite\",\"@id\":\"https:\/\/fornimedical.ch\/fr\/#website\",\"url\":\"https:\/\/fornimedical.ch\/fr\/\",\"name\":\"Forni Medical GmbH\",\"description\":\"\",\"publisher\":{\"@id\":\"https:\/\/fornimedical.ch\/fr\/#organization\"},\"potentialAction\":[{\"@type\":\"SearchAction\",\"target\":{\"@type\":\"EntryPoint\",\"urlTemplate\":\"https:\/\/fornimedical.ch\/fr\/?s={search_term_string}\"},\"query-input\":{\"@type\":\"PropertyValueSpecification\",\"valueRequired\":true,\"valueName\":\"search_term_string\"}}],\"inLanguage\":\"fr-FR\"},{\"@type\":\"Organization\",\"@id\":\"https:\/\/fornimedical.ch\/fr\/#organization\",\"name\":\"Forni Medical GmbH\",\"url\":\"https:\/\/fornimedical.ch\/fr\/\",\"logo\":{\"@type\":\"ImageObject\",\"inLanguage\":\"fr-FR\",\"@id\":\"https:\/\/fornimedical.ch\/fr\/#\/schema\/logo\/image\/\",\"url\":\"https:\/\/fornimedical.ch\/wp-content\/uploads\/2023\/08\/logo.svg\",\"contentUrl\":\"https:\/\/fornimedical.ch\/wp-content\/uploads\/2023\/08\/logo.svg\",\"caption\":\"Forni Medical GmbH\"},\"image\":{\"@id\":\"https:\/\/fornimedical.ch\/fr\/#\/schema\/logo\/image\/\"}}]}<\/script>\n<!-- \/ Yoast SEO plugin. -->","yoast_head_json":{"title":"Postes vacants | Forni Medical","description":"Le succ\u00e8s de l'entreprise vient avec des collaborateurs engag\u00e9s. Les points forts individuels sont encourag\u00e9s et les langues \u00e9trang\u00e8res sont souhait\u00e9es.","robots":{"index":"index","follow":"follow","max-snippet":"max-snippet:-1","max-image-preview":"max-image-preview:large","max-video-preview":"max-video-preview:-1"},"canonical":"https:\/\/fornimedical.ch\/fr\/a-propos-de-nous\/emplois\/","og_locale":"fr_FR","og_type":"article","og_title":"Postes vacants | Forni Medical","og_description":"Le succ\u00e8s de l'entreprise vient avec des collaborateurs engag\u00e9s. Les points forts individuels sont encourag\u00e9s et les langues \u00e9trang\u00e8res sont souhait\u00e9es.","og_url":"https:\/\/fornimedical.ch\/fr\/a-propos-de-nous\/emplois\/","og_site_name":"Forni Medical GmbH","article_modified_time":"2024-07-19T09:33:42+00:00","twitter_card":"summary_large_image","schema":{"@context":"https:\/\/schema.org","@graph":[{"@type":"WebPage","@id":"https:\/\/fornimedical.ch\/fr\/a-propos-de-nous\/emplois\/","url":"https:\/\/fornimedical.ch\/fr\/a-propos-de-nous\/emplois\/","name":"Postes vacants | Forni Medical","isPartOf":{"@id":"https:\/\/fornimedical.ch\/fr\/#website"},"datePublished":"2023-09-03T09:33:47+00:00","dateModified":"2024-07-19T09:33:42+00:00","description":"Le succ\u00e8s de l'entreprise vient avec des collaborateurs engag\u00e9s. Les points forts individuels sont encourag\u00e9s et les langues \u00e9trang\u00e8res sont souhait\u00e9es.","breadcrumb":{"@id":"https:\/\/fornimedical.ch\/fr\/a-propos-de-nous\/emplois\/#breadcrumb"},"inLanguage":"fr-FR","potentialAction":[{"@type":"ReadAction","target":["https:\/\/fornimedical.ch\/fr\/a-propos-de-nous\/emplois\/"]}]},{"@type":"BreadcrumbList","@id":"https:\/\/fornimedical.ch\/fr\/a-propos-de-nous\/emplois\/#breadcrumb","itemListElement":[{"@type":"ListItem","position":1,"name":"Home","item":"https:\/\/fornimedical.ch\/fr\/"},{"@type":"ListItem","position":2,"name":"\u00c0 propos de nous","item":"https:\/\/fornimedical.ch\/fr\/a-propos-de-nous\/"},{"@type":"ListItem","position":3,"name":"Emplois"}]},{"@type":"WebSite","@id":"https:\/\/fornimedical.ch\/fr\/#website","url":"https:\/\/fornimedical.ch\/fr\/","name":"Forni Medical GmbH","description":"","publisher":{"@id":"https:\/\/fornimedical.ch\/fr\/#organization"},"potentialAction":[{"@type":"SearchAction","target":{"@type":"EntryPoint","urlTemplate":"https:\/\/fornimedical.ch\/fr\/?s={search_term_string}"},"query-input":{"@type":"PropertyValueSpecification","valueRequired":true,"valueName":"search_term_string"}}],"inLanguage":"fr-FR"},{"@type":"Organization","@id":"https:\/\/fornimedical.ch\/fr\/#organization","name":"Forni Medical GmbH","url":"https:\/\/fornimedical.ch\/fr\/","logo":{"@type":"ImageObject","inLanguage":"fr-FR","@id":"https:\/\/fornimedical.ch\/fr\/#\/schema\/logo\/image\/","url":"https:\/\/fornimedical.ch\/wp-content\/uploads\/2023\/08\/logo.svg","contentUrl":"https:\/\/fornimedical.ch\/wp-content\/uploads\/2023\/08\/logo.svg","caption":"Forni Medical GmbH"},"image":{"@id":"https:\/\/fornimedical.ch\/fr\/#\/schema\/logo\/image\/"}}]}},"_links":{"self":[{"href":"https:\/\/fornimedical.ch\/fr\/wp-json\/wp\/v2\/pages\/9857","targetHints":{"allow":["GET"]}}],"collection":[{"href":"https:\/\/fornimedical.ch\/fr\/wp-json\/wp\/v2\/pages"}],"about":[{"href":"https:\/\/fornimedical.ch\/fr\/wp-json\/wp\/v2\/types\/page"}],"author":[{"embeddable":true,"href":"https:\/\/fornimedical.ch\/fr\/wp-json\/wp\/v2\/users\/264"}],"replies":[{"embeddable":true,"href":"https:\/\/fornimedical.ch\/fr\/wp-json\/wp\/v2\/comments?post=9857"}],"version-history":[{"count":0,"href":"https:\/\/fornimedical.ch\/fr\/wp-json\/wp\/v2\/pages\/9857\/revisions"}],"up":[{"embeddable":true,"href":"https:\/\/fornimedical.ch\/fr\/wp-json\/wp\/v2\/pages\/5071"}],"wp:attachment":[{"href":"https:\/\/fornimedical.ch\/fr\/wp-json\/wp\/v2\/media?parent=9857"}],"curies":[{"name":"wp","href":"https:\/\/api.w.org\/{rel}","templated":true}]}}