{"id":5239,"date":"2023-09-03T09:35:15","date_gmt":"2023-09-03T09:35:15","guid":{"rendered":"https:\/\/fornimedical.ch\/?page_id=5239"},"modified":"2024-07-19T06:36:59","modified_gmt":"2024-07-19T06:36:59","slug":"dialyse","status":"publish","type":"page","link":"https:\/\/fornimedical.ch\/fr\/produits-forni-et-produits-commerciaux\/dialyse\/","title":{"rendered":"Dialyse"},"content":{"rendered":"<div class=\"field-blocks-section  \" ><div class=\"container simple-text-section-wrapper\n\">\n\t\t<div class=\"text-content\"><h2>Dialyse\u00a0\u2013 am\u00e9liorer la qualit\u00e9 de vie des patients<\/h2>\n<\/div>\n\t\n<\/div>\n<div class=\"container simple-text-section-wrapper\n with-image right\">\n\t\t<div class=\"text-content\"><p><strong>Vous avez des patients dialys\u00e9s et vous voulez am\u00e9liorer leur qualit\u00e9 de vie au quotidien? Nous vous y aidons. Gr\u00e2ce \u00e0 nos pochettes de protection pour cath\u00e9ter, vos patients peuvent se doucher ou se baigner sans douleur. Et ce, pas seulement \u00e0 la maison, mais \u00e9galement \u00e0 la mer et dans de nombreuses piscines publiques. Vos patients dialys\u00e9s peuvent ainsi profiter pleinement de leurs vacances.<\/strong><\/p>\n<\/div>\n\t<div class=\"image-content large\"><img decoding=\"async\" width=\"1024\" height=\"614\" src=\"https:\/\/fornimedical.ch\/wp-content\/uploads\/2024\/01\/forni-medical_dialyse_katheter_schutzbeutel_01-1024x614.jpg\" class=\"attachment-large size-large\" alt=\"Forni Medical Katheterschutzbeutel\" srcset=\"https:\/\/fornimedical.ch\/wp-content\/uploads\/2024\/01\/forni-medical_dialyse_katheter_schutzbeutel_01-1024x614.jpg 1024w, https:\/\/fornimedical.ch\/wp-content\/uploads\/2024\/01\/forni-medical_dialyse_katheter_schutzbeutel_01-300x180.jpg 300w, https:\/\/fornimedical.ch\/wp-content\/uploads\/2024\/01\/forni-medical_dialyse_katheter_schutzbeutel_01-768x460.jpg 768w, https:\/\/fornimedical.ch\/wp-content\/uploads\/2024\/01\/forni-medical_dialyse_katheter_schutzbeutel_01-1536x921.jpg 1536w, https:\/\/fornimedical.ch\/wp-content\/uploads\/2024\/01\/forni-medical_dialyse_katheter_schutzbeutel_01-2048x1227.jpg 2048w, https:\/\/fornimedical.ch\/wp-content\/uploads\/2024\/01\/forni-medical_dialyse_katheter_schutzbeutel_01-600x360.jpg 600w\" sizes=\"(max-width: 1024px) 100vw, 1024px\" \/><\/div>\n<\/div>\n<div class=\"container simple-text-section-wrapper\n\">\n\t\t<div class=\"text-content\"><h2>Pads et pansements\u00a0\u2013 uniques sur le march\u00e9 suisse<\/h2>\n<\/div>\n\t\n<\/div>\n<div class=\"container simple-text-section-wrapper\n with-image right\">\n\t\t<div class=\"text-content\"><p>Nous sommes fiers d\u2019\u00eatre les d\u00e9tenteurs exclusifs des droits de commercialisation des <strong>produits de dialyse Emodial<\/strong> en Suisse. Cela comprend les gammes standard:<\/p>\n<ul>\n<li>Emostan\u00a0\u2013 pad h\u00e9mostatique<\/li>\n<li>Betafix\u00a0\u2013 pad h\u00e9mostatique avec pansement \u00e9lastique<\/li>\n<\/ul>\n<p>Ces <strong>pansements<\/strong> vous permettent de r\u00e9aliser le traitement sous dialyse plus rapidement, du fait des propri\u00e9t\u00e9s h\u00e9mostatiques des pads.<\/p>\n<p>La <strong>ligne \u00abargent\u00bb<\/strong> d\u2019Emodial est \u00e9galement tr\u00e8s appr\u00e9ci\u00e9e. Elle a \u00e9t\u00e9 con\u00e7ue sp\u00e9cialement pour les peaux sensibles et les personnes diab\u00e9tiques qui cicatrisent mal. En outre, les produits de la ligne \u00abargent\u00bb pr\u00e9sentent un risque infectieux moindre, et trouvent leur application aupr\u00e8s des patients allergiques aux pansements. Convient \u00e9galement aux peaux parchemin\u00e9es.<\/p>\n<p>Nous avons \u00e0 c\u0153ur d\u2019offrir une vie plus agr\u00e9able aux patients dialys\u00e9s. Il n\u2019est pas facile de supporter des perfusions permanentes et des s\u00e9jours fr\u00e9quents \u00e0 l\u2019h\u00f4pital. Trouvez le produit qu\u2019il vous faut pour am\u00e9liorer la qualit\u00e9 de vie de vos patients dans l\u2019onglet <a href=\"https:\/\/fornimedical.ch\/fr\/product-category\/dialyse-fr\/\"><strong>Dialyse<\/strong><\/a>.<\/p>\n<\/div>\n\t<div class=\"image-content medium\"><img decoding=\"async\" width=\"300\" height=\"180\" src=\"https:\/\/fornimedical.ch\/wp-content\/uploads\/2024\/01\/forni-medical_dialyse_fistelpflaster-mit-silber_02-300x180.jpg\" class=\"attachment-medium size-medium\" alt=\"Forni Medical Fistelpflaster mit Silber\" srcset=\"https:\/\/fornimedical.ch\/wp-content\/uploads\/2024\/01\/forni-medical_dialyse_fistelpflaster-mit-silber_02-300x180.jpg 300w, https:\/\/fornimedical.ch\/wp-content\/uploads\/2024\/01\/forni-medical_dialyse_fistelpflaster-mit-silber_02-1024x614.jpg 1024w, https:\/\/fornimedical.ch\/wp-content\/uploads\/2024\/01\/forni-medical_dialyse_fistelpflaster-mit-silber_02-768x460.jpg 768w, https:\/\/fornimedical.ch\/wp-content\/uploads\/2024\/01\/forni-medical_dialyse_fistelpflaster-mit-silber_02-1536x921.jpg 1536w, https:\/\/fornimedical.ch\/wp-content\/uploads\/2024\/01\/forni-medical_dialyse_fistelpflaster-mit-silber_02-2048x1227.jpg 2048w, https:\/\/fornimedical.ch\/wp-content\/uploads\/2024\/01\/forni-medical_dialyse_fistelpflaster-mit-silber_02-600x360.jpg 600w\" sizes=\"(max-width: 300px) 100vw, 300px\" \/><\/div>\n<\/div>\n<\/div>","protected":false},"excerpt":{"rendered":"<p>Dialyse\u00a0\u2013 am\u00e9liorer la qualit\u00e9 de vie des patients Vous avez des patients dialys\u00e9s et vous voulez am\u00e9liorer leur qualit\u00e9 de vie au quotidien? Nous vous y aidons. Gr\u00e2ce \u00e0 nos pochettes de protection pour cath\u00e9ter, vos patients peuvent se doucher ou se baigner sans douleur. Et ce, pas seulement \u00e0 la maison, mais \u00e9galement \u00e0 [&hellip;]<\/p>\n","protected":false},"author":264,"featured_media":0,"parent":5058,"menu_order":2,"comment_status":"closed","ping_status":"closed","template":"","meta":{"_acf_changed":false,"site-sidebar-layout":"default","site-content-layout":"","ast-site-content-layout":"default","site-content-style":"default","site-sidebar-style":"default","ast-global-header-display":"","ast-banner-title-visibility":"","ast-main-header-display":"","ast-hfb-above-header-display":"","ast-hfb-below-header-display":"","ast-hfb-mobile-header-display":"","site-post-title":"","ast-breadcrumbs-content":"","ast-featured-img":"","footer-sml-layout":"","theme-transparent-header-meta":"default","adv-header-id-meta":"","stick-header-meta":"","header-above-stick-meta":"","header-main-stick-meta":"","header-below-stick-meta":"","astra-migrate-meta-layouts":"set","ast-page-background-enabled":"default","ast-page-background-meta":{"desktop":{"background-color":"var(--ast-global-color-4)","background-image":"","background-repeat":"repeat","background-position":"center center","background-size":"auto","background-attachment":"scroll","background-type":"","background-media":"","overlay-type":"","overlay-color":"","overlay-opacity":"","overlay-gradient":""},"tablet":{"background-color":"","background-image":"","background-repeat":"repeat","background-position":"center center","background-size":"auto","background-attachment":"scroll","background-type":"","background-media":"","overlay-type":"","overlay-color":"","overlay-opacity":"","overlay-gradient":""},"mobile":{"background-color":"","background-image":"","background-repeat":"repeat","background-position":"center center","background-size":"auto","background-attachment":"scroll","background-type":"","background-media":"","overlay-type":"","overlay-color":"","overlay-opacity":"","overlay-gradient":""}},"ast-content-background-meta":{"desktop":{"background-color":"var(--ast-global-color-5)","background-image":"","background-repeat":"repeat","background-position":"center center","background-size":"auto","background-attachment":"scroll","background-type":"","background-media":"","overlay-type":"","overlay-color":"","overlay-opacity":"","overlay-gradient":""},"tablet":{"background-color":"var(--ast-global-color-5)","background-image":"","background-repeat":"repeat","background-position":"center center","background-size":"auto","background-attachment":"scroll","background-type":"","background-media":"","overlay-type":"","overlay-color":"","overlay-opacity":"","overlay-gradient":""},"mobile":{"background-color":"var(--ast-global-color-5)","background-image":"","background-repeat":"repeat","background-position":"center center","background-size":"auto","background-attachment":"scroll","background-type":"","background-media":"","overlay-type":"","overlay-color":"","overlay-opacity":"","overlay-gradient":""}},"footnotes":""},"class_list":["post-5239","page","type-page","status-publish","hentry"],"acf":[],"yoast_head":"<!-- This site is optimized with the Yoast SEO plugin v26.5 - https:\/\/yoast.com\/wordpress\/plugins\/seo\/ -->\n<title>Dialyse | Forni Medical<\/title>\n<meta name=\"description\" content=\"Nos pochettes de protection imperm\u00e9ables pour cath\u00e9ter ainsi que nos pads et pansements h\u00e9mostatiques am\u00e9liorent votre qualit\u00e9 de vie au quotidien.\" \/>\n<meta name=\"robots\" content=\"index, follow, max-snippet:-1, max-image-preview:large, max-video-preview:-1\" \/>\n<link rel=\"canonical\" href=\"https:\/\/fornimedical.ch\/fr\/produits-forni-et-produits-commerciaux\/dialyse\/\" \/>\n<meta property=\"og:locale\" content=\"fr_FR\" \/>\n<meta property=\"og:type\" content=\"article\" \/>\n<meta property=\"og:title\" content=\"Dialyse | Forni Medical\" \/>\n<meta property=\"og:description\" content=\"Nos pochettes de protection imperm\u00e9ables pour cath\u00e9ter ainsi que nos pads et pansements h\u00e9mostatiques am\u00e9liorent votre qualit\u00e9 de vie au quotidien.\" \/>\n<meta property=\"og:url\" content=\"https:\/\/fornimedical.ch\/fr\/produits-forni-et-produits-commerciaux\/dialyse\/\" \/>\n<meta property=\"og:site_name\" content=\"Forni Medical GmbH\" \/>\n<meta property=\"article:modified_time\" content=\"2024-07-19T06:36:59+00:00\" \/>\n<meta name=\"twitter:card\" content=\"summary_large_image\" \/>\n<script type=\"application\/ld+json\" class=\"yoast-schema-graph\">{\"@context\":\"https:\/\/schema.org\",\"@graph\":[{\"@type\":\"WebPage\",\"@id\":\"https:\/\/fornimedical.ch\/fr\/produits-forni-et-produits-commerciaux\/dialyse\/\",\"url\":\"https:\/\/fornimedical.ch\/fr\/produits-forni-et-produits-commerciaux\/dialyse\/\",\"name\":\"Dialyse | Forni Medical\",\"isPartOf\":{\"@id\":\"https:\/\/fornimedical.ch\/fr\/#website\"},\"datePublished\":\"2023-09-03T09:35:15+00:00\",\"dateModified\":\"2024-07-19T06:36:59+00:00\",\"description\":\"Nos pochettes de protection imperm\u00e9ables pour cath\u00e9ter ainsi que nos pads et pansements h\u00e9mostatiques am\u00e9liorent votre qualit\u00e9 de vie au quotidien.\",\"breadcrumb\":{\"@id\":\"https:\/\/fornimedical.ch\/fr\/produits-forni-et-produits-commerciaux\/dialyse\/#breadcrumb\"},\"inLanguage\":\"fr-FR\",\"potentialAction\":[{\"@type\":\"ReadAction\",\"target\":[\"https:\/\/fornimedical.ch\/fr\/produits-forni-et-produits-commerciaux\/dialyse\/\"]}]},{\"@type\":\"BreadcrumbList\",\"@id\":\"https:\/\/fornimedical.ch\/fr\/produits-forni-et-produits-commerciaux\/dialyse\/#breadcrumb\",\"itemListElement\":[{\"@type\":\"ListItem\",\"position\":1,\"name\":\"Home\",\"item\":\"https:\/\/fornimedical.ch\/fr\/\"},{\"@type\":\"ListItem\",\"position\":2,\"name\":\"Produits Forni et commerciaux\",\"item\":\"https:\/\/fornimedical.ch\/fr\/produits-forni-et-produits-commerciaux\/\"},{\"@type\":\"ListItem\",\"position\":3,\"name\":\"Dialyse\"}]},{\"@type\":\"WebSite\",\"@id\":\"https:\/\/fornimedical.ch\/fr\/#website\",\"url\":\"https:\/\/fornimedical.ch\/fr\/\",\"name\":\"Forni Medical GmbH\",\"description\":\"\",\"publisher\":{\"@id\":\"https:\/\/fornimedical.ch\/fr\/#organization\"},\"potentialAction\":[{\"@type\":\"SearchAction\",\"target\":{\"@type\":\"EntryPoint\",\"urlTemplate\":\"https:\/\/fornimedical.ch\/fr\/?s={search_term_string}\"},\"query-input\":{\"@type\":\"PropertyValueSpecification\",\"valueRequired\":true,\"valueName\":\"search_term_string\"}}],\"inLanguage\":\"fr-FR\"},{\"@type\":\"Organization\",\"@id\":\"https:\/\/fornimedical.ch\/fr\/#organization\",\"name\":\"Forni Medical GmbH\",\"url\":\"https:\/\/fornimedical.ch\/fr\/\",\"logo\":{\"@type\":\"ImageObject\",\"inLanguage\":\"fr-FR\",\"@id\":\"https:\/\/fornimedical.ch\/fr\/#\/schema\/logo\/image\/\",\"url\":\"https:\/\/fornimedical.ch\/wp-content\/uploads\/2023\/08\/logo.svg\",\"contentUrl\":\"https:\/\/fornimedical.ch\/wp-content\/uploads\/2023\/08\/logo.svg\",\"caption\":\"Forni Medical GmbH\"},\"image\":{\"@id\":\"https:\/\/fornimedical.ch\/fr\/#\/schema\/logo\/image\/\"}}]}<\/script>\n<!-- \/ Yoast SEO plugin. -->","yoast_head_json":{"title":"Dialyse | Forni Medical","description":"Nos pochettes de protection imperm\u00e9ables pour cath\u00e9ter ainsi que nos pads et pansements h\u00e9mostatiques am\u00e9liorent votre qualit\u00e9 de vie au quotidien.","robots":{"index":"index","follow":"follow","max-snippet":"max-snippet:-1","max-image-preview":"max-image-preview:large","max-video-preview":"max-video-preview:-1"},"canonical":"https:\/\/fornimedical.ch\/fr\/produits-forni-et-produits-commerciaux\/dialyse\/","og_locale":"fr_FR","og_type":"article","og_title":"Dialyse | Forni Medical","og_description":"Nos pochettes de protection imperm\u00e9ables pour cath\u00e9ter ainsi que nos pads et pansements h\u00e9mostatiques am\u00e9liorent votre qualit\u00e9 de vie au quotidien.","og_url":"https:\/\/fornimedical.ch\/fr\/produits-forni-et-produits-commerciaux\/dialyse\/","og_site_name":"Forni Medical GmbH","article_modified_time":"2024-07-19T06:36:59+00:00","twitter_card":"summary_large_image","schema":{"@context":"https:\/\/schema.org","@graph":[{"@type":"WebPage","@id":"https:\/\/fornimedical.ch\/fr\/produits-forni-et-produits-commerciaux\/dialyse\/","url":"https:\/\/fornimedical.ch\/fr\/produits-forni-et-produits-commerciaux\/dialyse\/","name":"Dialyse | Forni Medical","isPartOf":{"@id":"https:\/\/fornimedical.ch\/fr\/#website"},"datePublished":"2023-09-03T09:35:15+00:00","dateModified":"2024-07-19T06:36:59+00:00","description":"Nos pochettes de protection imperm\u00e9ables pour cath\u00e9ter ainsi que nos pads et pansements h\u00e9mostatiques am\u00e9liorent votre qualit\u00e9 de vie au quotidien.","breadcrumb":{"@id":"https:\/\/fornimedical.ch\/fr\/produits-forni-et-produits-commerciaux\/dialyse\/#breadcrumb"},"inLanguage":"fr-FR","potentialAction":[{"@type":"ReadAction","target":["https:\/\/fornimedical.ch\/fr\/produits-forni-et-produits-commerciaux\/dialyse\/"]}]},{"@type":"BreadcrumbList","@id":"https:\/\/fornimedical.ch\/fr\/produits-forni-et-produits-commerciaux\/dialyse\/#breadcrumb","itemListElement":[{"@type":"ListItem","position":1,"name":"Home","item":"https:\/\/fornimedical.ch\/fr\/"},{"@type":"ListItem","position":2,"name":"Produits Forni et commerciaux","item":"https:\/\/fornimedical.ch\/fr\/produits-forni-et-produits-commerciaux\/"},{"@type":"ListItem","position":3,"name":"Dialyse"}]},{"@type":"WebSite","@id":"https:\/\/fornimedical.ch\/fr\/#website","url":"https:\/\/fornimedical.ch\/fr\/","name":"Forni Medical GmbH","description":"","publisher":{"@id":"https:\/\/fornimedical.ch\/fr\/#organization"},"potentialAction":[{"@type":"SearchAction","target":{"@type":"EntryPoint","urlTemplate":"https:\/\/fornimedical.ch\/fr\/?s={search_term_string}"},"query-input":{"@type":"PropertyValueSpecification","valueRequired":true,"valueName":"search_term_string"}}],"inLanguage":"fr-FR"},{"@type":"Organization","@id":"https:\/\/fornimedical.ch\/fr\/#organization","name":"Forni Medical GmbH","url":"https:\/\/fornimedical.ch\/fr\/","logo":{"@type":"ImageObject","inLanguage":"fr-FR","@id":"https:\/\/fornimedical.ch\/fr\/#\/schema\/logo\/image\/","url":"https:\/\/fornimedical.ch\/wp-content\/uploads\/2023\/08\/logo.svg","contentUrl":"https:\/\/fornimedical.ch\/wp-content\/uploads\/2023\/08\/logo.svg","caption":"Forni Medical GmbH"},"image":{"@id":"https:\/\/fornimedical.ch\/fr\/#\/schema\/logo\/image\/"}}]}},"_links":{"self":[{"href":"https:\/\/fornimedical.ch\/fr\/wp-json\/wp\/v2\/pages\/5239","targetHints":{"allow":["GET"]}}],"collection":[{"href":"https:\/\/fornimedical.ch\/fr\/wp-json\/wp\/v2\/pages"}],"about":[{"href":"https:\/\/fornimedical.ch\/fr\/wp-json\/wp\/v2\/types\/page"}],"author":[{"embeddable":true,"href":"https:\/\/fornimedical.ch\/fr\/wp-json\/wp\/v2\/users\/264"}],"replies":[{"embeddable":true,"href":"https:\/\/fornimedical.ch\/fr\/wp-json\/wp\/v2\/comments?post=5239"}],"version-history":[{"count":0,"href":"https:\/\/fornimedical.ch\/fr\/wp-json\/wp\/v2\/pages\/5239\/revisions"}],"up":[{"embeddable":true,"href":"https:\/\/fornimedical.ch\/fr\/wp-json\/wp\/v2\/pages\/5058"}],"wp:attachment":[{"href":"https:\/\/fornimedical.ch\/fr\/wp-json\/wp\/v2\/media?parent=5239"}],"curies":[{"name":"wp","href":"https:\/\/api.w.org\/{rel}","templated":true}]}}