{"id":5123,"date":"2023-09-03T09:35:03","date_gmt":"2023-09-03T09:35:03","guid":{"rendered":"https:\/\/fornimedical.ch\/produits-maison-et-produits-commerciaux\/orthopedie\/"},"modified":"2024-08-28T11:27:54","modified_gmt":"2024-08-28T11:27:54","slug":"orthopedie","status":"publish","type":"page","link":"https:\/\/fornimedical.ch\/fr\/produits-forni-et-produits-commerciaux\/orthopedie\/","title":{"rendered":"Orthop\u00e9die"},"content":{"rendered":"<div class=\"field-blocks-section  \" ><div class=\"container simple-text-section-wrapper\n with-image right\">\n\t\t<div class=\"text-content\"><p><strong>Chez nous, vous trouverez un soutien de la t\u00eate aux pieds. Votre patient a subi une blessure ou une op\u00e9ration et la gu\u00e9rison doit \u00eatre favoris\u00e9e par une immobilisation professionnelle ? Alors vous \u00eates \u00e0 la bonne adresse chez Forni Medical. Nous nous tenons \u00e0 votre disposition pour vous conseiller sur la manipulation et la taille optimale.<\/strong><\/p>\n<\/div>\n\t<div class=\"image-content large\"><img decoding=\"async\" width=\"1024\" height=\"614\" src=\"https:\/\/fornimedical.ch\/wp-content\/uploads\/2023\/12\/forni-medical_orthopaedie_beinschiene_02-1024x614.jpg\" class=\"attachment-large size-large\" alt=\"\" srcset=\"https:\/\/fornimedical.ch\/wp-content\/uploads\/2023\/12\/forni-medical_orthopaedie_beinschiene_02-1024x614.jpg 1024w, https:\/\/fornimedical.ch\/wp-content\/uploads\/2023\/12\/forni-medical_orthopaedie_beinschiene_02-300x180.jpg 300w, https:\/\/fornimedical.ch\/wp-content\/uploads\/2023\/12\/forni-medical_orthopaedie_beinschiene_02-768x460.jpg 768w, https:\/\/fornimedical.ch\/wp-content\/uploads\/2023\/12\/forni-medical_orthopaedie_beinschiene_02-1536x921.jpg 1536w, https:\/\/fornimedical.ch\/wp-content\/uploads\/2023\/12\/forni-medical_orthopaedie_beinschiene_02-2048x1227.jpg 2048w, https:\/\/fornimedical.ch\/wp-content\/uploads\/2023\/12\/forni-medical_orthopaedie_beinschiene_02-600x360.jpg 600w\" sizes=\"(max-width: 1024px) 100vw, 1024px\" \/><\/div>\n<\/div>\n<div class=\"container simple-text-section-wrapper\n with-image no\">\n\t\t<div class=\"text-content\"><h2>Cuisses, abdos, fessiers autrement&#8230;<\/h2>\n<p>Nous avons le moyen de soutien auxiliaire adapt\u00e9 \u00e0 chaque partie du corps.<\/p>\n<p>Vous trouverez tout cela sous <a href=\"https:\/\/fornimedical.ch\/fr\/product-category\/orthopedie\/\">Orthop\u00e9die<\/a>, proprement divis\u00e9 en <a href=\"https:\/\/fornimedical.ch\/fr\/product-category\/orthopedie\/membres-superieurs\/\">membres sup\u00e9rieurs<\/a> et <a href=\"https:\/\/fornimedical.ch\/fr\/product-category\/orthopedie\/membres-inferieurs\/\">membres inf\u00e9rieurs<\/a>.<\/p>\n<\/div>\n\t\n<\/div>\n<div class=\"container simple-text-section-wrapper\n with-image no\">\n\t\t<div class=\"text-content\"><h2>Produits sp\u00e9ciaux de notre gamme pour l\u2019orthop\u00e9die<\/h2>\n<p>Nos <a href=\"https:\/\/fornimedical.ch\/fr\/product-category\/orthopedie\/membres-inferieurs\/jambieres\/\">attelles pour le genou<\/a> sont tr\u00e8s appr\u00e9ci\u00e9es et sont disponibles en diff\u00e9rents mod\u00e8les et diff\u00e9rentes tailles. C\u2019est surtout apr\u00e8s des <strong>op\u00e9rations du m\u00e9nisque<\/strong> ou des <strong>d\u00e9chirures de ligaments<\/strong> que nos <a href=\"https:\/\/fornimedical.ch\/fr\/product-category\/orthopedie\/membres-inferieurs\/jambieres\/\">attelles pour le genou<\/a> sont utilis\u00e9es. Parfois, nos produits sont aussi transform\u00e9s. Bien que nous commercialisions des <a href=\"https:\/\/fornimedical.ch\/fr\/product-category\/orthopedie\/membres-superieurs\/ceintures-de-grossesse\/\">ceintures de grossesse<\/a>, de nombreuses sages-femmes ou femmes enceintes pr\u00e9f\u00e8rent nos <a href=\"https:\/\/fornimedical.ch\/fr\/product-category\/orthopedie\/membres-superieurs\/ceintures-abdominales\/\">ceintures abdominales<\/a>.<\/p>\n<p>C\u2019est pourquoi il est important, pour toutes les <strong>applications<\/strong>, de consulter le personnel m\u00e9dical traitant ou le patient, afin d\u2019utiliser le produit optimal. Non seulement la <strong>qualit\u00e9<\/strong> et le <strong>confort de port<\/strong> sont essentiels dans le processus de gu\u00e9rison ou de stabilisation, mais aussi le <strong>respect des d\u00e9lais de livraison<\/strong> et un <strong>conseil optimal<\/strong>.<\/p>\n<\/div>\n\t\n<\/div>\n<div class=\"container simple-text-section-wrapper\n\">\n\t\t<div class=\"text-content\"><h2>Notre gamme de produits pour l\u2019orthop\u00e9die:<\/h2>\n<ul>\n<li><a href=\"https:\/\/fornimedical.ch\/fr\/product-category\/orthopedie\/membres-superieurs\/colliers-cervicaux\/\">Minerves<\/a><\/li>\n<li><a href=\"https:\/\/fornimedical.ch\/fr\/product-category\/orthopedie\/membres-superieurs\/gilets-orthopediques\/\">Gilets orthop\u00e9diques<\/a><\/li>\n<li><a href=\"https:\/\/fornimedical.ch\/fr\/product-category\/orthopedie\/membres-superieurs\/bretelles-pour-bras\/\">Bretelles pour bras<\/a><\/li>\n<li><a href=\"https:\/\/fornimedical.ch\/fr\/product-category\/orthopedie\/membres-superieurs\/attelles-pour-le-poignet\/\">Attelles pour le poignet<\/a><\/li>\n<li><a href=\"https:\/\/fornimedical.ch\/fr\/product-category\/orthopedie\/membres-superieurs\/protection-pour-le-doigt\/\">Protection pour le doigt<\/a><\/li>\n<li><a href=\"https:\/\/fornimedical.ch\/fr\/product-category\/orthopedie\/membres-superieurs\/ceintures-de-grossesse\/\">Ceintures de grossesse<\/a><\/li>\n<li><a href=\"https:\/\/fornimedical.ch\/fr\/product-category\/orthopedie\/membres-superieurs\/ceintures-abdominales\/\">Ceintures abdominales<\/a><\/li>\n<li><a href=\"https:\/\/fornimedical.ch\/fr\/product-category\/orthopedie\/membres-superieurs\/bandage-thoracique\/\">Bandages thoraciques<\/a><\/li>\n<li><a href=\"https:\/\/fornimedical.ch\/fr\/product-category\/orthopedie\/membres-inferieurs\/slips-et-boxers-herniaires\/\">Slips et boxers herniaires<\/a><\/li>\n<li><a href=\"https:\/\/fornimedical.ch\/fr\/product-category\/orthopedie\/membres-inferieurs\/jambieres\/\">Attelles pour le genou<\/a><\/li>\n<li><a href=\"https:\/\/fornimedical.ch\/fr\/product-category\/orthopedie\/membres-inferieurs\/bandages-pour-le-genou\/\">Bandages pour le genou<\/a><\/li>\n<li><a href=\"https:\/\/fornimedical.ch\/fr\/product-category\/orthopedie\/membres-inferieurs\/chevilleres\/\">Chevill\u00e8res<\/a><\/li>\n<li><a href=\"https:\/\/fornimedical.ch\/fr\/product-category\/orthopedie\/membres-inferieurs\/souliers-de-marche\/\">Souliers de marche<\/a><\/li>\n<\/ul>\n<\/div>\n\t\n<\/div>\n<\/div>","protected":false},"excerpt":{"rendered":"<p>Chez nous, vous trouverez un soutien de la t\u00eate aux pieds. Votre patient a subi une blessure ou une op\u00e9ration et la gu\u00e9rison doit \u00eatre favoris\u00e9e par une immobilisation professionnelle ? Alors vous \u00eates \u00e0 la bonne adresse chez Forni Medical. Nous nous tenons \u00e0 votre disposition pour vous conseiller sur la manipulation et la [&hellip;]<\/p>\n","protected":false},"author":264,"featured_media":1098,"parent":5058,"menu_order":1,"comment_status":"closed","ping_status":"closed","template":"","meta":{"_acf_changed":false,"site-sidebar-layout":"default","site-content-layout":"","ast-site-content-layout":"default","site-content-style":"default","site-sidebar-style":"default","ast-global-header-display":"","ast-banner-title-visibility":"","ast-main-header-display":"","ast-hfb-above-header-display":"","ast-hfb-below-header-display":"","ast-hfb-mobile-header-display":"","site-post-title":"","ast-breadcrumbs-content":"","ast-featured-img":"","footer-sml-layout":"","theme-transparent-header-meta":"default","adv-header-id-meta":"","stick-header-meta":"","header-above-stick-meta":"","header-main-stick-meta":"","header-below-stick-meta":"","astra-migrate-meta-layouts":"set","ast-page-background-enabled":"default","ast-page-background-meta":{"desktop":{"background-color":"var(--ast-global-color-4)","background-image":"","background-repeat":"repeat","background-position":"center center","background-size":"auto","background-attachment":"scroll","background-type":"","background-media":"","overlay-type":"","overlay-color":"","overlay-opacity":"","overlay-gradient":""},"tablet":{"background-color":"","background-image":"","background-repeat":"repeat","background-position":"center center","background-size":"auto","background-attachment":"scroll","background-type":"","background-media":"","overlay-type":"","overlay-color":"","overlay-opacity":"","overlay-gradient":""},"mobile":{"background-color":"","background-image":"","background-repeat":"repeat","background-position":"center center","background-size":"auto","background-attachment":"scroll","background-type":"","background-media":"","overlay-type":"","overlay-color":"","overlay-opacity":"","overlay-gradient":""}},"ast-content-background-meta":{"desktop":{"background-color":"var(--ast-global-color-5)","background-image":"","background-repeat":"repeat","background-position":"center center","background-size":"auto","background-attachment":"scroll","background-type":"","background-media":"","overlay-type":"","overlay-color":"","overlay-opacity":"","overlay-gradient":""},"tablet":{"background-color":"var(--ast-global-color-5)","background-image":"","background-repeat":"repeat","background-position":"center center","background-size":"auto","background-attachment":"scroll","background-type":"","background-media":"","overlay-type":"","overlay-color":"","overlay-opacity":"","overlay-gradient":""},"mobile":{"background-color":"var(--ast-global-color-5)","background-image":"","background-repeat":"repeat","background-position":"center center","background-size":"auto","background-attachment":"scroll","background-type":"","background-media":"","overlay-type":"","overlay-color":"","overlay-opacity":"","overlay-gradient":""}},"footnotes":""},"class_list":["post-5123","page","type-page","status-publish","has-post-thumbnail","hentry"],"acf":[],"yoast_head":"<!-- This site is optimized with the Yoast SEO plugin v26.5 - https:\/\/yoast.com\/wordpress\/plugins\/seo\/ -->\n<title>Orthop\u00e9die | Forni Medical<\/title>\n<meta name=\"description\" content=\"Avec des stabilisations professionnelles, nous vous soutenons de la t\u00eate aux pieds. Pour une gu\u00e9rison rapide apr\u00e8s une blessure ou une op\u00e9ration.\" \/>\n<meta name=\"robots\" content=\"index, follow, max-snippet:-1, max-image-preview:large, max-video-preview:-1\" \/>\n<link rel=\"canonical\" href=\"https:\/\/fornimedical.ch\/fr\/produits-forni-et-produits-commerciaux\/orthopedie\/\" \/>\n<meta property=\"og:locale\" content=\"fr_FR\" \/>\n<meta property=\"og:type\" content=\"article\" \/>\n<meta property=\"og:title\" content=\"Orthop\u00e9die | Forni Medical\" \/>\n<meta property=\"og:description\" content=\"Avec des stabilisations professionnelles, nous vous soutenons de la t\u00eate aux pieds. Pour une gu\u00e9rison rapide apr\u00e8s une blessure ou une op\u00e9ration.\" \/>\n<meta property=\"og:url\" content=\"https:\/\/fornimedical.ch\/fr\/produits-forni-et-produits-commerciaux\/orthopedie\/\" \/>\n<meta property=\"og:site_name\" content=\"Forni Medical GmbH\" \/>\n<meta property=\"article:modified_time\" content=\"2024-08-28T11:27:54+00:00\" \/>\n<meta property=\"og:image\" content=\"https:\/\/fornimedical.ch\/wp-content\/uploads\/2023\/12\/forni-medical_orthopaedie_beinschiene_02.jpg\" \/>\n\t<meta property=\"og:image:width\" content=\"2481\" \/>\n\t<meta property=\"og:image:height\" content=\"1487\" \/>\n\t<meta property=\"og:image:type\" content=\"image\/jpeg\" \/>\n<meta name=\"twitter:card\" content=\"summary_large_image\" \/>\n<script type=\"application\/ld+json\" class=\"yoast-schema-graph\">{\"@context\":\"https:\/\/schema.org\",\"@graph\":[{\"@type\":\"WebPage\",\"@id\":\"https:\/\/fornimedical.ch\/fr\/produits-forni-et-produits-commerciaux\/orthopedie\/\",\"url\":\"https:\/\/fornimedical.ch\/fr\/produits-forni-et-produits-commerciaux\/orthopedie\/\",\"name\":\"Orthop\u00e9die | Forni Medical\",\"isPartOf\":{\"@id\":\"https:\/\/fornimedical.ch\/fr\/#website\"},\"primaryImageOfPage\":{\"@id\":\"https:\/\/fornimedical.ch\/fr\/produits-forni-et-produits-commerciaux\/orthopedie\/#primaryimage\"},\"image\":{\"@id\":\"https:\/\/fornimedical.ch\/fr\/produits-forni-et-produits-commerciaux\/orthopedie\/#primaryimage\"},\"thumbnailUrl\":\"https:\/\/fornimedical.ch\/wp-content\/uploads\/2023\/12\/forni-medical_orthopaedie_beinschiene_02.jpg\",\"datePublished\":\"2023-09-03T09:35:03+00:00\",\"dateModified\":\"2024-08-28T11:27:54+00:00\",\"description\":\"Avec des stabilisations professionnelles, nous vous soutenons de la t\u00eate aux pieds. Pour une gu\u00e9rison rapide apr\u00e8s une blessure ou une op\u00e9ration.\",\"breadcrumb\":{\"@id\":\"https:\/\/fornimedical.ch\/fr\/produits-forni-et-produits-commerciaux\/orthopedie\/#breadcrumb\"},\"inLanguage\":\"fr-FR\",\"potentialAction\":[{\"@type\":\"ReadAction\",\"target\":[\"https:\/\/fornimedical.ch\/fr\/produits-forni-et-produits-commerciaux\/orthopedie\/\"]}]},{\"@type\":\"ImageObject\",\"inLanguage\":\"fr-FR\",\"@id\":\"https:\/\/fornimedical.ch\/fr\/produits-forni-et-produits-commerciaux\/orthopedie\/#primaryimage\",\"url\":\"https:\/\/fornimedical.ch\/wp-content\/uploads\/2023\/12\/forni-medical_orthopaedie_beinschiene_02.jpg\",\"contentUrl\":\"https:\/\/fornimedical.ch\/wp-content\/uploads\/2023\/12\/forni-medical_orthopaedie_beinschiene_02.jpg\",\"width\":2481,\"height\":1487},{\"@type\":\"BreadcrumbList\",\"@id\":\"https:\/\/fornimedical.ch\/fr\/produits-forni-et-produits-commerciaux\/orthopedie\/#breadcrumb\",\"itemListElement\":[{\"@type\":\"ListItem\",\"position\":1,\"name\":\"Home\",\"item\":\"https:\/\/fornimedical.ch\/fr\/\"},{\"@type\":\"ListItem\",\"position\":2,\"name\":\"Produits Forni et commerciaux\",\"item\":\"https:\/\/fornimedical.ch\/fr\/produits-forni-et-produits-commerciaux\/\"},{\"@type\":\"ListItem\",\"position\":3,\"name\":\"Orthop\u00e9die\"}]},{\"@type\":\"WebSite\",\"@id\":\"https:\/\/fornimedical.ch\/fr\/#website\",\"url\":\"https:\/\/fornimedical.ch\/fr\/\",\"name\":\"Forni Medical GmbH\",\"description\":\"\",\"publisher\":{\"@id\":\"https:\/\/fornimedical.ch\/fr\/#organization\"},\"potentialAction\":[{\"@type\":\"SearchAction\",\"target\":{\"@type\":\"EntryPoint\",\"urlTemplate\":\"https:\/\/fornimedical.ch\/fr\/?s={search_term_string}\"},\"query-input\":{\"@type\":\"PropertyValueSpecification\",\"valueRequired\":true,\"valueName\":\"search_term_string\"}}],\"inLanguage\":\"fr-FR\"},{\"@type\":\"Organization\",\"@id\":\"https:\/\/fornimedical.ch\/fr\/#organization\",\"name\":\"Forni Medical GmbH\",\"url\":\"https:\/\/fornimedical.ch\/fr\/\",\"logo\":{\"@type\":\"ImageObject\",\"inLanguage\":\"fr-FR\",\"@id\":\"https:\/\/fornimedical.ch\/fr\/#\/schema\/logo\/image\/\",\"url\":\"https:\/\/fornimedical.ch\/wp-content\/uploads\/2023\/08\/logo.svg\",\"contentUrl\":\"https:\/\/fornimedical.ch\/wp-content\/uploads\/2023\/08\/logo.svg\",\"caption\":\"Forni Medical GmbH\"},\"image\":{\"@id\":\"https:\/\/fornimedical.ch\/fr\/#\/schema\/logo\/image\/\"}}]}<\/script>\n<!-- \/ Yoast SEO plugin. -->","yoast_head_json":{"title":"Orthop\u00e9die | Forni Medical","description":"Avec des stabilisations professionnelles, nous vous soutenons de la t\u00eate aux pieds. Pour une gu\u00e9rison rapide apr\u00e8s une blessure ou une op\u00e9ration.","robots":{"index":"index","follow":"follow","max-snippet":"max-snippet:-1","max-image-preview":"max-image-preview:large","max-video-preview":"max-video-preview:-1"},"canonical":"https:\/\/fornimedical.ch\/fr\/produits-forni-et-produits-commerciaux\/orthopedie\/","og_locale":"fr_FR","og_type":"article","og_title":"Orthop\u00e9die | Forni Medical","og_description":"Avec des stabilisations professionnelles, nous vous soutenons de la t\u00eate aux pieds. Pour une gu\u00e9rison rapide apr\u00e8s une blessure ou une op\u00e9ration.","og_url":"https:\/\/fornimedical.ch\/fr\/produits-forni-et-produits-commerciaux\/orthopedie\/","og_site_name":"Forni Medical GmbH","article_modified_time":"2024-08-28T11:27:54+00:00","og_image":[{"width":2481,"height":1487,"url":"https:\/\/fornimedical.ch\/wp-content\/uploads\/2023\/12\/forni-medical_orthopaedie_beinschiene_02.jpg","type":"image\/jpeg"}],"twitter_card":"summary_large_image","schema":{"@context":"https:\/\/schema.org","@graph":[{"@type":"WebPage","@id":"https:\/\/fornimedical.ch\/fr\/produits-forni-et-produits-commerciaux\/orthopedie\/","url":"https:\/\/fornimedical.ch\/fr\/produits-forni-et-produits-commerciaux\/orthopedie\/","name":"Orthop\u00e9die | Forni Medical","isPartOf":{"@id":"https:\/\/fornimedical.ch\/fr\/#website"},"primaryImageOfPage":{"@id":"https:\/\/fornimedical.ch\/fr\/produits-forni-et-produits-commerciaux\/orthopedie\/#primaryimage"},"image":{"@id":"https:\/\/fornimedical.ch\/fr\/produits-forni-et-produits-commerciaux\/orthopedie\/#primaryimage"},"thumbnailUrl":"https:\/\/fornimedical.ch\/wp-content\/uploads\/2023\/12\/forni-medical_orthopaedie_beinschiene_02.jpg","datePublished":"2023-09-03T09:35:03+00:00","dateModified":"2024-08-28T11:27:54+00:00","description":"Avec des stabilisations professionnelles, nous vous soutenons de la t\u00eate aux pieds. Pour une gu\u00e9rison rapide apr\u00e8s une blessure ou une op\u00e9ration.","breadcrumb":{"@id":"https:\/\/fornimedical.ch\/fr\/produits-forni-et-produits-commerciaux\/orthopedie\/#breadcrumb"},"inLanguage":"fr-FR","potentialAction":[{"@type":"ReadAction","target":["https:\/\/fornimedical.ch\/fr\/produits-forni-et-produits-commerciaux\/orthopedie\/"]}]},{"@type":"ImageObject","inLanguage":"fr-FR","@id":"https:\/\/fornimedical.ch\/fr\/produits-forni-et-produits-commerciaux\/orthopedie\/#primaryimage","url":"https:\/\/fornimedical.ch\/wp-content\/uploads\/2023\/12\/forni-medical_orthopaedie_beinschiene_02.jpg","contentUrl":"https:\/\/fornimedical.ch\/wp-content\/uploads\/2023\/12\/forni-medical_orthopaedie_beinschiene_02.jpg","width":2481,"height":1487},{"@type":"BreadcrumbList","@id":"https:\/\/fornimedical.ch\/fr\/produits-forni-et-produits-commerciaux\/orthopedie\/#breadcrumb","itemListElement":[{"@type":"ListItem","position":1,"name":"Home","item":"https:\/\/fornimedical.ch\/fr\/"},{"@type":"ListItem","position":2,"name":"Produits Forni et commerciaux","item":"https:\/\/fornimedical.ch\/fr\/produits-forni-et-produits-commerciaux\/"},{"@type":"ListItem","position":3,"name":"Orthop\u00e9die"}]},{"@type":"WebSite","@id":"https:\/\/fornimedical.ch\/fr\/#website","url":"https:\/\/fornimedical.ch\/fr\/","name":"Forni Medical GmbH","description":"","publisher":{"@id":"https:\/\/fornimedical.ch\/fr\/#organization"},"potentialAction":[{"@type":"SearchAction","target":{"@type":"EntryPoint","urlTemplate":"https:\/\/fornimedical.ch\/fr\/?s={search_term_string}"},"query-input":{"@type":"PropertyValueSpecification","valueRequired":true,"valueName":"search_term_string"}}],"inLanguage":"fr-FR"},{"@type":"Organization","@id":"https:\/\/fornimedical.ch\/fr\/#organization","name":"Forni Medical GmbH","url":"https:\/\/fornimedical.ch\/fr\/","logo":{"@type":"ImageObject","inLanguage":"fr-FR","@id":"https:\/\/fornimedical.ch\/fr\/#\/schema\/logo\/image\/","url":"https:\/\/fornimedical.ch\/wp-content\/uploads\/2023\/08\/logo.svg","contentUrl":"https:\/\/fornimedical.ch\/wp-content\/uploads\/2023\/08\/logo.svg","caption":"Forni Medical GmbH"},"image":{"@id":"https:\/\/fornimedical.ch\/fr\/#\/schema\/logo\/image\/"}}]}},"_links":{"self":[{"href":"https:\/\/fornimedical.ch\/fr\/wp-json\/wp\/v2\/pages\/5123","targetHints":{"allow":["GET"]}}],"collection":[{"href":"https:\/\/fornimedical.ch\/fr\/wp-json\/wp\/v2\/pages"}],"about":[{"href":"https:\/\/fornimedical.ch\/fr\/wp-json\/wp\/v2\/types\/page"}],"author":[{"embeddable":true,"href":"https:\/\/fornimedical.ch\/fr\/wp-json\/wp\/v2\/users\/264"}],"replies":[{"embeddable":true,"href":"https:\/\/fornimedical.ch\/fr\/wp-json\/wp\/v2\/comments?post=5123"}],"version-history":[{"count":0,"href":"https:\/\/fornimedical.ch\/fr\/wp-json\/wp\/v2\/pages\/5123\/revisions"}],"up":[{"embeddable":true,"href":"https:\/\/fornimedical.ch\/fr\/wp-json\/wp\/v2\/pages\/5058"}],"wp:featuredmedia":[{"embeddable":true,"href":"https:\/\/fornimedical.ch\/fr\/wp-json\/wp\/v2\/media\/1098"}],"wp:attachment":[{"href":"https:\/\/fornimedical.ch\/fr\/wp-json\/wp\/v2\/media?parent=5123"}],"curies":[{"name":"wp","href":"https:\/\/api.w.org\/{rel}","templated":true}]}}