{"id":5086,"date":"2023-09-03T09:35:27","date_gmt":"2023-09-03T07:35:27","guid":{"rendered":"https:\/\/fornimedical.ch\/produits-maison-et-produits-commerciaux\/soins\/"},"modified":"2024-07-19T06:40:13","modified_gmt":"2024-07-19T06:40:13","slug":"soins","status":"publish","type":"page","link":"https:\/\/fornimedical.ch\/fr\/produits-forni-et-produits-commerciaux\/soins\/","title":{"rendered":"Soins"},"content":{"rendered":"<div class=\"field-blocks-section  \" ><div class=\"container simple-text-section-wrapper\n\">\n\t\t<div class=\"text-content\"><h2><b><span data-contrast=\"auto\">Soins\u00a0\u2013 prendre en charge les patients de mani\u00e8re optimale<\/span><\/b><span data-ccp-props=\"{\">\u00a0<\/span><\/h2>\n<\/div>\n\t\n<\/div>\n<div class=\"container simple-text-section-wrapper\n with-image right\">\n\t\t<div class=\"text-content\"><p><strong>Gr\u00e2ce aux progr\u00e8s de la m\u00e9decine, nous vivrons encore plus longtemps que les derni\u00e8res g\u00e9n\u00e9rations. C\u2019est pourquoi, les soins sont de plus en plus importants. Or, les articles de soins sont de plus en plus complets et complexes. Dans ce contexte, il devient de plus en plus difficile de trouver des produits de haute qualit\u00e9 et n\u00e9anmoins abordables dans ce domaine.<\/strong><\/p>\n<\/div>\n\t<div class=\"image-content large\"><img decoding=\"async\" width=\"1024\" height=\"614\" src=\"https:\/\/fornimedical.ch\/wp-content\/uploads\/2024\/01\/forni-medical_pflege_wichtigste_produkte_mundpflegestaebchen_03-1024x614.jpg\" class=\"attachment-large size-large\" alt=\"Forni Medical Mundpflegest\u00e4bchen\" srcset=\"https:\/\/fornimedical.ch\/wp-content\/uploads\/2024\/01\/forni-medical_pflege_wichtigste_produkte_mundpflegestaebchen_03-1024x614.jpg 1024w, https:\/\/fornimedical.ch\/wp-content\/uploads\/2024\/01\/forni-medical_pflege_wichtigste_produkte_mundpflegestaebchen_03-300x180.jpg 300w, https:\/\/fornimedical.ch\/wp-content\/uploads\/2024\/01\/forni-medical_pflege_wichtigste_produkte_mundpflegestaebchen_03-768x460.jpg 768w, https:\/\/fornimedical.ch\/wp-content\/uploads\/2024\/01\/forni-medical_pflege_wichtigste_produkte_mundpflegestaebchen_03-1536x921.jpg 1536w, https:\/\/fornimedical.ch\/wp-content\/uploads\/2024\/01\/forni-medical_pflege_wichtigste_produkte_mundpflegestaebchen_03-2048x1227.jpg 2048w, https:\/\/fornimedical.ch\/wp-content\/uploads\/2024\/01\/forni-medical_pflege_wichtigste_produkte_mundpflegestaebchen_03-600x360.jpg 600w\" sizes=\"(max-width: 1024px) 100vw, 1024px\" \/><\/div>\n<\/div>\n<div class=\"container simple-text-section-wrapper\n\">\n\t\t<div class=\"text-content\"><h2><strong>Soins et accessoires\u00a0\u2013 la qualit\u00e9 pour les petits budgets<\/strong><\/h2>\n<p>Vous avez frapp\u00e9 \u00e0 la bonne porte! Nous fournissons depuis des ann\u00e9es d\u00e9j\u00e0 de nombreuses r\u00e9sidences pour personnes \u00e2g\u00e9es et avons donc \u00e9tabli depuis longtemps des \u00abprix sp\u00e9ciaux\u00bb.<\/p>\n<p>En effet, chaque \u00e9tablissement est tributaire de la possibilit\u00e9 d\u2019acheter des <strong>soins et des accessoires<\/strong> de qualit\u00e9 et bon march\u00e9.<\/p>\n<p><span data-contrast=\"auto\">Chez vous, vous pouvez vous procurer, entre autres:<\/span><span data-ccp-props=\"{\">\u00a0<\/span><\/p>\n<ul>\n<li><a href=\"https:\/\/fornimedical.ch\/fr\/product-category\/soins\/pyjamas-de-soins\/\">Pyjamas de soins<\/a><\/li>\n<li><a href=\"https:\/\/fornimedical.ch\/fr\/product-category\/soins\/pansements-therapeutiques\/\">Soins pour les plaies pour peaux sensibles<\/a><\/li>\n<li><a href=\"https:\/\/fornimedical.ch\/fr\/product-category\/soins\/sacs-a-urine-et-fixations\/\">Diff\u00e9rents mod\u00e8les de sacs \u00e0 urine<\/a><\/li>\n<li><a href=\"https:\/\/fornimedical.ch\/fr\/product-category\/soins\/materiel-dexamen-fr\/batonnets-douate\/\">B\u00e2tonnets d\u2019ouate<\/a><\/li>\n<li><a href=\"https:\/\/fornimedical.ch\/fr\/product-category\/soins\/materiel-dexamen-fr\/batonnets-pour-soin-de-bouche\/\">B\u00e2tonnets pour soin de bouche<\/a><\/li>\n<\/ul>\n<\/div>\n\t\n<\/div>\n<div class=\"container simple-text-section-wrapper\n with-image right\">\n\t\t<div class=\"text-content\"><h2><strong>Produits pour le transfert\u00a0\u2013 le personnel soignant nous dit merci<\/strong><\/h2>\n<p>Nous pensons \u00e9galement au personnel soignant. Qu\u2019il s\u2019agisse d\u2019un <strong>transfert<\/strong> ou simplement de lisser le drap sous le patient, nous avons le bon \u00abgadget\u00bb pour cela. Ces diff\u00e9rents <a href=\"https:\/\/fornimedical.ch\/fr\/product-category\/soins\/aides-au-transfert\/\"><strong>produits pour le transfert<\/strong><\/a> pr\u00e9servent le dos du personnel soignant, et permettent donc de r\u00e9duire le manque de personnel cons\u00e9cutif:<\/p>\n<ul>\n<li><a href=\"https:\/\/fornimedical.ch\/fr\/product-category\/soins\/aides-au-transfert\/housses-glissantes\/\">Housses glissantes<\/a><\/li>\n<li><a href=\"https:\/\/fornimedical.ch\/fr\/product-category\/soins\/aides-au-transfert\/aides-au-lever\/\">Aides au lever<\/a><\/li>\n<li><a href=\"https:\/\/fornimedical.ch\/fr\/product-category\/soins\/accessoires-quotidiens\/coussin-anti-glissement\/\">Coussin anti-glissement<\/a><\/li>\n<li><a href=\"https:\/\/fornimedical.ch\/produit\/salvacel-faeustling-mit-klettverschluss-und-nylonring\/\">Moufles<\/a><\/li>\n<\/ul>\n<\/div>\n\t<div class=\"image-content medium\"><img decoding=\"async\" width=\"300\" height=\"180\" src=\"https:\/\/fornimedical.ch\/wp-content\/uploads\/2024\/03\/Translide-300x180.jpg\" class=\"attachment-medium size-medium\" alt=\"Translide rot\" srcset=\"https:\/\/fornimedical.ch\/wp-content\/uploads\/2024\/03\/Translide-300x180.jpg 300w, https:\/\/fornimedical.ch\/wp-content\/uploads\/2024\/03\/Translide-1024x614.jpg 1024w, https:\/\/fornimedical.ch\/wp-content\/uploads\/2024\/03\/Translide-768x460.jpg 768w, https:\/\/fornimedical.ch\/wp-content\/uploads\/2024\/03\/Translide-1536x921.jpg 1536w, https:\/\/fornimedical.ch\/wp-content\/uploads\/2024\/03\/Translide-2048x1227.jpg 2048w, https:\/\/fornimedical.ch\/wp-content\/uploads\/2024\/03\/Translide-600x360.jpg 600w\" sizes=\"(max-width: 300px) 100vw, 300px\" \/><\/div>\n<\/div>\n<\/div>","protected":false},"excerpt":{"rendered":"<p>Soins\u00a0\u2013 prendre en charge les patients de mani\u00e8re optimale\u00a0 Gr\u00e2ce aux progr\u00e8s de la m\u00e9decine, nous vivrons encore plus longtemps que les derni\u00e8res g\u00e9n\u00e9rations. C\u2019est pourquoi, les soins sont de plus en plus importants. Or, les articles de soins sont de plus en plus complets et complexes. Dans ce contexte, il devient de plus en [&hellip;]<\/p>\n","protected":false},"author":264,"featured_media":0,"parent":5058,"menu_order":3,"comment_status":"closed","ping_status":"closed","template":"","meta":{"_acf_changed":false,"site-sidebar-layout":"default","site-content-layout":"","ast-site-content-layout":"default","site-content-style":"default","site-sidebar-style":"default","ast-global-header-display":"","ast-banner-title-visibility":"","ast-main-header-display":"","ast-hfb-above-header-display":"","ast-hfb-below-header-display":"","ast-hfb-mobile-header-display":"","site-post-title":"","ast-breadcrumbs-content":"","ast-featured-img":"","footer-sml-layout":"","theme-transparent-header-meta":"default","adv-header-id-meta":"","stick-header-meta":"","header-above-stick-meta":"","header-main-stick-meta":"","header-below-stick-meta":"","astra-migrate-meta-layouts":"set","ast-page-background-enabled":"default","ast-page-background-meta":{"desktop":{"background-color":"var(--ast-global-color-4)","background-image":"","background-repeat":"repeat","background-position":"center center","background-size":"auto","background-attachment":"scroll","background-type":"","background-media":"","overlay-type":"","overlay-color":"","overlay-opacity":"","overlay-gradient":""},"tablet":{"background-color":"","background-image":"","background-repeat":"repeat","background-position":"center center","background-size":"auto","background-attachment":"scroll","background-type":"","background-media":"","overlay-type":"","overlay-color":"","overlay-opacity":"","overlay-gradient":""},"mobile":{"background-color":"","background-image":"","background-repeat":"repeat","background-position":"center center","background-size":"auto","background-attachment":"scroll","background-type":"","background-media":"","overlay-type":"","overlay-color":"","overlay-opacity":"","overlay-gradient":""}},"ast-content-background-meta":{"desktop":{"background-color":"var(--ast-global-color-5)","background-image":"","background-repeat":"repeat","background-position":"center center","background-size":"auto","background-attachment":"scroll","background-type":"","background-media":"","overlay-type":"","overlay-color":"","overlay-opacity":"","overlay-gradient":""},"tablet":{"background-color":"var(--ast-global-color-5)","background-image":"","background-repeat":"repeat","background-position":"center center","background-size":"auto","background-attachment":"scroll","background-type":"","background-media":"","overlay-type":"","overlay-color":"","overlay-opacity":"","overlay-gradient":""},"mobile":{"background-color":"var(--ast-global-color-5)","background-image":"","background-repeat":"repeat","background-position":"center center","background-size":"auto","background-attachment":"scroll","background-type":"","background-media":"","overlay-type":"","overlay-color":"","overlay-opacity":"","overlay-gradient":""}},"footnotes":""},"class_list":["post-5086","page","type-page","status-publish","hentry"],"acf":[],"yoast_head":"<!-- This site is optimized with the Yoast SEO plugin v26.5 - https:\/\/yoast.com\/wordpress\/plugins\/seo\/ -->\n<title>Soins | Forni Medical<\/title>\n<meta name=\"description\" content=\"Prendre en charge vos patients de mani\u00e8re optimale gr\u00e2ce \u00e0 des articles de soins de qualit\u00e9 et abordables. Cela comprend \u00e9galement les pyjamas faciles \u00e0 entretenir.\" \/>\n<meta name=\"robots\" content=\"index, follow, max-snippet:-1, max-image-preview:large, max-video-preview:-1\" \/>\n<link rel=\"canonical\" href=\"https:\/\/fornimedical.ch\/fr\/produits-forni-et-produits-commerciaux\/soins\/\" \/>\n<meta property=\"og:locale\" content=\"fr_FR\" \/>\n<meta property=\"og:type\" content=\"article\" \/>\n<meta property=\"og:title\" content=\"Soins | Forni Medical\" \/>\n<meta property=\"og:description\" content=\"Prendre en charge vos patients de mani\u00e8re optimale gr\u00e2ce \u00e0 des articles de soins de qualit\u00e9 et abordables. Cela comprend \u00e9galement les pyjamas faciles \u00e0 entretenir.\" \/>\n<meta property=\"og:url\" content=\"https:\/\/fornimedical.ch\/fr\/produits-forni-et-produits-commerciaux\/soins\/\" \/>\n<meta property=\"og:site_name\" content=\"Forni Medical GmbH\" \/>\n<meta property=\"article:modified_time\" content=\"2024-07-19T06:40:13+00:00\" \/>\n<meta name=\"twitter:card\" content=\"summary_large_image\" \/>\n<script type=\"application\/ld+json\" class=\"yoast-schema-graph\">{\"@context\":\"https:\/\/schema.org\",\"@graph\":[{\"@type\":\"WebPage\",\"@id\":\"https:\/\/fornimedical.ch\/fr\/produits-forni-et-produits-commerciaux\/soins\/\",\"url\":\"https:\/\/fornimedical.ch\/fr\/produits-forni-et-produits-commerciaux\/soins\/\",\"name\":\"Soins | Forni Medical\",\"isPartOf\":{\"@id\":\"https:\/\/fornimedical.ch\/fr\/#website\"},\"datePublished\":\"2023-09-03T07:35:27+00:00\",\"dateModified\":\"2024-07-19T06:40:13+00:00\",\"description\":\"Prendre en charge vos patients de mani\u00e8re optimale gr\u00e2ce \u00e0 des articles de soins de qualit\u00e9 et abordables. Cela comprend \u00e9galement les pyjamas faciles \u00e0 entretenir.\",\"breadcrumb\":{\"@id\":\"https:\/\/fornimedical.ch\/fr\/produits-forni-et-produits-commerciaux\/soins\/#breadcrumb\"},\"inLanguage\":\"fr-FR\",\"potentialAction\":[{\"@type\":\"ReadAction\",\"target\":[\"https:\/\/fornimedical.ch\/fr\/produits-forni-et-produits-commerciaux\/soins\/\"]}]},{\"@type\":\"BreadcrumbList\",\"@id\":\"https:\/\/fornimedical.ch\/fr\/produits-forni-et-produits-commerciaux\/soins\/#breadcrumb\",\"itemListElement\":[{\"@type\":\"ListItem\",\"position\":1,\"name\":\"Home\",\"item\":\"https:\/\/fornimedical.ch\/fr\/\"},{\"@type\":\"ListItem\",\"position\":2,\"name\":\"Produits Forni et commerciaux\",\"item\":\"https:\/\/fornimedical.ch\/fr\/produits-forni-et-produits-commerciaux\/\"},{\"@type\":\"ListItem\",\"position\":3,\"name\":\"Soins\"}]},{\"@type\":\"WebSite\",\"@id\":\"https:\/\/fornimedical.ch\/fr\/#website\",\"url\":\"https:\/\/fornimedical.ch\/fr\/\",\"name\":\"Forni Medical GmbH\",\"description\":\"\",\"publisher\":{\"@id\":\"https:\/\/fornimedical.ch\/fr\/#organization\"},\"potentialAction\":[{\"@type\":\"SearchAction\",\"target\":{\"@type\":\"EntryPoint\",\"urlTemplate\":\"https:\/\/fornimedical.ch\/fr\/?s={search_term_string}\"},\"query-input\":{\"@type\":\"PropertyValueSpecification\",\"valueRequired\":true,\"valueName\":\"search_term_string\"}}],\"inLanguage\":\"fr-FR\"},{\"@type\":\"Organization\",\"@id\":\"https:\/\/fornimedical.ch\/fr\/#organization\",\"name\":\"Forni Medical GmbH\",\"url\":\"https:\/\/fornimedical.ch\/fr\/\",\"logo\":{\"@type\":\"ImageObject\",\"inLanguage\":\"fr-FR\",\"@id\":\"https:\/\/fornimedical.ch\/fr\/#\/schema\/logo\/image\/\",\"url\":\"https:\/\/fornimedical.ch\/wp-content\/uploads\/2023\/08\/logo.svg\",\"contentUrl\":\"https:\/\/fornimedical.ch\/wp-content\/uploads\/2023\/08\/logo.svg\",\"caption\":\"Forni Medical GmbH\"},\"image\":{\"@id\":\"https:\/\/fornimedical.ch\/fr\/#\/schema\/logo\/image\/\"}}]}<\/script>\n<!-- \/ Yoast SEO plugin. -->","yoast_head_json":{"title":"Soins | Forni Medical","description":"Prendre en charge vos patients de mani\u00e8re optimale gr\u00e2ce \u00e0 des articles de soins de qualit\u00e9 et abordables. Cela comprend \u00e9galement les pyjamas faciles \u00e0 entretenir.","robots":{"index":"index","follow":"follow","max-snippet":"max-snippet:-1","max-image-preview":"max-image-preview:large","max-video-preview":"max-video-preview:-1"},"canonical":"https:\/\/fornimedical.ch\/fr\/produits-forni-et-produits-commerciaux\/soins\/","og_locale":"fr_FR","og_type":"article","og_title":"Soins | Forni Medical","og_description":"Prendre en charge vos patients de mani\u00e8re optimale gr\u00e2ce \u00e0 des articles de soins de qualit\u00e9 et abordables. Cela comprend \u00e9galement les pyjamas faciles \u00e0 entretenir.","og_url":"https:\/\/fornimedical.ch\/fr\/produits-forni-et-produits-commerciaux\/soins\/","og_site_name":"Forni Medical GmbH","article_modified_time":"2024-07-19T06:40:13+00:00","twitter_card":"summary_large_image","schema":{"@context":"https:\/\/schema.org","@graph":[{"@type":"WebPage","@id":"https:\/\/fornimedical.ch\/fr\/produits-forni-et-produits-commerciaux\/soins\/","url":"https:\/\/fornimedical.ch\/fr\/produits-forni-et-produits-commerciaux\/soins\/","name":"Soins | Forni Medical","isPartOf":{"@id":"https:\/\/fornimedical.ch\/fr\/#website"},"datePublished":"2023-09-03T07:35:27+00:00","dateModified":"2024-07-19T06:40:13+00:00","description":"Prendre en charge vos patients de mani\u00e8re optimale gr\u00e2ce \u00e0 des articles de soins de qualit\u00e9 et abordables. Cela comprend \u00e9galement les pyjamas faciles \u00e0 entretenir.","breadcrumb":{"@id":"https:\/\/fornimedical.ch\/fr\/produits-forni-et-produits-commerciaux\/soins\/#breadcrumb"},"inLanguage":"fr-FR","potentialAction":[{"@type":"ReadAction","target":["https:\/\/fornimedical.ch\/fr\/produits-forni-et-produits-commerciaux\/soins\/"]}]},{"@type":"BreadcrumbList","@id":"https:\/\/fornimedical.ch\/fr\/produits-forni-et-produits-commerciaux\/soins\/#breadcrumb","itemListElement":[{"@type":"ListItem","position":1,"name":"Home","item":"https:\/\/fornimedical.ch\/fr\/"},{"@type":"ListItem","position":2,"name":"Produits Forni et commerciaux","item":"https:\/\/fornimedical.ch\/fr\/produits-forni-et-produits-commerciaux\/"},{"@type":"ListItem","position":3,"name":"Soins"}]},{"@type":"WebSite","@id":"https:\/\/fornimedical.ch\/fr\/#website","url":"https:\/\/fornimedical.ch\/fr\/","name":"Forni Medical GmbH","description":"","publisher":{"@id":"https:\/\/fornimedical.ch\/fr\/#organization"},"potentialAction":[{"@type":"SearchAction","target":{"@type":"EntryPoint","urlTemplate":"https:\/\/fornimedical.ch\/fr\/?s={search_term_string}"},"query-input":{"@type":"PropertyValueSpecification","valueRequired":true,"valueName":"search_term_string"}}],"inLanguage":"fr-FR"},{"@type":"Organization","@id":"https:\/\/fornimedical.ch\/fr\/#organization","name":"Forni Medical GmbH","url":"https:\/\/fornimedical.ch\/fr\/","logo":{"@type":"ImageObject","inLanguage":"fr-FR","@id":"https:\/\/fornimedical.ch\/fr\/#\/schema\/logo\/image\/","url":"https:\/\/fornimedical.ch\/wp-content\/uploads\/2023\/08\/logo.svg","contentUrl":"https:\/\/fornimedical.ch\/wp-content\/uploads\/2023\/08\/logo.svg","caption":"Forni Medical GmbH"},"image":{"@id":"https:\/\/fornimedical.ch\/fr\/#\/schema\/logo\/image\/"}}]}},"_links":{"self":[{"href":"https:\/\/fornimedical.ch\/fr\/wp-json\/wp\/v2\/pages\/5086","targetHints":{"allow":["GET"]}}],"collection":[{"href":"https:\/\/fornimedical.ch\/fr\/wp-json\/wp\/v2\/pages"}],"about":[{"href":"https:\/\/fornimedical.ch\/fr\/wp-json\/wp\/v2\/types\/page"}],"author":[{"embeddable":true,"href":"https:\/\/fornimedical.ch\/fr\/wp-json\/wp\/v2\/users\/264"}],"replies":[{"embeddable":true,"href":"https:\/\/fornimedical.ch\/fr\/wp-json\/wp\/v2\/comments?post=5086"}],"version-history":[{"count":0,"href":"https:\/\/fornimedical.ch\/fr\/wp-json\/wp\/v2\/pages\/5086\/revisions"}],"up":[{"embeddable":true,"href":"https:\/\/fornimedical.ch\/fr\/wp-json\/wp\/v2\/pages\/5058"}],"wp:attachment":[{"href":"https:\/\/fornimedical.ch\/fr\/wp-json\/wp\/v2\/media?parent=5086"}],"curies":[{"name":"wp","href":"https:\/\/api.w.org\/{rel}","templated":true}]}}