{"id":5085,"date":"2023-09-03T09:35:48","date_gmt":"2023-09-03T09:35:48","guid":{"rendered":"https:\/\/fornimedical.ch\/produits-maison-et-produits-commerciaux\/sos\/"},"modified":"2024-07-19T06:46:43","modified_gmt":"2024-07-19T06:46:43","slug":"sos","status":"publish","type":"page","link":"https:\/\/fornimedical.ch\/fr\/produits-forni-et-produits-commerciaux\/sos\/","title":{"rendered":"SOS"},"content":{"rendered":"<div class=\"field-blocks-section  \" ><div class=\"container simple-text-section-wrapper\n with-image no\">\n\t\t<div class=\"text-content\"><h2><strong>Fixer, stabiliser et transporter<\/strong><\/h2>\n<\/div>\n\t\n<\/div>\n<div class=\"container simple-text-section-wrapper\n with-image right\">\n\t\t<div class=\"text-content\"><p><strong>Qu\u2019il s\u2019agisse d\u2019accidents sur la route, lors d\u2019un festival ou \u00e0 la maison, les soins d\u2019urgence doivent toujours se faire rapidement et avec m\u00e9nagement. Dans tous les cas, le bless\u00e9 doit \u00eatre transport\u00e9 de mani\u00e8re s\u00fbre et stable et l\u2019\u00e9quipe de secours doit \u00eatre soutenue dans cette t\u00e2che.<\/strong><\/p>\n<\/div>\n\t<div class=\"image-content large\"><img decoding=\"async\" width=\"1024\" height=\"614\" src=\"https:\/\/fornimedical.ch\/wp-content\/uploads\/2024\/01\/forni-medical_rettungsbedarf_wichtigste_prudkte_transfertuch_01-1024x614.jpg\" class=\"attachment-large size-large\" alt=\"Forni Medical Transfertuch\" srcset=\"https:\/\/fornimedical.ch\/wp-content\/uploads\/2024\/01\/forni-medical_rettungsbedarf_wichtigste_prudkte_transfertuch_01-1024x614.jpg 1024w, https:\/\/fornimedical.ch\/wp-content\/uploads\/2024\/01\/forni-medical_rettungsbedarf_wichtigste_prudkte_transfertuch_01-300x180.jpg 300w, https:\/\/fornimedical.ch\/wp-content\/uploads\/2024\/01\/forni-medical_rettungsbedarf_wichtigste_prudkte_transfertuch_01-768x460.jpg 768w, https:\/\/fornimedical.ch\/wp-content\/uploads\/2024\/01\/forni-medical_rettungsbedarf_wichtigste_prudkte_transfertuch_01-1536x921.jpg 1536w, https:\/\/fornimedical.ch\/wp-content\/uploads\/2024\/01\/forni-medical_rettungsbedarf_wichtigste_prudkte_transfertuch_01-2048x1227.jpg 2048w, https:\/\/fornimedical.ch\/wp-content\/uploads\/2024\/01\/forni-medical_rettungsbedarf_wichtigste_prudkte_transfertuch_01-600x360.jpg 600w\" sizes=\"(max-width: 1024px) 100vw, 1024px\" \/><\/div>\n<\/div>\n<div class=\"container simple-text-section-wrapper\n\">\n\t\t<div class=\"text-content\"><h2><strong>Transfert de patients\u00a0\u2013 pour que se passe vite et bien<\/strong><\/h2>\n<p>Les <strong>dispositifs de transfert<\/strong> ne sont bien s\u00fbr pas seulement utilis\u00e9s dans les soins en urgence, mais aussi quotidiennement dans les \u00e9tablissements pour personnes physiquement handicap\u00e9es ou dans \u00e9tablissement de soins priv\u00e9s. Ceux qui s\u2019occupent de personnes en fauteuil roulant en savent quelque chose. Il existe tant d\u2019<a href=\"https:\/\/fornimedical.ch\/fr\/product-category\/sos\/aides-au-transfert-fr-2\/\"><strong>aides au transfert<\/strong><\/a> faciles \u00e0 utiliser et bon march\u00e9, que vous auriez tort de vous en priver.<\/p>\n<p>Trouvez les <a href=\"https:\/\/fornimedical.ch\/fr\/product-category\/sos\/transfert-de-patients\/\"><strong>aides d\u2019urgence<\/strong><\/a> optimales dans notre <strong>boutique<\/strong>.<\/p>\n<\/div>\n\t\n<\/div>\n<\/div>","protected":false},"excerpt":{"rendered":"<p>Fixer, stabiliser et transporter Qu\u2019il s\u2019agisse d\u2019accidents sur la route, lors d\u2019un festival ou \u00e0 la maison, les soins d\u2019urgence doivent toujours se faire rapidement et avec m\u00e9nagement. Dans tous les cas, le bless\u00e9 doit \u00eatre transport\u00e9 de mani\u00e8re s\u00fbre et stable et l\u2019\u00e9quipe de secours doit \u00eatre soutenue dans cette t\u00e2che. Transfert de patients\u00a0\u2013 [&hellip;]<\/p>\n","protected":false},"author":264,"featured_media":0,"parent":5058,"menu_order":5,"comment_status":"closed","ping_status":"closed","template":"","meta":{"_acf_changed":false,"site-sidebar-layout":"default","site-content-layout":"","ast-site-content-layout":"default","site-content-style":"default","site-sidebar-style":"default","ast-global-header-display":"","ast-banner-title-visibility":"","ast-main-header-display":"","ast-hfb-above-header-display":"","ast-hfb-below-header-display":"","ast-hfb-mobile-header-display":"","site-post-title":"","ast-breadcrumbs-content":"","ast-featured-img":"","footer-sml-layout":"","theme-transparent-header-meta":"default","adv-header-id-meta":"","stick-header-meta":"","header-above-stick-meta":"","header-main-stick-meta":"","header-below-stick-meta":"","astra-migrate-meta-layouts":"set","ast-page-background-enabled":"default","ast-page-background-meta":{"desktop":{"background-color":"var(--ast-global-color-4)","background-image":"","background-repeat":"repeat","background-position":"center center","background-size":"auto","background-attachment":"scroll","background-type":"","background-media":"","overlay-type":"","overlay-color":"","overlay-opacity":"","overlay-gradient":""},"tablet":{"background-color":"","background-image":"","background-repeat":"repeat","background-position":"center center","background-size":"auto","background-attachment":"scroll","background-type":"","background-media":"","overlay-type":"","overlay-color":"","overlay-opacity":"","overlay-gradient":""},"mobile":{"background-color":"","background-image":"","background-repeat":"repeat","background-position":"center center","background-size":"auto","background-attachment":"scroll","background-type":"","background-media":"","overlay-type":"","overlay-color":"","overlay-opacity":"","overlay-gradient":""}},"ast-content-background-meta":{"desktop":{"background-color":"var(--ast-global-color-5)","background-image":"","background-repeat":"repeat","background-position":"center center","background-size":"auto","background-attachment":"scroll","background-type":"","background-media":"","overlay-type":"","overlay-color":"","overlay-opacity":"","overlay-gradient":""},"tablet":{"background-color":"var(--ast-global-color-5)","background-image":"","background-repeat":"repeat","background-position":"center center","background-size":"auto","background-attachment":"scroll","background-type":"","background-media":"","overlay-type":"","overlay-color":"","overlay-opacity":"","overlay-gradient":""},"mobile":{"background-color":"var(--ast-global-color-5)","background-image":"","background-repeat":"repeat","background-position":"center center","background-size":"auto","background-attachment":"scroll","background-type":"","background-media":"","overlay-type":"","overlay-color":"","overlay-opacity":"","overlay-gradient":""}},"footnotes":""},"class_list":["post-5085","page","type-page","status-publish","hentry"],"acf":[],"yoast_head":"<!-- This site is optimized with the Yoast SEO plugin v26.5 - https:\/\/yoast.com\/wordpress\/plugins\/seo\/ -->\n<title>SOS | Forni Medical<\/title>\n<meta name=\"description\" content=\"Pour les soins en urgence et en douceur des bless\u00e9s ou pour un simple transfert de patients. Ne renoncez pas aux accessoires bon march\u00e9.\" \/>\n<meta name=\"robots\" content=\"index, follow, max-snippet:-1, max-image-preview:large, max-video-preview:-1\" \/>\n<link rel=\"canonical\" href=\"https:\/\/fornimedical.ch\/fr\/produits-forni-et-produits-commerciaux\/sos\/\" \/>\n<meta property=\"og:locale\" content=\"fr_FR\" \/>\n<meta property=\"og:type\" content=\"article\" \/>\n<meta property=\"og:title\" content=\"SOS | Forni Medical\" \/>\n<meta property=\"og:description\" content=\"Pour les soins en urgence et en douceur des bless\u00e9s ou pour un simple transfert de patients. Ne renoncez pas aux accessoires bon march\u00e9.\" \/>\n<meta property=\"og:url\" content=\"https:\/\/fornimedical.ch\/fr\/produits-forni-et-produits-commerciaux\/sos\/\" \/>\n<meta property=\"og:site_name\" content=\"Forni Medical GmbH\" \/>\n<meta property=\"article:modified_time\" content=\"2024-07-19T06:46:43+00:00\" \/>\n<meta name=\"twitter:card\" content=\"summary_large_image\" \/>\n<script type=\"application\/ld+json\" class=\"yoast-schema-graph\">{\"@context\":\"https:\/\/schema.org\",\"@graph\":[{\"@type\":\"WebPage\",\"@id\":\"https:\/\/fornimedical.ch\/fr\/produits-forni-et-produits-commerciaux\/sos\/\",\"url\":\"https:\/\/fornimedical.ch\/fr\/produits-forni-et-produits-commerciaux\/sos\/\",\"name\":\"SOS | Forni Medical\",\"isPartOf\":{\"@id\":\"https:\/\/fornimedical.ch\/fr\/#website\"},\"datePublished\":\"2023-09-03T09:35:48+00:00\",\"dateModified\":\"2024-07-19T06:46:43+00:00\",\"description\":\"Pour les soins en urgence et en douceur des bless\u00e9s ou pour un simple transfert de patients. Ne renoncez pas aux accessoires bon march\u00e9.\",\"breadcrumb\":{\"@id\":\"https:\/\/fornimedical.ch\/fr\/produits-forni-et-produits-commerciaux\/sos\/#breadcrumb\"},\"inLanguage\":\"fr-FR\",\"potentialAction\":[{\"@type\":\"ReadAction\",\"target\":[\"https:\/\/fornimedical.ch\/fr\/produits-forni-et-produits-commerciaux\/sos\/\"]}]},{\"@type\":\"BreadcrumbList\",\"@id\":\"https:\/\/fornimedical.ch\/fr\/produits-forni-et-produits-commerciaux\/sos\/#breadcrumb\",\"itemListElement\":[{\"@type\":\"ListItem\",\"position\":1,\"name\":\"Home\",\"item\":\"https:\/\/fornimedical.ch\/fr\/\"},{\"@type\":\"ListItem\",\"position\":2,\"name\":\"Produits Forni et commerciaux\",\"item\":\"https:\/\/fornimedical.ch\/fr\/produits-forni-et-produits-commerciaux\/\"},{\"@type\":\"ListItem\",\"position\":3,\"name\":\"SOS\"}]},{\"@type\":\"WebSite\",\"@id\":\"https:\/\/fornimedical.ch\/fr\/#website\",\"url\":\"https:\/\/fornimedical.ch\/fr\/\",\"name\":\"Forni Medical GmbH\",\"description\":\"\",\"publisher\":{\"@id\":\"https:\/\/fornimedical.ch\/fr\/#organization\"},\"potentialAction\":[{\"@type\":\"SearchAction\",\"target\":{\"@type\":\"EntryPoint\",\"urlTemplate\":\"https:\/\/fornimedical.ch\/fr\/?s={search_term_string}\"},\"query-input\":{\"@type\":\"PropertyValueSpecification\",\"valueRequired\":true,\"valueName\":\"search_term_string\"}}],\"inLanguage\":\"fr-FR\"},{\"@type\":\"Organization\",\"@id\":\"https:\/\/fornimedical.ch\/fr\/#organization\",\"name\":\"Forni Medical GmbH\",\"url\":\"https:\/\/fornimedical.ch\/fr\/\",\"logo\":{\"@type\":\"ImageObject\",\"inLanguage\":\"fr-FR\",\"@id\":\"https:\/\/fornimedical.ch\/fr\/#\/schema\/logo\/image\/\",\"url\":\"https:\/\/fornimedical.ch\/wp-content\/uploads\/2023\/08\/logo.svg\",\"contentUrl\":\"https:\/\/fornimedical.ch\/wp-content\/uploads\/2023\/08\/logo.svg\",\"caption\":\"Forni Medical GmbH\"},\"image\":{\"@id\":\"https:\/\/fornimedical.ch\/fr\/#\/schema\/logo\/image\/\"}}]}<\/script>\n<!-- \/ Yoast SEO plugin. -->","yoast_head_json":{"title":"SOS | Forni Medical","description":"Pour les soins en urgence et en douceur des bless\u00e9s ou pour un simple transfert de patients. Ne renoncez pas aux accessoires bon march\u00e9.","robots":{"index":"index","follow":"follow","max-snippet":"max-snippet:-1","max-image-preview":"max-image-preview:large","max-video-preview":"max-video-preview:-1"},"canonical":"https:\/\/fornimedical.ch\/fr\/produits-forni-et-produits-commerciaux\/sos\/","og_locale":"fr_FR","og_type":"article","og_title":"SOS | Forni Medical","og_description":"Pour les soins en urgence et en douceur des bless\u00e9s ou pour un simple transfert de patients. Ne renoncez pas aux accessoires bon march\u00e9.","og_url":"https:\/\/fornimedical.ch\/fr\/produits-forni-et-produits-commerciaux\/sos\/","og_site_name":"Forni Medical GmbH","article_modified_time":"2024-07-19T06:46:43+00:00","twitter_card":"summary_large_image","schema":{"@context":"https:\/\/schema.org","@graph":[{"@type":"WebPage","@id":"https:\/\/fornimedical.ch\/fr\/produits-forni-et-produits-commerciaux\/sos\/","url":"https:\/\/fornimedical.ch\/fr\/produits-forni-et-produits-commerciaux\/sos\/","name":"SOS | Forni Medical","isPartOf":{"@id":"https:\/\/fornimedical.ch\/fr\/#website"},"datePublished":"2023-09-03T09:35:48+00:00","dateModified":"2024-07-19T06:46:43+00:00","description":"Pour les soins en urgence et en douceur des bless\u00e9s ou pour un simple transfert de patients. Ne renoncez pas aux accessoires bon march\u00e9.","breadcrumb":{"@id":"https:\/\/fornimedical.ch\/fr\/produits-forni-et-produits-commerciaux\/sos\/#breadcrumb"},"inLanguage":"fr-FR","potentialAction":[{"@type":"ReadAction","target":["https:\/\/fornimedical.ch\/fr\/produits-forni-et-produits-commerciaux\/sos\/"]}]},{"@type":"BreadcrumbList","@id":"https:\/\/fornimedical.ch\/fr\/produits-forni-et-produits-commerciaux\/sos\/#breadcrumb","itemListElement":[{"@type":"ListItem","position":1,"name":"Home","item":"https:\/\/fornimedical.ch\/fr\/"},{"@type":"ListItem","position":2,"name":"Produits Forni et commerciaux","item":"https:\/\/fornimedical.ch\/fr\/produits-forni-et-produits-commerciaux\/"},{"@type":"ListItem","position":3,"name":"SOS"}]},{"@type":"WebSite","@id":"https:\/\/fornimedical.ch\/fr\/#website","url":"https:\/\/fornimedical.ch\/fr\/","name":"Forni Medical GmbH","description":"","publisher":{"@id":"https:\/\/fornimedical.ch\/fr\/#organization"},"potentialAction":[{"@type":"SearchAction","target":{"@type":"EntryPoint","urlTemplate":"https:\/\/fornimedical.ch\/fr\/?s={search_term_string}"},"query-input":{"@type":"PropertyValueSpecification","valueRequired":true,"valueName":"search_term_string"}}],"inLanguage":"fr-FR"},{"@type":"Organization","@id":"https:\/\/fornimedical.ch\/fr\/#organization","name":"Forni Medical GmbH","url":"https:\/\/fornimedical.ch\/fr\/","logo":{"@type":"ImageObject","inLanguage":"fr-FR","@id":"https:\/\/fornimedical.ch\/fr\/#\/schema\/logo\/image\/","url":"https:\/\/fornimedical.ch\/wp-content\/uploads\/2023\/08\/logo.svg","contentUrl":"https:\/\/fornimedical.ch\/wp-content\/uploads\/2023\/08\/logo.svg","caption":"Forni Medical GmbH"},"image":{"@id":"https:\/\/fornimedical.ch\/fr\/#\/schema\/logo\/image\/"}}]}},"_links":{"self":[{"href":"https:\/\/fornimedical.ch\/fr\/wp-json\/wp\/v2\/pages\/5085","targetHints":{"allow":["GET"]}}],"collection":[{"href":"https:\/\/fornimedical.ch\/fr\/wp-json\/wp\/v2\/pages"}],"about":[{"href":"https:\/\/fornimedical.ch\/fr\/wp-json\/wp\/v2\/types\/page"}],"author":[{"embeddable":true,"href":"https:\/\/fornimedical.ch\/fr\/wp-json\/wp\/v2\/users\/264"}],"replies":[{"embeddable":true,"href":"https:\/\/fornimedical.ch\/fr\/wp-json\/wp\/v2\/comments?post=5085"}],"version-history":[{"count":0,"href":"https:\/\/fornimedical.ch\/fr\/wp-json\/wp\/v2\/pages\/5085\/revisions"}],"up":[{"embeddable":true,"href":"https:\/\/fornimedical.ch\/fr\/wp-json\/wp\/v2\/pages\/5058"}],"wp:attachment":[{"href":"https:\/\/fornimedical.ch\/fr\/wp-json\/wp\/v2\/media?parent=5085"}],"curies":[{"name":"wp","href":"https:\/\/api.w.org\/{rel}","templated":true}]}}