{"id":5084,"date":"2023-09-03T09:33:59","date_gmt":"2023-09-03T07:33:59","guid":{"rendered":"https:\/\/fornimedical.ch\/a-propos-de-nous\/bon-a-savoir\/"},"modified":"2025-02-20T15:42:05","modified_gmt":"2025-02-20T14:42:05","slug":"bon-a-savoir","status":"publish","type":"page","link":"https:\/\/fornimedical.ch\/fr\/a-propos-de-nous\/bon-a-savoir\/","title":{"rendered":"Bon \u00e0 savoir"},"content":{"rendered":"<div class=\"field-blocks-section  \" ><div class=\"container simple-text-section-wrapper\n\">\n\t\t<div class=\"text-content\"><h2>Bon \u00e0 savoir\u00a0\u2013 le travail tout simplement<\/h2>\n<\/div>\n\t\n<\/div>\n<div class=\"container simple-text-section-wrapper\n\">\n\t\t<div class=\"text-content\"><p><strong>Afin d\u2019assurer des achats sans probl\u00e8me, nous avons compil\u00e9 pour vous des informations g\u00e9n\u00e9rales importantes sur les produits et services.<\/strong><\/p>\n<\/div>\n\t\n<\/div>\n<div class=\"container simple-text-section-wrapper\n\">\n\t\t<div class=\"text-content\"><h2>Tous les produits sont conformes au MDR<\/h2>\n<p>Produits commerciaux: Chez nous, tous les produits vendus sont conformes au MDR. Cela signifie que pour tous les produits que nous ne fabriquons pas nous-m\u00eames, nous disposons d\u2019un \u00abCH-REP\u00bb (mandataire suisse). De m\u00eame, tous nos autres fournisseurs r\u00e9pondent aux exigences du nouveau R\u00e8glement de l&rsquo;UE relatif aux dispositifs m\u00e9dicaux, appel\u00e9 MDR (\u00abMedical Device Regulation\u00bb).<\/p>\n<p>Produits maison: Comme nous les fabriquons nous-m\u00eames, nous n\u2019avons pas besoin de CH-REP.<\/p>\n<\/div>\n\t\n<\/div>\n<div class=\"container simple-text-section-wrapper\n\">\n\t\t<div class=\"text-content\"><h2>Livraison rapide<\/h2>\n<p>Si vous passez commande chez nous avant 15\u00a0h\u00a030, vous recevrez les produits le jour ouvrable suivant, \u00e0 l\u2019exception du vendredi.<\/p>\n<\/div>\n\t\n<\/div>\n<div class=\"container simple-text-section-wrapper\n\">\n\t\t<div class=\"text-content\"><h2>Tra\u00e7abilit\u00e9 des produits<\/h2>\n<p>Nous NE travaillons PAS avec des pharmacodes, mais avec les codes GTIN. Un code GTIN a \u00e9t\u00e9\/est attribu\u00e9 \u00e0 chaque produit pharmaceutique (d\u00e9j\u00e0 97\u00a0% couverts). Il permet ainsi la tra\u00e7abilit\u00e9 compl\u00e8te d\u2019un produit dans le monde. Cela n\u2019est pas le cas avec les pharmacodes. C\u2019est pourquoi les pharmacodes ont fait leur temps et ne seront probablement plus utilis\u00e9s dans les prochaines ann\u00e9es. Le pharmacode n\u2019est plus qu\u2019une solution de repli.<\/p>\n<p>\u00c9tant donn\u00e9 que nos produits disposent d\u00e9j\u00e0 tous d\u2019un code GTIN, nous avons d\u00e9cid\u00e9 de ne plus travailler avec des pharmacodes dont nous devrions r\u00e9percuter les co\u00fbts sur nos clients.<\/p>\n<\/div>\n\t\n<\/div>\n<div class=\"container simple-text-section-wrapper\n\">\n\t\t<div class=\"text-content\"><h2>Facturation simple avec les caisses-maladie<\/h2>\n<p>Nos produits qui peuvent \u00eatre pris en charge par votre caisse-maladie sont tous indiqu\u00e9s par un num\u00e9ro LiMA correspondant (liste des moyens et appareils). Si vous avez une ordonnance, il vous suffit d\u2019envoyer une copie de la facture \u00e0 votre caisse-maladie.<\/p>\n<\/div>\n\t\n<\/div>\n<div class=\"container simple-text-section-wrapper\n\">\n\t\t<div class=\"text-content\"><h2>Clients priv\u00e9s<\/h2>\n<p>Malheureusement, nous avons fait de mauvaises exp\u00e9riences avec la morale de paiement des clients priv\u00e9s et devons insister \u00e0 nouveau sur le fait qu&rsquo;une livraison \u00e0 une personne priv\u00e9e ne peut se faire que par paiement anticip\u00e9, respectivement par TWINT.<br \/>\nSi vous payez par TWINT, la commande se fait automatiquement. Si vous choisissez la facture comme moyen de paiement, nous vous enverrons un e-mail vous demandant de verser le montant par paiement anticip\u00e9.<br \/>\nIBAN CH57 8080 8009 2120 6337 3<br \/>\nNous vous remercions de votre compr\u00e9hension et de votre coop\u00e9ration.<\/p>\n<\/div>\n\t\n<\/div>\n<\/div>","protected":false},"excerpt":{"rendered":"<p>Bon \u00e0 savoir\u00a0\u2013 le travail tout simplement Afin d\u2019assurer des achats sans probl\u00e8me, nous avons compil\u00e9 pour vous des informations g\u00e9n\u00e9rales importantes sur les produits et services. Tous les produits sont conformes au MDR Produits commerciaux: Chez nous, tous les produits vendus sont conformes au MDR. Cela signifie que pour tous les produits que nous [&hellip;]<\/p>\n","protected":false},"author":264,"featured_media":0,"parent":5071,"menu_order":5,"comment_status":"closed","ping_status":"closed","template":"","meta":{"_acf_changed":false,"site-sidebar-layout":"default","site-content-layout":"","ast-site-content-layout":"default","site-content-style":"default","site-sidebar-style":"default","ast-global-header-display":"","ast-banner-title-visibility":"","ast-main-header-display":"","ast-hfb-above-header-display":"","ast-hfb-below-header-display":"","ast-hfb-mobile-header-display":"","site-post-title":"","ast-breadcrumbs-content":"","ast-featured-img":"","footer-sml-layout":"","theme-transparent-header-meta":"default","adv-header-id-meta":"","stick-header-meta":"","header-above-stick-meta":"","header-main-stick-meta":"","header-below-stick-meta":"","astra-migrate-meta-layouts":"set","ast-page-background-enabled":"default","ast-page-background-meta":{"desktop":{"background-color":"var(--ast-global-color-4)","background-image":"","background-repeat":"repeat","background-position":"center center","background-size":"auto","background-attachment":"scroll","background-type":"","background-media":"","overlay-type":"","overlay-color":"","overlay-opacity":"","overlay-gradient":""},"tablet":{"background-color":"","background-image":"","background-repeat":"repeat","background-position":"center center","background-size":"auto","background-attachment":"scroll","background-type":"","background-media":"","overlay-type":"","overlay-color":"","overlay-opacity":"","overlay-gradient":""},"mobile":{"background-color":"","background-image":"","background-repeat":"repeat","background-position":"center center","background-size":"auto","background-attachment":"scroll","background-type":"","background-media":"","overlay-type":"","overlay-color":"","overlay-opacity":"","overlay-gradient":""}},"ast-content-background-meta":{"desktop":{"background-color":"var(--ast-global-color-5)","background-image":"","background-repeat":"repeat","background-position":"center center","background-size":"auto","background-attachment":"scroll","background-type":"","background-media":"","overlay-type":"","overlay-color":"","overlay-opacity":"","overlay-gradient":""},"tablet":{"background-color":"var(--ast-global-color-5)","background-image":"","background-repeat":"repeat","background-position":"center center","background-size":"auto","background-attachment":"scroll","background-type":"","background-media":"","overlay-type":"","overlay-color":"","overlay-opacity":"","overlay-gradient":""},"mobile":{"background-color":"var(--ast-global-color-5)","background-image":"","background-repeat":"repeat","background-position":"center center","background-size":"auto","background-attachment":"scroll","background-type":"","background-media":"","overlay-type":"","overlay-color":"","overlay-opacity":"","overlay-gradient":""}},"footnotes":""},"class_list":["post-5084","page","type-page","status-publish","hentry"],"acf":[],"yoast_head":"<!-- This site is optimized with the Yoast SEO plugin v26.5 - https:\/\/yoast.com\/wordpress\/plugins\/seo\/ -->\n<title>Bon \u00e0 savoir | Forni Medical<\/title>\n<meta name=\"description\" content=\"Informations g\u00e9n\u00e9rales importantes sur les produits et services pour des achats sans probl\u00e8me chez Forni\u00a0Medical.\" \/>\n<meta name=\"robots\" content=\"index, follow, max-snippet:-1, max-image-preview:large, max-video-preview:-1\" \/>\n<link rel=\"canonical\" href=\"https:\/\/fornimedical.ch\/fr\/a-propos-de-nous\/bon-a-savoir\/\" \/>\n<meta property=\"og:locale\" content=\"fr_FR\" \/>\n<meta property=\"og:type\" content=\"article\" \/>\n<meta property=\"og:title\" content=\"Bon \u00e0 savoir | Forni Medical\" \/>\n<meta property=\"og:description\" content=\"Informations g\u00e9n\u00e9rales importantes sur les produits et services pour des achats sans probl\u00e8me chez Forni\u00a0Medical.\" \/>\n<meta property=\"og:url\" content=\"https:\/\/fornimedical.ch\/fr\/a-propos-de-nous\/bon-a-savoir\/\" \/>\n<meta property=\"og:site_name\" content=\"Forni Medical GmbH\" \/>\n<meta property=\"article:modified_time\" content=\"2025-02-20T14:42:05+00:00\" \/>\n<meta name=\"twitter:card\" content=\"summary_large_image\" \/>\n<script type=\"application\/ld+json\" class=\"yoast-schema-graph\">{\"@context\":\"https:\/\/schema.org\",\"@graph\":[{\"@type\":\"WebPage\",\"@id\":\"https:\/\/fornimedical.ch\/fr\/a-propos-de-nous\/bon-a-savoir\/\",\"url\":\"https:\/\/fornimedical.ch\/fr\/a-propos-de-nous\/bon-a-savoir\/\",\"name\":\"Bon \u00e0 savoir | Forni Medical\",\"isPartOf\":{\"@id\":\"https:\/\/fornimedical.ch\/fr\/#website\"},\"datePublished\":\"2023-09-03T07:33:59+00:00\",\"dateModified\":\"2025-02-20T14:42:05+00:00\",\"description\":\"Informations g\u00e9n\u00e9rales importantes sur les produits et services pour des achats sans probl\u00e8me chez Forni\u00a0Medical.\",\"breadcrumb\":{\"@id\":\"https:\/\/fornimedical.ch\/fr\/a-propos-de-nous\/bon-a-savoir\/#breadcrumb\"},\"inLanguage\":\"fr-FR\",\"potentialAction\":[{\"@type\":\"ReadAction\",\"target\":[\"https:\/\/fornimedical.ch\/fr\/a-propos-de-nous\/bon-a-savoir\/\"]}]},{\"@type\":\"BreadcrumbList\",\"@id\":\"https:\/\/fornimedical.ch\/fr\/a-propos-de-nous\/bon-a-savoir\/#breadcrumb\",\"itemListElement\":[{\"@type\":\"ListItem\",\"position\":1,\"name\":\"Home\",\"item\":\"https:\/\/fornimedical.ch\/fr\/\"},{\"@type\":\"ListItem\",\"position\":2,\"name\":\"\u00c0 propos de nous\",\"item\":\"https:\/\/fornimedical.ch\/fr\/a-propos-de-nous\/\"},{\"@type\":\"ListItem\",\"position\":3,\"name\":\"Bon \u00e0 savoir\"}]},{\"@type\":\"WebSite\",\"@id\":\"https:\/\/fornimedical.ch\/fr\/#website\",\"url\":\"https:\/\/fornimedical.ch\/fr\/\",\"name\":\"Forni Medical GmbH\",\"description\":\"\",\"publisher\":{\"@id\":\"https:\/\/fornimedical.ch\/fr\/#organization\"},\"potentialAction\":[{\"@type\":\"SearchAction\",\"target\":{\"@type\":\"EntryPoint\",\"urlTemplate\":\"https:\/\/fornimedical.ch\/fr\/?s={search_term_string}\"},\"query-input\":{\"@type\":\"PropertyValueSpecification\",\"valueRequired\":true,\"valueName\":\"search_term_string\"}}],\"inLanguage\":\"fr-FR\"},{\"@type\":\"Organization\",\"@id\":\"https:\/\/fornimedical.ch\/fr\/#organization\",\"name\":\"Forni Medical GmbH\",\"url\":\"https:\/\/fornimedical.ch\/fr\/\",\"logo\":{\"@type\":\"ImageObject\",\"inLanguage\":\"fr-FR\",\"@id\":\"https:\/\/fornimedical.ch\/fr\/#\/schema\/logo\/image\/\",\"url\":\"https:\/\/fornimedical.ch\/wp-content\/uploads\/2023\/08\/logo.svg\",\"contentUrl\":\"https:\/\/fornimedical.ch\/wp-content\/uploads\/2023\/08\/logo.svg\",\"caption\":\"Forni Medical GmbH\"},\"image\":{\"@id\":\"https:\/\/fornimedical.ch\/fr\/#\/schema\/logo\/image\/\"}}]}<\/script>\n<!-- \/ Yoast SEO plugin. -->","yoast_head_json":{"title":"Bon \u00e0 savoir | Forni Medical","description":"Informations g\u00e9n\u00e9rales importantes sur les produits et services pour des achats sans probl\u00e8me chez Forni\u00a0Medical.","robots":{"index":"index","follow":"follow","max-snippet":"max-snippet:-1","max-image-preview":"max-image-preview:large","max-video-preview":"max-video-preview:-1"},"canonical":"https:\/\/fornimedical.ch\/fr\/a-propos-de-nous\/bon-a-savoir\/","og_locale":"fr_FR","og_type":"article","og_title":"Bon \u00e0 savoir | Forni Medical","og_description":"Informations g\u00e9n\u00e9rales importantes sur les produits et services pour des achats sans probl\u00e8me chez Forni\u00a0Medical.","og_url":"https:\/\/fornimedical.ch\/fr\/a-propos-de-nous\/bon-a-savoir\/","og_site_name":"Forni Medical GmbH","article_modified_time":"2025-02-20T14:42:05+00:00","twitter_card":"summary_large_image","schema":{"@context":"https:\/\/schema.org","@graph":[{"@type":"WebPage","@id":"https:\/\/fornimedical.ch\/fr\/a-propos-de-nous\/bon-a-savoir\/","url":"https:\/\/fornimedical.ch\/fr\/a-propos-de-nous\/bon-a-savoir\/","name":"Bon \u00e0 savoir | Forni Medical","isPartOf":{"@id":"https:\/\/fornimedical.ch\/fr\/#website"},"datePublished":"2023-09-03T07:33:59+00:00","dateModified":"2025-02-20T14:42:05+00:00","description":"Informations g\u00e9n\u00e9rales importantes sur les produits et services pour des achats sans probl\u00e8me chez Forni\u00a0Medical.","breadcrumb":{"@id":"https:\/\/fornimedical.ch\/fr\/a-propos-de-nous\/bon-a-savoir\/#breadcrumb"},"inLanguage":"fr-FR","potentialAction":[{"@type":"ReadAction","target":["https:\/\/fornimedical.ch\/fr\/a-propos-de-nous\/bon-a-savoir\/"]}]},{"@type":"BreadcrumbList","@id":"https:\/\/fornimedical.ch\/fr\/a-propos-de-nous\/bon-a-savoir\/#breadcrumb","itemListElement":[{"@type":"ListItem","position":1,"name":"Home","item":"https:\/\/fornimedical.ch\/fr\/"},{"@type":"ListItem","position":2,"name":"\u00c0 propos de nous","item":"https:\/\/fornimedical.ch\/fr\/a-propos-de-nous\/"},{"@type":"ListItem","position":3,"name":"Bon \u00e0 savoir"}]},{"@type":"WebSite","@id":"https:\/\/fornimedical.ch\/fr\/#website","url":"https:\/\/fornimedical.ch\/fr\/","name":"Forni Medical GmbH","description":"","publisher":{"@id":"https:\/\/fornimedical.ch\/fr\/#organization"},"potentialAction":[{"@type":"SearchAction","target":{"@type":"EntryPoint","urlTemplate":"https:\/\/fornimedical.ch\/fr\/?s={search_term_string}"},"query-input":{"@type":"PropertyValueSpecification","valueRequired":true,"valueName":"search_term_string"}}],"inLanguage":"fr-FR"},{"@type":"Organization","@id":"https:\/\/fornimedical.ch\/fr\/#organization","name":"Forni Medical GmbH","url":"https:\/\/fornimedical.ch\/fr\/","logo":{"@type":"ImageObject","inLanguage":"fr-FR","@id":"https:\/\/fornimedical.ch\/fr\/#\/schema\/logo\/image\/","url":"https:\/\/fornimedical.ch\/wp-content\/uploads\/2023\/08\/logo.svg","contentUrl":"https:\/\/fornimedical.ch\/wp-content\/uploads\/2023\/08\/logo.svg","caption":"Forni Medical GmbH"},"image":{"@id":"https:\/\/fornimedical.ch\/fr\/#\/schema\/logo\/image\/"}}]}},"_links":{"self":[{"href":"https:\/\/fornimedical.ch\/fr\/wp-json\/wp\/v2\/pages\/5084","targetHints":{"allow":["GET"]}}],"collection":[{"href":"https:\/\/fornimedical.ch\/fr\/wp-json\/wp\/v2\/pages"}],"about":[{"href":"https:\/\/fornimedical.ch\/fr\/wp-json\/wp\/v2\/types\/page"}],"author":[{"embeddable":true,"href":"https:\/\/fornimedical.ch\/fr\/wp-json\/wp\/v2\/users\/264"}],"replies":[{"embeddable":true,"href":"https:\/\/fornimedical.ch\/fr\/wp-json\/wp\/v2\/comments?post=5084"}],"version-history":[{"count":0,"href":"https:\/\/fornimedical.ch\/fr\/wp-json\/wp\/v2\/pages\/5084\/revisions"}],"up":[{"embeddable":true,"href":"https:\/\/fornimedical.ch\/fr\/wp-json\/wp\/v2\/pages\/5071"}],"wp:attachment":[{"href":"https:\/\/fornimedical.ch\/fr\/wp-json\/wp\/v2\/media?parent=5084"}],"curies":[{"name":"wp","href":"https:\/\/api.w.org\/{rel}","templated":true}]}}