{"id":5078,"date":"2023-09-03T09:35:38","date_gmt":"2023-09-03T07:35:38","guid":{"rendered":"https:\/\/fornimedical.ch\/produits-maison-et-produits-commerciaux\/bloc-op\/"},"modified":"2024-07-17T12:52:05","modified_gmt":"2024-07-17T12:52:05","slug":"bloc-op","status":"publish","type":"page","link":"https:\/\/fornimedical.ch\/fr\/produits-forni-et-produits-commerciaux\/bloc-op\/","title":{"rendered":"Bloc OP"},"content":{"rendered":"<div class=\"field-blocks-section  \" ><div class=\"container simple-text-section-wrapper\n\">\n\t\t<div class=\"text-content\"><h2>Produits st\u00e9riles de grande qualit\u00e9<\/h2>\n<\/div>\n\t\n<\/div>\n<div class=\"container simple-text-section-wrapper\n with-image right\">\n\t\t<div class=\"text-content\"><p><strong>Nous approvisionnons des h\u00f4pitaux et cliniques de renom dans toute la Suisse en divers instruments chirurgicaux. Dans le bloc OP, il est essentiel que les produits st\u00e9riles soient de tr\u00e8s haute qualit\u00e9. Un emballage pratique est \u00e9galement une condition sine qua non pour que le personnel puisse ouvrir et utiliser rapidement et proprement les produits chirurgicaux.<\/strong><\/p>\n<\/div>\n\t<div class=\"image-content large\"><img decoding=\"async\" width=\"1024\" height=\"614\" src=\"https:\/\/fornimedical.ch\/wp-content\/uploads\/2024\/01\/forni-medical_OP-bedarf_infiltrationsset_01-1024x614.jpg\" class=\"attachment-large size-large\" alt=\"Forni Medical Infiltrationsset\" srcset=\"https:\/\/fornimedical.ch\/wp-content\/uploads\/2024\/01\/forni-medical_OP-bedarf_infiltrationsset_01-1024x614.jpg 1024w, https:\/\/fornimedical.ch\/wp-content\/uploads\/2024\/01\/forni-medical_OP-bedarf_infiltrationsset_01-300x180.jpg 300w, https:\/\/fornimedical.ch\/wp-content\/uploads\/2024\/01\/forni-medical_OP-bedarf_infiltrationsset_01-768x460.jpg 768w, https:\/\/fornimedical.ch\/wp-content\/uploads\/2024\/01\/forni-medical_OP-bedarf_infiltrationsset_01-1536x921.jpg 1536w, https:\/\/fornimedical.ch\/wp-content\/uploads\/2024\/01\/forni-medical_OP-bedarf_infiltrationsset_01-2048x1227.jpg 2048w, https:\/\/fornimedical.ch\/wp-content\/uploads\/2024\/01\/forni-medical_OP-bedarf_infiltrationsset_01-600x360.jpg 600w\" sizes=\"(max-width: 1024px) 100vw, 1024px\" \/><\/div>\n<\/div>\n<div class=\"container simple-text-section-wrapper\n\">\n\t\t<div class=\"text-content\"><h2><strong>St\u00e9rile ou non st\u00e9rile, telle est la question<\/strong><\/h2>\n<p>Notre gamme comprend diverses <a href=\"https:\/\/fornimedical.ch\/fr\/product-category\/bloc-op\/compresses-et-tampons\/compresses\/\"><strong>compresses<\/strong><\/a> et <strong>sets de pansements st\u00e9riles<\/strong>, qui peuvent \u00eatre utilis\u00e9s ensemble selon les besoins du clients. Chaque h\u00f4pital a sa propre m\u00e9thode de travail et peut pr\u00e9f\u00e9rer d\u2019autres <strong>sets de soins chirurgicaux<\/strong>.<\/p>\n<\/div>\n\t\n<\/div>\n<div class=\"container simple-text-section-wrapper\n\">\n\t\t<div class=\"text-content\"><h2><strong>Gilet sp\u00e9cial pour br\u00fblures\u00a0\u2013 cicatriser sans glisser et sans douleur<\/strong><\/h2>\n<\/div>\n\t\n<\/div>\n<div class=\"container simple-text-section-wrapper\n with-image right\">\n\t\t<div class=\"text-content\"><p>Nos <strong>gilets pour br\u00fblures<\/strong> sont un autre produit de grande renomm\u00e9e de <strong>Forni Medical<\/strong>. Les grandes cliniques avec un <strong>service grands br\u00fbl\u00e9s distinct<\/strong> utilisent non seulement nos <strong>compresses tricot\u00e9es<\/strong> st\u00e9riles, mais \u00e9galement le <strong>gilet sp\u00e9cial pour br\u00fblures<\/strong>. Ainsi, le pansement du dessous ne glisse pas et la peau peut cicatriser sans douleur.<\/p>\n<\/div>\n\t<div class=\"image-content medium\"><img decoding=\"async\" width=\"300\" height=\"180\" src=\"https:\/\/fornimedical.ch\/wp-content\/uploads\/2024\/01\/forni-medical_OP-Bedarf_Verbrennungsweste_02-300x180.jpg\" class=\"attachment-medium size-medium\" alt=\"Forni Medical Verbrennungsweste\" srcset=\"https:\/\/fornimedical.ch\/wp-content\/uploads\/2024\/01\/forni-medical_OP-Bedarf_Verbrennungsweste_02-300x180.jpg 300w, https:\/\/fornimedical.ch\/wp-content\/uploads\/2024\/01\/forni-medical_OP-Bedarf_Verbrennungsweste_02-1024x614.jpg 1024w, https:\/\/fornimedical.ch\/wp-content\/uploads\/2024\/01\/forni-medical_OP-Bedarf_Verbrennungsweste_02-768x460.jpg 768w, https:\/\/fornimedical.ch\/wp-content\/uploads\/2024\/01\/forni-medical_OP-Bedarf_Verbrennungsweste_02-1536x921.jpg 1536w, https:\/\/fornimedical.ch\/wp-content\/uploads\/2024\/01\/forni-medical_OP-Bedarf_Verbrennungsweste_02-2048x1227.jpg 2048w, https:\/\/fornimedical.ch\/wp-content\/uploads\/2024\/01\/forni-medical_OP-Bedarf_Verbrennungsweste_02-600x360.jpg 600w\" sizes=\"(max-width: 300px) 100vw, 300px\" \/><\/div>\n<\/div>\n<\/div>","protected":false},"excerpt":{"rendered":"<p>Produits st\u00e9riles de grande qualit\u00e9 Nous approvisionnons des h\u00f4pitaux et cliniques de renom dans toute la Suisse en divers instruments chirurgicaux. Dans le bloc OP, il est essentiel que les produits st\u00e9riles soient de tr\u00e8s haute qualit\u00e9. Un emballage pratique est \u00e9galement une condition sine qua non pour que le personnel puisse ouvrir et utiliser [&hellip;]<\/p>\n","protected":false},"author":264,"featured_media":0,"parent":5058,"menu_order":4,"comment_status":"closed","ping_status":"closed","template":"","meta":{"_acf_changed":false,"site-sidebar-layout":"default","site-content-layout":"","ast-site-content-layout":"default","site-content-style":"default","site-sidebar-style":"default","ast-global-header-display":"","ast-banner-title-visibility":"","ast-main-header-display":"","ast-hfb-above-header-display":"","ast-hfb-below-header-display":"","ast-hfb-mobile-header-display":"","site-post-title":"","ast-breadcrumbs-content":"","ast-featured-img":"","footer-sml-layout":"","theme-transparent-header-meta":"default","adv-header-id-meta":"","stick-header-meta":"","header-above-stick-meta":"","header-main-stick-meta":"","header-below-stick-meta":"","astra-migrate-meta-layouts":"set","ast-page-background-enabled":"default","ast-page-background-meta":{"desktop":{"background-color":"var(--ast-global-color-4)","background-image":"","background-repeat":"repeat","background-position":"center center","background-size":"auto","background-attachment":"scroll","background-type":"","background-media":"","overlay-type":"","overlay-color":"","overlay-opacity":"","overlay-gradient":""},"tablet":{"background-color":"","background-image":"","background-repeat":"repeat","background-position":"center center","background-size":"auto","background-attachment":"scroll","background-type":"","background-media":"","overlay-type":"","overlay-color":"","overlay-opacity":"","overlay-gradient":""},"mobile":{"background-color":"","background-image":"","background-repeat":"repeat","background-position":"center center","background-size":"auto","background-attachment":"scroll","background-type":"","background-media":"","overlay-type":"","overlay-color":"","overlay-opacity":"","overlay-gradient":""}},"ast-content-background-meta":{"desktop":{"background-color":"var(--ast-global-color-5)","background-image":"","background-repeat":"repeat","background-position":"center center","background-size":"auto","background-attachment":"scroll","background-type":"","background-media":"","overlay-type":"","overlay-color":"","overlay-opacity":"","overlay-gradient":""},"tablet":{"background-color":"var(--ast-global-color-5)","background-image":"","background-repeat":"repeat","background-position":"center center","background-size":"auto","background-attachment":"scroll","background-type":"","background-media":"","overlay-type":"","overlay-color":"","overlay-opacity":"","overlay-gradient":""},"mobile":{"background-color":"var(--ast-global-color-5)","background-image":"","background-repeat":"repeat","background-position":"center center","background-size":"auto","background-attachment":"scroll","background-type":"","background-media":"","overlay-type":"","overlay-color":"","overlay-opacity":"","overlay-gradient":""}},"footnotes":""},"class_list":["post-5078","page","type-page","status-publish","hentry"],"acf":[],"yoast_head":"<!-- This site is optimized with the Yoast SEO plugin v26.5 - https:\/\/yoast.com\/wordpress\/plugins\/seo\/ -->\n<title>Bloc OP | Forni Medical<\/title>\n<meta name=\"description\" content=\"Produits st\u00e9riles de grande qualit\u00e9, emballage pratique pour les h\u00f4pitaux, cliniques et cabinets. Disponible en stock d\u00e8s maintenant.\" \/>\n<meta name=\"robots\" content=\"index, follow, max-snippet:-1, max-image-preview:large, max-video-preview:-1\" \/>\n<link rel=\"canonical\" href=\"https:\/\/fornimedical.ch\/fr\/produits-forni-et-produits-commerciaux\/bloc-op\/\" \/>\n<meta property=\"og:locale\" content=\"fr_FR\" \/>\n<meta property=\"og:type\" content=\"article\" \/>\n<meta property=\"og:title\" content=\"Bloc OP | Forni Medical\" \/>\n<meta property=\"og:description\" content=\"Produits st\u00e9riles de grande qualit\u00e9, emballage pratique pour les h\u00f4pitaux, cliniques et cabinets. Disponible en stock d\u00e8s maintenant.\" \/>\n<meta property=\"og:url\" content=\"https:\/\/fornimedical.ch\/fr\/produits-forni-et-produits-commerciaux\/bloc-op\/\" \/>\n<meta property=\"og:site_name\" content=\"Forni Medical GmbH\" \/>\n<meta property=\"article:modified_time\" content=\"2024-07-17T12:52:05+00:00\" \/>\n<meta name=\"twitter:card\" content=\"summary_large_image\" \/>\n<script type=\"application\/ld+json\" class=\"yoast-schema-graph\">{\"@context\":\"https:\/\/schema.org\",\"@graph\":[{\"@type\":\"WebPage\",\"@id\":\"https:\/\/fornimedical.ch\/fr\/produits-forni-et-produits-commerciaux\/bloc-op\/\",\"url\":\"https:\/\/fornimedical.ch\/fr\/produits-forni-et-produits-commerciaux\/bloc-op\/\",\"name\":\"Bloc OP | Forni Medical\",\"isPartOf\":{\"@id\":\"https:\/\/fornimedical.ch\/fr\/#website\"},\"datePublished\":\"2023-09-03T07:35:38+00:00\",\"dateModified\":\"2024-07-17T12:52:05+00:00\",\"description\":\"Produits st\u00e9riles de grande qualit\u00e9, emballage pratique pour les h\u00f4pitaux, cliniques et cabinets. Disponible en stock d\u00e8s maintenant.\",\"breadcrumb\":{\"@id\":\"https:\/\/fornimedical.ch\/fr\/produits-forni-et-produits-commerciaux\/bloc-op\/#breadcrumb\"},\"inLanguage\":\"fr-FR\",\"potentialAction\":[{\"@type\":\"ReadAction\",\"target\":[\"https:\/\/fornimedical.ch\/fr\/produits-forni-et-produits-commerciaux\/bloc-op\/\"]}]},{\"@type\":\"BreadcrumbList\",\"@id\":\"https:\/\/fornimedical.ch\/fr\/produits-forni-et-produits-commerciaux\/bloc-op\/#breadcrumb\",\"itemListElement\":[{\"@type\":\"ListItem\",\"position\":1,\"name\":\"Home\",\"item\":\"https:\/\/fornimedical.ch\/fr\/\"},{\"@type\":\"ListItem\",\"position\":2,\"name\":\"Produits Forni et commerciaux\",\"item\":\"https:\/\/fornimedical.ch\/fr\/produits-forni-et-produits-commerciaux\/\"},{\"@type\":\"ListItem\",\"position\":3,\"name\":\"Bloc OP\"}]},{\"@type\":\"WebSite\",\"@id\":\"https:\/\/fornimedical.ch\/fr\/#website\",\"url\":\"https:\/\/fornimedical.ch\/fr\/\",\"name\":\"Forni Medical GmbH\",\"description\":\"\",\"publisher\":{\"@id\":\"https:\/\/fornimedical.ch\/fr\/#organization\"},\"potentialAction\":[{\"@type\":\"SearchAction\",\"target\":{\"@type\":\"EntryPoint\",\"urlTemplate\":\"https:\/\/fornimedical.ch\/fr\/?s={search_term_string}\"},\"query-input\":{\"@type\":\"PropertyValueSpecification\",\"valueRequired\":true,\"valueName\":\"search_term_string\"}}],\"inLanguage\":\"fr-FR\"},{\"@type\":\"Organization\",\"@id\":\"https:\/\/fornimedical.ch\/fr\/#organization\",\"name\":\"Forni Medical GmbH\",\"url\":\"https:\/\/fornimedical.ch\/fr\/\",\"logo\":{\"@type\":\"ImageObject\",\"inLanguage\":\"fr-FR\",\"@id\":\"https:\/\/fornimedical.ch\/fr\/#\/schema\/logo\/image\/\",\"url\":\"https:\/\/fornimedical.ch\/wp-content\/uploads\/2023\/08\/logo.svg\",\"contentUrl\":\"https:\/\/fornimedical.ch\/wp-content\/uploads\/2023\/08\/logo.svg\",\"caption\":\"Forni Medical GmbH\"},\"image\":{\"@id\":\"https:\/\/fornimedical.ch\/fr\/#\/schema\/logo\/image\/\"}}]}<\/script>\n<!-- \/ Yoast SEO plugin. -->","yoast_head_json":{"title":"Bloc OP | Forni Medical","description":"Produits st\u00e9riles de grande qualit\u00e9, emballage pratique pour les h\u00f4pitaux, cliniques et cabinets. Disponible en stock d\u00e8s maintenant.","robots":{"index":"index","follow":"follow","max-snippet":"max-snippet:-1","max-image-preview":"max-image-preview:large","max-video-preview":"max-video-preview:-1"},"canonical":"https:\/\/fornimedical.ch\/fr\/produits-forni-et-produits-commerciaux\/bloc-op\/","og_locale":"fr_FR","og_type":"article","og_title":"Bloc OP | Forni Medical","og_description":"Produits st\u00e9riles de grande qualit\u00e9, emballage pratique pour les h\u00f4pitaux, cliniques et cabinets. Disponible en stock d\u00e8s maintenant.","og_url":"https:\/\/fornimedical.ch\/fr\/produits-forni-et-produits-commerciaux\/bloc-op\/","og_site_name":"Forni Medical GmbH","article_modified_time":"2024-07-17T12:52:05+00:00","twitter_card":"summary_large_image","schema":{"@context":"https:\/\/schema.org","@graph":[{"@type":"WebPage","@id":"https:\/\/fornimedical.ch\/fr\/produits-forni-et-produits-commerciaux\/bloc-op\/","url":"https:\/\/fornimedical.ch\/fr\/produits-forni-et-produits-commerciaux\/bloc-op\/","name":"Bloc OP | Forni Medical","isPartOf":{"@id":"https:\/\/fornimedical.ch\/fr\/#website"},"datePublished":"2023-09-03T07:35:38+00:00","dateModified":"2024-07-17T12:52:05+00:00","description":"Produits st\u00e9riles de grande qualit\u00e9, emballage pratique pour les h\u00f4pitaux, cliniques et cabinets. Disponible en stock d\u00e8s maintenant.","breadcrumb":{"@id":"https:\/\/fornimedical.ch\/fr\/produits-forni-et-produits-commerciaux\/bloc-op\/#breadcrumb"},"inLanguage":"fr-FR","potentialAction":[{"@type":"ReadAction","target":["https:\/\/fornimedical.ch\/fr\/produits-forni-et-produits-commerciaux\/bloc-op\/"]}]},{"@type":"BreadcrumbList","@id":"https:\/\/fornimedical.ch\/fr\/produits-forni-et-produits-commerciaux\/bloc-op\/#breadcrumb","itemListElement":[{"@type":"ListItem","position":1,"name":"Home","item":"https:\/\/fornimedical.ch\/fr\/"},{"@type":"ListItem","position":2,"name":"Produits Forni et commerciaux","item":"https:\/\/fornimedical.ch\/fr\/produits-forni-et-produits-commerciaux\/"},{"@type":"ListItem","position":3,"name":"Bloc OP"}]},{"@type":"WebSite","@id":"https:\/\/fornimedical.ch\/fr\/#website","url":"https:\/\/fornimedical.ch\/fr\/","name":"Forni Medical GmbH","description":"","publisher":{"@id":"https:\/\/fornimedical.ch\/fr\/#organization"},"potentialAction":[{"@type":"SearchAction","target":{"@type":"EntryPoint","urlTemplate":"https:\/\/fornimedical.ch\/fr\/?s={search_term_string}"},"query-input":{"@type":"PropertyValueSpecification","valueRequired":true,"valueName":"search_term_string"}}],"inLanguage":"fr-FR"},{"@type":"Organization","@id":"https:\/\/fornimedical.ch\/fr\/#organization","name":"Forni Medical GmbH","url":"https:\/\/fornimedical.ch\/fr\/","logo":{"@type":"ImageObject","inLanguage":"fr-FR","@id":"https:\/\/fornimedical.ch\/fr\/#\/schema\/logo\/image\/","url":"https:\/\/fornimedical.ch\/wp-content\/uploads\/2023\/08\/logo.svg","contentUrl":"https:\/\/fornimedical.ch\/wp-content\/uploads\/2023\/08\/logo.svg","caption":"Forni Medical GmbH"},"image":{"@id":"https:\/\/fornimedical.ch\/fr\/#\/schema\/logo\/image\/"}}]}},"_links":{"self":[{"href":"https:\/\/fornimedical.ch\/fr\/wp-json\/wp\/v2\/pages\/5078","targetHints":{"allow":["GET"]}}],"collection":[{"href":"https:\/\/fornimedical.ch\/fr\/wp-json\/wp\/v2\/pages"}],"about":[{"href":"https:\/\/fornimedical.ch\/fr\/wp-json\/wp\/v2\/types\/page"}],"author":[{"embeddable":true,"href":"https:\/\/fornimedical.ch\/fr\/wp-json\/wp\/v2\/users\/264"}],"replies":[{"embeddable":true,"href":"https:\/\/fornimedical.ch\/fr\/wp-json\/wp\/v2\/comments?post=5078"}],"version-history":[{"count":0,"href":"https:\/\/fornimedical.ch\/fr\/wp-json\/wp\/v2\/pages\/5078\/revisions"}],"up":[{"embeddable":true,"href":"https:\/\/fornimedical.ch\/fr\/wp-json\/wp\/v2\/pages\/5058"}],"wp:attachment":[{"href":"https:\/\/fornimedical.ch\/fr\/wp-json\/wp\/v2\/media?parent=5078"}],"curies":[{"name":"wp","href":"https:\/\/api.w.org\/{rel}","templated":true}]}}