{"id":5076,"date":"2023-08-22T15:05:09","date_gmt":"2023-08-22T15:05:09","guid":{"rendered":"https:\/\/fornimedical.ch\/page-daccueil\/"},"modified":"2024-08-12T15:26:46","modified_gmt":"2024-08-12T15:26:46","slug":"page-daccueil","status":"publish","type":"page","link":"https:\/\/fornimedical.ch\/fr\/","title":{"rendered":"Page d\u2019accueil"},"content":{"rendered":"<div class=\"field-blocks-section  \" ><div class=\"container slider-section-wrapper\">\n\t<swiper-container class=\"fullwidth-slider\" autoplay=\"true\">\n\t\t\t\t\t<swiper-slide>\n\t\t\t\t\t\t\t\t\t<div class=\"slider_image\">\n\t\t\t\t\t\t\t\t\t\t\t\t<img decoding=\"async\" src=\"https:\/\/fornimedical.ch\/wp-content\/uploads\/2023\/10\/Fornimedical_Herobild.jpg\"\/>\n\t\t\t\t\t<\/div>\n\t\t\t\t\t\t\t\t<div class=\"slider_content\">\n\t\t\t\t\t\t\t\t\t\t\t<div class=\"slider_text white\">\n\t\t\t\t\t\t\tAvec nous, vous restez en mouvement\t\t\t\t\t\t<\/div>\n\t\t\t\t\t\t\t\t\t\t\t\t\t\t\t\t<div class=\"slider_button\">\n\t\t\t\t\t\t\t<div class=\"highlight-button\">\n            <div class=\"label\">D\u00e9couvrez nos articles dans le <span>Shop<\/span><span><\/span><a href=\"https:\/\/fornimedical.ch\/fr\/shop\/\"><span><\/span><\/a><\/div>\n        <\/div>\t\t\t\t\t\t<\/div>\n\t\t\t\t\t\t\t\t\t<\/div>\n\t\t\t<\/swiper-slide>\n\t\t\t\t\t<\/swiper-container>\n<\/div>\n<div class=\"container product-types-grid-wrapper\">\n\t\t\t <h2 class=\"headline\">Produits maison et produits commerciaux<\/h2> \t<div class=\"grid-loop\">\n\t\t\t\t<div class=\"grid-item\">\n\t\t\t\t\t\t\t\t\t<a href=\"https:\/\/fornimedical.ch\/fr\/produits-forni-et-produits-commerciaux\/orthopedie\/\">\t\t\t\t<figure class=\"icon-wrapper\">\n\t\t\t\t\t<img decoding=\"async\" src=\"https:\/\/fornimedical.ch\/wp-content\/uploads\/2023\/08\/icon-orthopedia.svg\" class=\"image-on-grid\" alt=\"\" \/>\t\t\t\t<\/figure>\n\t\t\t\t<h3 class=\"grid-title\">Orthop\u00e9die<\/h3>\n\t\t\t\t\t\t\t\t\t<\/a>\t\t\t<\/div>\n\t\t\t\t\t\t<div class=\"grid-item\">\n\t\t\t\t\t\t\t\t\t<a href=\"https:\/\/fornimedical.ch\/fr\/produits-forni-et-produits-commerciaux\/dialyse\/\">\t\t\t\t<figure class=\"icon-wrapper\">\n\t\t\t\t\t<img decoding=\"async\" src=\"https:\/\/fornimedical.ch\/wp-content\/uploads\/2023\/08\/icon-dialyse.svg\" class=\"image-on-grid\" alt=\"\" \/>\t\t\t\t<\/figure>\n\t\t\t\t<h3 class=\"grid-title\">Dialyse<\/h3>\n\t\t\t\t\t\t\t\t\t<\/a>\t\t\t<\/div>\n\t\t\t\t\t\t<div class=\"grid-item\">\n\t\t\t\t\t\t\t\t\t<a href=\"https:\/\/fornimedical.ch\/fr\/produits-forni-et-produits-commerciaux\/soins\/\">\t\t\t\t<figure class=\"icon-wrapper\">\n\t\t\t\t\t<img decoding=\"async\" src=\"https:\/\/fornimedical.ch\/wp-content\/uploads\/2023\/08\/icon-pflege.svg\" class=\"image-on-grid\" alt=\"\" \/>\t\t\t\t<\/figure>\n\t\t\t\t<h3 class=\"grid-title\">Soins<\/h3>\n\t\t\t\t\t\t\t\t\t<\/a>\t\t\t<\/div>\n\t\t\t\t\t\t<div class=\"grid-item\">\n\t\t\t\t\t\t\t\t\t<a href=\"https:\/\/fornimedical.ch\/fr\/produits-forni-et-produits-commerciaux\/bloc-op\/\">\t\t\t\t<figure class=\"icon-wrapper\">\n\t\t\t\t\t<img decoding=\"async\" src=\"https:\/\/fornimedical.ch\/wp-content\/uploads\/2023\/08\/icon-op-bedarf.svg\" class=\"image-on-grid\" alt=\"\" \/>\t\t\t\t<\/figure>\n\t\t\t\t<h3 class=\"grid-title\">Bloc OP<\/h3>\n\t\t\t\t\t\t\t\t\t<\/a>\t\t\t<\/div>\n\t\t\t\t\t\t<div class=\"grid-item\">\n\t\t\t\t\t\t\t\t\t<a href=\"https:\/\/fornimedical.ch\/fr\/produits-forni-et-produits-commerciaux\/sos\/\">\t\t\t\t<figure class=\"icon-wrapper\">\n\t\t\t\t\t<img decoding=\"async\" src=\"https:\/\/fornimedical.ch\/wp-content\/uploads\/2023\/08\/icon-rettungs-bedarf.svg\" class=\"image-on-grid\" alt=\"\" \/>\t\t\t\t<\/figure>\n\t\t\t\t<h3 class=\"grid-title\">SOS<\/h3>\n\t\t\t\t\t\t\t\t\t<\/a>\t\t\t<\/div>\n\t\t\t\t<\/div>\n<\/div>\n<div class=\"container blog-loop-section-wrapper\">\n\t<h2 class=\"headline\">Blog & actualit\u00e9s<\/h2>\n\t<div class=\"blog-items\">\n\t\t\t<div class=\"blog-item\">\n\t\t\t<a href=\"https:\/\/fornimedical.ch\/fr\/?post_type=post&p=5132\">\n\t\t\t\t<div class=\"blog-image\">\n\t\t\t\t\t<img decoding=\"async\" src=\"https:\/\/fornimedical.ch\/wp-content\/uploads\/2023\/09\/cropped-site-icon-forni-medical.jpg\" class=\"image-on-grid\"\/>\n\t\t\t\t<\/div>\n\t\t\t\t<div class=\"blog-content\">\n\t\t\t\t\t<h4 class=\"blog-title\">\n\t\t\t\t\t\tcongr\u00e8s\t\t\t\t\t<\/h4>\n\t\t\t\t\t<div class=\"blog-excerpt\">\n\t\t\t\t\t\tD\u00e9couvrez les congr\u00e8s sur les soins et la dialyse auxquels nous participons. Passez nous voir et faisons connaissance.\t\t\t\t\t<\/div>\n\t\t\t\t\t<div class=\"blog-date\">\n\t\t\t\t\t\t22.01.2026\t\t\t\t\t<\/div>\n\t\t\t\t<\/div>\n\t\t\t\t<div class=\"blog-category\">\n\t\t\t\t\tAgenda\t\t\t\t<\/div>\n\t\t\t<\/a>\n\t\t<\/div>\n\t\t\t\t\t<div class=\"blog-item\">\n\t\t\t<a href=\"https:\/\/fornimedical.ch\/fr\/?post_type=post&p=12220\">\n\t\t\t\t<div class=\"blog-image\">\n\t\t\t\t\t<img decoding=\"async\" src=\"https:\/\/fornimedical.ch\/wp-content\/uploads\/2025\/11\/AC-Standard-300x200.png\" class=\"image-on-grid\"\/>\n\t\t\t\t<\/div>\n\t\t\t\t<div class=\"blog-content\">\n\t\t\t\t\t<h4 class=\"blog-title\">\n\t\t\t\t\t\tNouveau dans notre gamme \u2013 Masque de protection respiratoire r\u00e9utilisable AirCare+ FFP3\/N99\t\t\t\t\t<\/h4>\n\t\t\t\t\t<div class=\"blog-excerpt\">\n\t\t\t\t\t\tNouveau dans notre gamme \u2013 Masque de protection respiratoire r\u00e9utilisable AirCare+ FFP3\/N99\t\t\t\t\t<\/div>\n\t\t\t\t\t<div class=\"blog-date\">\n\t\t\t\t\t\t21.01.2026\t\t\t\t\t<\/div>\n\t\t\t\t<\/div>\n\t\t\t\t<div class=\"blog-category\">\n\t\t\t\t\tActualit\u00e9s produits\t\t\t\t<\/div>\n\t\t\t<\/a>\n\t\t<\/div>\n\t\t\t\t\t<div class=\"blog-item\">\n\t\t\t<a href=\"https:\/\/fornimedical.ch\/fr\/?post_type=post&p=11671\">\n\t\t\t\t<div class=\"blog-image\">\n\t\t\t\t\t<img decoding=\"async\" src=\"https:\/\/fornimedical.ch\/wp-content\/uploads\/2025\/03\/Trio-Portrait-300x200.jpg\" class=\"image-on-grid\"\/>\n\t\t\t\t<\/div>\n\t\t\t\t<div class=\"blog-content\">\n\t\t\t\t\t<h4 class=\"blog-title\">\n\t\t\t\t\t\tPetits d\u00e9buts, grands r\u00eaves : notre histoire\t\t\t\t\t<\/h4>\n\t\t\t\t\t<div class=\"blog-excerpt\">\n\t\t\t\t\t\tIl y a 31 ans, Forni Medical d\u00e9marrait comme petite entreprise individuelle avec une grande vision. D\u00e9couvrez comment une id\u00e9e courageuse, beaucoup de passion et un landau rempli de paquets...\t\t\t\t\t<\/div>\n\t\t\t\t\t<div class=\"blog-date\">\n\t\t\t\t\t\t08.04.2025\t\t\t\t\t<\/div>\n\t\t\t\t<\/div>\n\t\t\t\t<div class=\"blog-category\">\n\t\t\t\t\tEntreprise\t\t\t\t<\/div>\n\t\t\t<\/a>\n\t\t<\/div>\n\t\t\t\t\t<div class=\"blog-item\">\n\t\t\t<a href=\"https:\/\/fornimedical.ch\/fr\/?post_type=post&p=11664\">\n\t\t\t\t<div class=\"blog-image\">\n\t\t\t\t\t<img decoding=\"async\" src=\"https:\/\/fornimedical.ch\/wp-content\/uploads\/2025\/01\/PC_Wet_Wipes_80pc_Side_2-1-300x200.jpg\" class=\"image-on-grid\"\/>\n\t\t\t\t<\/div>\n\t\t\t\t<div class=\"blog-content\">\n\t\t\t\t\t<h4 class=\"blog-title\">\n\t\t\t\t\t\tNouveau produit: Lingettes humides Attends\t\t\t\t\t<\/h4>\n\t\t\t\t\t<div class=\"blog-excerpt\">\n\t\t\t\t\t\tNouveau produit dans la gamme : Lingettes humides Attends Professional Care\t\t\t\t\t<\/div>\n\t\t\t\t\t<div class=\"blog-date\">\n\t\t\t\t\t\t13.03.2025\t\t\t\t\t<\/div>\n\t\t\t\t<\/div>\n\t\t\t\t<div class=\"blog-category\">\n\t\t\t\t\tActualit\u00e9s produits\t\t\t\t<\/div>\n\t\t\t<\/a>\n\t\t<\/div>\n\t\t\t\t<\/div>\n\t<div class=\"blog-cta\">\n\t\t<a href=\"https:\/\/fornimedical.ch\/fr\/blog-actualites\/\" class=\"btn btn-primary\">Afficher tous les articles du blog<\/a>\n\t<\/div>\n<\/div>\n<div class=\"container general-grid-wrapper\">\n\t\t\t <h2 class=\"headline\">Ce qui distingue Forni Medical<\/h2> \t<div class=\"grid-loop\">\n\t\t\t\t<div class=\"grid-item\">\n\t\t\t\t<h4 class=\"grid-title\">Qualit\u00e9 \u00e9lev\u00e9e et fiabilit\u00e9<\/h4>\n\t\t\t\t<div class=\"grid-content\"><p>En tant qu\u2019entreprise d\u2019envergure nationale, Forni Medical est synonyme de fiabilit\u00e9 tout au long de la cha\u00eene d\u2019approvisionnement et de conseil de tr\u00e8s haute qualit\u00e9. Comme nous nous occupons d\u2019une client\u00e8le exigeante, il est tr\u00e8s important de proposer des produits de tr\u00e8s grande qualit\u00e9.<\/p>\n<\/div>\n\t\t\t<\/div>\n\t\t\t\t\t\t<div class=\"grid-item\">\n\t\t\t\t<h4 class=\"grid-title\">Un interlocuteur personnel qui parle votre langue<\/h4>\n\t\t\t\t<div class=\"grid-content\"><p>Nous attachons une importance particuli\u00e8re \u00e0 servir nos clients dans leur langue, et nous appr\u00e9cions le contact personnel avec l\u2019acheteur ou directement avec le client.<\/p>\n<\/div>\n\t\t\t<\/div>\n\t\t\t\t\t\t<div class=\"grid-item\">\n\t\t\t\t<h4 class=\"grid-title\">Nous restons dans l\u2019air du temps<\/h4>\n\t\t\t\t<div class=\"grid-content\"><p>Le d\u00e9veloppement constant de Forni Medical, que ce soit par de nouveaux produits ou d\u2019ajustements d\u2019ordre l\u00e9gal, est pour nous \u00e9vident. La certification ISO et la formation continue individuelle de nos collaborateurs en sont des signes forts.<\/p>\n<\/div>\n\t\t\t<\/div>\n\t\t\t\t<\/div>\n<\/div>\n<\/div>","protected":false},"excerpt":{"rendered":"<p>Avec nous, vous restez en mouvement D\u00e9couvrez nos articles dans le Shop Produits maison et produits commerciaux Orthop\u00e9die Dialyse Soins Bloc OP SOS Blog &#038; actualit\u00e9s congr\u00e8s D\u00e9couvrez les congr\u00e8s sur les soins et la dialyse auxquels nous participons. Passez nous voir et faisons connaissance. 22.01.2026 Agenda Nouveau dans notre gamme \u2013 Masque de protection [&hellip;]<\/p>\n","protected":false},"author":264,"featured_media":0,"parent":0,"menu_order":-60,"comment_status":"closed","ping_status":"closed","template":"","meta":{"_acf_changed":false,"site-sidebar-layout":"no-sidebar","site-content-layout":"","ast-site-content-layout":"default","site-content-style":"default","site-sidebar-style":"default","ast-global-header-display":"","ast-banner-title-visibility":"","ast-main-header-display":"","ast-hfb-above-header-display":"","ast-hfb-below-header-display":"","ast-hfb-mobile-header-display":"","site-post-title":"disabled","ast-breadcrumbs-content":"","ast-featured-img":"","footer-sml-layout":"","theme-transparent-header-meta":"default","adv-header-id-meta":"","stick-header-meta":"","header-above-stick-meta":"","header-main-stick-meta":"","header-below-stick-meta":"","astra-migrate-meta-layouts":"set","ast-page-background-enabled":"default","ast-page-background-meta":{"desktop":{"background-color":"var(--ast-global-color-4)","background-image":"","background-repeat":"repeat","background-position":"center center","background-size":"auto","background-attachment":"scroll","background-type":"","background-media":"","overlay-type":"","overlay-color":"","overlay-opacity":"","overlay-gradient":""},"tablet":{"background-color":"","background-image":"","background-repeat":"repeat","background-position":"center center","background-size":"auto","background-attachment":"scroll","background-type":"","background-media":"","overlay-type":"","overlay-color":"","overlay-opacity":"","overlay-gradient":""},"mobile":{"background-color":"","background-image":"","background-repeat":"repeat","background-position":"center center","background-size":"auto","background-attachment":"scroll","background-type":"","background-media":"","overlay-type":"","overlay-color":"","overlay-opacity":"","overlay-gradient":""}},"ast-content-background-meta":{"desktop":{"background-color":"var(--ast-global-color-5)","background-image":"","background-repeat":"repeat","background-position":"center center","background-size":"auto","background-attachment":"scroll","background-type":"","background-media":"","overlay-type":"","overlay-color":"","overlay-opacity":"","overlay-gradient":""},"tablet":{"background-color":"var(--ast-global-color-5)","background-image":"","background-repeat":"repeat","background-position":"center center","background-size":"auto","background-attachment":"scroll","background-type":"","background-media":"","overlay-type":"","overlay-color":"","overlay-opacity":"","overlay-gradient":""},"mobile":{"background-color":"var(--ast-global-color-5)","background-image":"","background-repeat":"repeat","background-position":"center center","background-size":"auto","background-attachment":"scroll","background-type":"","background-media":"","overlay-type":"","overlay-color":"","overlay-opacity":"","overlay-gradient":""}},"footnotes":""},"class_list":["post-5076","page","type-page","status-publish","hentry"],"acf":[],"yoast_head":"<!-- This site is optimized with the Yoast SEO plugin v26.5 - https:\/\/yoast.com\/wordpress\/plugins\/seo\/ -->\n<title>Accueil | Forni Medical<\/title>\n<meta name=\"description\" content=\"Conseil professionnel, qualit\u00e9 et fiabilit\u00e9 tout au long de la cha\u00eene d\u2019approvisionnement de nos dispositifs m\u00e9dicaux.\" \/>\n<meta name=\"robots\" content=\"index, follow, max-snippet:-1, max-image-preview:large, max-video-preview:-1\" \/>\n<link rel=\"canonical\" href=\"https:\/\/fornimedical.ch\/fr\/\" \/>\n<meta property=\"og:locale\" content=\"fr_FR\" \/>\n<meta property=\"og:type\" content=\"article\" \/>\n<meta property=\"og:title\" content=\"Accueil | Forni Medical\" \/>\n<meta property=\"og:description\" content=\"Conseil professionnel, qualit\u00e9 et fiabilit\u00e9 tout au long de la cha\u00eene d\u2019approvisionnement de nos dispositifs m\u00e9dicaux.\" \/>\n<meta property=\"og:url\" content=\"https:\/\/fornimedical.ch\/fr\/\" \/>\n<meta property=\"og:site_name\" content=\"Forni Medical GmbH\" \/>\n<meta property=\"article:modified_time\" content=\"2024-08-12T15:26:46+00:00\" \/>\n<meta name=\"twitter:card\" content=\"summary_large_image\" \/>\n<script type=\"application\/ld+json\" class=\"yoast-schema-graph\">{\"@context\":\"https:\/\/schema.org\",\"@graph\":[{\"@type\":\"WebPage\",\"@id\":\"https:\/\/fornimedical.ch\/fr\/\",\"url\":\"https:\/\/fornimedical.ch\/fr\/\",\"name\":\"Accueil | Forni Medical\",\"isPartOf\":{\"@id\":\"https:\/\/fornimedical.ch\/fr\/#website\"},\"datePublished\":\"2023-08-22T15:05:09+00:00\",\"dateModified\":\"2024-08-12T15:26:46+00:00\",\"description\":\"Conseil professionnel, qualit\u00e9 et fiabilit\u00e9 tout au long de la cha\u00eene d\u2019approvisionnement de nos dispositifs m\u00e9dicaux.\",\"breadcrumb\":{\"@id\":\"https:\/\/fornimedical.ch\/fr\/#breadcrumb\"},\"inLanguage\":\"fr-FR\",\"potentialAction\":[{\"@type\":\"ReadAction\",\"target\":[\"https:\/\/fornimedical.ch\/fr\/\"]}]},{\"@type\":\"BreadcrumbList\",\"@id\":\"https:\/\/fornimedical.ch\/fr\/#breadcrumb\",\"itemListElement\":[{\"@type\":\"ListItem\",\"position\":1,\"name\":\"Home\",\"item\":\"https:\/\/fornimedical.ch\/fr\/\"},{\"@type\":\"ListItem\",\"position\":2,\"name\":\"Page d\u2019accueil\"}]},{\"@type\":\"WebSite\",\"@id\":\"https:\/\/fornimedical.ch\/fr\/#website\",\"url\":\"https:\/\/fornimedical.ch\/fr\/\",\"name\":\"Forni Medical GmbH\",\"description\":\"\",\"publisher\":{\"@id\":\"https:\/\/fornimedical.ch\/fr\/#organization\"},\"potentialAction\":[{\"@type\":\"SearchAction\",\"target\":{\"@type\":\"EntryPoint\",\"urlTemplate\":\"https:\/\/fornimedical.ch\/fr\/?s={search_term_string}\"},\"query-input\":{\"@type\":\"PropertyValueSpecification\",\"valueRequired\":true,\"valueName\":\"search_term_string\"}}],\"inLanguage\":\"fr-FR\"},{\"@type\":\"Organization\",\"@id\":\"https:\/\/fornimedical.ch\/fr\/#organization\",\"name\":\"Forni Medical GmbH\",\"url\":\"https:\/\/fornimedical.ch\/fr\/\",\"logo\":{\"@type\":\"ImageObject\",\"inLanguage\":\"fr-FR\",\"@id\":\"https:\/\/fornimedical.ch\/fr\/#\/schema\/logo\/image\/\",\"url\":\"https:\/\/fornimedical.ch\/wp-content\/uploads\/2023\/08\/logo.svg\",\"contentUrl\":\"https:\/\/fornimedical.ch\/wp-content\/uploads\/2023\/08\/logo.svg\",\"caption\":\"Forni Medical GmbH\"},\"image\":{\"@id\":\"https:\/\/fornimedical.ch\/fr\/#\/schema\/logo\/image\/\"}}]}<\/script>\n<!-- \/ Yoast SEO plugin. -->","yoast_head_json":{"title":"Accueil | Forni Medical","description":"Conseil professionnel, qualit\u00e9 et fiabilit\u00e9 tout au long de la cha\u00eene d\u2019approvisionnement de nos dispositifs m\u00e9dicaux.","robots":{"index":"index","follow":"follow","max-snippet":"max-snippet:-1","max-image-preview":"max-image-preview:large","max-video-preview":"max-video-preview:-1"},"canonical":"https:\/\/fornimedical.ch\/fr\/","og_locale":"fr_FR","og_type":"article","og_title":"Accueil | Forni Medical","og_description":"Conseil professionnel, qualit\u00e9 et fiabilit\u00e9 tout au long de la cha\u00eene d\u2019approvisionnement de nos dispositifs m\u00e9dicaux.","og_url":"https:\/\/fornimedical.ch\/fr\/","og_site_name":"Forni Medical GmbH","article_modified_time":"2024-08-12T15:26:46+00:00","twitter_card":"summary_large_image","schema":{"@context":"https:\/\/schema.org","@graph":[{"@type":"WebPage","@id":"https:\/\/fornimedical.ch\/fr\/","url":"https:\/\/fornimedical.ch\/fr\/","name":"Accueil | Forni Medical","isPartOf":{"@id":"https:\/\/fornimedical.ch\/fr\/#website"},"datePublished":"2023-08-22T15:05:09+00:00","dateModified":"2024-08-12T15:26:46+00:00","description":"Conseil professionnel, qualit\u00e9 et fiabilit\u00e9 tout au long de la cha\u00eene d\u2019approvisionnement de nos dispositifs m\u00e9dicaux.","breadcrumb":{"@id":"https:\/\/fornimedical.ch\/fr\/#breadcrumb"},"inLanguage":"fr-FR","potentialAction":[{"@type":"ReadAction","target":["https:\/\/fornimedical.ch\/fr\/"]}]},{"@type":"BreadcrumbList","@id":"https:\/\/fornimedical.ch\/fr\/#breadcrumb","itemListElement":[{"@type":"ListItem","position":1,"name":"Home","item":"https:\/\/fornimedical.ch\/fr\/"},{"@type":"ListItem","position":2,"name":"Page d\u2019accueil"}]},{"@type":"WebSite","@id":"https:\/\/fornimedical.ch\/fr\/#website","url":"https:\/\/fornimedical.ch\/fr\/","name":"Forni Medical GmbH","description":"","publisher":{"@id":"https:\/\/fornimedical.ch\/fr\/#organization"},"potentialAction":[{"@type":"SearchAction","target":{"@type":"EntryPoint","urlTemplate":"https:\/\/fornimedical.ch\/fr\/?s={search_term_string}"},"query-input":{"@type":"PropertyValueSpecification","valueRequired":true,"valueName":"search_term_string"}}],"inLanguage":"fr-FR"},{"@type":"Organization","@id":"https:\/\/fornimedical.ch\/fr\/#organization","name":"Forni Medical GmbH","url":"https:\/\/fornimedical.ch\/fr\/","logo":{"@type":"ImageObject","inLanguage":"fr-FR","@id":"https:\/\/fornimedical.ch\/fr\/#\/schema\/logo\/image\/","url":"https:\/\/fornimedical.ch\/wp-content\/uploads\/2023\/08\/logo.svg","contentUrl":"https:\/\/fornimedical.ch\/wp-content\/uploads\/2023\/08\/logo.svg","caption":"Forni Medical GmbH"},"image":{"@id":"https:\/\/fornimedical.ch\/fr\/#\/schema\/logo\/image\/"}}]}},"_links":{"self":[{"href":"https:\/\/fornimedical.ch\/fr\/wp-json\/wp\/v2\/pages\/5076","targetHints":{"allow":["GET"]}}],"collection":[{"href":"https:\/\/fornimedical.ch\/fr\/wp-json\/wp\/v2\/pages"}],"about":[{"href":"https:\/\/fornimedical.ch\/fr\/wp-json\/wp\/v2\/types\/page"}],"author":[{"embeddable":true,"href":"https:\/\/fornimedical.ch\/fr\/wp-json\/wp\/v2\/users\/264"}],"replies":[{"embeddable":true,"href":"https:\/\/fornimedical.ch\/fr\/wp-json\/wp\/v2\/comments?post=5076"}],"version-history":[{"count":7,"href":"https:\/\/fornimedical.ch\/fr\/wp-json\/wp\/v2\/pages\/5076\/revisions"}],"predecessor-version":[{"id":10383,"href":"https:\/\/fornimedical.ch\/fr\/wp-json\/wp\/v2\/pages\/5076\/revisions\/10383"}],"wp:attachment":[{"href":"https:\/\/fornimedical.ch\/fr\/wp-json\/wp\/v2\/media?parent=5076"}],"curies":[{"name":"wp","href":"https:\/\/api.w.org\/{rel}","templated":true}]}}