{"id":5074,"date":"2023-11-28T17:45:10","date_gmt":"2023-11-28T16:45:10","guid":{"rendered":"https:\/\/fornimedical.ch\/conditions-generales-de-vente\/"},"modified":"2026-03-31T14:50:45","modified_gmt":"2026-03-31T12:50:45","slug":"conditions-generales-de-vente","status":"publish","type":"page","link":"https:\/\/fornimedical.ch\/fr\/conditions-generales-de-vente\/","title":{"rendered":"Conditions g\u00e9n\u00e9rales de vente"},"content":{"rendered":"<div class=\"field-blocks-section  \" ><div class=\"container simple-text-section-wrapper\n\">\n\t\t<div class=\"text-content\"><ul>\n<li>Les commandes sont livr\u00e9es franco domicile dans toute la Suisse \u00e0 partir d\u2019un montant de facture brut de CHF 150.-. Un surplus sera factur\u00e9 pour les envois \u00abExpress\u00bb.<\/li>\n<li>Tous les envois sont effectu\u00e9s aux risques du client.<\/li>\n<li>Le lieu d\u2019ex\u00e9cution pour l\u2019acheteur et le vendeur est Kradolf (TG).<\/li>\n<li>Les modalit\u00e9s de paiement sont \u00e0 30\u00a0jours net. Des frais de CHF 20.- seront factur\u00e9s \u00e0 partir du 2e\u00a0rappel.<\/li>\n<li>Les r\u00e9clamations ne sont accept\u00e9es que lorsqu\u2019elles sont effectu\u00e9es dans les 8\u00a0jours apr\u00e8s r\u00e9ception de la marchandise. En cas de d\u00e9faut de fabrication ou d\u2019utilisation de mat\u00e9riaux non ad\u00e9quats, <strong>Forni Medical GmbH<\/strong> s\u2019engage \u00e0 son choix, \u00e0 am\u00e9liorer ou \u00e0 remplacer la marchandise d\u00e9fectueuse aussi vite que possible. Toute autre pr\u00e9tention de l\u2019acheteur, concernant en particulier l\u2019obtention de dommages int\u00e9r\u00eats ou l\u2019annulation du contrat, est exclue.<\/li>\n<li>Les perturbations op\u00e9rationnelles de tout type, dues \u00e0 des incendies, gr\u00e8ves, guerre, d\u00e9faut de mati\u00e8res premi\u00e8res ou \u00e9v\u00e9nements de force majeure, etc. d\u00e9livrent <strong>Forni Medical Gmbh<\/strong> des obligations de livraison pendant la dur\u00e9e de ces perturbations.<\/li>\n<li>Si, pendant l\u2019ex\u00e9cution d\u2019une commande \u00e0 livraison par tranches, une augmentation de prix entre en vigueur, <strong>Forni Medical GmbH<\/strong> peut l\u2019appliquer au solde non livr\u00e9.<\/li>\n<li>Si les quantit\u00e9s finales command\u00e9es n\u2019ont pas \u00e9t\u00e9 retir\u00e9es ou demand\u00e9es par l\u2019acheteur dans les d\u00e9lais convenus, <strong>Forni Medical GmbH<\/strong> est libre de refuser de livrer les quantit\u00e9s restantes.<\/li>\n<li>Les confections sp\u00e9ciales sont fabriqu\u00e9es au prix co\u00fbtant et ne peuvent en aucun cas \u00eatre reprises. L\u2019acheteur est tenu d\u2019accepter d\u2019\u00e9ventuelles livraisons jusqu\u2019\u00e0 10\u00a0% sup\u00e9rieures ou inf\u00e9rieures.<\/li>\n<li>Une taxe de manutention appropri\u00e9e peut \u00eatre d\u00e9bit\u00e9e \u00e0 l\u2019acheteur, si celui-ci retourne la marchandise sans qu\u2019il y ait eu faute de la part de <strong>Forni Medical GmbH<\/strong>. Les produits p\u00e9rim\u00e9s et st\u00e9riles, ainsi que les emballages entam\u00e9s, les sous-v\u00eatements m\u00e9dicaux et le mat\u00e9riel de protection ne sont pas repris.<\/li>\n<li>Le mat\u00e9riel d\u2019emballage n\u2019est pas repris.<\/li>\n<li><strong>Le montant minimal de facture par livraison est de CHF 50.-. Pour une commande en dessous de CHF 150.-, nous vous facturons CHF 15.- pour les frais de port et d\u2019emballage.<\/strong><\/li>\n<li>Les livraisons aux <strong>personnes priv\u00e9es<\/strong> sont effectu\u00e9es exclusivement contre paiement anticip\u00e9, ou avec paiement par TWINT ( direct ).<strong><br \/>\n<\/strong><\/li>\n<li>Les prix indiqu\u00e9s sont sans engagement. Demeure r\u00e9serv\u00e9e la modification sans pr\u00e9avis de nos prix et conditions de vente, ainsi que de notre assortiment de produits et de nos emballages.<\/li>\n<li>La r\u00e9serve de propri\u00e9t\u00e9 prolong\u00e9e et \u00e9tendue s\u2019applique. La marchandise reste la propri\u00e9t\u00e9 de <strong>Forni Medical GmbH<\/strong> jusqu\u2019au paiement complet des produits livr\u00e9s. Toute mise en gage ou tout transfert de propri\u00e9t\u00e9 \u00e0 titre de garantie en faveur de tiers est exclu(e) sans l\u2019accord de <strong>Forni Medical GmbH<\/strong>.<\/li>\n<li>Toute autre condition de l\u2019acheteur n\u2019est valable que si <strong>Forni Medical GmbH<\/strong> l\u2019accepte par \u00e9crit.<\/li>\n<\/ul>\n<\/div>\n\t\n<\/div>\n<\/div>","protected":false},"excerpt":{"rendered":"<p>Les commandes sont livr\u00e9es franco domicile dans toute la Suisse \u00e0 partir d\u2019un montant de facture brut de CHF 150.-. Un surplus sera factur\u00e9 pour les envois \u00abExpress\u00bb. Tous les envois sont effectu\u00e9s aux risques du client. Le lieu d\u2019ex\u00e9cution pour l\u2019acheteur et le vendeur est Kradolf (TG). Les modalit\u00e9s de paiement sont \u00e0 30\u00a0jours [&hellip;]<\/p>\n","protected":false},"author":264,"featured_media":0,"parent":0,"menu_order":0,"comment_status":"closed","ping_status":"closed","template":"","meta":{"_acf_changed":false,"site-sidebar-layout":"no-sidebar","site-content-layout":"","ast-site-content-layout":"default","site-content-style":"default","site-sidebar-style":"default","ast-global-header-display":"","ast-banner-title-visibility":"","ast-main-header-display":"","ast-hfb-above-header-display":"","ast-hfb-below-header-display":"","ast-hfb-mobile-header-display":"","site-post-title":"","ast-breadcrumbs-content":"","ast-featured-img":"","footer-sml-layout":"","theme-transparent-header-meta":"default","adv-header-id-meta":"","stick-header-meta":"","header-above-stick-meta":"","header-main-stick-meta":"","header-below-stick-meta":"","astra-migrate-meta-layouts":"set","ast-page-background-enabled":"default","ast-page-background-meta":{"desktop":{"background-color":"var(--ast-global-color-4)","background-image":"","background-repeat":"repeat","background-position":"center center","background-size":"auto","background-attachment":"scroll","background-type":"","background-media":"","overlay-type":"","overlay-color":"","overlay-opacity":"","overlay-gradient":""},"tablet":{"background-color":"","background-image":"","background-repeat":"repeat","background-position":"center center","background-size":"auto","background-attachment":"scroll","background-type":"","background-media":"","overlay-type":"","overlay-color":"","overlay-opacity":"","overlay-gradient":""},"mobile":{"background-color":"","background-image":"","background-repeat":"repeat","background-position":"center center","background-size":"auto","background-attachment":"scroll","background-type":"","background-media":"","overlay-type":"","overlay-color":"","overlay-opacity":"","overlay-gradient":""}},"ast-content-background-meta":{"desktop":{"background-color":"var(--ast-global-color-5)","background-image":"","background-repeat":"repeat","background-position":"center center","background-size":"auto","background-attachment":"scroll","background-type":"","background-media":"","overlay-type":"","overlay-color":"","overlay-opacity":"","overlay-gradient":""},"tablet":{"background-color":"var(--ast-global-color-5)","background-image":"","background-repeat":"repeat","background-position":"center center","background-size":"auto","background-attachment":"scroll","background-type":"","background-media":"","overlay-type":"","overlay-color":"","overlay-opacity":"","overlay-gradient":""},"mobile":{"background-color":"var(--ast-global-color-5)","background-image":"","background-repeat":"repeat","background-position":"center center","background-size":"auto","background-attachment":"scroll","background-type":"","background-media":"","overlay-type":"","overlay-color":"","overlay-opacity":"","overlay-gradient":""}},"footnotes":""},"class_list":["post-5074","page","type-page","status-publish","hentry"],"acf":[],"yoast_head":"<!-- This site is optimized with the Yoast SEO plugin v26.5 - https:\/\/yoast.com\/wordpress\/plugins\/seo\/ -->\n<title>CGV | Forni Medical<\/title>\n<meta name=\"robots\" content=\"index, follow, max-snippet:-1, max-image-preview:large, max-video-preview:-1\" \/>\n<link rel=\"canonical\" href=\"https:\/\/fornimedical.ch\/fr\/conditions-generales-de-vente\/\" \/>\n<meta property=\"og:locale\" content=\"fr_FR\" \/>\n<meta property=\"og:type\" content=\"article\" \/>\n<meta property=\"og:title\" content=\"CGV | Forni Medical\" \/>\n<meta property=\"og:description\" content=\"Les commandes sont livr\u00e9es franco domicile dans toute la Suisse \u00e0 partir d\u2019un montant de facture brut de CHF 150.-. Un surplus sera factur\u00e9 pour les envois \u00abExpress\u00bb. Tous les envois sont effectu\u00e9s aux risques du client. Le lieu d\u2019ex\u00e9cution pour l\u2019acheteur et le vendeur est Kradolf (TG). Les modalit\u00e9s de paiement sont \u00e0 30\u00a0jours [&hellip;]\" \/>\n<meta property=\"og:url\" content=\"https:\/\/fornimedical.ch\/fr\/conditions-generales-de-vente\/\" \/>\n<meta property=\"og:site_name\" content=\"Forni Medical GmbH\" \/>\n<meta property=\"article:modified_time\" content=\"2026-03-31T12:50:45+00:00\" \/>\n<meta name=\"twitter:card\" content=\"summary_large_image\" \/>\n<script type=\"application\/ld+json\" class=\"yoast-schema-graph\">{\"@context\":\"https:\/\/schema.org\",\"@graph\":[{\"@type\":\"WebPage\",\"@id\":\"https:\/\/fornimedical.ch\/fr\/conditions-generales-de-vente\/\",\"url\":\"https:\/\/fornimedical.ch\/fr\/conditions-generales-de-vente\/\",\"name\":\"CGV | Forni Medical\",\"isPartOf\":{\"@id\":\"https:\/\/fornimedical.ch\/fr\/#website\"},\"datePublished\":\"2023-11-28T16:45:10+00:00\",\"dateModified\":\"2026-03-31T12:50:45+00:00\",\"breadcrumb\":{\"@id\":\"https:\/\/fornimedical.ch\/fr\/conditions-generales-de-vente\/#breadcrumb\"},\"inLanguage\":\"fr-FR\",\"potentialAction\":[{\"@type\":\"ReadAction\",\"target\":[\"https:\/\/fornimedical.ch\/fr\/conditions-generales-de-vente\/\"]}]},{\"@type\":\"BreadcrumbList\",\"@id\":\"https:\/\/fornimedical.ch\/fr\/conditions-generales-de-vente\/#breadcrumb\",\"itemListElement\":[{\"@type\":\"ListItem\",\"position\":1,\"name\":\"Home\",\"item\":\"https:\/\/fornimedical.ch\/fr\/\"},{\"@type\":\"ListItem\",\"position\":2,\"name\":\"Conditions g\u00e9n\u00e9rales de vente\"}]},{\"@type\":\"WebSite\",\"@id\":\"https:\/\/fornimedical.ch\/fr\/#website\",\"url\":\"https:\/\/fornimedical.ch\/fr\/\",\"name\":\"Forni Medical GmbH\",\"description\":\"\",\"publisher\":{\"@id\":\"https:\/\/fornimedical.ch\/fr\/#organization\"},\"potentialAction\":[{\"@type\":\"SearchAction\",\"target\":{\"@type\":\"EntryPoint\",\"urlTemplate\":\"https:\/\/fornimedical.ch\/fr\/?s={search_term_string}\"},\"query-input\":{\"@type\":\"PropertyValueSpecification\",\"valueRequired\":true,\"valueName\":\"search_term_string\"}}],\"inLanguage\":\"fr-FR\"},{\"@type\":\"Organization\",\"@id\":\"https:\/\/fornimedical.ch\/fr\/#organization\",\"name\":\"Forni Medical GmbH\",\"url\":\"https:\/\/fornimedical.ch\/fr\/\",\"logo\":{\"@type\":\"ImageObject\",\"inLanguage\":\"fr-FR\",\"@id\":\"https:\/\/fornimedical.ch\/fr\/#\/schema\/logo\/image\/\",\"url\":\"https:\/\/fornimedical.ch\/wp-content\/uploads\/2023\/08\/logo.svg\",\"contentUrl\":\"https:\/\/fornimedical.ch\/wp-content\/uploads\/2023\/08\/logo.svg\",\"caption\":\"Forni Medical GmbH\"},\"image\":{\"@id\":\"https:\/\/fornimedical.ch\/fr\/#\/schema\/logo\/image\/\"}}]}<\/script>\n<!-- \/ Yoast SEO plugin. -->","yoast_head_json":{"title":"CGV | Forni Medical","robots":{"index":"index","follow":"follow","max-snippet":"max-snippet:-1","max-image-preview":"max-image-preview:large","max-video-preview":"max-video-preview:-1"},"canonical":"https:\/\/fornimedical.ch\/fr\/conditions-generales-de-vente\/","og_locale":"fr_FR","og_type":"article","og_title":"CGV | Forni Medical","og_description":"Les commandes sont livr\u00e9es franco domicile dans toute la Suisse \u00e0 partir d\u2019un montant de facture brut de CHF 150.-. Un surplus sera factur\u00e9 pour les envois \u00abExpress\u00bb. Tous les envois sont effectu\u00e9s aux risques du client. Le lieu d\u2019ex\u00e9cution pour l\u2019acheteur et le vendeur est Kradolf (TG). Les modalit\u00e9s de paiement sont \u00e0 30\u00a0jours [&hellip;]","og_url":"https:\/\/fornimedical.ch\/fr\/conditions-generales-de-vente\/","og_site_name":"Forni Medical GmbH","article_modified_time":"2026-03-31T12:50:45+00:00","twitter_card":"summary_large_image","schema":{"@context":"https:\/\/schema.org","@graph":[{"@type":"WebPage","@id":"https:\/\/fornimedical.ch\/fr\/conditions-generales-de-vente\/","url":"https:\/\/fornimedical.ch\/fr\/conditions-generales-de-vente\/","name":"CGV | Forni Medical","isPartOf":{"@id":"https:\/\/fornimedical.ch\/fr\/#website"},"datePublished":"2023-11-28T16:45:10+00:00","dateModified":"2026-03-31T12:50:45+00:00","breadcrumb":{"@id":"https:\/\/fornimedical.ch\/fr\/conditions-generales-de-vente\/#breadcrumb"},"inLanguage":"fr-FR","potentialAction":[{"@type":"ReadAction","target":["https:\/\/fornimedical.ch\/fr\/conditions-generales-de-vente\/"]}]},{"@type":"BreadcrumbList","@id":"https:\/\/fornimedical.ch\/fr\/conditions-generales-de-vente\/#breadcrumb","itemListElement":[{"@type":"ListItem","position":1,"name":"Home","item":"https:\/\/fornimedical.ch\/fr\/"},{"@type":"ListItem","position":2,"name":"Conditions g\u00e9n\u00e9rales de vente"}]},{"@type":"WebSite","@id":"https:\/\/fornimedical.ch\/fr\/#website","url":"https:\/\/fornimedical.ch\/fr\/","name":"Forni Medical GmbH","description":"","publisher":{"@id":"https:\/\/fornimedical.ch\/fr\/#organization"},"potentialAction":[{"@type":"SearchAction","target":{"@type":"EntryPoint","urlTemplate":"https:\/\/fornimedical.ch\/fr\/?s={search_term_string}"},"query-input":{"@type":"PropertyValueSpecification","valueRequired":true,"valueName":"search_term_string"}}],"inLanguage":"fr-FR"},{"@type":"Organization","@id":"https:\/\/fornimedical.ch\/fr\/#organization","name":"Forni Medical GmbH","url":"https:\/\/fornimedical.ch\/fr\/","logo":{"@type":"ImageObject","inLanguage":"fr-FR","@id":"https:\/\/fornimedical.ch\/fr\/#\/schema\/logo\/image\/","url":"https:\/\/fornimedical.ch\/wp-content\/uploads\/2023\/08\/logo.svg","contentUrl":"https:\/\/fornimedical.ch\/wp-content\/uploads\/2023\/08\/logo.svg","caption":"Forni Medical GmbH"},"image":{"@id":"https:\/\/fornimedical.ch\/fr\/#\/schema\/logo\/image\/"}}]}},"_links":{"self":[{"href":"https:\/\/fornimedical.ch\/fr\/wp-json\/wp\/v2\/pages\/5074","targetHints":{"allow":["GET"]}}],"collection":[{"href":"https:\/\/fornimedical.ch\/fr\/wp-json\/wp\/v2\/pages"}],"about":[{"href":"https:\/\/fornimedical.ch\/fr\/wp-json\/wp\/v2\/types\/page"}],"author":[{"embeddable":true,"href":"https:\/\/fornimedical.ch\/fr\/wp-json\/wp\/v2\/users\/264"}],"replies":[{"embeddable":true,"href":"https:\/\/fornimedical.ch\/fr\/wp-json\/wp\/v2\/comments?post=5074"}],"version-history":[{"count":1,"href":"https:\/\/fornimedical.ch\/fr\/wp-json\/wp\/v2\/pages\/5074\/revisions"}],"predecessor-version":[{"id":12575,"href":"https:\/\/fornimedical.ch\/fr\/wp-json\/wp\/v2\/pages\/5074\/revisions\/12575"}],"wp:attachment":[{"href":"https:\/\/fornimedical.ch\/fr\/wp-json\/wp\/v2\/media?parent=5074"}],"curies":[{"name":"wp","href":"https:\/\/api.w.org\/{rel}","templated":true}]}}