{"id":5072,"date":"2023-09-03T09:33:32","date_gmt":"2023-09-03T09:33:32","guid":{"rendered":"https:\/\/fornimedical.ch\/a-propos-de-nous\/valeurs-et-politique-de-lentreprise\/"},"modified":"2024-07-17T12:47:24","modified_gmt":"2024-07-17T12:47:24","slug":"valeurs-et-politique-de-lentreprise","status":"publish","type":"page","link":"https:\/\/fornimedical.ch\/fr\/a-propos-de-nous\/valeurs-et-politique-de-lentreprise\/","title":{"rendered":"Valeurs et politique de l\u2019entreprise"},"content":{"rendered":"<div class=\"field-blocks-section  \" ><div class=\"container simple-text-section-wrapper\n\">\n\t\t<div class=\"text-content\"><p><strong>\u00abAvec nous, vous restez en mouvement.\u00bb Telle est notre devise. Et cela ne concerne pas seulement le mouvement physique, possible gr\u00e2ce \u00e0 nos produits, mais \u00e9galement notre propre \u00e9volution ainsi que l\u2019acquisition et m\u00eame la fabrication de nouveaux produits.<\/strong><\/p>\n<\/div>\n\t\n<\/div>\n<div class=\"container simple-text-section-wrapper\n\">\n\t\t<div class=\"text-content\"><h2>Nous poursuivons trois objectifs fondamentaux au quotidien:<\/h2>\n<ul>\n<li>le bien-\u00eatre humain<\/li>\n<li>une \u00e9conomie saine<\/li>\n<li>un environnement intact<\/li>\n<\/ul>\n<\/div>\n\t\n<\/div>\n<div class=\"container simple-text-section-wrapper\n\">\n\t\t<div class=\"text-content\"><h2>La qualit\u00e9, avec une touche personnelle<\/h2>\n<p>Avec la norme ISO 13485, nous travaillons en fonction des processus. Par cons\u00e9quent, notre qualit\u00e9 est \u00e9lev\u00e9e dans tous les domaines. Qu\u2019il s\u2019agisse du d\u00e9veloppement de nouveaux outils innovants ou de la formation de nos collaborateurs sur des produits, ou encore du renouvellement de l&apos;image de marque de notre entreprise, nous sommes toujours en mouvement.<\/p>\n<\/div>\n\t\n<\/div>\n<div class=\"container simple-text-section-wrapper\n\">\n\t\t<div class=\"text-content\"><h2>Le partenariat bas\u00e9 sur la confiance<\/h2>\n<p>Chez nous, le partenariat repose sur la confiance Nous pratiquons une politique d\u2019information transparente et honn\u00eate, en interne comme en externe.<\/p>\n<\/div>\n\t\n<\/div>\n<div class=\"container simple-text-section-wrapper\n\">\n\t\t<div class=\"text-content\"><h2>Formation continue\u00a0\u2013 pour le bien-\u00eatre de nos collaborateurs<\/h2>\n<p>Nos collaborateurs sont vos interlocuteurs et l\u2019atout le plus important de Forni Medical. C\u2019est pourquoi les formations sont adapt\u00e9es aux besoins individuels. Nous attachons \u00e9galement une grande importance \u00e0 la formation en \u00e9quipe.<\/p>\n<\/div>\n\t\n<\/div>\n<div class=\"container simple-text-section-wrapper\n\">\n\t\t<div class=\"text-content\"><h2>Style de direction\u00a0\u2013 exprimer ses points forts par approbation et espace de libert\u00e9<\/h2>\n<p>Pour que les collaborateurs puissent exprimer leurs points forts, la confiance est de mise. Notre style de direction amical et familial ouvre la porte au libre \u00e9panouissement et \u00e0 la responsabilit\u00e9 individuelle.<\/p>\n<\/div>\n\t\n<\/div>\n<\/div>","protected":false},"excerpt":{"rendered":"<p>\u00abAvec nous, vous restez en mouvement.\u00bb Telle est notre devise. Et cela ne concerne pas seulement le mouvement physique, possible gr\u00e2ce \u00e0 nos produits, mais \u00e9galement notre propre \u00e9volution ainsi que l\u2019acquisition et m\u00eame la fabrication de nouveaux produits. Nous poursuivons trois objectifs fondamentaux au quotidien: le bien-\u00eatre humain une \u00e9conomie saine un environnement intact [&hellip;]<\/p>\n","protected":false},"author":264,"featured_media":0,"parent":5071,"menu_order":1,"comment_status":"closed","ping_status":"closed","template":"","meta":{"_acf_changed":false,"site-sidebar-layout":"default","site-content-layout":"","ast-site-content-layout":"default","site-content-style":"default","site-sidebar-style":"default","ast-global-header-display":"","ast-banner-title-visibility":"","ast-main-header-display":"","ast-hfb-above-header-display":"","ast-hfb-below-header-display":"","ast-hfb-mobile-header-display":"","site-post-title":"","ast-breadcrumbs-content":"","ast-featured-img":"","footer-sml-layout":"","theme-transparent-header-meta":"default","adv-header-id-meta":"","stick-header-meta":"","header-above-stick-meta":"","header-main-stick-meta":"","header-below-stick-meta":"","astra-migrate-meta-layouts":"set","ast-page-background-enabled":"default","ast-page-background-meta":{"desktop":{"background-color":"var(--ast-global-color-4)","background-image":"","background-repeat":"repeat","background-position":"center center","background-size":"auto","background-attachment":"scroll","background-type":"","background-media":"","overlay-type":"","overlay-color":"","overlay-opacity":"","overlay-gradient":""},"tablet":{"background-color":"","background-image":"","background-repeat":"repeat","background-position":"center center","background-size":"auto","background-attachment":"scroll","background-type":"","background-media":"","overlay-type":"","overlay-color":"","overlay-opacity":"","overlay-gradient":""},"mobile":{"background-color":"","background-image":"","background-repeat":"repeat","background-position":"center center","background-size":"auto","background-attachment":"scroll","background-type":"","background-media":"","overlay-type":"","overlay-color":"","overlay-opacity":"","overlay-gradient":""}},"ast-content-background-meta":{"desktop":{"background-color":"var(--ast-global-color-5)","background-image":"","background-repeat":"repeat","background-position":"center center","background-size":"auto","background-attachment":"scroll","background-type":"","background-media":"","overlay-type":"","overlay-color":"","overlay-opacity":"","overlay-gradient":""},"tablet":{"background-color":"var(--ast-global-color-5)","background-image":"","background-repeat":"repeat","background-position":"center center","background-size":"auto","background-attachment":"scroll","background-type":"","background-media":"","overlay-type":"","overlay-color":"","overlay-opacity":"","overlay-gradient":""},"mobile":{"background-color":"var(--ast-global-color-5)","background-image":"","background-repeat":"repeat","background-position":"center center","background-size":"auto","background-attachment":"scroll","background-type":"","background-media":"","overlay-type":"","overlay-color":"","overlay-opacity":"","overlay-gradient":""}},"footnotes":""},"class_list":["post-5072","page","type-page","status-publish","hentry"],"acf":[],"yoast_head":"<!-- This site is optimized with the Yoast SEO plugin v26.5 - https:\/\/yoast.com\/wordpress\/plugins\/seo\/ -->\n<title>Valeurs et politique de l\u2019entreprise | Forni Medical<\/title>\n<meta name=\"description\" content=\"Nos valeurs nous distinguent et sont les fondements de notre entreprise. Avec nous, vous restez en mouvement dans tous les sens du terme.\" \/>\n<meta name=\"robots\" content=\"index, follow, max-snippet:-1, max-image-preview:large, max-video-preview:-1\" \/>\n<link rel=\"canonical\" href=\"https:\/\/fornimedical.ch\/fr\/a-propos-de-nous\/valeurs-et-politique-de-lentreprise\/\" \/>\n<meta property=\"og:locale\" content=\"fr_FR\" \/>\n<meta property=\"og:type\" content=\"article\" \/>\n<meta property=\"og:title\" content=\"Valeurs et politique de l\u2019entreprise | Forni Medical\" \/>\n<meta property=\"og:description\" content=\"Nos valeurs nous distinguent et sont les fondements de notre entreprise. Avec nous, vous restez en mouvement dans tous les sens du terme.\" \/>\n<meta property=\"og:url\" content=\"https:\/\/fornimedical.ch\/fr\/a-propos-de-nous\/valeurs-et-politique-de-lentreprise\/\" \/>\n<meta property=\"og:site_name\" content=\"Forni Medical GmbH\" \/>\n<meta property=\"article:modified_time\" content=\"2024-07-17T12:47:24+00:00\" \/>\n<meta name=\"twitter:card\" content=\"summary_large_image\" \/>\n<script type=\"application\/ld+json\" class=\"yoast-schema-graph\">{\"@context\":\"https:\/\/schema.org\",\"@graph\":[{\"@type\":\"WebPage\",\"@id\":\"https:\/\/fornimedical.ch\/fr\/a-propos-de-nous\/valeurs-et-politique-de-lentreprise\/\",\"url\":\"https:\/\/fornimedical.ch\/fr\/a-propos-de-nous\/valeurs-et-politique-de-lentreprise\/\",\"name\":\"Valeurs et politique de l\u2019entreprise | Forni Medical\",\"isPartOf\":{\"@id\":\"https:\/\/fornimedical.ch\/fr\/#website\"},\"datePublished\":\"2023-09-03T09:33:32+00:00\",\"dateModified\":\"2024-07-17T12:47:24+00:00\",\"description\":\"Nos valeurs nous distinguent et sont les fondements de notre entreprise. Avec nous, vous restez en mouvement dans tous les sens du terme.\",\"breadcrumb\":{\"@id\":\"https:\/\/fornimedical.ch\/fr\/a-propos-de-nous\/valeurs-et-politique-de-lentreprise\/#breadcrumb\"},\"inLanguage\":\"fr-FR\",\"potentialAction\":[{\"@type\":\"ReadAction\",\"target\":[\"https:\/\/fornimedical.ch\/fr\/a-propos-de-nous\/valeurs-et-politique-de-lentreprise\/\"]}]},{\"@type\":\"BreadcrumbList\",\"@id\":\"https:\/\/fornimedical.ch\/fr\/a-propos-de-nous\/valeurs-et-politique-de-lentreprise\/#breadcrumb\",\"itemListElement\":[{\"@type\":\"ListItem\",\"position\":1,\"name\":\"Home\",\"item\":\"https:\/\/fornimedical.ch\/fr\/\"},{\"@type\":\"ListItem\",\"position\":2,\"name\":\"\u00c0 propos de nous\",\"item\":\"https:\/\/fornimedical.ch\/fr\/a-propos-de-nous\/\"},{\"@type\":\"ListItem\",\"position\":3,\"name\":\"Valeurs et politique de l\u2019entreprise\"}]},{\"@type\":\"WebSite\",\"@id\":\"https:\/\/fornimedical.ch\/fr\/#website\",\"url\":\"https:\/\/fornimedical.ch\/fr\/\",\"name\":\"Forni Medical GmbH\",\"description\":\"\",\"publisher\":{\"@id\":\"https:\/\/fornimedical.ch\/fr\/#organization\"},\"potentialAction\":[{\"@type\":\"SearchAction\",\"target\":{\"@type\":\"EntryPoint\",\"urlTemplate\":\"https:\/\/fornimedical.ch\/fr\/?s={search_term_string}\"},\"query-input\":{\"@type\":\"PropertyValueSpecification\",\"valueRequired\":true,\"valueName\":\"search_term_string\"}}],\"inLanguage\":\"fr-FR\"},{\"@type\":\"Organization\",\"@id\":\"https:\/\/fornimedical.ch\/fr\/#organization\",\"name\":\"Forni Medical GmbH\",\"url\":\"https:\/\/fornimedical.ch\/fr\/\",\"logo\":{\"@type\":\"ImageObject\",\"inLanguage\":\"fr-FR\",\"@id\":\"https:\/\/fornimedical.ch\/fr\/#\/schema\/logo\/image\/\",\"url\":\"https:\/\/fornimedical.ch\/wp-content\/uploads\/2023\/08\/logo.svg\",\"contentUrl\":\"https:\/\/fornimedical.ch\/wp-content\/uploads\/2023\/08\/logo.svg\",\"caption\":\"Forni Medical GmbH\"},\"image\":{\"@id\":\"https:\/\/fornimedical.ch\/fr\/#\/schema\/logo\/image\/\"}}]}<\/script>\n<!-- \/ Yoast SEO plugin. -->","yoast_head_json":{"title":"Valeurs et politique de l\u2019entreprise | Forni Medical","description":"Nos valeurs nous distinguent et sont les fondements de notre entreprise. Avec nous, vous restez en mouvement dans tous les sens du terme.","robots":{"index":"index","follow":"follow","max-snippet":"max-snippet:-1","max-image-preview":"max-image-preview:large","max-video-preview":"max-video-preview:-1"},"canonical":"https:\/\/fornimedical.ch\/fr\/a-propos-de-nous\/valeurs-et-politique-de-lentreprise\/","og_locale":"fr_FR","og_type":"article","og_title":"Valeurs et politique de l\u2019entreprise | Forni Medical","og_description":"Nos valeurs nous distinguent et sont les fondements de notre entreprise. Avec nous, vous restez en mouvement dans tous les sens du terme.","og_url":"https:\/\/fornimedical.ch\/fr\/a-propos-de-nous\/valeurs-et-politique-de-lentreprise\/","og_site_name":"Forni Medical GmbH","article_modified_time":"2024-07-17T12:47:24+00:00","twitter_card":"summary_large_image","schema":{"@context":"https:\/\/schema.org","@graph":[{"@type":"WebPage","@id":"https:\/\/fornimedical.ch\/fr\/a-propos-de-nous\/valeurs-et-politique-de-lentreprise\/","url":"https:\/\/fornimedical.ch\/fr\/a-propos-de-nous\/valeurs-et-politique-de-lentreprise\/","name":"Valeurs et politique de l\u2019entreprise | Forni Medical","isPartOf":{"@id":"https:\/\/fornimedical.ch\/fr\/#website"},"datePublished":"2023-09-03T09:33:32+00:00","dateModified":"2024-07-17T12:47:24+00:00","description":"Nos valeurs nous distinguent et sont les fondements de notre entreprise. Avec nous, vous restez en mouvement dans tous les sens du terme.","breadcrumb":{"@id":"https:\/\/fornimedical.ch\/fr\/a-propos-de-nous\/valeurs-et-politique-de-lentreprise\/#breadcrumb"},"inLanguage":"fr-FR","potentialAction":[{"@type":"ReadAction","target":["https:\/\/fornimedical.ch\/fr\/a-propos-de-nous\/valeurs-et-politique-de-lentreprise\/"]}]},{"@type":"BreadcrumbList","@id":"https:\/\/fornimedical.ch\/fr\/a-propos-de-nous\/valeurs-et-politique-de-lentreprise\/#breadcrumb","itemListElement":[{"@type":"ListItem","position":1,"name":"Home","item":"https:\/\/fornimedical.ch\/fr\/"},{"@type":"ListItem","position":2,"name":"\u00c0 propos de nous","item":"https:\/\/fornimedical.ch\/fr\/a-propos-de-nous\/"},{"@type":"ListItem","position":3,"name":"Valeurs et politique de l\u2019entreprise"}]},{"@type":"WebSite","@id":"https:\/\/fornimedical.ch\/fr\/#website","url":"https:\/\/fornimedical.ch\/fr\/","name":"Forni Medical GmbH","description":"","publisher":{"@id":"https:\/\/fornimedical.ch\/fr\/#organization"},"potentialAction":[{"@type":"SearchAction","target":{"@type":"EntryPoint","urlTemplate":"https:\/\/fornimedical.ch\/fr\/?s={search_term_string}"},"query-input":{"@type":"PropertyValueSpecification","valueRequired":true,"valueName":"search_term_string"}}],"inLanguage":"fr-FR"},{"@type":"Organization","@id":"https:\/\/fornimedical.ch\/fr\/#organization","name":"Forni Medical GmbH","url":"https:\/\/fornimedical.ch\/fr\/","logo":{"@type":"ImageObject","inLanguage":"fr-FR","@id":"https:\/\/fornimedical.ch\/fr\/#\/schema\/logo\/image\/","url":"https:\/\/fornimedical.ch\/wp-content\/uploads\/2023\/08\/logo.svg","contentUrl":"https:\/\/fornimedical.ch\/wp-content\/uploads\/2023\/08\/logo.svg","caption":"Forni Medical GmbH"},"image":{"@id":"https:\/\/fornimedical.ch\/fr\/#\/schema\/logo\/image\/"}}]}},"_links":{"self":[{"href":"https:\/\/fornimedical.ch\/fr\/wp-json\/wp\/v2\/pages\/5072","targetHints":{"allow":["GET"]}}],"collection":[{"href":"https:\/\/fornimedical.ch\/fr\/wp-json\/wp\/v2\/pages"}],"about":[{"href":"https:\/\/fornimedical.ch\/fr\/wp-json\/wp\/v2\/types\/page"}],"author":[{"embeddable":true,"href":"https:\/\/fornimedical.ch\/fr\/wp-json\/wp\/v2\/users\/264"}],"replies":[{"embeddable":true,"href":"https:\/\/fornimedical.ch\/fr\/wp-json\/wp\/v2\/comments?post=5072"}],"version-history":[{"count":1,"href":"https:\/\/fornimedical.ch\/fr\/wp-json\/wp\/v2\/pages\/5072\/revisions"}],"predecessor-version":[{"id":5103,"href":"https:\/\/fornimedical.ch\/fr\/wp-json\/wp\/v2\/pages\/5072\/revisions\/5103"}],"up":[{"embeddable":true,"href":"https:\/\/fornimedical.ch\/fr\/wp-json\/wp\/v2\/pages\/5071"}],"wp:attachment":[{"href":"https:\/\/fornimedical.ch\/fr\/wp-json\/wp\/v2\/media?parent=5072"}],"curies":[{"name":"wp","href":"https:\/\/api.w.org\/{rel}","templated":true}]}}