{"id":5071,"date":"2023-09-02T08:42:46","date_gmt":"2023-09-02T06:42:46","guid":{"rendered":"https:\/\/fornimedical.ch\/a-propos-de-nous\/"},"modified":"2025-08-07T14:29:40","modified_gmt":"2025-08-07T12:29:40","slug":"a-propos-de-nous","status":"publish","type":"page","link":"https:\/\/fornimedical.ch\/fr\/a-propos-de-nous\/","title":{"rendered":"\u00c0 propos de nous"},"content":{"rendered":"<div class=\"field-blocks-section  \" ><div class=\"container simple-text-section-wrapper\n\">\n\t\t<div class=\"text-content\"><h2>Entreprise suisse familiale<\/h2>\n<\/div>\n\t\n<\/div>\n<div class=\"container simple-text-section-wrapper\n\">\n\t\t<div class=\"text-content\"><p><strong>Forni Medical existe depuis plus de 30 ans, et s\u2019est forg\u00e9 une excellente r\u00e9putation dans le domaine m\u00e9dical et orthop\u00e9dique. Et ce, bien entendu, dans toute la Suisse. Nous avons des attentes \u00e9lev\u00e9es envers nous-m\u00eames et c\u2019est pourquoi le client est en droit d\u2019attendre la meilleure qualit\u00e9 pour tous les produits, ainsi qu\u2019un conseil comp\u00e9tent. Chez nous, le client est toujours notre priorit\u00e9 et notre passion est d&rsquo;atteindre la perfection autant que possible.<\/strong><\/p>\n<\/div>\n\t\n<\/div>\n<div class=\"container simple-text-section-wrapper\n\">\n\t\t<div class=\"text-content\"><h2>Forni Medical en chiffres:<\/h2>\n<ul>\n<li>1300 clients actifs dans toute la Suisse<\/li>\n<li>3 900 commandes par an<\/li>\n<li>1200 m2 d\u2019entrep\u00f4t et de bureaux<\/li>\n<li>800 articles disponibles imm\u00e9diatement en stock<\/li>\n<li>60 fournisseurs dans le monde entier<\/li>\n<\/ul>\n<\/div>\n\t\n<\/div>\n<div class=\"container simple-text-section-wrapper\n\">\n\t\t<div class=\"text-content\"><p>Et lorsqu\u2019un conteneur 40 pieds nous est livr\u00e9, la direction n\u2019h\u00e9site pas \u00e0 mettre la main \u00e0 la p\u00e2te pour aider \u00e0 d\u00e9charger. Chez nous, la devise est \u00ab Un pour tous, tous pour un \u00bb. C&rsquo;est d&rsquo;ailleurs aussi la devise officieuse de la Suisse ! \u00c7a tombe bien \ud83d\ude42<\/p>\n<p>Nous avons \u00e9galement une superbe \u00e9quipe administrative qui g\u00e8re avec brio les demandes, les devis et la communication g\u00e9n\u00e9rale dans six\u00a0langues. Ainsi, tous les clients et fournisseurs sont entre de bonnes mains chez nous.<\/p>\n<p>Si vous ne voulez rien manquer de notre quotidien, suivez-nous sur LinkedIn ;<br \/>\n<a href=\"https:\/\/www.linkedin.com\/company\/forni-medical-gmbh\">https:\/\/www.linkedin.com\/company\/forni-medical-gmbh<\/a><\/p>\n<\/div>\n\t\n<\/div>\n<\/div>","protected":false},"excerpt":{"rendered":"<p>Entreprise suisse familiale Forni Medical existe depuis plus de 30 ans, et s\u2019est forg\u00e9 une excellente r\u00e9putation dans le domaine m\u00e9dical et orthop\u00e9dique. Et ce, bien entendu, dans toute la Suisse. Nous avons des attentes \u00e9lev\u00e9es envers nous-m\u00eames et c\u2019est pourquoi le client est en droit d\u2019attendre la meilleure qualit\u00e9 pour tous les produits, ainsi [&hellip;]<\/p>\n","protected":false},"author":264,"featured_media":0,"parent":0,"menu_order":-30,"comment_status":"closed","ping_status":"closed","template":"","meta":{"_acf_changed":false,"site-sidebar-layout":"default","site-content-layout":"","ast-site-content-layout":"default","site-content-style":"default","site-sidebar-style":"default","ast-global-header-display":"","ast-banner-title-visibility":"","ast-main-header-display":"","ast-hfb-above-header-display":"","ast-hfb-below-header-display":"","ast-hfb-mobile-header-display":"","site-post-title":"","ast-breadcrumbs-content":"","ast-featured-img":"","footer-sml-layout":"","theme-transparent-header-meta":"default","adv-header-id-meta":"","stick-header-meta":"","header-above-stick-meta":"","header-main-stick-meta":"","header-below-stick-meta":"","astra-migrate-meta-layouts":"set","ast-page-background-enabled":"default","ast-page-background-meta":{"desktop":{"background-color":"var(--ast-global-color-4)","background-image":"","background-repeat":"repeat","background-position":"center center","background-size":"auto","background-attachment":"scroll","background-type":"","background-media":"","overlay-type":"","overlay-color":"","overlay-opacity":"","overlay-gradient":""},"tablet":{"background-color":"","background-image":"","background-repeat":"repeat","background-position":"center center","background-size":"auto","background-attachment":"scroll","background-type":"","background-media":"","overlay-type":"","overlay-color":"","overlay-opacity":"","overlay-gradient":""},"mobile":{"background-color":"","background-image":"","background-repeat":"repeat","background-position":"center center","background-size":"auto","background-attachment":"scroll","background-type":"","background-media":"","overlay-type":"","overlay-color":"","overlay-opacity":"","overlay-gradient":""}},"ast-content-background-meta":{"desktop":{"background-color":"var(--ast-global-color-5)","background-image":"","background-repeat":"repeat","background-position":"center center","background-size":"auto","background-attachment":"scroll","background-type":"","background-media":"","overlay-type":"","overlay-color":"","overlay-opacity":"","overlay-gradient":""},"tablet":{"background-color":"var(--ast-global-color-5)","background-image":"","background-repeat":"repeat","background-position":"center center","background-size":"auto","background-attachment":"scroll","background-type":"","background-media":"","overlay-type":"","overlay-color":"","overlay-opacity":"","overlay-gradient":""},"mobile":{"background-color":"var(--ast-global-color-5)","background-image":"","background-repeat":"repeat","background-position":"center center","background-size":"auto","background-attachment":"scroll","background-type":"","background-media":"","overlay-type":"","overlay-color":"","overlay-opacity":"","overlay-gradient":""}},"footnotes":""},"class_list":["post-5071","page","type-page","status-publish","hentry"],"acf":[],"yoast_head":"<!-- This site is optimized with the Yoast SEO plugin v26.5 - https:\/\/yoast.com\/wordpress\/plugins\/seo\/ -->\n<title>\u00c0 propos de nous - Forni Medical GmbH<\/title>\n<meta name=\"description\" content=\"Entreprise suisse familiale sp\u00e9cialis\u00e9e dans la distribution de dispositifs m\u00e9dicaux et orthop\u00e9diques.\" \/>\n<meta name=\"robots\" content=\"index, follow, max-snippet:-1, max-image-preview:large, max-video-preview:-1\" \/>\n<link rel=\"canonical\" href=\"https:\/\/fornimedical.ch\/fr\/a-propos-de-nous\/\" \/>\n<meta property=\"og:locale\" content=\"fr_FR\" \/>\n<meta property=\"og:type\" content=\"article\" \/>\n<meta property=\"og:title\" content=\"\u00c0 propos de nous - Forni Medical GmbH\" \/>\n<meta property=\"og:description\" content=\"Entreprise suisse familiale sp\u00e9cialis\u00e9e dans la distribution de dispositifs m\u00e9dicaux et orthop\u00e9diques.\" \/>\n<meta property=\"og:url\" content=\"https:\/\/fornimedical.ch\/fr\/a-propos-de-nous\/\" \/>\n<meta property=\"og:site_name\" content=\"Forni Medical GmbH\" \/>\n<meta property=\"article:modified_time\" content=\"2025-08-07T12:29:40+00:00\" \/>\n<meta name=\"twitter:card\" content=\"summary_large_image\" \/>\n<script type=\"application\/ld+json\" class=\"yoast-schema-graph\">{\"@context\":\"https:\/\/schema.org\",\"@graph\":[{\"@type\":\"WebPage\",\"@id\":\"https:\/\/fornimedical.ch\/fr\/a-propos-de-nous\/\",\"url\":\"https:\/\/fornimedical.ch\/fr\/a-propos-de-nous\/\",\"name\":\"\u00c0 propos de nous - Forni Medical GmbH\",\"isPartOf\":{\"@id\":\"https:\/\/fornimedical.ch\/fr\/#website\"},\"datePublished\":\"2023-09-02T06:42:46+00:00\",\"dateModified\":\"2025-08-07T12:29:40+00:00\",\"description\":\"Entreprise suisse familiale sp\u00e9cialis\u00e9e dans la distribution de dispositifs m\u00e9dicaux et orthop\u00e9diques.\",\"breadcrumb\":{\"@id\":\"https:\/\/fornimedical.ch\/fr\/a-propos-de-nous\/#breadcrumb\"},\"inLanguage\":\"fr-FR\",\"potentialAction\":[{\"@type\":\"ReadAction\",\"target\":[\"https:\/\/fornimedical.ch\/fr\/a-propos-de-nous\/\"]}]},{\"@type\":\"BreadcrumbList\",\"@id\":\"https:\/\/fornimedical.ch\/fr\/a-propos-de-nous\/#breadcrumb\",\"itemListElement\":[{\"@type\":\"ListItem\",\"position\":1,\"name\":\"Home\",\"item\":\"https:\/\/fornimedical.ch\/fr\/\"},{\"@type\":\"ListItem\",\"position\":2,\"name\":\"\u00c0 propos de nous\"}]},{\"@type\":\"WebSite\",\"@id\":\"https:\/\/fornimedical.ch\/fr\/#website\",\"url\":\"https:\/\/fornimedical.ch\/fr\/\",\"name\":\"Forni Medical GmbH\",\"description\":\"\",\"publisher\":{\"@id\":\"https:\/\/fornimedical.ch\/fr\/#organization\"},\"potentialAction\":[{\"@type\":\"SearchAction\",\"target\":{\"@type\":\"EntryPoint\",\"urlTemplate\":\"https:\/\/fornimedical.ch\/fr\/?s={search_term_string}\"},\"query-input\":{\"@type\":\"PropertyValueSpecification\",\"valueRequired\":true,\"valueName\":\"search_term_string\"}}],\"inLanguage\":\"fr-FR\"},{\"@type\":\"Organization\",\"@id\":\"https:\/\/fornimedical.ch\/fr\/#organization\",\"name\":\"Forni Medical GmbH\",\"url\":\"https:\/\/fornimedical.ch\/fr\/\",\"logo\":{\"@type\":\"ImageObject\",\"inLanguage\":\"fr-FR\",\"@id\":\"https:\/\/fornimedical.ch\/fr\/#\/schema\/logo\/image\/\",\"url\":\"https:\/\/fornimedical.ch\/wp-content\/uploads\/2023\/08\/logo.svg\",\"contentUrl\":\"https:\/\/fornimedical.ch\/wp-content\/uploads\/2023\/08\/logo.svg\",\"caption\":\"Forni Medical GmbH\"},\"image\":{\"@id\":\"https:\/\/fornimedical.ch\/fr\/#\/schema\/logo\/image\/\"}}]}<\/script>\n<!-- \/ Yoast SEO plugin. -->","yoast_head_json":{"title":"\u00c0 propos de nous - Forni Medical GmbH","description":"Entreprise suisse familiale sp\u00e9cialis\u00e9e dans la distribution de dispositifs m\u00e9dicaux et orthop\u00e9diques.","robots":{"index":"index","follow":"follow","max-snippet":"max-snippet:-1","max-image-preview":"max-image-preview:large","max-video-preview":"max-video-preview:-1"},"canonical":"https:\/\/fornimedical.ch\/fr\/a-propos-de-nous\/","og_locale":"fr_FR","og_type":"article","og_title":"\u00c0 propos de nous - Forni Medical GmbH","og_description":"Entreprise suisse familiale sp\u00e9cialis\u00e9e dans la distribution de dispositifs m\u00e9dicaux et orthop\u00e9diques.","og_url":"https:\/\/fornimedical.ch\/fr\/a-propos-de-nous\/","og_site_name":"Forni Medical GmbH","article_modified_time":"2025-08-07T12:29:40+00:00","twitter_card":"summary_large_image","schema":{"@context":"https:\/\/schema.org","@graph":[{"@type":"WebPage","@id":"https:\/\/fornimedical.ch\/fr\/a-propos-de-nous\/","url":"https:\/\/fornimedical.ch\/fr\/a-propos-de-nous\/","name":"\u00c0 propos de nous - Forni Medical GmbH","isPartOf":{"@id":"https:\/\/fornimedical.ch\/fr\/#website"},"datePublished":"2023-09-02T06:42:46+00:00","dateModified":"2025-08-07T12:29:40+00:00","description":"Entreprise suisse familiale sp\u00e9cialis\u00e9e dans la distribution de dispositifs m\u00e9dicaux et orthop\u00e9diques.","breadcrumb":{"@id":"https:\/\/fornimedical.ch\/fr\/a-propos-de-nous\/#breadcrumb"},"inLanguage":"fr-FR","potentialAction":[{"@type":"ReadAction","target":["https:\/\/fornimedical.ch\/fr\/a-propos-de-nous\/"]}]},{"@type":"BreadcrumbList","@id":"https:\/\/fornimedical.ch\/fr\/a-propos-de-nous\/#breadcrumb","itemListElement":[{"@type":"ListItem","position":1,"name":"Home","item":"https:\/\/fornimedical.ch\/fr\/"},{"@type":"ListItem","position":2,"name":"\u00c0 propos de nous"}]},{"@type":"WebSite","@id":"https:\/\/fornimedical.ch\/fr\/#website","url":"https:\/\/fornimedical.ch\/fr\/","name":"Forni Medical GmbH","description":"","publisher":{"@id":"https:\/\/fornimedical.ch\/fr\/#organization"},"potentialAction":[{"@type":"SearchAction","target":{"@type":"EntryPoint","urlTemplate":"https:\/\/fornimedical.ch\/fr\/?s={search_term_string}"},"query-input":{"@type":"PropertyValueSpecification","valueRequired":true,"valueName":"search_term_string"}}],"inLanguage":"fr-FR"},{"@type":"Organization","@id":"https:\/\/fornimedical.ch\/fr\/#organization","name":"Forni Medical GmbH","url":"https:\/\/fornimedical.ch\/fr\/","logo":{"@type":"ImageObject","inLanguage":"fr-FR","@id":"https:\/\/fornimedical.ch\/fr\/#\/schema\/logo\/image\/","url":"https:\/\/fornimedical.ch\/wp-content\/uploads\/2023\/08\/logo.svg","contentUrl":"https:\/\/fornimedical.ch\/wp-content\/uploads\/2023\/08\/logo.svg","caption":"Forni Medical GmbH"},"image":{"@id":"https:\/\/fornimedical.ch\/fr\/#\/schema\/logo\/image\/"}}]}},"_links":{"self":[{"href":"https:\/\/fornimedical.ch\/fr\/wp-json\/wp\/v2\/pages\/5071","targetHints":{"allow":["GET"]}}],"collection":[{"href":"https:\/\/fornimedical.ch\/fr\/wp-json\/wp\/v2\/pages"}],"about":[{"href":"https:\/\/fornimedical.ch\/fr\/wp-json\/wp\/v2\/types\/page"}],"author":[{"embeddable":true,"href":"https:\/\/fornimedical.ch\/fr\/wp-json\/wp\/v2\/users\/264"}],"replies":[{"embeddable":true,"href":"https:\/\/fornimedical.ch\/fr\/wp-json\/wp\/v2\/comments?post=5071"}],"version-history":[{"count":5,"href":"https:\/\/fornimedical.ch\/fr\/wp-json\/wp\/v2\/pages\/5071\/revisions"}],"predecessor-version":[{"id":11968,"href":"https:\/\/fornimedical.ch\/fr\/wp-json\/wp\/v2\/pages\/5071\/revisions\/11968"}],"wp:attachment":[{"href":"https:\/\/fornimedical.ch\/fr\/wp-json\/wp\/v2\/media?parent=5071"}],"curies":[{"name":"wp","href":"https:\/\/api.w.org\/{rel}","templated":true}]}}