{"id":5070,"date":"2023-09-02T05:35:59","date_gmt":"2023-09-02T05:35:59","guid":{"rendered":"https:\/\/fornimedical.ch\/notre-equipe\/"},"modified":"2024-07-17T12:43:20","modified_gmt":"2024-07-17T12:43:20","slug":"notre-equipe","status":"publish","type":"page","link":"https:\/\/fornimedical.ch\/fr\/notre-equipe\/","title":{"rendered":"Notre \u00e9quipe"},"content":{"rendered":"<div class=\"field-blocks-section  \" ><div class=\"container simple-text-section-wrapper\n with-image right\">\n\t\t<div class=\"text-content\"><p><strong>Nous sommes certes une petite \u00e9quipe, mais gr\u00e2ce \u00e0 notre savoir-faire et notre exp\u00e9rience, nous parvenons \u00e0 fournir des services de pointe. La coh\u00e9sion et l\u2019esprit d\u2019\u00e9quipe jouent \u00e9galement un r\u00f4le important. Pour cela, une journ\u00e9e \u00e9v\u00e9nementielle d\u2019\u00e9quipe a lieu chaque ann\u00e9e. Cela nous permet \u00e9galement de nous rencontrer sur un plan personnel. Car plus on se conna\u00eet, mieux on travaille ensemble. \u00c0 cela s\u2019ajoutent des formations et des formations continues individuelles, qui nous maintiennent tous dans l\u2019air du temps.<\/strong><\/p>\n<\/div>\n\t<div class=\"image-content large\"><img decoding=\"async\" width=\"850\" height=\"638\" src=\"https:\/\/fornimedical.ch\/wp-content\/uploads\/2024\/04\/fm_Gruppenfoto.jpg\" class=\"attachment-large size-large\" alt=\"\u00e9quipe Forni Medical\" srcset=\"https:\/\/fornimedical.ch\/wp-content\/uploads\/2024\/04\/fm_Gruppenfoto.jpg 850w, https:\/\/fornimedical.ch\/wp-content\/uploads\/2024\/04\/fm_Gruppenfoto-300x225.jpg 300w, https:\/\/fornimedical.ch\/wp-content\/uploads\/2024\/04\/fm_Gruppenfoto-768x576.jpg 768w, https:\/\/fornimedical.ch\/wp-content\/uploads\/2024\/04\/fm_Gruppenfoto-600x450.jpg 600w\" sizes=\"(max-width: 850px) 100vw, 850px\" \/><\/div>\n<\/div>\n<div class=\"container team-info-section-wrapper\">\n\t<h2>Gesch\u00e4ftsleitung<\/h2>\n\t<div class=\"team-wrapper\">\n\t\t\t<div class=\"team-info-item green\">\n\t\t\t<div class=\"team-info-section-inner\">\n\t\t\t\t<div class=\"team-image\">\n\t\t\t\t\t<img decoding=\"async\" src=\"https:\/\/fornimedical.ch\/wp-content\/uploads\/2023\/09\/Cecile_Koehler-Pla.jpg\" class=\"image-on-grid\"\/>\n\t\t\t\t<\/div>\n\t\t\t\t<div class=\"team-meta\">\n\t\t\t\t\t<h3 class=\"team-name\">\n\t\t\t\t\t\tC\u00e9cile K\u00f6hler-Pl\u00e1\t\t\t\t\t<\/h3>\n\t\t\t\t\t<div class=\"team-post\">Directrice<\/div>\n\t\t\t\t\t\t\t\t\t\t\t<div class=\"team-slogan\">La visionnaire<\/div>\n\t\t\t\t\t\t\t\t\t\t\t\t\t\t\t\t<div class=\"team-phone\"><svg xmlns=\"http:\/\/www.w3.org\/2000\/svg\" viewBox=\"0 0 512 512\"><path d=\"M497.39 361.8l-112-48a24 24 0 0 0-28 6.9l-49.6 60.6A370.66 370.66 0 0 1 130.6 204.11l60.6-49.6a23.94 23.94 0 0 0 6.9-28l-48-112A24.16 24.16 0 0 0 122.6.61l-104 24A24 24 0 0 0 0 48c0 256.5 207.9 464 464 464a24 24 0 0 0 23.4-18.6l24-104a24.29 24.29 0 0 0-14.01-27.6z\"><\/path><\/svg><span><a href=\"tel:071 642 35 68\">071 642 35 68<\/a><\/span><\/div>\t\t\t\t\t\t\t\t\t\t\t<div class=\"team-email\"><svg width=\"25\" height=\"20\" viewBox=\"0 0 25 20\"><path id=\"Icon_material-mail\" data-name=\"Icon material-mail\" d=\"M25.5,6H5.5A2.5,2.5,0,0,0,3.013,8.5L3,23.5A2.507,2.507,0,0,0,5.5,26h20A2.507,2.507,0,0,0,28,23.5V8.5A2.507,2.507,0,0,0,25.5,6Zm0,5-10,6.25L5.5,11V8.5l10,6.25,10-6.25Z\" transform=\"translate(-3 -6)\" fill=\"#95c11f\"\/><\/svg><span><a href=\"mailto:cecile.koehler@fornimedical.ch\">cecile.koehler@fornimedical.ch<\/a><\/span><\/div>\t\t\t\t<\/div>\n\t\t\t<\/div>\n\t\t<\/div>\n\t\t\t\t<\/div>\n<\/div>\n<div class=\"container team-info-section-wrapper\">\n\t<h2>Kundenberatung &amp; Administration<\/h2>\n\t<div class=\"team-wrapper\">\n\t\t\t<div class=\"team-info-item blue\">\n\t\t\t<div class=\"team-info-section-inner\">\n\t\t\t\t<div class=\"team-image\">\n\t\t\t\t\t<img decoding=\"async\" src=\"https:\/\/fornimedical.ch\/wp-content\/uploads\/2023\/09\/Nicolas-Borgognon.jpg\" class=\"image-on-grid\"\/>\n\t\t\t\t<\/div>\n\t\t\t\t<div class=\"team-meta\">\n\t\t\t\t\t<h3 class=\"team-name\">\n\t\t\t\t\t\tNicolas Borgognon\t\t\t\t\t<\/h3>\n\t\t\t\t\t<div class=\"team-post\">D\u00e9l\u00e9gu\u00e9 m\u00e9dical Suisse romande<\/div>\n\t\t\t\t\t\t\t\t\t\t\t<div class=\"team-slogan\">Le diplomate romand plein de charme<\/div>\n\t\t\t\t\t\t\t\t\t\t\t\t\t\t\t\t<div class=\"team-phone\"><svg xmlns=\"http:\/\/www.w3.org\/2000\/svg\" viewBox=\"0 0 512 512\"><path d=\"M497.39 361.8l-112-48a24 24 0 0 0-28 6.9l-49.6 60.6A370.66 370.66 0 0 1 130.6 204.11l60.6-49.6a23.94 23.94 0 0 0 6.9-28l-48-112A24.16 24.16 0 0 0 122.6.61l-104 24A24 24 0 0 0 0 48c0 256.5 207.9 464 464 464a24 24 0 0 0 23.4-18.6l24-104a24.29 24.29 0 0 0-14.01-27.6z\"><\/path><\/svg><span><a href=\"tel:078 850 71 74\">078 850 71 74<\/a><\/span><\/div>\t\t\t\t\t\t\t\t\t\t\t<div class=\"team-email\"><svg width=\"25\" height=\"20\" viewBox=\"0 0 25 20\"><path id=\"Icon_material-mail\" data-name=\"Icon material-mail\" d=\"M25.5,6H5.5A2.5,2.5,0,0,0,3.013,8.5L3,23.5A2.507,2.507,0,0,0,5.5,26h20A2.507,2.507,0,0,0,28,23.5V8.5A2.507,2.507,0,0,0,25.5,6Zm0,5-10,6.25L5.5,11V8.5l10,6.25,10-6.25Z\" transform=\"translate(-3 -6)\" fill=\"#95c11f\"\/><\/svg><span><a href=\"mailto:nicolas.borgognon@fornimedical.ch\">nicolas.borgognon@fornimedical.ch<\/a><\/span><\/div>\t\t\t\t<\/div>\n\t\t\t<\/div>\n\t\t<\/div>\n\t\t\t\t\t<div class=\"team-info-item green\">\n\t\t\t<div class=\"team-info-section-inner\">\n\t\t\t\t<div class=\"team-image\">\n\t\t\t\t\t<img decoding=\"async\" src=\"https:\/\/fornimedical.ch\/wp-content\/uploads\/2023\/09\/Carlos-Maganto.jpg\" class=\"image-on-grid\"\/>\n\t\t\t\t<\/div>\n\t\t\t\t<div class=\"team-meta\">\n\t\t\t\t\t<h3 class=\"team-name\">\n\t\t\t\t\t\tCarlos Maganto\t\t\t\t\t<\/h3>\n\t\t\t\t\t<div class=\"team-post\">Administration<\/div>\n\t\t\t\t\t\t\t\t\t\t\t<div class=\"team-slogan\">Le polyvalent multilingue<\/div>\n\t\t\t\t\t\t\t\t\t\t\t\t\t\t\t\t<div class=\"team-phone\"><svg xmlns=\"http:\/\/www.w3.org\/2000\/svg\" viewBox=\"0 0 512 512\"><path d=\"M497.39 361.8l-112-48a24 24 0 0 0-28 6.9l-49.6 60.6A370.66 370.66 0 0 1 130.6 204.11l60.6-49.6a23.94 23.94 0 0 0 6.9-28l-48-112A24.16 24.16 0 0 0 122.6.61l-104 24A24 24 0 0 0 0 48c0 256.5 207.9 464 464 464a24 24 0 0 0 23.4-18.6l24-104a24.29 24.29 0 0 0-14.01-27.6z\"><\/path><\/svg><span><a href=\"tel:071 642 35 68\">071 642 35 68<\/a><\/span><\/div>\t\t\t\t\t\t\t\t\t\t\t<div class=\"team-email\"><svg width=\"25\" height=\"20\" viewBox=\"0 0 25 20\"><path id=\"Icon_material-mail\" data-name=\"Icon material-mail\" d=\"M25.5,6H5.5A2.5,2.5,0,0,0,3.013,8.5L3,23.5A2.507,2.507,0,0,0,5.5,26h20A2.507,2.507,0,0,0,28,23.5V8.5A2.507,2.507,0,0,0,25.5,6Zm0,5-10,6.25L5.5,11V8.5l10,6.25,10-6.25Z\" transform=\"translate(-3 -6)\" fill=\"#95c11f\"\/><\/svg><span><a href=\"mailto:info@fornimedical.ch\">info@fornimedical.ch<\/a><\/span><\/div>\t\t\t\t<\/div>\n\t\t\t<\/div>\n\t\t<\/div>\n\t\t\t\t\t<div class=\"team-info-item blue\">\n\t\t\t<div class=\"team-info-section-inner\">\n\t\t\t\t<div class=\"team-image\">\n\t\t\t\t\t<img decoding=\"async\" src=\"https:\/\/fornimedical.ch\/wp-content\/uploads\/2023\/09\/Petra-Newbold.jpg\" class=\"image-on-grid\"\/>\n\t\t\t\t<\/div>\n\t\t\t\t<div class=\"team-meta\">\n\t\t\t\t\t<h3 class=\"team-name\">\n\t\t\t\t\t\tPetra Newbold\t\t\t\t\t<\/h3>\n\t\t\t\t\t<div class=\"team-post\">Administration<\/div>\n\t\t\t\t\t\t\t\t\t\t\t<div class=\"team-slogan\">L\u2019esprit d\u2019ouverture p\u00e9tillant<\/div>\n\t\t\t\t\t\t\t\t\t\t\t\t\t\t\t\t<div class=\"team-phone\"><svg xmlns=\"http:\/\/www.w3.org\/2000\/svg\" viewBox=\"0 0 512 512\"><path d=\"M497.39 361.8l-112-48a24 24 0 0 0-28 6.9l-49.6 60.6A370.66 370.66 0 0 1 130.6 204.11l60.6-49.6a23.94 23.94 0 0 0 6.9-28l-48-112A24.16 24.16 0 0 0 122.6.61l-104 24A24 24 0 0 0 0 48c0 256.5 207.9 464 464 464a24 24 0 0 0 23.4-18.6l24-104a24.29 24.29 0 0 0-14.01-27.6z\"><\/path><\/svg><span><a href=\"tel:071 642 35 68\">071 642 35 68<\/a><\/span><\/div>\t\t\t\t\t\t\t\t\t\t\t<div class=\"team-email\"><svg width=\"25\" height=\"20\" viewBox=\"0 0 25 20\"><path id=\"Icon_material-mail\" data-name=\"Icon material-mail\" d=\"M25.5,6H5.5A2.5,2.5,0,0,0,3.013,8.5L3,23.5A2.507,2.507,0,0,0,5.5,26h20A2.507,2.507,0,0,0,28,23.5V8.5A2.507,2.507,0,0,0,25.5,6Zm0,5-10,6.25L5.5,11V8.5l10,6.25,10-6.25Z\" transform=\"translate(-3 -6)\" fill=\"#95c11f\"\/><\/svg><span><a href=\"mailto:info@fornimedical.ch\">info@fornimedical.ch<\/a><\/span><\/div>\t\t\t\t<\/div>\n\t\t\t<\/div>\n\t\t<\/div>\n\t\t\t\t<\/div>\n<\/div>\n<div class=\"container team-info-section-wrapper\">\n\t<h2>Lager<\/h2>\n\t<div class=\"team-wrapper\">\n\t\t\t<div class=\"team-info-item blue\">\n\t\t\t<div class=\"team-info-section-inner\">\n\t\t\t\t<div class=\"team-image\">\n\t\t\t\t\t<img decoding=\"async\" src=\"https:\/\/fornimedical.ch\/wp-content\/uploads\/2023\/09\/Paedy04_CM_2-1.jpg\" class=\"image-on-grid\"\/>\n\t\t\t\t<\/div>\n\t\t\t\t<div class=\"team-meta\">\n\t\t\t\t\t<h3 class=\"team-name\">\n\t\t\t\t\t\tPatrick Meier\t\t\t\t\t<\/h3>\n\t\t\t\t\t<div class=\"team-post\">Chef logistique<\/div>\n\t\t\t\t\t\t\t\t\t\t\t<div class=\"team-slogan\">Le bricoleur agile<\/div>\n\t\t\t\t\t\t\t\t\t\t\t\t\t\t\t\t\t\t\t<\/div>\n\t\t\t<\/div>\n\t\t<\/div>\n\t\t\t\t\t<div class=\"team-info-item green\">\n\t\t\t<div class=\"team-info-section-inner\">\n\t\t\t\t<div class=\"team-image\">\n\t\t\t\t\t<img decoding=\"async\" src=\"https:\/\/fornimedical.ch\/wp-content\/uploads\/2023\/09\/Verena_Strahm-Fuchs-1.jpg\" class=\"image-on-grid\"\/>\n\t\t\t\t<\/div>\n\t\t\t\t<div class=\"team-meta\">\n\t\t\t\t\t<h3 class=\"team-name\">\n\t\t\t\t\t\tVerena Strahm-Fuchs\t\t\t\t\t<\/h3>\n\t\t\t\t\t<div class=\"team-post\">Collaboratrice logistique<\/div>\n\t\t\t\t\t\t\t\t\t\t\t<div class=\"team-slogan\">L\u2019\u00e9quilibre harmonieux<\/div>\n\t\t\t\t\t\t\t\t\t\t\t\t\t\t\t\t\t\t\t<\/div>\n\t\t\t<\/div>\n\t\t<\/div>\n\t\t\t\t\t<div class=\"team-info-item blue\">\n\t\t\t<div class=\"team-info-section-inner\">\n\t\t\t\t<div class=\"team-image\">\n\t\t\t\t\t<img decoding=\"async\" src=\"https:\/\/fornimedical.ch\/wp-content\/uploads\/2024\/04\/Peter-Koehler-2.jpg\" class=\"image-on-grid\"\/>\n\t\t\t\t<\/div>\n\t\t\t\t<div class=\"team-meta\">\n\t\t\t\t\t<h3 class=\"team-name\">\n\t\t\t\t\t\tPeter K\u00f6hler\t\t\t\t\t<\/h3>\n\t\t\t\t\t<div class=\"team-post\">Collaborateur logistique<\/div>\n\t\t\t\t\t\t\t\t\t\t\t<div class=\"team-slogan\">Le calme en personne<\/div>\n\t\t\t\t\t\t\t\t\t\t\t\t\t\t\t\t\t\t\t<\/div>\n\t\t\t<\/div>\n\t\t<\/div>\n\t\t\t\t<\/div>\n<\/div>\n<\/div>","protected":false},"excerpt":{"rendered":"<p>Nous sommes certes une petite \u00e9quipe, mais gr\u00e2ce \u00e0 notre savoir-faire et notre exp\u00e9rience, nous parvenons \u00e0 fournir des services de pointe. La coh\u00e9sion et l\u2019esprit d\u2019\u00e9quipe jouent \u00e9galement un r\u00f4le important. Pour cela, une journ\u00e9e \u00e9v\u00e9nementielle d\u2019\u00e9quipe a lieu chaque ann\u00e9e. Cela nous permet \u00e9galement de nous rencontrer sur un plan personnel. Car plus [&hellip;]<\/p>\n","protected":false},"author":264,"featured_media":0,"parent":0,"menu_order":-20,"comment_status":"closed","ping_status":"closed","template":"","meta":{"_acf_changed":false,"site-sidebar-layout":"no-sidebar","site-content-layout":"","ast-site-content-layout":"default","site-content-style":"default","site-sidebar-style":"default","ast-global-header-display":"","ast-banner-title-visibility":"","ast-main-header-display":"","ast-hfb-above-header-display":"","ast-hfb-below-header-display":"","ast-hfb-mobile-header-display":"","site-post-title":"","ast-breadcrumbs-content":"","ast-featured-img":"","footer-sml-layout":"","theme-transparent-header-meta":"default","adv-header-id-meta":"","stick-header-meta":"","header-above-stick-meta":"","header-main-stick-meta":"","header-below-stick-meta":"","astra-migrate-meta-layouts":"set","ast-page-background-enabled":"default","ast-page-background-meta":{"desktop":{"background-color":"var(--ast-global-color-4)","background-image":"","background-repeat":"repeat","background-position":"center center","background-size":"auto","background-attachment":"scroll","background-type":"","background-media":"","overlay-type":"","overlay-color":"","overlay-opacity":"","overlay-gradient":""},"tablet":{"background-color":"","background-image":"","background-repeat":"repeat","background-position":"center center","background-size":"auto","background-attachment":"scroll","background-type":"","background-media":"","overlay-type":"","overlay-color":"","overlay-opacity":"","overlay-gradient":""},"mobile":{"background-color":"","background-image":"","background-repeat":"repeat","background-position":"center center","background-size":"auto","background-attachment":"scroll","background-type":"","background-media":"","overlay-type":"","overlay-color":"","overlay-opacity":"","overlay-gradient":""}},"ast-content-background-meta":{"desktop":{"background-color":"var(--ast-global-color-5)","background-image":"","background-repeat":"repeat","background-position":"center center","background-size":"auto","background-attachment":"scroll","background-type":"","background-media":"","overlay-type":"","overlay-color":"","overlay-opacity":"","overlay-gradient":""},"tablet":{"background-color":"var(--ast-global-color-5)","background-image":"","background-repeat":"repeat","background-position":"center center","background-size":"auto","background-attachment":"scroll","background-type":"","background-media":"","overlay-type":"","overlay-color":"","overlay-opacity":"","overlay-gradient":""},"mobile":{"background-color":"var(--ast-global-color-5)","background-image":"","background-repeat":"repeat","background-position":"center center","background-size":"auto","background-attachment":"scroll","background-type":"","background-media":"","overlay-type":"","overlay-color":"","overlay-opacity":"","overlay-gradient":""}},"footnotes":""},"class_list":["post-5070","page","type-page","status-publish","hentry"],"acf":[],"yoast_head":"<!-- This site is optimized with the Yoast SEO plugin v26.5 - https:\/\/yoast.com\/wordpress\/plugins\/seo\/ -->\n<title>\u00c9quipe | Forni Medical<\/title>\n<meta name=\"description\" content=\"Des personnes disposant d\u2019un savoir-faire et d\u2019une exp\u00e9rience en mati\u00e8re de dispositifs m\u00e9dicaux et orthop\u00e9diques qui font la diff\u00e9rence.\" \/>\n<meta name=\"robots\" content=\"index, follow, max-snippet:-1, max-image-preview:large, max-video-preview:-1\" \/>\n<link rel=\"canonical\" href=\"https:\/\/fornimedical.ch\/fr\/notre-equipe\/\" \/>\n<meta property=\"og:locale\" content=\"fr_FR\" \/>\n<meta property=\"og:type\" content=\"article\" \/>\n<meta property=\"og:title\" content=\"\u00c9quipe | Forni Medical\" \/>\n<meta property=\"og:description\" content=\"Des personnes disposant d\u2019un savoir-faire et d\u2019une exp\u00e9rience en mati\u00e8re de dispositifs m\u00e9dicaux et orthop\u00e9diques qui font la diff\u00e9rence.\" \/>\n<meta property=\"og:url\" content=\"https:\/\/fornimedical.ch\/fr\/notre-equipe\/\" \/>\n<meta property=\"og:site_name\" content=\"Forni Medical GmbH\" \/>\n<meta property=\"article:modified_time\" content=\"2024-07-17T12:43:20+00:00\" \/>\n<meta name=\"twitter:card\" content=\"summary_large_image\" \/>\n<script type=\"application\/ld+json\" class=\"yoast-schema-graph\">{\"@context\":\"https:\/\/schema.org\",\"@graph\":[{\"@type\":\"WebPage\",\"@id\":\"https:\/\/fornimedical.ch\/fr\/notre-equipe\/\",\"url\":\"https:\/\/fornimedical.ch\/fr\/notre-equipe\/\",\"name\":\"\u00c9quipe | Forni Medical\",\"isPartOf\":{\"@id\":\"https:\/\/fornimedical.ch\/fr\/#website\"},\"datePublished\":\"2023-09-02T05:35:59+00:00\",\"dateModified\":\"2024-07-17T12:43:20+00:00\",\"description\":\"Des personnes disposant d\u2019un savoir-faire et d\u2019une exp\u00e9rience en mati\u00e8re de dispositifs m\u00e9dicaux et orthop\u00e9diques qui font la diff\u00e9rence.\",\"breadcrumb\":{\"@id\":\"https:\/\/fornimedical.ch\/fr\/notre-equipe\/#breadcrumb\"},\"inLanguage\":\"fr-FR\",\"potentialAction\":[{\"@type\":\"ReadAction\",\"target\":[\"https:\/\/fornimedical.ch\/fr\/notre-equipe\/\"]}]},{\"@type\":\"BreadcrumbList\",\"@id\":\"https:\/\/fornimedical.ch\/fr\/notre-equipe\/#breadcrumb\",\"itemListElement\":[{\"@type\":\"ListItem\",\"position\":1,\"name\":\"Home\",\"item\":\"https:\/\/fornimedical.ch\/fr\/\"},{\"@type\":\"ListItem\",\"position\":2,\"name\":\"Notre \u00e9quipe\"}]},{\"@type\":\"WebSite\",\"@id\":\"https:\/\/fornimedical.ch\/fr\/#website\",\"url\":\"https:\/\/fornimedical.ch\/fr\/\",\"name\":\"Forni Medical GmbH\",\"description\":\"\",\"publisher\":{\"@id\":\"https:\/\/fornimedical.ch\/fr\/#organization\"},\"potentialAction\":[{\"@type\":\"SearchAction\",\"target\":{\"@type\":\"EntryPoint\",\"urlTemplate\":\"https:\/\/fornimedical.ch\/fr\/?s={search_term_string}\"},\"query-input\":{\"@type\":\"PropertyValueSpecification\",\"valueRequired\":true,\"valueName\":\"search_term_string\"}}],\"inLanguage\":\"fr-FR\"},{\"@type\":\"Organization\",\"@id\":\"https:\/\/fornimedical.ch\/fr\/#organization\",\"name\":\"Forni Medical GmbH\",\"url\":\"https:\/\/fornimedical.ch\/fr\/\",\"logo\":{\"@type\":\"ImageObject\",\"inLanguage\":\"fr-FR\",\"@id\":\"https:\/\/fornimedical.ch\/fr\/#\/schema\/logo\/image\/\",\"url\":\"https:\/\/fornimedical.ch\/wp-content\/uploads\/2023\/08\/logo.svg\",\"contentUrl\":\"https:\/\/fornimedical.ch\/wp-content\/uploads\/2023\/08\/logo.svg\",\"caption\":\"Forni Medical GmbH\"},\"image\":{\"@id\":\"https:\/\/fornimedical.ch\/fr\/#\/schema\/logo\/image\/\"}}]}<\/script>\n<!-- \/ Yoast SEO plugin. -->","yoast_head_json":{"title":"\u00c9quipe | Forni Medical","description":"Des personnes disposant d\u2019un savoir-faire et d\u2019une exp\u00e9rience en mati\u00e8re de dispositifs m\u00e9dicaux et orthop\u00e9diques qui font la diff\u00e9rence.","robots":{"index":"index","follow":"follow","max-snippet":"max-snippet:-1","max-image-preview":"max-image-preview:large","max-video-preview":"max-video-preview:-1"},"canonical":"https:\/\/fornimedical.ch\/fr\/notre-equipe\/","og_locale":"fr_FR","og_type":"article","og_title":"\u00c9quipe | Forni Medical","og_description":"Des personnes disposant d\u2019un savoir-faire et d\u2019une exp\u00e9rience en mati\u00e8re de dispositifs m\u00e9dicaux et orthop\u00e9diques qui font la diff\u00e9rence.","og_url":"https:\/\/fornimedical.ch\/fr\/notre-equipe\/","og_site_name":"Forni Medical GmbH","article_modified_time":"2024-07-17T12:43:20+00:00","twitter_card":"summary_large_image","schema":{"@context":"https:\/\/schema.org","@graph":[{"@type":"WebPage","@id":"https:\/\/fornimedical.ch\/fr\/notre-equipe\/","url":"https:\/\/fornimedical.ch\/fr\/notre-equipe\/","name":"\u00c9quipe | Forni Medical","isPartOf":{"@id":"https:\/\/fornimedical.ch\/fr\/#website"},"datePublished":"2023-09-02T05:35:59+00:00","dateModified":"2024-07-17T12:43:20+00:00","description":"Des personnes disposant d\u2019un savoir-faire et d\u2019une exp\u00e9rience en mati\u00e8re de dispositifs m\u00e9dicaux et orthop\u00e9diques qui font la diff\u00e9rence.","breadcrumb":{"@id":"https:\/\/fornimedical.ch\/fr\/notre-equipe\/#breadcrumb"},"inLanguage":"fr-FR","potentialAction":[{"@type":"ReadAction","target":["https:\/\/fornimedical.ch\/fr\/notre-equipe\/"]}]},{"@type":"BreadcrumbList","@id":"https:\/\/fornimedical.ch\/fr\/notre-equipe\/#breadcrumb","itemListElement":[{"@type":"ListItem","position":1,"name":"Home","item":"https:\/\/fornimedical.ch\/fr\/"},{"@type":"ListItem","position":2,"name":"Notre \u00e9quipe"}]},{"@type":"WebSite","@id":"https:\/\/fornimedical.ch\/fr\/#website","url":"https:\/\/fornimedical.ch\/fr\/","name":"Forni Medical GmbH","description":"","publisher":{"@id":"https:\/\/fornimedical.ch\/fr\/#organization"},"potentialAction":[{"@type":"SearchAction","target":{"@type":"EntryPoint","urlTemplate":"https:\/\/fornimedical.ch\/fr\/?s={search_term_string}"},"query-input":{"@type":"PropertyValueSpecification","valueRequired":true,"valueName":"search_term_string"}}],"inLanguage":"fr-FR"},{"@type":"Organization","@id":"https:\/\/fornimedical.ch\/fr\/#organization","name":"Forni Medical GmbH","url":"https:\/\/fornimedical.ch\/fr\/","logo":{"@type":"ImageObject","inLanguage":"fr-FR","@id":"https:\/\/fornimedical.ch\/fr\/#\/schema\/logo\/image\/","url":"https:\/\/fornimedical.ch\/wp-content\/uploads\/2023\/08\/logo.svg","contentUrl":"https:\/\/fornimedical.ch\/wp-content\/uploads\/2023\/08\/logo.svg","caption":"Forni Medical GmbH"},"image":{"@id":"https:\/\/fornimedical.ch\/fr\/#\/schema\/logo\/image\/"}}]}},"_links":{"self":[{"href":"https:\/\/fornimedical.ch\/fr\/wp-json\/wp\/v2\/pages\/5070","targetHints":{"allow":["GET"]}}],"collection":[{"href":"https:\/\/fornimedical.ch\/fr\/wp-json\/wp\/v2\/pages"}],"about":[{"href":"https:\/\/fornimedical.ch\/fr\/wp-json\/wp\/v2\/types\/page"}],"author":[{"embeddable":true,"href":"https:\/\/fornimedical.ch\/fr\/wp-json\/wp\/v2\/users\/264"}],"replies":[{"embeddable":true,"href":"https:\/\/fornimedical.ch\/fr\/wp-json\/wp\/v2\/comments?post=5070"}],"version-history":[{"count":1,"href":"https:\/\/fornimedical.ch\/fr\/wp-json\/wp\/v2\/pages\/5070\/revisions"}],"predecessor-version":[{"id":5101,"href":"https:\/\/fornimedical.ch\/fr\/wp-json\/wp\/v2\/pages\/5070\/revisions\/5101"}],"wp:attachment":[{"href":"https:\/\/fornimedical.ch\/fr\/wp-json\/wp\/v2\/media?parent=5070"}],"curies":[{"name":"wp","href":"https:\/\/api.w.org\/{rel}","templated":true}]}}