{"id":5065,"date":"2023-11-29T08:38:30","date_gmt":"2023-11-29T08:38:30","guid":{"rendered":"https:\/\/fornimedical.ch\/mentions-legales\/"},"modified":"2024-07-17T13:01:24","modified_gmt":"2024-07-17T13:01:24","slug":"mentions-legales","status":"publish","type":"page","link":"https:\/\/fornimedical.ch\/fr\/mentions-legales\/","title":{"rendered":"Mentions l\u00e9gales"},"content":{"rendered":"<div class=\"field-blocks-section  \" ><div class=\"container simple-text-section-wrapper\n\">\n\t\t<div class=\"text-content\"><h2>Entreprise<\/h2>\n<p><strong>Forni Medical GmbH<\/strong> Heldswilerstrasse 13 CH-9214 Kradolf Suisse<\/p>\n<h2>Contact<\/h2>\n<p><strong>e-mail:<\/strong> <a href=\"mailto:info@fornimedical.ch\">info@fornimedical.ch<\/a> <strong>T\u00e9l\u00e9phone:<\/strong> <a href=\"tel:+41716423568\">+41 71 642 35 68<\/a><\/p>\n<h2>Repr\u00e9sentante habilit\u00e9e<\/h2>\n<p>C\u00e9cile K\u00f6hler-Pl\u00e1<\/p>\n<h2>Enregistrement au registre<\/h2>\n<p>Enregistrement au registre du commerce du canton de Thurgovie <span style=\"font-size: 16px\">Num\u00e9ro d\u2019enregistrement: CH-440.4.013.686-6<\/span><\/p>\n<h2>TVA<\/h2>\n<p>Num\u00e9ro de TVA: CHE-105.566.456<\/p>\n<h2>Exclusion de responsabilit\u00e9<\/h2>\n<p>L\u2019auteur n\u2019assume aucune responsabilit\u00e9 quant \u00e0 l\u2019exactitude, la pr\u00e9cision, l\u2019actualit\u00e9, la fiabilit\u00e9 et l\u2019exhaustivit\u00e9 des informations. Toute pr\u00e9tention au titre de la responsabilit\u00e9 vis \u00e0 vis de l\u2019auteur pour dommages mat\u00e9riels ou immat\u00e9riels, qui pourraient \u00eatre caus\u00e9s par l\u2019acc\u00e8s \u00e0 des informations diffus\u00e9es ou par l\u2019utilisation ou la non-utilisation d\u2019informations diffus\u00e9es, par la mauvaise utilisation de la connexion ou par des incidents techniques, est exclue. Toutes les offres sont sans engagement. L\u2019auteur se r\u00e9serve express\u00e9ment le droit de modifier, compl\u00e9ter ou supprimer tout ou partie du site sans pr\u00e9avis ou d\u2019arr\u00eater sa publication temporairement ou d\u00e9finitivement.<\/p>\n<h3>Exclusion de responsabilit\u00e9 pour les contenus et liens<\/h3>\n<p>Les renvois et les liens vers des sites Internet de tiers ne rel\u00e8vent pas de notre responsabilit\u00e9. Toute responsabilit\u00e9 \u00e0 l\u2019\u00e9gard de tels sites Internet est exclue. L\u2019acc\u00e8s \u00e0 de tels sites Internet et leur utilisation se font aux risques de l\u2019utilisateur.<\/p>\n<h3>Droits d\u2019auteur<\/h3>\n<p>Les droits d\u2019auteur et tous les autres droits sur les contenus, images ou photos ou autres fichiers publi\u00e9s sur ce site Internet rel\u00e8vent exclusivement de la propri\u00e9t\u00e9 de Forni Medical GmbH ou des d\u00e9tenteurs de droits sp\u00e9cifiquement d\u00e9sign\u00e9s. Toute reproduction de quelque \u00e9l\u00e9ment que ce soit n\u00e9cessite l\u2019accord pr\u00e9alable \u00e9crit du d\u00e9tenteur des droits d\u2019auteur.<\/p>\n<\/div>\n\t\n<\/div>\n<\/div>","protected":false},"excerpt":{"rendered":"<p>Entreprise Forni Medical GmbH Heldswilerstrasse 13 CH-9214 Kradolf Suisse Contact e-mail: info@fornimedical.ch T\u00e9l\u00e9phone: +41 71 642 35 68 Repr\u00e9sentante habilit\u00e9e C\u00e9cile K\u00f6hler-Pl\u00e1 Enregistrement au registre Enregistrement au registre du commerce du canton de Thurgovie Num\u00e9ro d\u2019enregistrement: CH-440.4.013.686-6 TVA Num\u00e9ro de TVA: CHE-105.566.456 Exclusion de responsabilit\u00e9 L\u2019auteur n\u2019assume aucune responsabilit\u00e9 quant \u00e0 l\u2019exactitude, la pr\u00e9cision, l\u2019actualit\u00e9, [&hellip;]<\/p>\n","protected":false},"author":2,"featured_media":0,"parent":0,"menu_order":0,"comment_status":"closed","ping_status":"closed","template":"","meta":{"_acf_changed":false,"site-sidebar-layout":"no-sidebar","site-content-layout":"","ast-site-content-layout":"default","site-content-style":"default","site-sidebar-style":"default","ast-global-header-display":"","ast-banner-title-visibility":"","ast-main-header-display":"","ast-hfb-above-header-display":"","ast-hfb-below-header-display":"","ast-hfb-mobile-header-display":"","site-post-title":"","ast-breadcrumbs-content":"","ast-featured-img":"","footer-sml-layout":"","theme-transparent-header-meta":"default","adv-header-id-meta":"","stick-header-meta":"","header-above-stick-meta":"","header-main-stick-meta":"","header-below-stick-meta":"","astra-migrate-meta-layouts":"set","ast-page-background-enabled":"default","ast-page-background-meta":{"desktop":{"background-color":"var(--ast-global-color-4)","background-image":"","background-repeat":"repeat","background-position":"center center","background-size":"auto","background-attachment":"scroll","background-type":"","background-media":"","overlay-type":"","overlay-color":"","overlay-opacity":"","overlay-gradient":""},"tablet":{"background-color":"","background-image":"","background-repeat":"repeat","background-position":"center center","background-size":"auto","background-attachment":"scroll","background-type":"","background-media":"","overlay-type":"","overlay-color":"","overlay-opacity":"","overlay-gradient":""},"mobile":{"background-color":"","background-image":"","background-repeat":"repeat","background-position":"center center","background-size":"auto","background-attachment":"scroll","background-type":"","background-media":"","overlay-type":"","overlay-color":"","overlay-opacity":"","overlay-gradient":""}},"ast-content-background-meta":{"desktop":{"background-color":"var(--ast-global-color-5)","background-image":"","background-repeat":"repeat","background-position":"center center","background-size":"auto","background-attachment":"scroll","background-type":"","background-media":"","overlay-type":"","overlay-color":"","overlay-opacity":"","overlay-gradient":""},"tablet":{"background-color":"var(--ast-global-color-5)","background-image":"","background-repeat":"repeat","background-position":"center center","background-size":"auto","background-attachment":"scroll","background-type":"","background-media":"","overlay-type":"","overlay-color":"","overlay-opacity":"","overlay-gradient":""},"mobile":{"background-color":"var(--ast-global-color-5)","background-image":"","background-repeat":"repeat","background-position":"center center","background-size":"auto","background-attachment":"scroll","background-type":"","background-media":"","overlay-type":"","overlay-color":"","overlay-opacity":"","overlay-gradient":""}},"footnotes":""},"class_list":["post-5065","page","type-page","status-publish","hentry"],"acf":[],"yoast_head":"<!-- This site is optimized with the Yoast SEO plugin v26.5 - https:\/\/yoast.com\/wordpress\/plugins\/seo\/ -->\n<title>Mentions l\u00e9gales | Forni Medical<\/title>\n<meta name=\"description\" content=\"Forni Medical GmbH | Heldswilerstrasse 13, CH-9214 Kradolf | T\u00e9l\u00e9phone: +41 71 642 35 68 | e-mail: info@fornimedical.ch\" \/>\n<meta name=\"robots\" content=\"index, follow, max-snippet:-1, max-image-preview:large, max-video-preview:-1\" \/>\n<link rel=\"canonical\" href=\"https:\/\/fornimedical.ch\/fr\/mentions-legales\/\" \/>\n<meta property=\"og:locale\" content=\"fr_FR\" \/>\n<meta property=\"og:type\" content=\"article\" \/>\n<meta property=\"og:title\" content=\"Mentions l\u00e9gales | Forni Medical\" \/>\n<meta property=\"og:description\" content=\"Forni Medical GmbH | Heldswilerstrasse 13, CH-9214 Kradolf | T\u00e9l\u00e9phone: +41 71 642 35 68 | e-mail: info@fornimedical.ch\" \/>\n<meta property=\"og:url\" content=\"https:\/\/fornimedical.ch\/fr\/mentions-legales\/\" \/>\n<meta property=\"og:site_name\" content=\"Forni Medical GmbH\" \/>\n<meta property=\"article:modified_time\" content=\"2024-07-17T13:01:24+00:00\" \/>\n<meta name=\"twitter:card\" content=\"summary_large_image\" \/>\n<script type=\"application\/ld+json\" class=\"yoast-schema-graph\">{\"@context\":\"https:\/\/schema.org\",\"@graph\":[{\"@type\":\"WebPage\",\"@id\":\"https:\/\/fornimedical.ch\/fr\/mentions-legales\/\",\"url\":\"https:\/\/fornimedical.ch\/fr\/mentions-legales\/\",\"name\":\"Mentions l\u00e9gales | Forni Medical\",\"isPartOf\":{\"@id\":\"https:\/\/fornimedical.ch\/fr\/#website\"},\"datePublished\":\"2023-11-29T08:38:30+00:00\",\"dateModified\":\"2024-07-17T13:01:24+00:00\",\"description\":\"Forni Medical GmbH | Heldswilerstrasse 13, CH-9214 Kradolf | T\u00e9l\u00e9phone: +41 71 642 35 68 | e-mail: info@fornimedical.ch\",\"breadcrumb\":{\"@id\":\"https:\/\/fornimedical.ch\/fr\/mentions-legales\/#breadcrumb\"},\"inLanguage\":\"fr-FR\",\"potentialAction\":[{\"@type\":\"ReadAction\",\"target\":[\"https:\/\/fornimedical.ch\/fr\/mentions-legales\/\"]}]},{\"@type\":\"BreadcrumbList\",\"@id\":\"https:\/\/fornimedical.ch\/fr\/mentions-legales\/#breadcrumb\",\"itemListElement\":[{\"@type\":\"ListItem\",\"position\":1,\"name\":\"Home\",\"item\":\"https:\/\/fornimedical.ch\/fr\/\"},{\"@type\":\"ListItem\",\"position\":2,\"name\":\"Mentions l\u00e9gales\"}]},{\"@type\":\"WebSite\",\"@id\":\"https:\/\/fornimedical.ch\/fr\/#website\",\"url\":\"https:\/\/fornimedical.ch\/fr\/\",\"name\":\"Forni Medical GmbH\",\"description\":\"\",\"publisher\":{\"@id\":\"https:\/\/fornimedical.ch\/fr\/#organization\"},\"potentialAction\":[{\"@type\":\"SearchAction\",\"target\":{\"@type\":\"EntryPoint\",\"urlTemplate\":\"https:\/\/fornimedical.ch\/fr\/?s={search_term_string}\"},\"query-input\":{\"@type\":\"PropertyValueSpecification\",\"valueRequired\":true,\"valueName\":\"search_term_string\"}}],\"inLanguage\":\"fr-FR\"},{\"@type\":\"Organization\",\"@id\":\"https:\/\/fornimedical.ch\/fr\/#organization\",\"name\":\"Forni Medical GmbH\",\"url\":\"https:\/\/fornimedical.ch\/fr\/\",\"logo\":{\"@type\":\"ImageObject\",\"inLanguage\":\"fr-FR\",\"@id\":\"https:\/\/fornimedical.ch\/fr\/#\/schema\/logo\/image\/\",\"url\":\"https:\/\/fornimedical.ch\/wp-content\/uploads\/2023\/08\/logo.svg\",\"contentUrl\":\"https:\/\/fornimedical.ch\/wp-content\/uploads\/2023\/08\/logo.svg\",\"caption\":\"Forni Medical GmbH\"},\"image\":{\"@id\":\"https:\/\/fornimedical.ch\/fr\/#\/schema\/logo\/image\/\"}}]}<\/script>\n<!-- \/ Yoast SEO plugin. -->","yoast_head_json":{"title":"Mentions l\u00e9gales | Forni Medical","description":"Forni Medical GmbH | Heldswilerstrasse 13, CH-9214 Kradolf | T\u00e9l\u00e9phone: +41 71 642 35 68 | e-mail: info@fornimedical.ch","robots":{"index":"index","follow":"follow","max-snippet":"max-snippet:-1","max-image-preview":"max-image-preview:large","max-video-preview":"max-video-preview:-1"},"canonical":"https:\/\/fornimedical.ch\/fr\/mentions-legales\/","og_locale":"fr_FR","og_type":"article","og_title":"Mentions l\u00e9gales | Forni Medical","og_description":"Forni Medical GmbH | Heldswilerstrasse 13, CH-9214 Kradolf | T\u00e9l\u00e9phone: +41 71 642 35 68 | e-mail: info@fornimedical.ch","og_url":"https:\/\/fornimedical.ch\/fr\/mentions-legales\/","og_site_name":"Forni Medical GmbH","article_modified_time":"2024-07-17T13:01:24+00:00","twitter_card":"summary_large_image","schema":{"@context":"https:\/\/schema.org","@graph":[{"@type":"WebPage","@id":"https:\/\/fornimedical.ch\/fr\/mentions-legales\/","url":"https:\/\/fornimedical.ch\/fr\/mentions-legales\/","name":"Mentions l\u00e9gales | Forni Medical","isPartOf":{"@id":"https:\/\/fornimedical.ch\/fr\/#website"},"datePublished":"2023-11-29T08:38:30+00:00","dateModified":"2024-07-17T13:01:24+00:00","description":"Forni Medical GmbH | Heldswilerstrasse 13, CH-9214 Kradolf | T\u00e9l\u00e9phone: +41 71 642 35 68 | e-mail: info@fornimedical.ch","breadcrumb":{"@id":"https:\/\/fornimedical.ch\/fr\/mentions-legales\/#breadcrumb"},"inLanguage":"fr-FR","potentialAction":[{"@type":"ReadAction","target":["https:\/\/fornimedical.ch\/fr\/mentions-legales\/"]}]},{"@type":"BreadcrumbList","@id":"https:\/\/fornimedical.ch\/fr\/mentions-legales\/#breadcrumb","itemListElement":[{"@type":"ListItem","position":1,"name":"Home","item":"https:\/\/fornimedical.ch\/fr\/"},{"@type":"ListItem","position":2,"name":"Mentions l\u00e9gales"}]},{"@type":"WebSite","@id":"https:\/\/fornimedical.ch\/fr\/#website","url":"https:\/\/fornimedical.ch\/fr\/","name":"Forni Medical GmbH","description":"","publisher":{"@id":"https:\/\/fornimedical.ch\/fr\/#organization"},"potentialAction":[{"@type":"SearchAction","target":{"@type":"EntryPoint","urlTemplate":"https:\/\/fornimedical.ch\/fr\/?s={search_term_string}"},"query-input":{"@type":"PropertyValueSpecification","valueRequired":true,"valueName":"search_term_string"}}],"inLanguage":"fr-FR"},{"@type":"Organization","@id":"https:\/\/fornimedical.ch\/fr\/#organization","name":"Forni Medical GmbH","url":"https:\/\/fornimedical.ch\/fr\/","logo":{"@type":"ImageObject","inLanguage":"fr-FR","@id":"https:\/\/fornimedical.ch\/fr\/#\/schema\/logo\/image\/","url":"https:\/\/fornimedical.ch\/wp-content\/uploads\/2023\/08\/logo.svg","contentUrl":"https:\/\/fornimedical.ch\/wp-content\/uploads\/2023\/08\/logo.svg","caption":"Forni Medical GmbH"},"image":{"@id":"https:\/\/fornimedical.ch\/fr\/#\/schema\/logo\/image\/"}}]}},"_links":{"self":[{"href":"https:\/\/fornimedical.ch\/fr\/wp-json\/wp\/v2\/pages\/5065","targetHints":{"allow":["GET"]}}],"collection":[{"href":"https:\/\/fornimedical.ch\/fr\/wp-json\/wp\/v2\/pages"}],"about":[{"href":"https:\/\/fornimedical.ch\/fr\/wp-json\/wp\/v2\/types\/page"}],"author":[{"embeddable":true,"href":"https:\/\/fornimedical.ch\/fr\/wp-json\/wp\/v2\/users\/2"}],"replies":[{"embeddable":true,"href":"https:\/\/fornimedical.ch\/fr\/wp-json\/wp\/v2\/comments?post=5065"}],"version-history":[{"count":0,"href":"https:\/\/fornimedical.ch\/fr\/wp-json\/wp\/v2\/pages\/5065\/revisions"}],"wp:attachment":[{"href":"https:\/\/fornimedical.ch\/fr\/wp-json\/wp\/v2\/media?parent=5065"}],"curies":[{"name":"wp","href":"https:\/\/api.w.org\/{rel}","templated":true}]}}