{"id":5062,"date":"2023-09-02T08:34:43","date_gmt":"2023-09-02T08:34:43","guid":{"rendered":"https:\/\/fornimedical.ch\/histoire\/"},"modified":"2024-07-17T12:44:10","modified_gmt":"2024-07-17T12:44:10","slug":"histoire","status":"publish","type":"page","link":"https:\/\/fornimedical.ch\/fr\/a-propos-de-nous\/histoire\/","title":{"rendered":"Histoire"},"content":{"rendered":"<div class=\"field-blocks-section  \" ><div class=\"container timeline-section-wrapper\">\n\t<div class=\"timeline-wrapper\">\n\t\t\t<div class=\"timeline-item\">\n\t\t\t<div class=\"item-year\">2024<\/div>\n\t\t\t<div class=\"item-meta\">\n\t\t\t\t<h2 class=\"item-title\">Lancement du nouveau site Internet\/de la nouvelle boutique en ligne<\/h2>\n\t\t\t\t<div class=\"item-desc\"><p>\u00c0 l\u2019occasion du 30e\u00a0anniversaire de Forni\u00a0Medical, nous cr\u00e9ons avec TOUCHPOINT\u00a0Communication\u00a0AG la nouvelle image de notre entreprise. Nous avons h\u00e2te de d\u00e9couvrir ce nouveau look moderne et, surtout, la boutique en ligne bien plus claire.<\/p>\n<\/div>\n\t\t\t<\/div>\n\t\t<\/div>\n\t\t\t\t\t<div class=\"timeline-item\">\n\t\t\t<div class=\"item-year\">2022<\/div>\n\t\t\t<div class=\"item-meta\">\n\t\t\t\t<h2 class=\"item-title\">Reprise de l\u2019entreprise par C\u00e9cile K\u00f6hler-Pl\u00e1<\/h2>\n\t\t\t\t<div class=\"item-desc\"><p>C\u00e9cile K\u00f6hler-Pl\u00e1 f\u00eate ses 25\u00a0ans chez Forni Medical et reprend les r\u00eanes de l\u2019entreprise.<\/p>\n<\/div>\n\t\t\t<\/div>\n\t\t<\/div>\n\t\t\t\t\t<div class=\"timeline-item\">\n\t\t\t<div class=\"item-year\">2019<\/div>\n\t\t\t<div class=\"item-meta\">\n\t\t\t\t<h2 class=\"item-title\">Modernisation en interne<\/h2>\n\t\t\t\t<div class=\"item-desc\"><p>Le nouvel ERP (Enterprise Resource Planning) \u00abProffix\u00bb ainsi que de nouveaux ordinateurs et doubles \u00e9crans, qui facilitent consid\u00e9rablement le travail de tous les collaborateurs, sont install\u00e9s. Un nouvel inventaire et une petite r\u00e9novation des bureaux suivront peu apr\u00e8s.<\/p>\n<\/div>\n\t\t\t<\/div>\n\t\t<\/div>\n\t\t\t\t\t<div class=\"timeline-item\">\n\t\t\t<div class=\"item-year\">2016<\/div>\n\t\t\t<div class=\"item-meta\">\n\t\t\t\t<h2 class=\"item-title\">Num\u00e9risation<\/h2>\n\t\t\t\t<div class=\"item-desc\"><p>Apr\u00e8s avoir \u00e9labor\u00e9 notre site Internet, nous disposons d\u00e9sormais \u00e9galement de notre propre boutique en ligne. Cela nous permet d\u2019\u00e9largir plus rapidement notre notori\u00e9t\u00e9 et de rendre notre assortiment de produits visible par tous.<\/p>\n<\/div>\n\t\t\t<\/div>\n\t\t<\/div>\n\t\t\t\t\t<div class=\"timeline-item\">\n\t\t\t<div class=\"item-year\">2012<\/div>\n\t\t\t<div class=\"item-meta\">\n\t\t\t\t<h2 class=\"item-title\">Certification ISO\u00a013485<\/h2>\n\t\t\t\t<div class=\"item-desc\"><p>C\u2019est avec une grande fiert\u00e9 que nous avons obtenu la certification ISO\u00a013485, qui nous distingue par notre syst\u00e8me de gestion de la qualit\u00e9 destin\u00e9 \u00e0 la conception et \u00e0 la fabrication de dispositifs m\u00e9dicaux. Forni Medical continue \u00e0 cro\u00eetre.<\/p>\n<\/div>\n\t\t\t<\/div>\n\t\t<\/div>\n\t\t\t\t\t<div class=\"timeline-item\">\n\t\t\t<div class=\"item-year\">2006<\/div>\n\t\t\t<div class=\"item-meta\">\n\t\t\t\t<h2 class=\"item-title\">Premi\u00e8re certification ISO<\/h2>\n\t\t\t\t<div class=\"item-desc\"><p>L\u2019entreprise s\u2019est d\u00e9velopp\u00e9e et a obtenu sa premi\u00e8re certification ISO\u00a09001. Cela signifie que la qualit\u00e9 de nos processus, produits et services a \u00e9t\u00e9 examin\u00e9e et approuv\u00e9e pour la certification.<\/p>\n<\/div>\n\t\t\t<\/div>\n\t\t<\/div>\n\t\t\t\t\t<div class=\"timeline-item\">\n\t\t\t<div class=\"item-year\">2005<\/div>\n\t\t\t<div class=\"item-meta\">\n\t\t\t\t<h2 class=\"item-title\">Nouveau site pour l\u2019entrep\u00f4t et l\u2019administration<\/h2>\n\t\t\t\t<div class=\"item-desc\"><p>Tout est enfin r\u00e9uni au m\u00eame endroit. Nous avons pu emm\u00e9nager dans une partie des locaux de l\u2019ancienne soci\u00e9t\u00e9 \u00abErnst-Teigwaren\u00bb \u00e0 Kradolf, o\u00f9 nous avons trouv\u00e9 suffisamment de place pour notre stock, qui ne cesse de s\u2019agrandir, et deux bureaux.<\/p>\n<\/div>\n\t\t\t<\/div>\n\t\t<\/div>\n\t\t\t\t\t<div class=\"timeline-item\">\n\t\t\t<div class=\"item-year\">2000<\/div>\n\t\t\t<div class=\"item-meta\">\n\t\t\t\t<h2 class=\"item-title\">Forni Medical GmbH<\/h2>\n\t\t\t\t<div class=\"item-desc\"><p>Transformation de la raison individuelle en <strong>Forni Medical GmbH<\/strong> avec enregistrement au RC. Reprise officielle de la direction par la fille du fondateur, C\u00e9cile K\u00f6hler-Pl\u00e1. Elle devient en m\u00eame temps la troisi\u00e8me associ\u00e9e de l\u2019entreprise familiale, aux c\u00f4t\u00e9s de ses parents.<\/p>\n<\/div>\n\t\t\t<\/div>\n\t\t<\/div>\n\t\t\t\t\t<div class=\"timeline-item\">\n\t\t\t<div class=\"item-year\">1997<\/div>\n\t\t\t<div class=\"item-meta\">\n\t\t\t\t<h2 class=\"item-title\">D\u00e9m\u00e9nagement et arriv\u00e9e de la nouvelle direction<\/h2>\n\t\t\t\t<div class=\"item-desc\"><p>D\u00e9m\u00e9nagement \u00e0 Sch\u00f6nenberg bei Kradolf avec un petit entrep\u00f4t ext\u00e9rieur \u00e0 Kradolf, dans l\u2019ancien \u00abTeigi-Areal\u00bb. C\u00e9cile K\u00f6hler-Pl\u00e1, reprend les r\u00eanes de l\u2019administration \u00e0 partir du mois d\u2019ao\u00fbt.<\/p>\n<\/div>\n\t\t\t<\/div>\n\t\t<\/div>\n\t\t\t\t\t<div class=\"timeline-item\">\n\t\t\t<div class=\"item-year\">1994<\/div>\n\t\t\t<div class=\"item-meta\">\n\t\t\t\t<h2 class=\"item-title\">Cr\u00e9ation<\/h2>\n\t\t\t\t<div class=\"item-desc\"><p>Comme son nom l\u2019indique, l\u2019entreprise individuelle \u00abForniture medicale da Miguel Pl\u00e1\u00bb a \u00e9t\u00e9 cr\u00e9\u00e9e par Miguel Pl\u00e1 dans le canton du Tessin, en association avec son partenaire Pacifico Forni.<\/p>\n<\/div>\n\t\t\t<\/div>\n\t\t<\/div>\n\t\t\t\t<\/div>\n<\/div>\n<\/div>","protected":false},"excerpt":{"rendered":"<p>2024 Lancement du nouveau site Internet\/de la nouvelle boutique en ligne \u00c0 l\u2019occasion du 30e\u00a0anniversaire de Forni\u00a0Medical, nous cr\u00e9ons avec TOUCHPOINT\u00a0Communication\u00a0AG la nouvelle image de notre entreprise. Nous avons h\u00e2te de d\u00e9couvrir ce nouveau look moderne et, surtout, la boutique en ligne bien plus claire. 2022 Reprise de l\u2019entreprise par C\u00e9cile K\u00f6hler-Pl\u00e1 C\u00e9cile K\u00f6hler-Pl\u00e1 f\u00eate [&hellip;]<\/p>\n","protected":false},"author":264,"featured_media":0,"parent":5071,"menu_order":2,"comment_status":"closed","ping_status":"closed","template":"","meta":{"_acf_changed":false,"site-sidebar-layout":"left-sidebar","site-content-layout":"","ast-site-content-layout":"default","site-content-style":"default","site-sidebar-style":"default","ast-global-header-display":"","ast-banner-title-visibility":"","ast-main-header-display":"","ast-hfb-above-header-display":"","ast-hfb-below-header-display":"","ast-hfb-mobile-header-display":"","site-post-title":"","ast-breadcrumbs-content":"","ast-featured-img":"","footer-sml-layout":"","theme-transparent-header-meta":"default","adv-header-id-meta":"","stick-header-meta":"","header-above-stick-meta":"","header-main-stick-meta":"","header-below-stick-meta":"","astra-migrate-meta-layouts":"set","ast-page-background-enabled":"default","ast-page-background-meta":{"desktop":{"background-color":"var(--ast-global-color-4)","background-image":"","background-repeat":"repeat","background-position":"center center","background-size":"auto","background-attachment":"scroll","background-type":"","background-media":"","overlay-type":"","overlay-color":"","overlay-opacity":"","overlay-gradient":""},"tablet":{"background-color":"","background-image":"","background-repeat":"repeat","background-position":"center center","background-size":"auto","background-attachment":"scroll","background-type":"","background-media":"","overlay-type":"","overlay-color":"","overlay-opacity":"","overlay-gradient":""},"mobile":{"background-color":"","background-image":"","background-repeat":"repeat","background-position":"center center","background-size":"auto","background-attachment":"scroll","background-type":"","background-media":"","overlay-type":"","overlay-color":"","overlay-opacity":"","overlay-gradient":""}},"ast-content-background-meta":{"desktop":{"background-color":"var(--ast-global-color-5)","background-image":"","background-repeat":"repeat","background-position":"center center","background-size":"auto","background-attachment":"scroll","background-type":"","background-media":"","overlay-type":"","overlay-color":"","overlay-opacity":"","overlay-gradient":""},"tablet":{"background-color":"var(--ast-global-color-5)","background-image":"","background-repeat":"repeat","background-position":"center center","background-size":"auto","background-attachment":"scroll","background-type":"","background-media":"","overlay-type":"","overlay-color":"","overlay-opacity":"","overlay-gradient":""},"mobile":{"background-color":"var(--ast-global-color-5)","background-image":"","background-repeat":"repeat","background-position":"center center","background-size":"auto","background-attachment":"scroll","background-type":"","background-media":"","overlay-type":"","overlay-color":"","overlay-opacity":"","overlay-gradient":""}},"footnotes":""},"class_list":["post-5062","page","type-page","status-publish","hentry"],"acf":[],"yoast_head":"<!-- This site is optimized with the Yoast SEO plugin v26.5 - https:\/\/yoast.com\/wordpress\/plugins\/seo\/ -->\n<title>Histoire - Forni Medical GmbH<\/title>\n<meta name=\"description\" content=\"Les \u00e9tapes cl\u00e9s de l\u2019histoire de l\u2019entreprise sont les piliers de l\u2019avenir.\" \/>\n<meta name=\"robots\" content=\"index, follow, max-snippet:-1, max-image-preview:large, max-video-preview:-1\" \/>\n<link rel=\"canonical\" href=\"https:\/\/fornimedical.ch\/fr\/a-propos-de-nous\/histoire\/\" \/>\n<meta property=\"og:locale\" content=\"fr_FR\" \/>\n<meta property=\"og:type\" content=\"article\" \/>\n<meta property=\"og:title\" content=\"Histoire - Forni Medical GmbH\" \/>\n<meta property=\"og:description\" content=\"Les \u00e9tapes cl\u00e9s de l\u2019histoire de l\u2019entreprise sont les piliers de l\u2019avenir.\" \/>\n<meta property=\"og:url\" content=\"https:\/\/fornimedical.ch\/fr\/a-propos-de-nous\/histoire\/\" \/>\n<meta property=\"og:site_name\" content=\"Forni Medical GmbH\" \/>\n<meta property=\"article:modified_time\" content=\"2024-07-17T12:44:10+00:00\" \/>\n<meta name=\"twitter:card\" content=\"summary_large_image\" \/>\n<script type=\"application\/ld+json\" class=\"yoast-schema-graph\">{\"@context\":\"https:\/\/schema.org\",\"@graph\":[{\"@type\":\"WebPage\",\"@id\":\"https:\/\/fornimedical.ch\/fr\/a-propos-de-nous\/histoire\/\",\"url\":\"https:\/\/fornimedical.ch\/fr\/a-propos-de-nous\/histoire\/\",\"name\":\"Histoire - Forni Medical GmbH\",\"isPartOf\":{\"@id\":\"https:\/\/fornimedical.ch\/fr\/#website\"},\"datePublished\":\"2023-09-02T08:34:43+00:00\",\"dateModified\":\"2024-07-17T12:44:10+00:00\",\"description\":\"Les \u00e9tapes cl\u00e9s de l\u2019histoire de l\u2019entreprise sont les piliers de l\u2019avenir.\",\"breadcrumb\":{\"@id\":\"https:\/\/fornimedical.ch\/fr\/a-propos-de-nous\/histoire\/#breadcrumb\"},\"inLanguage\":\"fr-FR\",\"potentialAction\":[{\"@type\":\"ReadAction\",\"target\":[\"https:\/\/fornimedical.ch\/fr\/a-propos-de-nous\/histoire\/\"]}]},{\"@type\":\"BreadcrumbList\",\"@id\":\"https:\/\/fornimedical.ch\/fr\/a-propos-de-nous\/histoire\/#breadcrumb\",\"itemListElement\":[{\"@type\":\"ListItem\",\"position\":1,\"name\":\"Home\",\"item\":\"https:\/\/fornimedical.ch\/fr\/\"},{\"@type\":\"ListItem\",\"position\":2,\"name\":\"\u00c0 propos de nous\",\"item\":\"https:\/\/fornimedical.ch\/fr\/a-propos-de-nous\/\"},{\"@type\":\"ListItem\",\"position\":3,\"name\":\"Histoire\"}]},{\"@type\":\"WebSite\",\"@id\":\"https:\/\/fornimedical.ch\/fr\/#website\",\"url\":\"https:\/\/fornimedical.ch\/fr\/\",\"name\":\"Forni Medical GmbH\",\"description\":\"\",\"publisher\":{\"@id\":\"https:\/\/fornimedical.ch\/fr\/#organization\"},\"potentialAction\":[{\"@type\":\"SearchAction\",\"target\":{\"@type\":\"EntryPoint\",\"urlTemplate\":\"https:\/\/fornimedical.ch\/fr\/?s={search_term_string}\"},\"query-input\":{\"@type\":\"PropertyValueSpecification\",\"valueRequired\":true,\"valueName\":\"search_term_string\"}}],\"inLanguage\":\"fr-FR\"},{\"@type\":\"Organization\",\"@id\":\"https:\/\/fornimedical.ch\/fr\/#organization\",\"name\":\"Forni Medical GmbH\",\"url\":\"https:\/\/fornimedical.ch\/fr\/\",\"logo\":{\"@type\":\"ImageObject\",\"inLanguage\":\"fr-FR\",\"@id\":\"https:\/\/fornimedical.ch\/fr\/#\/schema\/logo\/image\/\",\"url\":\"https:\/\/fornimedical.ch\/wp-content\/uploads\/2023\/08\/logo.svg\",\"contentUrl\":\"https:\/\/fornimedical.ch\/wp-content\/uploads\/2023\/08\/logo.svg\",\"caption\":\"Forni Medical GmbH\"},\"image\":{\"@id\":\"https:\/\/fornimedical.ch\/fr\/#\/schema\/logo\/image\/\"}}]}<\/script>\n<!-- \/ Yoast SEO plugin. -->","yoast_head_json":{"title":"Histoire - Forni Medical GmbH","description":"Les \u00e9tapes cl\u00e9s de l\u2019histoire de l\u2019entreprise sont les piliers de l\u2019avenir.","robots":{"index":"index","follow":"follow","max-snippet":"max-snippet:-1","max-image-preview":"max-image-preview:large","max-video-preview":"max-video-preview:-1"},"canonical":"https:\/\/fornimedical.ch\/fr\/a-propos-de-nous\/histoire\/","og_locale":"fr_FR","og_type":"article","og_title":"Histoire - Forni Medical GmbH","og_description":"Les \u00e9tapes cl\u00e9s de l\u2019histoire de l\u2019entreprise sont les piliers de l\u2019avenir.","og_url":"https:\/\/fornimedical.ch\/fr\/a-propos-de-nous\/histoire\/","og_site_name":"Forni Medical GmbH","article_modified_time":"2024-07-17T12:44:10+00:00","twitter_card":"summary_large_image","schema":{"@context":"https:\/\/schema.org","@graph":[{"@type":"WebPage","@id":"https:\/\/fornimedical.ch\/fr\/a-propos-de-nous\/histoire\/","url":"https:\/\/fornimedical.ch\/fr\/a-propos-de-nous\/histoire\/","name":"Histoire - Forni Medical GmbH","isPartOf":{"@id":"https:\/\/fornimedical.ch\/fr\/#website"},"datePublished":"2023-09-02T08:34:43+00:00","dateModified":"2024-07-17T12:44:10+00:00","description":"Les \u00e9tapes cl\u00e9s de l\u2019histoire de l\u2019entreprise sont les piliers de l\u2019avenir.","breadcrumb":{"@id":"https:\/\/fornimedical.ch\/fr\/a-propos-de-nous\/histoire\/#breadcrumb"},"inLanguage":"fr-FR","potentialAction":[{"@type":"ReadAction","target":["https:\/\/fornimedical.ch\/fr\/a-propos-de-nous\/histoire\/"]}]},{"@type":"BreadcrumbList","@id":"https:\/\/fornimedical.ch\/fr\/a-propos-de-nous\/histoire\/#breadcrumb","itemListElement":[{"@type":"ListItem","position":1,"name":"Home","item":"https:\/\/fornimedical.ch\/fr\/"},{"@type":"ListItem","position":2,"name":"\u00c0 propos de nous","item":"https:\/\/fornimedical.ch\/fr\/a-propos-de-nous\/"},{"@type":"ListItem","position":3,"name":"Histoire"}]},{"@type":"WebSite","@id":"https:\/\/fornimedical.ch\/fr\/#website","url":"https:\/\/fornimedical.ch\/fr\/","name":"Forni Medical GmbH","description":"","publisher":{"@id":"https:\/\/fornimedical.ch\/fr\/#organization"},"potentialAction":[{"@type":"SearchAction","target":{"@type":"EntryPoint","urlTemplate":"https:\/\/fornimedical.ch\/fr\/?s={search_term_string}"},"query-input":{"@type":"PropertyValueSpecification","valueRequired":true,"valueName":"search_term_string"}}],"inLanguage":"fr-FR"},{"@type":"Organization","@id":"https:\/\/fornimedical.ch\/fr\/#organization","name":"Forni Medical GmbH","url":"https:\/\/fornimedical.ch\/fr\/","logo":{"@type":"ImageObject","inLanguage":"fr-FR","@id":"https:\/\/fornimedical.ch\/fr\/#\/schema\/logo\/image\/","url":"https:\/\/fornimedical.ch\/wp-content\/uploads\/2023\/08\/logo.svg","contentUrl":"https:\/\/fornimedical.ch\/wp-content\/uploads\/2023\/08\/logo.svg","caption":"Forni Medical GmbH"},"image":{"@id":"https:\/\/fornimedical.ch\/fr\/#\/schema\/logo\/image\/"}}]}},"_links":{"self":[{"href":"https:\/\/fornimedical.ch\/fr\/wp-json\/wp\/v2\/pages\/5062","targetHints":{"allow":["GET"]}}],"collection":[{"href":"https:\/\/fornimedical.ch\/fr\/wp-json\/wp\/v2\/pages"}],"about":[{"href":"https:\/\/fornimedical.ch\/fr\/wp-json\/wp\/v2\/types\/page"}],"author":[{"embeddable":true,"href":"https:\/\/fornimedical.ch\/fr\/wp-json\/wp\/v2\/users\/264"}],"replies":[{"embeddable":true,"href":"https:\/\/fornimedical.ch\/fr\/wp-json\/wp\/v2\/comments?post=5062"}],"version-history":[{"count":1,"href":"https:\/\/fornimedical.ch\/fr\/wp-json\/wp\/v2\/pages\/5062\/revisions"}],"predecessor-version":[{"id":5093,"href":"https:\/\/fornimedical.ch\/fr\/wp-json\/wp\/v2\/pages\/5062\/revisions\/5093"}],"up":[{"embeddable":true,"href":"https:\/\/fornimedical.ch\/fr\/wp-json\/wp\/v2\/pages\/5071"}],"wp:attachment":[{"href":"https:\/\/fornimedical.ch\/fr\/wp-json\/wp\/v2\/media?parent=5062"}],"curies":[{"name":"wp","href":"https:\/\/api.w.org\/{rel}","templated":true}]}}