{"id":5058,"date":"2023-09-03T09:32:32","date_gmt":"2023-09-03T09:32:32","guid":{"rendered":"https:\/\/fornimedical.ch\/produits-maison-et-produits-commerciaux\/"},"modified":"2024-08-28T07:50:51","modified_gmt":"2024-08-28T07:50:51","slug":"produits-forni-et-produits-commerciaux","status":"publish","type":"page","link":"https:\/\/fornimedical.ch\/fr\/produits-forni-et-produits-commerciaux\/","title":{"rendered":"Produits Forni et commerciaux"},"content":{"rendered":"<div class=\"field-blocks-section  \" ><div class=\"container simple-text-section-wrapper\n with-image right\">\n\t\t<div class=\"text-content\"><p>Depuis plus de 25\u00a0ans, nous commercialisons des dispositifs m\u00e9dicaux et orthop\u00e9diques dans l\u2019ensemble de la Suisse. Qu\u2019il s\u2019agisse de mat\u00e9riel orthop\u00e9dique ou de mat\u00e9riel de soins et d\u2019examen, nous assurons une livraison fiable et rapide. Forni Medical compte certes parmi les petits fournisseurs, mais comme on dit \u00abpetit, mais costaud\u00bb. Et c\u2019est exactement ce qui nous distingue. Nous travaillons de mani\u00e8re efficace, professionnelle et avec une grande passion, en ayant toujours \u00e0 l\u2019esprit de servir nos clients de mani\u00e8re optimale.<\/p>\n<\/div>\n\t<div class=\"image-content large\"><img decoding=\"async\" width=\"700\" height=\"450\" src=\"https:\/\/fornimedical.ch\/wp-content\/uploads\/2023\/09\/content-image.jpg\" class=\"attachment-large size-large\" alt=\"\" srcset=\"https:\/\/fornimedical.ch\/wp-content\/uploads\/2023\/09\/content-image.jpg 700w, https:\/\/fornimedical.ch\/wp-content\/uploads\/2023\/09\/content-image-600x386.jpg 600w, https:\/\/fornimedical.ch\/wp-content\/uploads\/2023\/09\/content-image-300x193.jpg 300w\" sizes=\"(max-width: 700px) 100vw, 700px\" \/><\/div>\n<\/div>\n<div class=\"container simple-text-section-wrapper\n\">\n\t\t<div class=\"text-content\"><h2><strong>Produits Forni<\/strong><\/h2>\n<p>Nous avons d\u00e9velopp\u00e9 tous nos produits Forni en collaboration avec des sp\u00e9cialistes et des utilisateurs, dans le but d\u2019optimiser le processus de gu\u00e9rison.<\/p>\n<\/div>\n\t\n<\/div>\n<div class=\"container simple-text-section-wrapper\n\">\n\t\t<div class=\"text-content\"><h2>Orthop\u00e9die\u00a0\u2013 confort et stabilit\u00e9<\/h2>\n<p>En <strong>orthop\u00e9die<\/strong> surtout, il est important de trouver une stabilisation appropri\u00e9e et tout de m\u00eame confortable pour la partie du corps concern\u00e9e. C\u2019est pourquoi il existe pour presque tous les produits orthop\u00e9diques un <strong>guide des tailles<\/strong> auquel l&rsquo;utilisateur peut se r\u00e9f\u00e9rer.<\/p>\n<p>Par\u00a0exemple, nos <strong>gilets orthop\u00e9diques<\/strong>, brevet\u00e9s par Forni Medical, sont ainsi propos\u00e9s en trois mod\u00e8les:<\/p>\n<p><strong>Confort<\/strong>, la version standard, r\u00e9versible et plus avantageuse en mati\u00e8re de prix.<\/p>\n<p><strong>Natura<\/strong>, con\u00e7u sp\u00e9cialement pour les personnes allergiques, avec int\u00e9rieur 100% coton, disponible s\u00e9par\u00e9ment pour l\u2019\u00e9paule gauche ou droite.<\/p>\n<p><strong>Perfor\u00e9<\/strong>, r\u00e9versible, perfor\u00e9 et donc plus perm\u00e9able \u00e0 l\u2019air. Id\u00e9al en \u00e9t\u00e9.<\/p>\n<\/div>\n\t\n<\/div>\n<div class=\"container simple-text-section-wrapper\n\">\n\t\t<div class=\"text-content\"><h2><strong>Les produits suivants sont d\u00e9clar\u00e9s comme marque propre:<\/strong><\/h2>\n<p><strong>Membres sup\u00e9rieurs<\/strong><\/p>\n<ul>\n<li><a href=\"https:\/\/fornimedical.ch\/fr\/product-category\/orthopedie\/membres-superieurs\/gilets-orthopediques\/\">Gilets orthop\u00e9diques<\/a><\/li>\n<li><a href=\"https:\/\/fornimedical.ch\/fr\/product-category\/orthopedie\/membres-superieurs\/ceintures-abdominales\/\">Ceintures abdominales<\/a><\/li>\n<li><a href=\"https:\/\/fornimedical.ch\/fr\/product-category\/orthopedie\/membres-superieurs\/bandages-de-fixation-pour-lepaule\/\">Bandages de fixation pour l\u2019\u00e9paule<\/a><\/li>\n<li><a href=\"https:\/\/fornimedical.ch\/fr\/product-category\/orthopedie\/membres-superieurs\/bretelles-pour-bras\/\">Bretelles pour bras<\/a><\/li>\n<li><a href=\"https:\/\/fornimedical.ch\/fr\/product-category\/orthopedie\/membres-superieurs\/attelles-pour-le-poignet\/\">Attelles pour le poignet<\/a><\/li>\n<\/ul>\n<p><strong>Membres inf\u00e9rieurs<\/strong><\/p>\n<ul>\n<li><a href=\"https:\/\/fornimedical.ch\/fr\/product-category\/orthopedie\/membres-inferieurs\/bandages-pour-hanche\/\">Bandages pour hanche<\/a><\/li>\n<li><a href=\"https:\/\/fornimedical.ch\/fr\/product-category\/orthopedie\/membres-inferieurs\/jambieres\/\">Attelles pour le genou<\/a><\/li>\n<li><a href=\"https:\/\/fornimedical.ch\/fr\/product-category\/orthopedie\/membres-inferieurs\/souliers-de-marche\/\">Souliers de marche<\/a><\/li>\n<\/ul>\n<\/div>\n\t\n<\/div>\n<div class=\"container simple-text-section-wrapper\n\">\n\t\t<div class=\"text-content\"><h2><strong>Produits commerciaux<\/strong><\/h2>\n<p>Nous nous procurons les autres <strong>dispositifs m\u00e9dicaux<\/strong> dans le monde entier. Nous travaillons en \u00e9troite collaboration avec nos fournisseurs et nos fabricants pour obtenir un produit adapt\u00e9 aux besoins du client et de l\u2019utilisateur final. Il nous tient en effet \u00e0 c\u0153ur de satisfaire toutes les parties concern\u00e9es.<\/p>\n<p>D\u00e9couvrez \u00e0 quel point nous nous engageons dans l\u2019onglet <a href=\"https:\/\/fornimedical.ch\/uber-uns\/\"><strong>\u00c0 propos de nous<\/strong><\/a>.<\/p>\n<\/div>\n\t\n<\/div>\n<\/div>","protected":false},"excerpt":{"rendered":"<p>Depuis plus de 25\u00a0ans, nous commercialisons des dispositifs m\u00e9dicaux et orthop\u00e9diques dans l\u2019ensemble de la Suisse. Qu\u2019il s\u2019agisse de mat\u00e9riel orthop\u00e9dique ou de mat\u00e9riel de soins et d\u2019examen, nous assurons une livraison fiable et rapide. Forni Medical compte certes parmi les petits fournisseurs, mais comme on dit \u00abpetit, mais costaud\u00bb. Et c\u2019est exactement ce qui [&hellip;]<\/p>\n","protected":false},"author":264,"featured_media":0,"parent":0,"menu_order":-50,"comment_status":"closed","ping_status":"closed","template":"","meta":{"_acf_changed":false,"site-sidebar-layout":"default","site-content-layout":"","ast-site-content-layout":"default","site-content-style":"default","site-sidebar-style":"default","ast-global-header-display":"","ast-banner-title-visibility":"","ast-main-header-display":"","ast-hfb-above-header-display":"","ast-hfb-below-header-display":"","ast-hfb-mobile-header-display":"","site-post-title":"","ast-breadcrumbs-content":"","ast-featured-img":"","footer-sml-layout":"","theme-transparent-header-meta":"default","adv-header-id-meta":"","stick-header-meta":"","header-above-stick-meta":"","header-main-stick-meta":"","header-below-stick-meta":"","astra-migrate-meta-layouts":"set","ast-page-background-enabled":"default","ast-page-background-meta":{"desktop":{"background-color":"var(--ast-global-color-4)","background-image":"","background-repeat":"repeat","background-position":"center center","background-size":"auto","background-attachment":"scroll","background-type":"","background-media":"","overlay-type":"","overlay-color":"","overlay-opacity":"","overlay-gradient":""},"tablet":{"background-color":"","background-image":"","background-repeat":"repeat","background-position":"center center","background-size":"auto","background-attachment":"scroll","background-type":"","background-media":"","overlay-type":"","overlay-color":"","overlay-opacity":"","overlay-gradient":""},"mobile":{"background-color":"","background-image":"","background-repeat":"repeat","background-position":"center center","background-size":"auto","background-attachment":"scroll","background-type":"","background-media":"","overlay-type":"","overlay-color":"","overlay-opacity":"","overlay-gradient":""}},"ast-content-background-meta":{"desktop":{"background-color":"var(--ast-global-color-5)","background-image":"","background-repeat":"repeat","background-position":"center center","background-size":"auto","background-attachment":"scroll","background-type":"","background-media":"","overlay-type":"","overlay-color":"","overlay-opacity":"","overlay-gradient":""},"tablet":{"background-color":"var(--ast-global-color-5)","background-image":"","background-repeat":"repeat","background-position":"center center","background-size":"auto","background-attachment":"scroll","background-type":"","background-media":"","overlay-type":"","overlay-color":"","overlay-opacity":"","overlay-gradient":""},"mobile":{"background-color":"var(--ast-global-color-5)","background-image":"","background-repeat":"repeat","background-position":"center center","background-size":"auto","background-attachment":"scroll","background-type":"","background-media":"","overlay-type":"","overlay-color":"","overlay-opacity":"","overlay-gradient":""}},"footnotes":""},"class_list":["post-5058","page","type-page","status-publish","hentry"],"acf":[],"yoast_head":"<!-- This site is optimized with the Yoast SEO plugin v26.5 - https:\/\/yoast.com\/wordpress\/plugins\/seo\/ -->\n<title>produits forni et produits commerciaux | Forni Medical<\/title>\n<meta name=\"description\" content=\"Fournisseur suisse de dispositifs m\u00e9dicaux et orthop\u00e9diques pour l\u2019orthop\u00e9die, la dialyse, les soins, les besoins en bloc OP et les soins d\u2019urgence.\" \/>\n<meta name=\"robots\" content=\"index, follow, max-snippet:-1, max-image-preview:large, max-video-preview:-1\" \/>\n<link rel=\"canonical\" href=\"https:\/\/fornimedical.ch\/fr\/produits-forni-et-produits-commerciaux\/\" \/>\n<meta property=\"og:locale\" content=\"fr_FR\" \/>\n<meta property=\"og:type\" content=\"article\" \/>\n<meta property=\"og:title\" content=\"produits forni et produits commerciaux | Forni Medical\" \/>\n<meta property=\"og:description\" content=\"Fournisseur suisse de dispositifs m\u00e9dicaux et orthop\u00e9diques pour l\u2019orthop\u00e9die, la dialyse, les soins, les besoins en bloc OP et les soins d\u2019urgence.\" \/>\n<meta property=\"og:url\" content=\"https:\/\/fornimedical.ch\/fr\/produits-forni-et-produits-commerciaux\/\" \/>\n<meta property=\"og:site_name\" content=\"Forni Medical GmbH\" \/>\n<meta property=\"article:modified_time\" content=\"2024-08-28T07:50:51+00:00\" \/>\n<meta name=\"twitter:card\" content=\"summary_large_image\" \/>\n<script type=\"application\/ld+json\" class=\"yoast-schema-graph\">{\"@context\":\"https:\/\/schema.org\",\"@graph\":[{\"@type\":\"WebPage\",\"@id\":\"https:\/\/fornimedical.ch\/fr\/produits-forni-et-produits-commerciaux\/\",\"url\":\"https:\/\/fornimedical.ch\/fr\/produits-forni-et-produits-commerciaux\/\",\"name\":\"produits forni et produits commerciaux | Forni Medical\",\"isPartOf\":{\"@id\":\"https:\/\/fornimedical.ch\/fr\/#website\"},\"datePublished\":\"2023-09-03T09:32:32+00:00\",\"dateModified\":\"2024-08-28T07:50:51+00:00\",\"description\":\"Fournisseur suisse de dispositifs m\u00e9dicaux et orthop\u00e9diques pour l\u2019orthop\u00e9die, la dialyse, les soins, les besoins en bloc OP et les soins d\u2019urgence.\",\"breadcrumb\":{\"@id\":\"https:\/\/fornimedical.ch\/fr\/produits-forni-et-produits-commerciaux\/#breadcrumb\"},\"inLanguage\":\"fr-FR\",\"potentialAction\":[{\"@type\":\"ReadAction\",\"target\":[\"https:\/\/fornimedical.ch\/fr\/produits-forni-et-produits-commerciaux\/\"]}]},{\"@type\":\"BreadcrumbList\",\"@id\":\"https:\/\/fornimedical.ch\/fr\/produits-forni-et-produits-commerciaux\/#breadcrumb\",\"itemListElement\":[{\"@type\":\"ListItem\",\"position\":1,\"name\":\"Home\",\"item\":\"https:\/\/fornimedical.ch\/fr\/\"},{\"@type\":\"ListItem\",\"position\":2,\"name\":\"Produits Forni et commerciaux\"}]},{\"@type\":\"WebSite\",\"@id\":\"https:\/\/fornimedical.ch\/fr\/#website\",\"url\":\"https:\/\/fornimedical.ch\/fr\/\",\"name\":\"Forni Medical GmbH\",\"description\":\"\",\"publisher\":{\"@id\":\"https:\/\/fornimedical.ch\/fr\/#organization\"},\"potentialAction\":[{\"@type\":\"SearchAction\",\"target\":{\"@type\":\"EntryPoint\",\"urlTemplate\":\"https:\/\/fornimedical.ch\/fr\/?s={search_term_string}\"},\"query-input\":{\"@type\":\"PropertyValueSpecification\",\"valueRequired\":true,\"valueName\":\"search_term_string\"}}],\"inLanguage\":\"fr-FR\"},{\"@type\":\"Organization\",\"@id\":\"https:\/\/fornimedical.ch\/fr\/#organization\",\"name\":\"Forni Medical GmbH\",\"url\":\"https:\/\/fornimedical.ch\/fr\/\",\"logo\":{\"@type\":\"ImageObject\",\"inLanguage\":\"fr-FR\",\"@id\":\"https:\/\/fornimedical.ch\/fr\/#\/schema\/logo\/image\/\",\"url\":\"https:\/\/fornimedical.ch\/wp-content\/uploads\/2023\/08\/logo.svg\",\"contentUrl\":\"https:\/\/fornimedical.ch\/wp-content\/uploads\/2023\/08\/logo.svg\",\"caption\":\"Forni Medical GmbH\"},\"image\":{\"@id\":\"https:\/\/fornimedical.ch\/fr\/#\/schema\/logo\/image\/\"}}]}<\/script>\n<!-- \/ Yoast SEO plugin. -->","yoast_head_json":{"title":"produits forni et produits commerciaux | Forni Medical","description":"Fournisseur suisse de dispositifs m\u00e9dicaux et orthop\u00e9diques pour l\u2019orthop\u00e9die, la dialyse, les soins, les besoins en bloc OP et les soins d\u2019urgence.","robots":{"index":"index","follow":"follow","max-snippet":"max-snippet:-1","max-image-preview":"max-image-preview:large","max-video-preview":"max-video-preview:-1"},"canonical":"https:\/\/fornimedical.ch\/fr\/produits-forni-et-produits-commerciaux\/","og_locale":"fr_FR","og_type":"article","og_title":"produits forni et produits commerciaux | Forni Medical","og_description":"Fournisseur suisse de dispositifs m\u00e9dicaux et orthop\u00e9diques pour l\u2019orthop\u00e9die, la dialyse, les soins, les besoins en bloc OP et les soins d\u2019urgence.","og_url":"https:\/\/fornimedical.ch\/fr\/produits-forni-et-produits-commerciaux\/","og_site_name":"Forni Medical GmbH","article_modified_time":"2024-08-28T07:50:51+00:00","twitter_card":"summary_large_image","schema":{"@context":"https:\/\/schema.org","@graph":[{"@type":"WebPage","@id":"https:\/\/fornimedical.ch\/fr\/produits-forni-et-produits-commerciaux\/","url":"https:\/\/fornimedical.ch\/fr\/produits-forni-et-produits-commerciaux\/","name":"produits forni et produits commerciaux | Forni Medical","isPartOf":{"@id":"https:\/\/fornimedical.ch\/fr\/#website"},"datePublished":"2023-09-03T09:32:32+00:00","dateModified":"2024-08-28T07:50:51+00:00","description":"Fournisseur suisse de dispositifs m\u00e9dicaux et orthop\u00e9diques pour l\u2019orthop\u00e9die, la dialyse, les soins, les besoins en bloc OP et les soins d\u2019urgence.","breadcrumb":{"@id":"https:\/\/fornimedical.ch\/fr\/produits-forni-et-produits-commerciaux\/#breadcrumb"},"inLanguage":"fr-FR","potentialAction":[{"@type":"ReadAction","target":["https:\/\/fornimedical.ch\/fr\/produits-forni-et-produits-commerciaux\/"]}]},{"@type":"BreadcrumbList","@id":"https:\/\/fornimedical.ch\/fr\/produits-forni-et-produits-commerciaux\/#breadcrumb","itemListElement":[{"@type":"ListItem","position":1,"name":"Home","item":"https:\/\/fornimedical.ch\/fr\/"},{"@type":"ListItem","position":2,"name":"Produits Forni et commerciaux"}]},{"@type":"WebSite","@id":"https:\/\/fornimedical.ch\/fr\/#website","url":"https:\/\/fornimedical.ch\/fr\/","name":"Forni Medical GmbH","description":"","publisher":{"@id":"https:\/\/fornimedical.ch\/fr\/#organization"},"potentialAction":[{"@type":"SearchAction","target":{"@type":"EntryPoint","urlTemplate":"https:\/\/fornimedical.ch\/fr\/?s={search_term_string}"},"query-input":{"@type":"PropertyValueSpecification","valueRequired":true,"valueName":"search_term_string"}}],"inLanguage":"fr-FR"},{"@type":"Organization","@id":"https:\/\/fornimedical.ch\/fr\/#organization","name":"Forni Medical GmbH","url":"https:\/\/fornimedical.ch\/fr\/","logo":{"@type":"ImageObject","inLanguage":"fr-FR","@id":"https:\/\/fornimedical.ch\/fr\/#\/schema\/logo\/image\/","url":"https:\/\/fornimedical.ch\/wp-content\/uploads\/2023\/08\/logo.svg","contentUrl":"https:\/\/fornimedical.ch\/wp-content\/uploads\/2023\/08\/logo.svg","caption":"Forni Medical GmbH"},"image":{"@id":"https:\/\/fornimedical.ch\/fr\/#\/schema\/logo\/image\/"}}]}},"_links":{"self":[{"href":"https:\/\/fornimedical.ch\/fr\/wp-json\/wp\/v2\/pages\/5058","targetHints":{"allow":["GET"]}}],"collection":[{"href":"https:\/\/fornimedical.ch\/fr\/wp-json\/wp\/v2\/pages"}],"about":[{"href":"https:\/\/fornimedical.ch\/fr\/wp-json\/wp\/v2\/types\/page"}],"author":[{"embeddable":true,"href":"https:\/\/fornimedical.ch\/fr\/wp-json\/wp\/v2\/users\/264"}],"replies":[{"embeddable":true,"href":"https:\/\/fornimedical.ch\/fr\/wp-json\/wp\/v2\/comments?post=5058"}],"version-history":[{"count":7,"href":"https:\/\/fornimedical.ch\/fr\/wp-json\/wp\/v2\/pages\/5058\/revisions"}],"predecessor-version":[{"id":10943,"href":"https:\/\/fornimedical.ch\/fr\/wp-json\/wp\/v2\/pages\/5058\/revisions\/10943"}],"wp:attachment":[{"href":"https:\/\/fornimedical.ch\/fr\/wp-json\/wp\/v2\/media?parent=5058"}],"curies":[{"name":"wp","href":"https:\/\/api.w.org\/{rel}","templated":true}]}}