{"id":5057,"date":"2023-09-03T04:04:10","date_gmt":"2023-09-03T02:04:10","guid":{"rendered":"https:\/\/fornimedical.ch\/telechargements\/"},"modified":"2025-02-21T09:21:02","modified_gmt":"2025-02-21T08:21:02","slug":"telechargements","status":"publish","type":"page","link":"https:\/\/fornimedical.ch\/fr\/a-propos-de-nous\/telechargements\/","title":{"rendered":"T\u00e9l\u00e9chargements"},"content":{"rendered":"<div class=\"field-blocks-section  \" ><div class=\"container downloadable-section-wrapper\">\n\t\t\t <h2 class=\"headline\">T\u00e9l\u00e9chargement ISO Certificat<\/h2> \t<div class=\"downloadable-wrapper\">\n\t\t\t<div class=\"items pdf\">\n\t\t\t<div class=\"file-icon\"><img decoding=\"async\" src=\"https:\/\/fornimedical.ch\/wp-content\/themes\/forni-medical\/assets\/images\/icon-pdf.svg\"\/><\/div>\n\t\t\t<div class=\"file-meta\">\n\t\t\t\t<div class=\"file-details\">\n\t\t\t\t\t<h3 class=\"file-name\">ISO Certificat Forni Medical allemand<\/h3>\n\t\t\t\t\t<span class=\"file-type\">PDF<\/span>\n\t\t\t\t\t<span class=\"file-size\">1.4 MB<\/span>\n\t\t\t\t<\/div>\n\t\t\t\t<div class=\"file-actions\">\n\t\t\t\t\t<span class=\"download\"><a target=\"_blank\" href=\"https:\/\/fornimedical.ch\/wp-content\/uploads\/2024\/12\/Forni-Medical-GmbH-CH21936073-13K-GER-Cert-SCAN.pdf\"><svg xmlns=\"http:\/\/www.w3.org\/2000\/svg\" width=\"21.5\" height=\"21.5\" viewBox=\"0 0 21.5 21.5\">\n\t\t\t\t\t\t<g id=\"Group_3978\" data-name=\"Group 3978\" transform=\"translate(-610.25 -575.25)\">\n\t\t\t\t\t\t\t<g id=\"Icon_feather-download\" data-name=\"Icon feather-download\" transform=\"translate(606.5 571.5)\">\n\t\t\t\t\t\t\t<path id=\"Path_313\" data-name=\"Path 313\" d=\"M24.5,22.5v4.655a2.277,2.277,0,0,1-2.222,2.327H6.722A2.277,2.277,0,0,1,4.5,27.155V22.5\" transform=\"translate(0 -4.982)\" fill=\"none\" stroke=\"#005b88\" stroke-linecap=\"round\" stroke-linejoin=\"round\" stroke-width=\"1.5\"\/>\n\t\t\t\t\t\t\t<path id=\"Path_314\" data-name=\"Path 314\" d=\"M10.5,15l5.345,5.819L21.19,15\" transform=\"translate(-1.345 -2.864)\" fill=\"none\" stroke=\"#005b88\" stroke-linecap=\"round\" stroke-linejoin=\"round\" stroke-width=\"1.5\"\/>\n\t\t\t\t\t\t\t<path id=\"Path_315\" data-name=\"Path 315\" d=\"M18,17.952V4.5\" transform=\"translate(-3.5)\" fill=\"none\" stroke=\"#005b88\" stroke-linecap=\"round\" stroke-linejoin=\"round\" stroke-width=\"1.5\"\/>\n\t\t\t\t\t\t\t<\/g>\n\t\t\t\t\t\t<\/g>\n\t\t\t\t\t\t<\/svg>T\u00e9l\u00e9chargements<\/a><\/span>\n\t\t\t\t\t\t\t\t\t<\/div>\n\t\t\t<\/div>\n\t\t<\/div>\n\t\t\t\t\t<div class=\"items pdf\">\n\t\t\t<div class=\"file-icon\"><img decoding=\"async\" src=\"https:\/\/fornimedical.ch\/wp-content\/themes\/forni-medical\/assets\/images\/icon-pdf.svg\"\/><\/div>\n\t\t\t<div class=\"file-meta\">\n\t\t\t\t<div class=\"file-details\">\n\t\t\t\t\t<h3 class=\"file-name\">ISO Certificat Forni Medical englais<\/h3>\n\t\t\t\t\t<span class=\"file-type\">PDF<\/span>\n\t\t\t\t\t<span class=\"file-size\">1.4 MB<\/span>\n\t\t\t\t<\/div>\n\t\t\t\t<div class=\"file-actions\">\n\t\t\t\t\t<span class=\"download\"><a target=\"_blank\" href=\"https:\/\/fornimedical.ch\/wp-content\/uploads\/2024\/12\/Forni-Medical-GmbH-CH21936073-13K-ENG-Cert-SCAN.pdf\"><svg xmlns=\"http:\/\/www.w3.org\/2000\/svg\" width=\"21.5\" height=\"21.5\" viewBox=\"0 0 21.5 21.5\">\n\t\t\t\t\t\t<g id=\"Group_3978\" data-name=\"Group 3978\" transform=\"translate(-610.25 -575.25)\">\n\t\t\t\t\t\t\t<g id=\"Icon_feather-download\" data-name=\"Icon feather-download\" transform=\"translate(606.5 571.5)\">\n\t\t\t\t\t\t\t<path id=\"Path_313\" data-name=\"Path 313\" d=\"M24.5,22.5v4.655a2.277,2.277,0,0,1-2.222,2.327H6.722A2.277,2.277,0,0,1,4.5,27.155V22.5\" transform=\"translate(0 -4.982)\" fill=\"none\" stroke=\"#005b88\" stroke-linecap=\"round\" stroke-linejoin=\"round\" stroke-width=\"1.5\"\/>\n\t\t\t\t\t\t\t<path id=\"Path_314\" data-name=\"Path 314\" d=\"M10.5,15l5.345,5.819L21.19,15\" transform=\"translate(-1.345 -2.864)\" fill=\"none\" stroke=\"#005b88\" stroke-linecap=\"round\" stroke-linejoin=\"round\" stroke-width=\"1.5\"\/>\n\t\t\t\t\t\t\t<path id=\"Path_315\" data-name=\"Path 315\" d=\"M18,17.952V4.5\" transform=\"translate(-3.5)\" fill=\"none\" stroke=\"#005b88\" stroke-linecap=\"round\" stroke-linejoin=\"round\" stroke-width=\"1.5\"\/>\n\t\t\t\t\t\t\t<\/g>\n\t\t\t\t\t\t<\/g>\n\t\t\t\t\t\t<\/svg>T\u00e9l\u00e9chargements<\/a><\/span>\n\t\t\t\t\t\t\t\t\t<\/div>\n\t\t\t<\/div>\n\t\t<\/div>\n\t\t\t\t<\/div>\n<\/div>\n<div class=\"container downloadable-section-wrapper\">\n\t\t\t <h2 class=\"headline\">Vid\u00e9o mis en place ortho gilet <\/h2> \t<div class=\"downloadable-wrapper\">\n\t\t\t<div class=\"items mp4\">\n\t\t\t<div class=\"file-icon\"><img decoding=\"async\" src=\"https:\/\/fornimedical.ch\/wp-includes\/images\/media\/video.png\"\/><\/div>\n\t\t\t<div class=\"file-meta\">\n\t\t\t\t<div class=\"file-details\">\n\t\t\t\t\t<h3 class=\"file-name\">Mis en place Forni Medical Ortho Gilet<\/h3>\n\t\t\t\t\t<span class=\"file-type\">DOC<\/span>\n\t\t\t\t\t<span class=\"file-size\">16.5 MB<\/span>\n\t\t\t\t<\/div>\n\t\t\t\t<div class=\"file-actions\">\n\t\t\t\t\t<span class=\"download\"><a target=\"_blank\" href=\"https:\/\/fornimedical.ch\/wp-content\/uploads\/2024\/03\/videoanleitung-forni-medical_ortho-gilet.mp4\"><svg xmlns=\"http:\/\/www.w3.org\/2000\/svg\" width=\"21.5\" height=\"21.5\" viewBox=\"0 0 21.5 21.5\">\n\t\t\t\t\t\t<g id=\"Group_3978\" data-name=\"Group 3978\" transform=\"translate(-610.25 -575.25)\">\n\t\t\t\t\t\t\t<g id=\"Icon_feather-download\" data-name=\"Icon feather-download\" transform=\"translate(606.5 571.5)\">\n\t\t\t\t\t\t\t<path id=\"Path_313\" data-name=\"Path 313\" d=\"M24.5,22.5v4.655a2.277,2.277,0,0,1-2.222,2.327H6.722A2.277,2.277,0,0,1,4.5,27.155V22.5\" transform=\"translate(0 -4.982)\" fill=\"none\" stroke=\"#005b88\" stroke-linecap=\"round\" stroke-linejoin=\"round\" stroke-width=\"1.5\"\/>\n\t\t\t\t\t\t\t<path id=\"Path_314\" data-name=\"Path 314\" d=\"M10.5,15l5.345,5.819L21.19,15\" transform=\"translate(-1.345 -2.864)\" fill=\"none\" stroke=\"#005b88\" stroke-linecap=\"round\" stroke-linejoin=\"round\" stroke-width=\"1.5\"\/>\n\t\t\t\t\t\t\t<path id=\"Path_315\" data-name=\"Path 315\" d=\"M18,17.952V4.5\" transform=\"translate(-3.5)\" fill=\"none\" stroke=\"#005b88\" stroke-linecap=\"round\" stroke-linejoin=\"round\" stroke-width=\"1.5\"\/>\n\t\t\t\t\t\t\t<\/g>\n\t\t\t\t\t\t<\/g>\n\t\t\t\t\t\t<\/svg>T\u00e9l\u00e9chargements<\/a><\/span>\n\t\t\t\t\t\t\t\t\t<\/div>\n\t\t\t<\/div>\n\t\t<\/div>\n\t\t\t\t<\/div>\n<\/div>\n<\/div>","protected":false},"excerpt":{"rendered":"<p>T\u00e9l\u00e9chargement ISO Certificat ISO Certificat Forni Medical allemand PDF 1.4 MB T\u00e9l\u00e9chargements ISO Certificat Forni Medical englais PDF 1.4 MB T\u00e9l\u00e9chargements Vid\u00e9o mis en place ortho gilet Mis en place Forni Medical Ortho Gilet DOC 16.5 MB T\u00e9l\u00e9chargements<\/p>\n","protected":false},"author":264,"featured_media":0,"parent":5071,"menu_order":3,"comment_status":"closed","ping_status":"closed","template":"","meta":{"_acf_changed":false,"site-sidebar-layout":"default","site-content-layout":"","ast-site-content-layout":"default","site-content-style":"default","site-sidebar-style":"default","ast-global-header-display":"","ast-banner-title-visibility":"","ast-main-header-display":"","ast-hfb-above-header-display":"","ast-hfb-below-header-display":"","ast-hfb-mobile-header-display":"","site-post-title":"","ast-breadcrumbs-content":"","ast-featured-img":"","footer-sml-layout":"","theme-transparent-header-meta":"default","adv-header-id-meta":"","stick-header-meta":"","header-above-stick-meta":"","header-main-stick-meta":"","header-below-stick-meta":"","astra-migrate-meta-layouts":"set","ast-page-background-enabled":"default","ast-page-background-meta":{"desktop":{"background-color":"var(--ast-global-color-4)","background-image":"","background-repeat":"repeat","background-position":"center center","background-size":"auto","background-attachment":"scroll","background-type":"","background-media":"","overlay-type":"","overlay-color":"","overlay-opacity":"","overlay-gradient":""},"tablet":{"background-color":"","background-image":"","background-repeat":"repeat","background-position":"center center","background-size":"auto","background-attachment":"scroll","background-type":"","background-media":"","overlay-type":"","overlay-color":"","overlay-opacity":"","overlay-gradient":""},"mobile":{"background-color":"","background-image":"","background-repeat":"repeat","background-position":"center center","background-size":"auto","background-attachment":"scroll","background-type":"","background-media":"","overlay-type":"","overlay-color":"","overlay-opacity":"","overlay-gradient":""}},"ast-content-background-meta":{"desktop":{"background-color":"var(--ast-global-color-5)","background-image":"","background-repeat":"repeat","background-position":"center center","background-size":"auto","background-attachment":"scroll","background-type":"","background-media":"","overlay-type":"","overlay-color":"","overlay-opacity":"","overlay-gradient":""},"tablet":{"background-color":"var(--ast-global-color-5)","background-image":"","background-repeat":"repeat","background-position":"center center","background-size":"auto","background-attachment":"scroll","background-type":"","background-media":"","overlay-type":"","overlay-color":"","overlay-opacity":"","overlay-gradient":""},"mobile":{"background-color":"var(--ast-global-color-5)","background-image":"","background-repeat":"repeat","background-position":"center center","background-size":"auto","background-attachment":"scroll","background-type":"","background-media":"","overlay-type":"","overlay-color":"","overlay-opacity":"","overlay-gradient":""}},"footnotes":""},"class_list":["post-5057","page","type-page","status-publish","hentry"],"acf":[],"yoast_head":"<!-- This site is optimized with the Yoast SEO plugin v26.5 - https:\/\/yoast.com\/wordpress\/plugins\/seo\/ -->\n<title>T\u00e9l\u00e9chargements - Forni Medical GmbH<\/title>\n<meta name=\"robots\" content=\"index, follow, max-snippet:-1, max-image-preview:large, max-video-preview:-1\" \/>\n<link rel=\"canonical\" href=\"https:\/\/fornimedical.ch\/fr\/a-propos-de-nous\/telechargements\/\" \/>\n<meta property=\"og:locale\" content=\"fr_FR\" \/>\n<meta property=\"og:type\" content=\"article\" \/>\n<meta property=\"og:title\" content=\"T\u00e9l\u00e9chargements - Forni Medical GmbH\" \/>\n<meta property=\"og:description\" content=\"T\u00e9l\u00e9chargement ISO Certificat ISO Certificat Forni Medical allemand PDF 1.4 MB T\u00e9l\u00e9chargements ISO Certificat Forni Medical englais PDF 1.4 MB T\u00e9l\u00e9chargements Vid\u00e9o mis en place ortho gilet Mis en place Forni Medical Ortho Gilet DOC 16.5 MB T\u00e9l\u00e9chargements\" \/>\n<meta property=\"og:url\" content=\"https:\/\/fornimedical.ch\/fr\/a-propos-de-nous\/telechargements\/\" \/>\n<meta property=\"og:site_name\" content=\"Forni Medical GmbH\" \/>\n<meta property=\"article:modified_time\" content=\"2025-02-21T08:21:02+00:00\" \/>\n<meta name=\"twitter:card\" content=\"summary_large_image\" \/>\n<script type=\"application\/ld+json\" class=\"yoast-schema-graph\">{\"@context\":\"https:\/\/schema.org\",\"@graph\":[{\"@type\":\"WebPage\",\"@id\":\"https:\/\/fornimedical.ch\/fr\/a-propos-de-nous\/telechargements\/\",\"url\":\"https:\/\/fornimedical.ch\/fr\/a-propos-de-nous\/telechargements\/\",\"name\":\"T\u00e9l\u00e9chargements - Forni Medical GmbH\",\"isPartOf\":{\"@id\":\"https:\/\/fornimedical.ch\/fr\/#website\"},\"datePublished\":\"2023-09-03T02:04:10+00:00\",\"dateModified\":\"2025-02-21T08:21:02+00:00\",\"breadcrumb\":{\"@id\":\"https:\/\/fornimedical.ch\/fr\/a-propos-de-nous\/telechargements\/#breadcrumb\"},\"inLanguage\":\"fr-FR\",\"potentialAction\":[{\"@type\":\"ReadAction\",\"target\":[\"https:\/\/fornimedical.ch\/fr\/a-propos-de-nous\/telechargements\/\"]}]},{\"@type\":\"BreadcrumbList\",\"@id\":\"https:\/\/fornimedical.ch\/fr\/a-propos-de-nous\/telechargements\/#breadcrumb\",\"itemListElement\":[{\"@type\":\"ListItem\",\"position\":1,\"name\":\"Home\",\"item\":\"https:\/\/fornimedical.ch\/fr\/\"},{\"@type\":\"ListItem\",\"position\":2,\"name\":\"\u00c0 propos de nous\",\"item\":\"https:\/\/fornimedical.ch\/fr\/a-propos-de-nous\/\"},{\"@type\":\"ListItem\",\"position\":3,\"name\":\"T\u00e9l\u00e9chargements\"}]},{\"@type\":\"WebSite\",\"@id\":\"https:\/\/fornimedical.ch\/fr\/#website\",\"url\":\"https:\/\/fornimedical.ch\/fr\/\",\"name\":\"Forni Medical GmbH\",\"description\":\"\",\"publisher\":{\"@id\":\"https:\/\/fornimedical.ch\/fr\/#organization\"},\"potentialAction\":[{\"@type\":\"SearchAction\",\"target\":{\"@type\":\"EntryPoint\",\"urlTemplate\":\"https:\/\/fornimedical.ch\/fr\/?s={search_term_string}\"},\"query-input\":{\"@type\":\"PropertyValueSpecification\",\"valueRequired\":true,\"valueName\":\"search_term_string\"}}],\"inLanguage\":\"fr-FR\"},{\"@type\":\"Organization\",\"@id\":\"https:\/\/fornimedical.ch\/fr\/#organization\",\"name\":\"Forni Medical GmbH\",\"url\":\"https:\/\/fornimedical.ch\/fr\/\",\"logo\":{\"@type\":\"ImageObject\",\"inLanguage\":\"fr-FR\",\"@id\":\"https:\/\/fornimedical.ch\/fr\/#\/schema\/logo\/image\/\",\"url\":\"https:\/\/fornimedical.ch\/wp-content\/uploads\/2023\/08\/logo.svg\",\"contentUrl\":\"https:\/\/fornimedical.ch\/wp-content\/uploads\/2023\/08\/logo.svg\",\"caption\":\"Forni Medical GmbH\"},\"image\":{\"@id\":\"https:\/\/fornimedical.ch\/fr\/#\/schema\/logo\/image\/\"}}]}<\/script>\n<!-- \/ Yoast SEO plugin. -->","yoast_head_json":{"title":"T\u00e9l\u00e9chargements - Forni Medical GmbH","robots":{"index":"index","follow":"follow","max-snippet":"max-snippet:-1","max-image-preview":"max-image-preview:large","max-video-preview":"max-video-preview:-1"},"canonical":"https:\/\/fornimedical.ch\/fr\/a-propos-de-nous\/telechargements\/","og_locale":"fr_FR","og_type":"article","og_title":"T\u00e9l\u00e9chargements - Forni Medical GmbH","og_description":"T\u00e9l\u00e9chargement ISO Certificat ISO Certificat Forni Medical allemand PDF 1.4 MB T\u00e9l\u00e9chargements ISO Certificat Forni Medical englais PDF 1.4 MB T\u00e9l\u00e9chargements Vid\u00e9o mis en place ortho gilet Mis en place Forni Medical Ortho Gilet DOC 16.5 MB T\u00e9l\u00e9chargements","og_url":"https:\/\/fornimedical.ch\/fr\/a-propos-de-nous\/telechargements\/","og_site_name":"Forni Medical GmbH","article_modified_time":"2025-02-21T08:21:02+00:00","twitter_card":"summary_large_image","schema":{"@context":"https:\/\/schema.org","@graph":[{"@type":"WebPage","@id":"https:\/\/fornimedical.ch\/fr\/a-propos-de-nous\/telechargements\/","url":"https:\/\/fornimedical.ch\/fr\/a-propos-de-nous\/telechargements\/","name":"T\u00e9l\u00e9chargements - Forni Medical GmbH","isPartOf":{"@id":"https:\/\/fornimedical.ch\/fr\/#website"},"datePublished":"2023-09-03T02:04:10+00:00","dateModified":"2025-02-21T08:21:02+00:00","breadcrumb":{"@id":"https:\/\/fornimedical.ch\/fr\/a-propos-de-nous\/telechargements\/#breadcrumb"},"inLanguage":"fr-FR","potentialAction":[{"@type":"ReadAction","target":["https:\/\/fornimedical.ch\/fr\/a-propos-de-nous\/telechargements\/"]}]},{"@type":"BreadcrumbList","@id":"https:\/\/fornimedical.ch\/fr\/a-propos-de-nous\/telechargements\/#breadcrumb","itemListElement":[{"@type":"ListItem","position":1,"name":"Home","item":"https:\/\/fornimedical.ch\/fr\/"},{"@type":"ListItem","position":2,"name":"\u00c0 propos de nous","item":"https:\/\/fornimedical.ch\/fr\/a-propos-de-nous\/"},{"@type":"ListItem","position":3,"name":"T\u00e9l\u00e9chargements"}]},{"@type":"WebSite","@id":"https:\/\/fornimedical.ch\/fr\/#website","url":"https:\/\/fornimedical.ch\/fr\/","name":"Forni Medical GmbH","description":"","publisher":{"@id":"https:\/\/fornimedical.ch\/fr\/#organization"},"potentialAction":[{"@type":"SearchAction","target":{"@type":"EntryPoint","urlTemplate":"https:\/\/fornimedical.ch\/fr\/?s={search_term_string}"},"query-input":{"@type":"PropertyValueSpecification","valueRequired":true,"valueName":"search_term_string"}}],"inLanguage":"fr-FR"},{"@type":"Organization","@id":"https:\/\/fornimedical.ch\/fr\/#organization","name":"Forni Medical GmbH","url":"https:\/\/fornimedical.ch\/fr\/","logo":{"@type":"ImageObject","inLanguage":"fr-FR","@id":"https:\/\/fornimedical.ch\/fr\/#\/schema\/logo\/image\/","url":"https:\/\/fornimedical.ch\/wp-content\/uploads\/2023\/08\/logo.svg","contentUrl":"https:\/\/fornimedical.ch\/wp-content\/uploads\/2023\/08\/logo.svg","caption":"Forni Medical GmbH"},"image":{"@id":"https:\/\/fornimedical.ch\/fr\/#\/schema\/logo\/image\/"}}]}},"_links":{"self":[{"href":"https:\/\/fornimedical.ch\/fr\/wp-json\/wp\/v2\/pages\/5057","targetHints":{"allow":["GET"]}}],"collection":[{"href":"https:\/\/fornimedical.ch\/fr\/wp-json\/wp\/v2\/pages"}],"about":[{"href":"https:\/\/fornimedical.ch\/fr\/wp-json\/wp\/v2\/types\/page"}],"author":[{"embeddable":true,"href":"https:\/\/fornimedical.ch\/fr\/wp-json\/wp\/v2\/users\/264"}],"replies":[{"embeddable":true,"href":"https:\/\/fornimedical.ch\/fr\/wp-json\/wp\/v2\/comments?post=5057"}],"version-history":[{"count":3,"href":"https:\/\/fornimedical.ch\/fr\/wp-json\/wp\/v2\/pages\/5057\/revisions"}],"predecessor-version":[{"id":11519,"href":"https:\/\/fornimedical.ch\/fr\/wp-json\/wp\/v2\/pages\/5057\/revisions\/11519"}],"up":[{"embeddable":true,"href":"https:\/\/fornimedical.ch\/fr\/wp-json\/wp\/v2\/pages\/5071"}],"wp:attachment":[{"href":"https:\/\/fornimedical.ch\/fr\/wp-json\/wp\/v2\/media?parent=5057"}],"curies":[{"name":"wp","href":"https:\/\/api.w.org\/{rel}","templated":true}]}}